{"id":2203,"date":"2021-10-29T10:47:30","date_gmt":"2021-10-29T10:47:30","guid":{"rendered":"https:\/\/maavagised.ee\/?post_type=product&#038;p=2203"},"modified":"2025-12-21T17:53:05","modified_gmt":"2025-12-21T15:53:05","slug":"jahutav-jalakreem-50ml","status":"publish","type":"product","link":"https:\/\/maavagised.ee\/et\/toode\/jahutav-jalakreem-50ml\/","title":{"rendered":"Veenikreem 50ml"},"content":{"rendered":"<p>Veenikreem on m\u00f5eldud v\u00e4sinud ja valutavatele jalgadele ja on eriti sobilik veenilaienditest tingitud jalavaevuste puhul.<\/p>\n<p>Siin on kasutatud parimad koostisosad meie loodusest valutavate ja v\u00e4sinud jalgade abistamiseks. Kastani \u00f5ie ja valge sireli t\u00f5mmis ning \u00f5li on p\u00f5hikomponendid. Need on tuntud veenilaiendite ja p\u00f5letike leevandajatena, Hobukastanit kasutatakse vereringe ja veresoonkonna haiguste raviks. See omab p\u00f5letikuvastast toimet, on verd vedeldav ja tugevdab veenide ja kapillaaride seinu, soodustab ka verevalumite paranemist. Valget sirelit kasutatakse erinevate nahah\u00e4dade, kaua paranevate haavade ja verevalumit samuti veenilaiendite ravis, kuna parandab vereringet ja veenide seinu.<\/p>\n<p>Kasutatud on ka veenip\u00f5letike leevendavaid eeterlikke \u00f5lisid ning jahutavat toimet omavat mentooli ning piparm\u00fcndi eeterlikku \u00f5li.<\/p>\n<p>Parema toime saamiseks kanda jahutav jalakreem jalgadele suunaga alt \u00fcles kolm korda p\u00e4evas, lisaks v\u00f5iks teha kuuri sobiva ravimatime tinktuuriga, kas hobukastani\u00f5ie tinktuur v\u00f5i valge sireli\u00f5ie tinktuur. Tuleb meeles pidada, et sisse v\u00f5etavad ega peale m\u00e4\u00e4ritavad taimsed segud ja ravimid ei v\u00f5ta \u00e4ra veenilaiendeid vaid nende eesm\u00e4rk on leevendada vaevusi, mis on neist tekkinud.<\/p>\n<p>Peamised vaevused on tingitud isegi mitte otseselt veenilaienditest vaid veenip\u00f5letikust. L\u00f5\u00f5gastav jalakreem sobib seega vaevuste puhul, mida v\u00f5ib kirjeldada raske just kui tina t\u00e4is tundega jalgades. Samuti &nbsp;p\u00f5letava tundega, kui jalad pakitsevad v\u00f5i tekib trepist \u00fcles minnes tunne, et peate istuma. Sellisel juhul v\u00f5ib teil olla veenip\u00f5letik ja &nbsp;l\u00f5\u00f5gastav jalakreem leevendab sellest tingitud vaevusi kui seda kasutada nii nagu eelpool on kirjeldatud.<\/p>\n<p>meil on m\u00fc\u00fcgil ka suurem purk&nbsp;<a href=\"https:\/\/maavagised.ee\/toode\/loogastav-jalakreem\/\">1<\/a><a href=\"https:\/\/maavagised.ee\/toode\/loogastav-jalakreem\/\">00ml<\/a><\/p>\n<p>&nbsp;<\/p>\n","protected":false},"excerpt":{"rendered":"<p>Veenikreem on m\u00f5eldud v\u00e4sinud ja valutavatele jalgadele ja on eriti sobilik veenilaienditest tingitud jalavaevuste puhul. Siin on kasutatud parimad koostisosad meie loodusest valutavate ja v\u00e4sinud jalgade abistamiseks. Kastani \u00f5ie ja valge sireli t\u00f5mmis ning \u00f5li on p\u00f5hikomponendid. Need on tuntud veenilaiendite ja p\u00f5letike leevandajatena, Hobukastanit kasutatakse vereringe ja veresoonkonna haiguste raviks. See omab p\u00f5letikuvastast toimet, [&hellip;]<\/p>\n","protected":false},"featured_media":2204,"comment_status":"closed","ping_status":"closed","template":"","meta":{"om_disable_all_campaigns":false,"site-sidebar-layout":"default","site-content-layout":"default","ast-site-content-layout":"","site-content-style":"default","site-sidebar-style":"default","ast-global-header-display":"","ast-banner-title-visibility":"","ast-main-header-display":"","ast-hfb-above-header-display":"","ast-hfb-below-header-display":"","ast-hfb-mobile-header-display":"","site-post-title":"","ast-breadcrumbs-content":"","ast-featured-img":"","footer-sml-layout":"","theme-transparent-header-meta":"default","adv-header-id-meta":"","stick-header-meta":"","header-above-stick-meta":"","header-main-stick-meta":"","header-below-stick-meta":"","astra-migrate-meta-layouts":"default","ast-page-background-enabled":"default","ast-page-background-meta":{"desktop":{"background-color":"","background-image":"","background-repeat":"repeat","background-position":"center center","background-size":"auto","background-attachment":"scroll","background-type":"","background-media":"","overlay-type":"","overlay-color":"","overlay-opacity":"","overlay-gradient":""},"tablet":{"background-color":"","background-image":"","background-repeat":"repeat","background-position":"center center","background-size":"auto","background-attachment":"scroll","background-type":"","background-media":"","overlay-type":"","overlay-color":"","overlay-opacity":"","overlay-gradient":""},"mobile":{"background-color":"","background-image":"","background-repeat":"repeat","background-position":"center center","background-size":"auto","background-attachment":"scroll","background-type":"","background-media":"","overlay-type":"","overlay-color":"","overlay-opacity":"","overlay-gradient":""}},"ast-content-background-meta":{"desktop":{"background-color":"var(--ast-global-color-5)","background-image":"","background-repeat":"repeat","background-position":"center center","background-size":"auto","background-attachment":"scroll","background-type":"","background-media":"","overlay-type":"","overlay-color":"","overlay-opacity":"","overlay-gradient":""},"tablet":{"background-color":"var(--ast-global-color-5)","background-image":"","background-repeat":"repeat","background-position":"center center","background-size":"auto","background-attachment":"scroll","background-type":"","background-media":"","overlay-type":"","overlay-color":"","overlay-opacity":"","overlay-gradient":""},"mobile":{"background-color":"var(--ast-global-color-5)","background-image":"","background-repeat":"repeat","background-position":"center center","background-size":"auto","background-attachment":"scroll","background-type":"","background-media":"","overlay-type":"","overlay-color":"","overlay-opacity":"","overlay-gradient":""}},"ngg_post_thumbnail":0},"product_brand":[],"product_cat":[21],"product_tag":[72],"class_list":{"0":"post-2203","1":"product","2":"type-product","3":"status-publish","4":"has-post-thumbnail","6":"product_cat-kreemid","7":"product_tag-jalakreem","8":"desktop-align-left","9":"tablet-align-left","10":"mobile-align-left","12":"first","13":"instock","14":"shipping-taxable","15":"purchasable","16":"product-type-simple"},"yoast_head":"<!-- This site is optimized with the Yoast SEO plugin v27.1.1 - https:\/\/yoast.com\/product\/yoast-seo-wordpress\/ -->\n<title>Veenikreem 50ml - Maav\u00e4gised p\u00e4rimusmeditsiinikeskus<\/title>\n<meta name=\"description\" content=\"Veenikreem on m\u00f5eldud veenilaienditest tingitud vaevuste leevendamiseks ja v\u00e4sinud jalgadele l\u00f5\u00f5gastuseks. Jahutab ja teeb naha pehmeks.\" \/>\n<meta name=\"robots\" content=\"index, follow, max-snippet:-1, max-image-preview:large, max-video-preview:-1\" \/>\n<link rel=\"canonical\" href=\"https:\/\/maavagised.ee\/et\/toode\/jahutav-jalakreem-50ml\/\" \/>\n<meta property=\"og:locale\" content=\"et_EE\" \/>\n<meta property=\"og:type\" content=\"article\" \/>\n<meta property=\"og:title\" content=\"Veenikreem 50ml - Maav\u00e4gised p\u00e4rimusmeditsiinikeskus\" \/>\n<meta property=\"og:description\" content=\"Veenikreem on m\u00f5eldud veenilaienditest tingitud vaevuste leevendamiseks ja v\u00e4sinud jalgadele l\u00f5\u00f5gastuseks. Jahutab ja teeb naha pehmeks.\" \/>\n<meta property=\"og:url\" content=\"https:\/\/maavagised.ee\/et\/toode\/jahutav-jalakreem-50ml\/\" \/>\n<meta property=\"og:site_name\" content=\"Maav\u00e4gised p\u00e4rimusmeditsiinikeskus\" \/>\n<meta property=\"article:publisher\" content=\"https:\/\/www.facebook.com\/maavagised\" \/>\n<meta property=\"article:modified_time\" content=\"2025-12-21T15:53:05+00:00\" \/>\n<meta property=\"og:image\" content=\"https:\/\/maavagised.ee\/wp-content\/uploads\/2021\/10\/jahutav-jalakreem.-scaled.jpg\" \/>\n\t<meta property=\"og:image:width\" content=\"1707\" \/>\n\t<meta property=\"og:image:height\" content=\"2560\" \/>\n\t<meta property=\"og:image:type\" content=\"image\/jpeg\" \/>\n<meta name=\"twitter:card\" content=\"summary_large_image\" \/>\n<meta name=\"twitter:label1\" content=\"Est. reading time\" \/>\n\t<meta name=\"twitter:data1\" content=\"1 minut\" \/>\n<script type=\"application\/ld+json\" class=\"yoast-schema-graph\">{\"@context\":\"https:\/\/schema.org\",\"@graph\":[{\"@type\":\"WebPage\",\"@id\":\"https:\/\/maavagised.ee\/toode\/jahutav-jalakreem-50ml\/\",\"url\":\"https:\/\/maavagised.ee\/toode\/jahutav-jalakreem-50ml\/\",\"name\":\"Veenikreem 50ml - Maav\u00e4gised p\u00e4rimusmeditsiinikeskus\",\"isPartOf\":{\"@id\":\"https:\/\/maavagised.ee\/#website\"},\"primaryImageOfPage\":{\"@id\":\"https:\/\/maavagised.ee\/toode\/jahutav-jalakreem-50ml\/#primaryimage\"},\"image\":{\"@id\":\"https:\/\/maavagised.ee\/toode\/jahutav-jalakreem-50ml\/#primaryimage\"},\"thumbnailUrl\":\"https:\/\/i0.wp.com\/maavagised.ee\/wp-content\/uploads\/2021\/10\/jahutav-jalakreem.-scaled.jpg?fit=1707%2C2560&ssl=1\",\"datePublished\":\"2021-10-29T10:47:30+00:00\",\"dateModified\":\"2025-12-21T15:53:05+00:00\",\"description\":\"Veenikreem on m\u00f5eldud veenilaienditest tingitud vaevuste leevendamiseks ja v\u00e4sinud jalgadele l\u00f5\u00f5gastuseks. Jahutab ja teeb naha pehmeks.\",\"breadcrumb\":{\"@id\":\"https:\/\/maavagised.ee\/toode\/jahutav-jalakreem-50ml\/#breadcrumb\"},\"inLanguage\":\"et\",\"potentialAction\":[{\"@type\":\"ReadAction\",\"target\":[\"https:\/\/maavagised.ee\/toode\/jahutav-jalakreem-50ml\/\"]}]},{\"@type\":\"ImageObject\",\"inLanguage\":\"et\",\"@id\":\"https:\/\/maavagised.ee\/toode\/jahutav-jalakreem-50ml\/#primaryimage\",\"url\":\"https:\/\/i0.wp.com\/maavagised.ee\/wp-content\/uploads\/2021\/10\/jahutav-jalakreem.-scaled.jpg?fit=1707%2C2560&ssl=1\",\"contentUrl\":\"https:\/\/i0.wp.com\/maavagised.ee\/wp-content\/uploads\/2021\/10\/jahutav-jalakreem.-scaled.jpg?fit=1707%2C2560&ssl=1\",\"width\":1707,\"height\":2560,\"caption\":\"Jahutav jalakreem\"},{\"@type\":\"BreadcrumbList\",\"@id\":\"https:\/\/maavagised.ee\/toode\/jahutav-jalakreem-50ml\/#breadcrumb\",\"itemListElement\":[{\"@type\":\"ListItem\",\"position\":1,\"name\":\"Home\",\"item\":\"https:\/\/maavagised.ee\/\"},{\"@type\":\"ListItem\",\"position\":2,\"name\":\"Pood\",\"item\":\"https:\/\/maavagised.ee\/pood\/\"},{\"@type\":\"ListItem\",\"position\":3,\"name\":\"Veenikreem 50ml\"}]},{\"@type\":\"WebSite\",\"@id\":\"https:\/\/maavagised.ee\/#website\",\"url\":\"https:\/\/maavagised.ee\/\",\"name\":\"Maavagised\",\"description\":\"L\u00f5\u00f5gastus saunas ja massaa\u017eis v\u00f5i tervis kaanidest.\",\"publisher\":{\"@id\":\"https:\/\/maavagised.ee\/#organization\"},\"potentialAction\":[{\"@type\":\"SearchAction\",\"target\":{\"@type\":\"EntryPoint\",\"urlTemplate\":\"https:\/\/maavagised.ee\/?s={search_term_string}\"},\"query-input\":{\"@type\":\"PropertyValueSpecification\",\"valueRequired\":true,\"valueName\":\"search_term_string\"}}],\"inLanguage\":\"et\"},{\"@type\":\"Organization\",\"@id\":\"https:\/\/maavagised.ee\/#organization\",\"name\":\"Maav\u00e4gised p\u00e4rimusmeditsiinikeskus\",\"url\":\"https:\/\/maavagised.ee\/\",\"logo\":{\"@type\":\"ImageObject\",\"inLanguage\":\"et\",\"@id\":\"https:\/\/maavagised.ee\/#\/schema\/logo\/image\/\",\"url\":\"https:\/\/i0.wp.com\/maavagised.ee\/wp-content\/uploads\/2021\/05\/maavagised_logo1.png?fit=477%2C302&ssl=1\",\"contentUrl\":\"https:\/\/i0.wp.com\/maavagised.ee\/wp-content\/uploads\/2021\/05\/maavagised_logo1.png?fit=477%2C302&ssl=1\",\"width\":477,\"height\":302,\"caption\":\"Maav\u00e4gised p\u00e4rimusmeditsiinikeskus\"},\"image\":{\"@id\":\"https:\/\/maavagised.ee\/#\/schema\/logo\/image\/\"},\"sameAs\":[\"https:\/\/www.facebook.com\/maavagised\",\"https:\/\/www.instagram.com\/maavagised_\/\"]}]}<\/script>\n<!-- \/ Yoast SEO plugin. -->","yoast_head_json":{"title":"Veenikreem 50ml - Maav\u00e4gised p\u00e4rimusmeditsiinikeskus","description":"Veenikreem on m\u00f5eldud veenilaienditest tingitud vaevuste leevendamiseks ja v\u00e4sinud jalgadele l\u00f5\u00f5gastuseks. Jahutab ja teeb naha pehmeks.","robots":{"index":"index","follow":"follow","max-snippet":"max-snippet:-1","max-image-preview":"max-image-preview:large","max-video-preview":"max-video-preview:-1"},"canonical":"https:\/\/maavagised.ee\/et\/toode\/jahutav-jalakreem-50ml\/","og_locale":"et_EE","og_type":"article","og_title":"Veenikreem 50ml - Maav\u00e4gised p\u00e4rimusmeditsiinikeskus","og_description":"Veenikreem on m\u00f5eldud veenilaienditest tingitud vaevuste leevendamiseks ja v\u00e4sinud jalgadele l\u00f5\u00f5gastuseks. Jahutab ja teeb naha pehmeks.","og_url":"https:\/\/maavagised.ee\/et\/toode\/jahutav-jalakreem-50ml\/","og_site_name":"Maav\u00e4gised p\u00e4rimusmeditsiinikeskus","article_publisher":"https:\/\/www.facebook.com\/maavagised","article_modified_time":"2025-12-21T15:53:05+00:00","og_image":[{"width":1707,"height":2560,"url":"https:\/\/maavagised.ee\/wp-content\/uploads\/2021\/10\/jahutav-jalakreem.-scaled.jpg","type":"image\/jpeg"}],"twitter_card":"summary_large_image","twitter_misc":{"Est. reading time":"1 minut"},"schema":{"@context":"https:\/\/schema.org","@graph":[{"@type":"WebPage","@id":"https:\/\/maavagised.ee\/toode\/jahutav-jalakreem-50ml\/","url":"https:\/\/maavagised.ee\/toode\/jahutav-jalakreem-50ml\/","name":"Veenikreem 50ml - Maav\u00e4gised p\u00e4rimusmeditsiinikeskus","isPartOf":{"@id":"https:\/\/maavagised.ee\/#website"},"primaryImageOfPage":{"@id":"https:\/\/maavagised.ee\/toode\/jahutav-jalakreem-50ml\/#primaryimage"},"image":{"@id":"https:\/\/maavagised.ee\/toode\/jahutav-jalakreem-50ml\/#primaryimage"},"thumbnailUrl":"https:\/\/i0.wp.com\/maavagised.ee\/wp-content\/uploads\/2021\/10\/jahutav-jalakreem.-scaled.jpg?fit=1707%2C2560&ssl=1","datePublished":"2021-10-29T10:47:30+00:00","dateModified":"2025-12-21T15:53:05+00:00","description":"Veenikreem on m\u00f5eldud veenilaienditest tingitud vaevuste leevendamiseks ja v\u00e4sinud jalgadele l\u00f5\u00f5gastuseks. Jahutab ja teeb naha pehmeks.","breadcrumb":{"@id":"https:\/\/maavagised.ee\/toode\/jahutav-jalakreem-50ml\/#breadcrumb"},"inLanguage":"et","potentialAction":[{"@type":"ReadAction","target":["https:\/\/maavagised.ee\/toode\/jahutav-jalakreem-50ml\/"]}]},{"@type":"ImageObject","inLanguage":"et","@id":"https:\/\/maavagised.ee\/toode\/jahutav-jalakreem-50ml\/#primaryimage","url":"https:\/\/i0.wp.com\/maavagised.ee\/wp-content\/uploads\/2021\/10\/jahutav-jalakreem.-scaled.jpg?fit=1707%2C2560&ssl=1","contentUrl":"https:\/\/i0.wp.com\/maavagised.ee\/wp-content\/uploads\/2021\/10\/jahutav-jalakreem.-scaled.jpg?fit=1707%2C2560&ssl=1","width":1707,"height":2560,"caption":"Jahutav jalakreem"},{"@type":"BreadcrumbList","@id":"https:\/\/maavagised.ee\/toode\/jahutav-jalakreem-50ml\/#breadcrumb","itemListElement":[{"@type":"ListItem","position":1,"name":"Home","item":"https:\/\/maavagised.ee\/"},{"@type":"ListItem","position":2,"name":"Pood","item":"https:\/\/maavagised.ee\/pood\/"},{"@type":"ListItem","position":3,"name":"Veenikreem 50ml"}]},{"@type":"WebSite","@id":"https:\/\/maavagised.ee\/#website","url":"https:\/\/maavagised.ee\/","name":"Maavagised","description":"L\u00f5\u00f5gastus saunas ja massaa\u017eis v\u00f5i tervis kaanidest.","publisher":{"@id":"https:\/\/maavagised.ee\/#organization"},"potentialAction":[{"@type":"SearchAction","target":{"@type":"EntryPoint","urlTemplate":"https:\/\/maavagised.ee\/?s={search_term_string}"},"query-input":{"@type":"PropertyValueSpecification","valueRequired":true,"valueName":"search_term_string"}}],"inLanguage":"et"},{"@type":"Organization","@id":"https:\/\/maavagised.ee\/#organization","name":"Maav\u00e4gised p\u00e4rimusmeditsiinikeskus","url":"https:\/\/maavagised.ee\/","logo":{"@type":"ImageObject","inLanguage":"et","@id":"https:\/\/maavagised.ee\/#\/schema\/logo\/image\/","url":"https:\/\/i0.wp.com\/maavagised.ee\/wp-content\/uploads\/2021\/05\/maavagised_logo1.png?fit=477%2C302&ssl=1","contentUrl":"https:\/\/i0.wp.com\/maavagised.ee\/wp-content\/uploads\/2021\/05\/maavagised_logo1.png?fit=477%2C302&ssl=1","width":477,"height":302,"caption":"Maav\u00e4gised p\u00e4rimusmeditsiinikeskus"},"image":{"@id":"https:\/\/maavagised.ee\/#\/schema\/logo\/image\/"},"sameAs":["https:\/\/www.facebook.com\/maavagised","https:\/\/www.instagram.com\/maavagised_\/"]}]}},"jetpack_sharing_enabled":true,"jetpack_likes_enabled":true,"jetpack-related-posts":[],"_links":{"self":[{"href":"https:\/\/maavagised.ee\/et\/wp-json\/wp\/v2\/product\/2203","targetHints":{"allow":["GET"]}}],"collection":[{"href":"https:\/\/maavagised.ee\/et\/wp-json\/wp\/v2\/product"}],"about":[{"href":"https:\/\/maavagised.ee\/et\/wp-json\/wp\/v2\/types\/product"}],"replies":[{"embeddable":true,"href":"https:\/\/maavagised.ee\/et\/wp-json\/wp\/v2\/comments?post=2203"}],"wp:featuredmedia":[{"embeddable":true,"href":"https:\/\/maavagised.ee\/et\/wp-json\/wp\/v2\/media\/2204"}],"wp:attachment":[{"href":"https:\/\/maavagised.ee\/et\/wp-json\/wp\/v2\/media?parent=2203"}],"wp:term":[{"taxonomy":"product_brand","embeddable":true,"href":"https:\/\/maavagised.ee\/et\/wp-json\/wp\/v2\/product_brand?post=2203"},{"taxonomy":"product_cat","embeddable":true,"href":"https:\/\/maavagised.ee\/et\/wp-json\/wp\/v2\/product_cat?post=2203"},{"taxonomy":"product_tag","embeddable":true,"href":"https:\/\/maavagised.ee\/et\/wp-json\/wp\/v2\/product_tag?post=2203"}],"curies":[{"name":"wp","href":"https:\/\/api.w.org\/{rel}","templated":true}]}}