{"id":1934,"date":"2021-09-05T07:29:12","date_gmt":"2021-09-05T07:29:12","guid":{"rendered":"https:\/\/maavagised.ee\/?post_type=product&#038;p=1934"},"modified":"2025-12-21T17:53:28","modified_gmt":"2025-12-21T15:53:28","slug":"hooldav-huulepulk","status":"publish","type":"product","link":"https:\/\/maavagised.ee\/et\/toode\/hooldav-huulepulk\/","title":{"rendered":"Hooldav huulepulk"},"content":{"rendered":"<p>Hooldav huulepulk on meeldiva vanilje maitsega, sisaldab k\u00f5iki h\u00e4id koostisosi nagu kakaov\u00f5i, kanepiseemne \u00f5li, sheav\u00f5i, jojoba\u00f5li, &nbsp;mesilasvaha. M\u00f5nusa vanilje maitse annab sellele&nbsp; maitse\u00f5li, mis t\u00e4hendab, et huuli lakkudes tunned sa ka vanilje maitset. Huulepulga v\u00e4rvus on roosa t\u00e4nu mica mineraalile.<\/p>\n<p>Kohe siin v\u00f5iks mainida, et kuna see h\u00fcgieeniline huulepulk sisaldab nii palju h\u00e4id asju on sel ka kergelt ravivi toime.<\/p>\n<h4>Kakaov\u00f5i<\/h4>\n<p>Kakaov\u00f5i sisaldab palju looduslikke \u00fchendeid mida nimetatakse f\u00fctokemikaalideks. Need mikroelemendid parandavad vere &nbsp;liikumist nahka aeglustades seel\u00e4bi naha vananemisprotsesse ja kaitstes seda UV kiirguse eest.<\/p>\n<p>Kuna kakaov\u00f5i sisaldab suures koguses kasulikke rasvu on sellel tihkem ja m\u00f5nusam konsistents kui teistel niisutajatel. Sellega sarnane on shev\u00f5i. mida selles huulepulgas on samuti kasutatud<\/p>\n<h4>Sheav\u00f5i<\/h4>\n<p>Sheav\u00f5id on Aafrikas kasutatud juba &nbsp;tuhandeid aastaid. See niisutab ja pehmendab h\u00e4sti nahka ja sisaldab palju seebivees mittelahustuvaid \u00fchendeid, mis aitab sel p\u00fcsida nahakihtides pikemat aega.<\/p>\n<p>Sisaldab A ja E, F ja K-vitamiine. Muutes naha pehmeks, siledaks, leevendades p\u00e4ikesekahjustusi ja toimides ka \u00fcldise naha noorendajana.<\/p>\n<h5>Kanepiseemne\u00f5li<\/h5>\n<p>Kanepiseemne\u00f5li on olnud populaarne ammustest aegadest erinevates kosmeetikatoodetes kuna parandab, ravib ja t\u00f5stab naha elastsust, aitab s\u00e4ilitada niiskust, sobib ka tundliku ja probleemse naha korral ning annab ka kerge p\u00e4ikesekaitse (SPF-6).&nbsp;See \u00f5li leevendab valu, ei lase villidel tekkida ja alandab punetust.<\/p>\n<h4>Jojoobi \u00f5li<\/h4>\n<p>&nbsp;<\/p>\n<p>Jojoobi seemnes leiduv \u00f5lijas varuaine pole taimerasv, vaid pigem vedel vaha, mis p\u00fcsib nii k\u00f5rge kui ka madala temperatuuri juures pikka aega riknemata. \u00d5li on v\u00e4ga hea imenduvusega, sarnane naharasule.&nbsp; Jojoobi sisaldab p\u00f5letiku-vastase toimega rasvhapet m\u00fcristiin. Koostises on ka segude s\u00e4ilivusaega pikendavaid looduslikke antioks\u00fcdante. \u00d5li ei r\u00e4\u00e4su.<br \/>\nJojoobi\u00f5li on naturaalne nahaniisutaja, taastab naha normaalse pH taseme. Leevendab kergeid nahavigastusi.<\/p>\n<p>&nbsp;<\/p>\n","protected":false},"excerpt":{"rendered":"<p>Hooldav huulepulk on meeldiva vanilje maitsega, sisaldab k\u00f5iki h\u00e4id koostisosi nagu kakaov\u00f5i, kanepiseemne \u00f5li, sheav\u00f5i, jojoba\u00f5li, &nbsp;mesilasvaha. M\u00f5nusa vanilje maitse annab sellele&nbsp; maitse\u00f5li, mis t\u00e4hendab, et huuli lakkudes tunned sa ka vanilje maitset. Huulepulga v\u00e4rvus on roosa t\u00e4nu mica mineraalile. Kohe siin v\u00f5iks mainida, et kuna see h\u00fcgieeniline huulepulk sisaldab nii palju h\u00e4id asju on [&hellip;]<\/p>\n","protected":false},"featured_media":1935,"comment_status":"closed","ping_status":"closed","template":"","meta":{"om_disable_all_campaigns":false,"site-sidebar-layout":"default","site-content-layout":"default","ast-site-content-layout":"default","site-content-style":"default","site-sidebar-style":"default","ast-global-header-display":"","ast-banner-title-visibility":"","ast-main-header-display":"","ast-hfb-above-header-display":"","ast-hfb-below-header-display":"","ast-hfb-mobile-header-display":"","site-post-title":"","ast-breadcrumbs-content":"","ast-featured-img":"","footer-sml-layout":"","theme-transparent-header-meta":"default","adv-header-id-meta":"","stick-header-meta":"","header-above-stick-meta":"","header-main-stick-meta":"","header-below-stick-meta":"","astra-migrate-meta-layouts":"set","ast-page-background-enabled":"default","ast-page-background-meta":{"desktop":{"background-color":"","background-image":"","background-repeat":"repeat","background-position":"center center","background-size":"auto","background-attachment":"scroll","background-type":"","background-media":"","overlay-type":"","overlay-color":"","overlay-opacity":"","overlay-gradient":""},"tablet":{"background-color":"","background-image":"","background-repeat":"repeat","background-position":"center center","background-size":"auto","background-attachment":"scroll","background-type":"","background-media":"","overlay-type":"","overlay-color":"","overlay-opacity":"","overlay-gradient":""},"mobile":{"background-color":"","background-image":"","background-repeat":"repeat","background-position":"center center","background-size":"auto","background-attachment":"scroll","background-type":"","background-media":"","overlay-type":"","overlay-color":"","overlay-opacity":"","overlay-gradient":""}},"ast-content-background-meta":{"desktop":{"background-color":"var(--ast-global-color-5)","background-image":"","background-repeat":"repeat","background-position":"center center","background-size":"auto","background-attachment":"scroll","background-type":"","background-media":"","overlay-type":"","overlay-color":"","overlay-opacity":"","overlay-gradient":""},"tablet":{"background-color":"var(--ast-global-color-5)","background-image":"","background-repeat":"repeat","background-position":"center center","background-size":"auto","background-attachment":"scroll","background-type":"","background-media":"","overlay-type":"","overlay-color":"","overlay-opacity":"","overlay-gradient":""},"mobile":{"background-color":"var(--ast-global-color-5)","background-image":"","background-repeat":"repeat","background-position":"center center","background-size":"auto","background-attachment":"scroll","background-type":"","background-media":"","overlay-type":"","overlay-color":"","overlay-opacity":"","overlay-gradient":""}},"ngg_post_thumbnail":0},"product_brand":[],"product_cat":[63],"product_tag":[],"class_list":{"0":"post-1934","1":"product","2":"type-product","3":"status-publish","4":"has-post-thumbnail","6":"product_cat-huultele","7":"desktop-align-left","8":"tablet-align-left","9":"mobile-align-left","11":"first","12":"instock","13":"shipping-taxable","14":"purchasable","15":"product-type-simple"},"yoast_head":"<!-- This site is optimized with the Yoast SEO plugin v27.1.1 - https:\/\/yoast.com\/product\/yoast-seo-wordpress\/ -->\n<title>Hooldav huulepulk - Maav\u00e4gised p\u00e4rimusmeditsiinikeskus<\/title>\n<meta name=\"description\" content=\"Hooldav huulepulk on meeldiva l\u00f5hna ja maitsega, t\u00e4is kasulikke aineid nagu kakaov\u00f5i, sheav\u00f5i, kanepi- ja jojoobi\u00f5li, mesi ja mesilasvaha\" \/>\n<meta name=\"robots\" content=\"index, follow, max-snippet:-1, max-image-preview:large, max-video-preview:-1\" \/>\n<link rel=\"canonical\" href=\"https:\/\/maavagised.ee\/et\/toode\/hooldav-huulepulk\/\" \/>\n<meta property=\"og:locale\" content=\"et_EE\" \/>\n<meta property=\"og:type\" content=\"article\" \/>\n<meta property=\"og:title\" content=\"Hooldav huulepulk - Maav\u00e4gised p\u00e4rimusmeditsiinikeskus\" \/>\n<meta property=\"og:description\" content=\"Hooldav huulepulk on meeldiva l\u00f5hna ja maitsega, t\u00e4is kasulikke aineid nagu kakaov\u00f5i, sheav\u00f5i, kanepi- ja jojoobi\u00f5li, mesi ja mesilasvaha\" \/>\n<meta property=\"og:url\" content=\"https:\/\/maavagised.ee\/et\/toode\/hooldav-huulepulk\/\" \/>\n<meta property=\"og:site_name\" content=\"Maav\u00e4gised p\u00e4rimusmeditsiinikeskus\" \/>\n<meta property=\"article:publisher\" content=\"https:\/\/www.facebook.com\/maavagised\" \/>\n<meta property=\"article:modified_time\" content=\"2025-12-21T15:53:28+00:00\" \/>\n<meta property=\"og:image\" content=\"https:\/\/maavagised.ee\/wp-content\/uploads\/2021\/09\/Hooldav-huulepulk2.jpg\" \/>\n\t<meta property=\"og:image:width\" content=\"915\" \/>\n\t<meta property=\"og:image:height\" content=\"614\" \/>\n\t<meta property=\"og:image:type\" content=\"image\/jpeg\" \/>\n<meta name=\"twitter:card\" content=\"summary_large_image\" \/>\n<meta name=\"twitter:label1\" content=\"Est. reading time\" \/>\n\t<meta name=\"twitter:data1\" content=\"2 minutit\" \/>\n<script type=\"application\/ld+json\" class=\"yoast-schema-graph\">{\"@context\":\"https:\/\/schema.org\",\"@graph\":[{\"@type\":\"WebPage\",\"@id\":\"https:\/\/maavagised.ee\/toode\/hooldav-huulepulk\/\",\"url\":\"https:\/\/maavagised.ee\/toode\/hooldav-huulepulk\/\",\"name\":\"Hooldav huulepulk - Maav\u00e4gised p\u00e4rimusmeditsiinikeskus\",\"isPartOf\":{\"@id\":\"https:\/\/maavagised.ee\/#website\"},\"primaryImageOfPage\":{\"@id\":\"https:\/\/maavagised.ee\/toode\/hooldav-huulepulk\/#primaryimage\"},\"image\":{\"@id\":\"https:\/\/maavagised.ee\/toode\/hooldav-huulepulk\/#primaryimage\"},\"thumbnailUrl\":\"https:\/\/i0.wp.com\/maavagised.ee\/wp-content\/uploads\/2021\/09\/Hooldav-huulepulk2.jpg?fit=915%2C614&ssl=1\",\"datePublished\":\"2021-09-05T07:29:12+00:00\",\"dateModified\":\"2025-12-21T15:53:28+00:00\",\"description\":\"Hooldav huulepulk on meeldiva l\u00f5hna ja maitsega, t\u00e4is kasulikke aineid nagu kakaov\u00f5i, sheav\u00f5i, kanepi- ja jojoobi\u00f5li, mesi ja mesilasvaha\",\"breadcrumb\":{\"@id\":\"https:\/\/maavagised.ee\/toode\/hooldav-huulepulk\/#breadcrumb\"},\"inLanguage\":\"et\",\"potentialAction\":[{\"@type\":\"ReadAction\",\"target\":[\"https:\/\/maavagised.ee\/toode\/hooldav-huulepulk\/\"]}]},{\"@type\":\"ImageObject\",\"inLanguage\":\"et\",\"@id\":\"https:\/\/maavagised.ee\/toode\/hooldav-huulepulk\/#primaryimage\",\"url\":\"https:\/\/i0.wp.com\/maavagised.ee\/wp-content\/uploads\/2021\/09\/Hooldav-huulepulk2.jpg?fit=915%2C614&ssl=1\",\"contentUrl\":\"https:\/\/i0.wp.com\/maavagised.ee\/wp-content\/uploads\/2021\/09\/Hooldav-huulepulk2.jpg?fit=915%2C614&ssl=1\",\"width\":915,\"height\":614,\"caption\":\"Hooldav huulepulk\"},{\"@type\":\"BreadcrumbList\",\"@id\":\"https:\/\/maavagised.ee\/toode\/hooldav-huulepulk\/#breadcrumb\",\"itemListElement\":[{\"@type\":\"ListItem\",\"position\":1,\"name\":\"Home\",\"item\":\"https:\/\/maavagised.ee\/\"},{\"@type\":\"ListItem\",\"position\":2,\"name\":\"Pood\",\"item\":\"https:\/\/maavagised.ee\/pood\/\"},{\"@type\":\"ListItem\",\"position\":3,\"name\":\"Hooldav huulepulk\"}]},{\"@type\":\"WebSite\",\"@id\":\"https:\/\/maavagised.ee\/#website\",\"url\":\"https:\/\/maavagised.ee\/\",\"name\":\"Maavagised\",\"description\":\"L\u00f5\u00f5gastus saunas ja massaa\u017eis v\u00f5i tervis kaanidest.\",\"publisher\":{\"@id\":\"https:\/\/maavagised.ee\/#organization\"},\"potentialAction\":[{\"@type\":\"SearchAction\",\"target\":{\"@type\":\"EntryPoint\",\"urlTemplate\":\"https:\/\/maavagised.ee\/?s={search_term_string}\"},\"query-input\":{\"@type\":\"PropertyValueSpecification\",\"valueRequired\":true,\"valueName\":\"search_term_string\"}}],\"inLanguage\":\"et\"},{\"@type\":\"Organization\",\"@id\":\"https:\/\/maavagised.ee\/#organization\",\"name\":\"Maav\u00e4gised p\u00e4rimusmeditsiinikeskus\",\"url\":\"https:\/\/maavagised.ee\/\",\"logo\":{\"@type\":\"ImageObject\",\"inLanguage\":\"et\",\"@id\":\"https:\/\/maavagised.ee\/#\/schema\/logo\/image\/\",\"url\":\"https:\/\/i0.wp.com\/maavagised.ee\/wp-content\/uploads\/2021\/05\/maavagised_logo1.png?fit=477%2C302&ssl=1\",\"contentUrl\":\"https:\/\/i0.wp.com\/maavagised.ee\/wp-content\/uploads\/2021\/05\/maavagised_logo1.png?fit=477%2C302&ssl=1\",\"width\":477,\"height\":302,\"caption\":\"Maav\u00e4gised p\u00e4rimusmeditsiinikeskus\"},\"image\":{\"@id\":\"https:\/\/maavagised.ee\/#\/schema\/logo\/image\/\"},\"sameAs\":[\"https:\/\/www.facebook.com\/maavagised\",\"https:\/\/www.instagram.com\/maavagised_\/\"]}]}<\/script>\n<!-- \/ Yoast SEO plugin. -->","yoast_head_json":{"title":"Hooldav huulepulk - Maav\u00e4gised p\u00e4rimusmeditsiinikeskus","description":"Hooldav huulepulk on meeldiva l\u00f5hna ja maitsega, t\u00e4is kasulikke aineid nagu kakaov\u00f5i, sheav\u00f5i, kanepi- ja jojoobi\u00f5li, mesi ja mesilasvaha","robots":{"index":"index","follow":"follow","max-snippet":"max-snippet:-1","max-image-preview":"max-image-preview:large","max-video-preview":"max-video-preview:-1"},"canonical":"https:\/\/maavagised.ee\/et\/toode\/hooldav-huulepulk\/","og_locale":"et_EE","og_type":"article","og_title":"Hooldav huulepulk - Maav\u00e4gised p\u00e4rimusmeditsiinikeskus","og_description":"Hooldav huulepulk on meeldiva l\u00f5hna ja maitsega, t\u00e4is kasulikke aineid nagu kakaov\u00f5i, sheav\u00f5i, kanepi- ja jojoobi\u00f5li, mesi ja mesilasvaha","og_url":"https:\/\/maavagised.ee\/et\/toode\/hooldav-huulepulk\/","og_site_name":"Maav\u00e4gised p\u00e4rimusmeditsiinikeskus","article_publisher":"https:\/\/www.facebook.com\/maavagised","article_modified_time":"2025-12-21T15:53:28+00:00","og_image":[{"width":915,"height":614,"url":"https:\/\/maavagised.ee\/wp-content\/uploads\/2021\/09\/Hooldav-huulepulk2.jpg","type":"image\/jpeg"}],"twitter_card":"summary_large_image","twitter_misc":{"Est. reading time":"2 minutit"},"schema":{"@context":"https:\/\/schema.org","@graph":[{"@type":"WebPage","@id":"https:\/\/maavagised.ee\/toode\/hooldav-huulepulk\/","url":"https:\/\/maavagised.ee\/toode\/hooldav-huulepulk\/","name":"Hooldav huulepulk - Maav\u00e4gised p\u00e4rimusmeditsiinikeskus","isPartOf":{"@id":"https:\/\/maavagised.ee\/#website"},"primaryImageOfPage":{"@id":"https:\/\/maavagised.ee\/toode\/hooldav-huulepulk\/#primaryimage"},"image":{"@id":"https:\/\/maavagised.ee\/toode\/hooldav-huulepulk\/#primaryimage"},"thumbnailUrl":"https:\/\/i0.wp.com\/maavagised.ee\/wp-content\/uploads\/2021\/09\/Hooldav-huulepulk2.jpg?fit=915%2C614&ssl=1","datePublished":"2021-09-05T07:29:12+00:00","dateModified":"2025-12-21T15:53:28+00:00","description":"Hooldav huulepulk on meeldiva l\u00f5hna ja maitsega, t\u00e4is kasulikke aineid nagu kakaov\u00f5i, sheav\u00f5i, kanepi- ja jojoobi\u00f5li, mesi ja mesilasvaha","breadcrumb":{"@id":"https:\/\/maavagised.ee\/toode\/hooldav-huulepulk\/#breadcrumb"},"inLanguage":"et","potentialAction":[{"@type":"ReadAction","target":["https:\/\/maavagised.ee\/toode\/hooldav-huulepulk\/"]}]},{"@type":"ImageObject","inLanguage":"et","@id":"https:\/\/maavagised.ee\/toode\/hooldav-huulepulk\/#primaryimage","url":"https:\/\/i0.wp.com\/maavagised.ee\/wp-content\/uploads\/2021\/09\/Hooldav-huulepulk2.jpg?fit=915%2C614&ssl=1","contentUrl":"https:\/\/i0.wp.com\/maavagised.ee\/wp-content\/uploads\/2021\/09\/Hooldav-huulepulk2.jpg?fit=915%2C614&ssl=1","width":915,"height":614,"caption":"Hooldav huulepulk"},{"@type":"BreadcrumbList","@id":"https:\/\/maavagised.ee\/toode\/hooldav-huulepulk\/#breadcrumb","itemListElement":[{"@type":"ListItem","position":1,"name":"Home","item":"https:\/\/maavagised.ee\/"},{"@type":"ListItem","position":2,"name":"Pood","item":"https:\/\/maavagised.ee\/pood\/"},{"@type":"ListItem","position":3,"name":"Hooldav huulepulk"}]},{"@type":"WebSite","@id":"https:\/\/maavagised.ee\/#website","url":"https:\/\/maavagised.ee\/","name":"Maavagised","description":"L\u00f5\u00f5gastus saunas ja massaa\u017eis v\u00f5i tervis kaanidest.","publisher":{"@id":"https:\/\/maavagised.ee\/#organization"},"potentialAction":[{"@type":"SearchAction","target":{"@type":"EntryPoint","urlTemplate":"https:\/\/maavagised.ee\/?s={search_term_string}"},"query-input":{"@type":"PropertyValueSpecification","valueRequired":true,"valueName":"search_term_string"}}],"inLanguage":"et"},{"@type":"Organization","@id":"https:\/\/maavagised.ee\/#organization","name":"Maav\u00e4gised p\u00e4rimusmeditsiinikeskus","url":"https:\/\/maavagised.ee\/","logo":{"@type":"ImageObject","inLanguage":"et","@id":"https:\/\/maavagised.ee\/#\/schema\/logo\/image\/","url":"https:\/\/i0.wp.com\/maavagised.ee\/wp-content\/uploads\/2021\/05\/maavagised_logo1.png?fit=477%2C302&ssl=1","contentUrl":"https:\/\/i0.wp.com\/maavagised.ee\/wp-content\/uploads\/2021\/05\/maavagised_logo1.png?fit=477%2C302&ssl=1","width":477,"height":302,"caption":"Maav\u00e4gised p\u00e4rimusmeditsiinikeskus"},"image":{"@id":"https:\/\/maavagised.ee\/#\/schema\/logo\/image\/"},"sameAs":["https:\/\/www.facebook.com\/maavagised","https:\/\/www.instagram.com\/maavagised_\/"]}]}},"jetpack_sharing_enabled":true,"jetpack_likes_enabled":true,"jetpack-related-posts":[],"_links":{"self":[{"href":"https:\/\/maavagised.ee\/et\/wp-json\/wp\/v2\/product\/1934","targetHints":{"allow":["GET"]}}],"collection":[{"href":"https:\/\/maavagised.ee\/et\/wp-json\/wp\/v2\/product"}],"about":[{"href":"https:\/\/maavagised.ee\/et\/wp-json\/wp\/v2\/types\/product"}],"replies":[{"embeddable":true,"href":"https:\/\/maavagised.ee\/et\/wp-json\/wp\/v2\/comments?post=1934"}],"wp:featuredmedia":[{"embeddable":true,"href":"https:\/\/maavagised.ee\/et\/wp-json\/wp\/v2\/media\/1935"}],"wp:attachment":[{"href":"https:\/\/maavagised.ee\/et\/wp-json\/wp\/v2\/media?parent=1934"}],"wp:term":[{"taxonomy":"product_brand","embeddable":true,"href":"https:\/\/maavagised.ee\/et\/wp-json\/wp\/v2\/product_brand?post=1934"},{"taxonomy":"product_cat","embeddable":true,"href":"https:\/\/maavagised.ee\/et\/wp-json\/wp\/v2\/product_cat?post=1934"},{"taxonomy":"product_tag","embeddable":true,"href":"https:\/\/maavagised.ee\/et\/wp-json\/wp\/v2\/product_tag?post=1934"}],"curies":[{"name":"wp","href":"https:\/\/api.w.org\/{rel}","templated":true}]}}