{"id":1865,"date":"2021-08-16T08:30:18","date_gmt":"2021-08-16T08:30:18","guid":{"rendered":"https:\/\/maavagised.ee\/?post_type=product&#038;p=1865"},"modified":"2026-02-24T13:42:33","modified_gmt":"2026-02-24T11:42:33","slug":"kasetorvasalv-25ml","status":"publish","type":"product","link":"https:\/\/maavagised.ee\/et\/toode\/kasetorvasalv-25ml\/","title":{"rendered":"Kaset\u00f5rvasalv 25ml"},"content":{"rendered":"<p>Kaset\u00f5rvasalv 25ml &nbsp;on v\u00e4ga sarnane Vi\u0161nevski salvile. Maav\u00e4giste t\u00f5rvasalvi ja Vi\u0161nevski salvi&nbsp; puhul on&nbsp; eristuv peal hoidmise aeg.&nbsp; Seda salvi v\u00f5ib kanda otse lahtisele haavale, p\u00f5letustele, m\u00e4danikele, umbes s\u00f5rmedele jne.<\/p>\n<p>Kaset\u00f5rvasalv sisaldab peamise paksendajana shea v\u00f5id, nii ei j\u00e4\u00e4 salv umbse kihina nahale, vaid laseb haaval hingata ja paranemine toimub ka rasketel haavadel m\u00f5ne p\u00e4evaga. Koostises on klassikalised Vi\u0161nevski salvi ained nagu kseroform, kaset\u00f5rv ja riitsinus\u00f5li.<\/p>\n<p>Kaset\u00f5rva omadused on juba iidsest ajast tuntud nahahaiguste,valu ja turse ravimisel.<\/p>\n<p>Kseroform on kootava kuivatava ja antiseptilise omadusega.<\/p>\n<p>Kastoor ehk riitsinus\u00f5li, mis on p\u00f5letikku leevendav ja antioks\u00fcdantne, kasutusel olnud sajandeid oma raviomaduste t\u00f5ttu. Ritsinoolhape takistab bakterite kasvu, kaitseb p\u00e4rmseente ja viiruste eest.<\/p>\n<p>Paksendajana kasutatud shea v\u00f5i sisaldab A, E, F vitamiine ja rasvhappeid ja sel on p\u00f5letikuvastased ja nahka parandavad omadused.<\/p>\n<p>Kasulikud omadused on ka mesilasvahal, mida selle salvi puhul on kasutatud v\u00e4hesel m\u00e4\u00e4ral, et v\u00e4ltida kileja kihi teket haavale aga hoida toote konsistents siiski tugevam ja paksem.<\/p>\n<p>Kaset\u00f5rvasalv tekitab kudede verevarustusele &nbsp;mikrotsirkulatsiooni ja selle tulemusena kiireneb kuded uuenemine.<\/p>\n<p>Vastun\u00e4idustused: ei soovitata &nbsp;tugevate neerukahjustuste puhul, samuti \u00fcksk\u00f5ik millise komponendi vastu \u00fclitundlikkuse puhul<\/p>\n<p>Kasutamine:<\/p>\n<p>kanda kahjustatud naha pinnale kolm korda p\u00e4evas. Haavale kandmisel kasutada sidet ja fikseerida see. Salv v\u00f5ib m\u00e4\u00e4rida.<\/p>\n<p>Kasutatakse ka g\u00fcnekoloogiliste p\u00f5letike leevendamiseks, sellisel juhul viiakse salv tampooniga probleemkohta, kasutus 1 kord n\u00e4dalas.<\/p>\n<p>Hemorroidide puhul kanda salv marliga lokaalselt hemorroidi peale ja fikseerida, m\u00e4hist vahetatakse iga 12 tunni j\u00e4rel.<\/p>\n<p>OLukorra halvenemisel tuleb v\u00f5tta \u00fchendust arstiga, kui kahtlete kas see salv teile sobib siis konsulteerige enne arstiga.<\/p>\n<p>&nbsp;<\/p>\n<p>Kaset\u00f5rvasalv 25ml<\/p>\n","protected":false},"excerpt":{"rendered":"<p>Kaset\u00f5rvasalv 25ml &nbsp;on v\u00e4ga sarnane Vi\u0161nevski salvile. Maav\u00e4giste t\u00f5rvasalvi ja Vi\u0161nevski salvi&nbsp; puhul on&nbsp; eristuv peal hoidmise aeg.&nbsp; Seda salvi v\u00f5ib kanda otse lahtisele haavale, p\u00f5letustele, m\u00e4danikele, umbes s\u00f5rmedele jne. Kaset\u00f5rvasalv sisaldab peamise paksendajana shea v\u00f5id, nii ei j\u00e4\u00e4 salv umbse kihina nahale, vaid laseb haaval hingata ja paranemine toimub ka rasketel haavadel m\u00f5ne p\u00e4evaga. [&hellip;]<\/p>\n","protected":false},"featured_media":1235,"comment_status":"closed","ping_status":"closed","template":"","meta":{"om_disable_all_campaigns":false,"site-sidebar-layout":"default","site-content-layout":"default","ast-site-content-layout":"default","site-content-style":"default","site-sidebar-style":"default","ast-global-header-display":"","ast-banner-title-visibility":"","ast-main-header-display":"","ast-hfb-above-header-display":"","ast-hfb-below-header-display":"","ast-hfb-mobile-header-display":"","site-post-title":"","ast-breadcrumbs-content":"","ast-featured-img":"","footer-sml-layout":"","theme-transparent-header-meta":"default","adv-header-id-meta":"","stick-header-meta":"","header-above-stick-meta":"","header-main-stick-meta":"","header-below-stick-meta":"","astra-migrate-meta-layouts":"set","ast-page-background-enabled":"default","ast-page-background-meta":{"desktop":{"background-color":"","background-image":"","background-repeat":"repeat","background-position":"center center","background-size":"auto","background-attachment":"scroll","background-type":"","background-media":"","overlay-type":"","overlay-color":"","overlay-opacity":"","overlay-gradient":""},"tablet":{"background-color":"","background-image":"","background-repeat":"repeat","background-position":"center center","background-size":"auto","background-attachment":"scroll","background-type":"","background-media":"","overlay-type":"","overlay-color":"","overlay-opacity":"","overlay-gradient":""},"mobile":{"background-color":"","background-image":"","background-repeat":"repeat","background-position":"center center","background-size":"auto","background-attachment":"scroll","background-type":"","background-media":"","overlay-type":"","overlay-color":"","overlay-opacity":"","overlay-gradient":""}},"ast-content-background-meta":{"desktop":{"background-color":"var(--ast-global-color-5)","background-image":"","background-repeat":"repeat","background-position":"center center","background-size":"auto","background-attachment":"scroll","background-type":"","background-media":"","overlay-type":"","overlay-color":"","overlay-opacity":"","overlay-gradient":""},"tablet":{"background-color":"var(--ast-global-color-5)","background-image":"","background-repeat":"repeat","background-position":"center center","background-size":"auto","background-attachment":"scroll","background-type":"","background-media":"","overlay-type":"","overlay-color":"","overlay-opacity":"","overlay-gradient":""},"mobile":{"background-color":"var(--ast-global-color-5)","background-image":"","background-repeat":"repeat","background-position":"center center","background-size":"auto","background-attachment":"scroll","background-type":"","background-media":"","overlay-type":"","overlay-color":"","overlay-opacity":"","overlay-gradient":""}},"ngg_post_thumbnail":0},"product_brand":[],"product_cat":[53],"product_tag":[],"class_list":{"0":"post-1865","1":"product","2":"type-product","3":"status-publish","4":"has-post-thumbnail","6":"product_cat-salvid","7":"desktop-align-left","8":"tablet-align-left","9":"mobile-align-left","11":"first","12":"outofstock","13":"shipping-taxable","14":"purchasable","15":"product-type-simple"},"yoast_head":"<!-- This site is optimized with the Yoast SEO plugin v27.1.1 - https:\/\/yoast.com\/product\/yoast-seo-wordpress\/ -->\n<title>Kaset\u00f5rvasalv 25ml - Maav\u00e4gised p\u00e4rimusmeditsiinikeskus<\/title>\n<meta name=\"description\" content=\"kaset\u00f5rvasalv 25ml on Maav\u00e4giste parendatud versioon Vi\u0161nevski salvist, mida v\u00f5ib kanda otse haavale, p\u00f5letustele, m\u00e4danikele, umbes s\u00f5rmedele.\" \/>\n<meta name=\"robots\" content=\"index, follow, max-snippet:-1, max-image-preview:large, max-video-preview:-1\" \/>\n<link rel=\"canonical\" href=\"https:\/\/maavagised.ee\/et\/toode\/kasetorvasalv-25ml\/\" \/>\n<meta property=\"og:locale\" content=\"et_EE\" \/>\n<meta property=\"og:type\" content=\"article\" \/>\n<meta property=\"og:title\" content=\"Kaset\u00f5rvasalv 25ml - Maav\u00e4gised p\u00e4rimusmeditsiinikeskus\" \/>\n<meta property=\"og:description\" content=\"kaset\u00f5rvasalv 25ml on Maav\u00e4giste parendatud versioon Vi\u0161nevski salvist, mida v\u00f5ib kanda otse haavale, p\u00f5letustele, m\u00e4danikele, umbes s\u00f5rmedele.\" \/>\n<meta property=\"og:url\" content=\"https:\/\/maavagised.ee\/et\/toode\/kasetorvasalv-25ml\/\" \/>\n<meta property=\"og:site_name\" content=\"Maav\u00e4gised p\u00e4rimusmeditsiinikeskus\" \/>\n<meta property=\"article:publisher\" content=\"https:\/\/www.facebook.com\/maavagised\" \/>\n<meta property=\"article:modified_time\" content=\"2026-02-24T11:42:33+00:00\" \/>\n<meta property=\"og:image\" content=\"https:\/\/maavagised.ee\/wp-content\/uploads\/2021\/06\/Visnevski-salv.jpg\" \/>\n\t<meta property=\"og:image:width\" content=\"511\" \/>\n\t<meta property=\"og:image:height\" content=\"640\" \/>\n\t<meta property=\"og:image:type\" content=\"image\/jpeg\" \/>\n<meta name=\"twitter:card\" content=\"summary_large_image\" \/>\n<meta name=\"twitter:label1\" content=\"Est. reading time\" \/>\n\t<meta name=\"twitter:data1\" content=\"2 minutit\" \/>\n<script type=\"application\/ld+json\" class=\"yoast-schema-graph\">{\"@context\":\"https:\/\/schema.org\",\"@graph\":[{\"@type\":\"WebPage\",\"@id\":\"https:\/\/maavagised.ee\/toode\/kasetorvasalv-25ml\/\",\"url\":\"https:\/\/maavagised.ee\/toode\/kasetorvasalv-25ml\/\",\"name\":\"Kaset\u00f5rvasalv 25ml - Maav\u00e4gised p\u00e4rimusmeditsiinikeskus\",\"isPartOf\":{\"@id\":\"https:\/\/maavagised.ee\/#website\"},\"primaryImageOfPage\":{\"@id\":\"https:\/\/maavagised.ee\/toode\/kasetorvasalv-25ml\/#primaryimage\"},\"image\":{\"@id\":\"https:\/\/maavagised.ee\/toode\/kasetorvasalv-25ml\/#primaryimage\"},\"thumbnailUrl\":\"https:\/\/i0.wp.com\/maavagised.ee\/wp-content\/uploads\/2021\/06\/Visnevski-salv.jpg?fit=511%2C640&ssl=1\",\"datePublished\":\"2021-08-16T08:30:18+00:00\",\"dateModified\":\"2026-02-24T11:42:33+00:00\",\"description\":\"kaset\u00f5rvasalv 25ml on Maav\u00e4giste parendatud versioon Vi\u0161nevski salvist, mida v\u00f5ib kanda otse haavale, p\u00f5letustele, m\u00e4danikele, umbes s\u00f5rmedele.\",\"breadcrumb\":{\"@id\":\"https:\/\/maavagised.ee\/toode\/kasetorvasalv-25ml\/#breadcrumb\"},\"inLanguage\":\"et\",\"potentialAction\":[{\"@type\":\"ReadAction\",\"target\":[\"https:\/\/maavagised.ee\/toode\/kasetorvasalv-25ml\/\"]}]},{\"@type\":\"ImageObject\",\"inLanguage\":\"et\",\"@id\":\"https:\/\/maavagised.ee\/toode\/kasetorvasalv-25ml\/#primaryimage\",\"url\":\"https:\/\/i0.wp.com\/maavagised.ee\/wp-content\/uploads\/2021\/06\/Visnevski-salv.jpg?fit=511%2C640&ssl=1\",\"contentUrl\":\"https:\/\/i0.wp.com\/maavagised.ee\/wp-content\/uploads\/2021\/06\/Visnevski-salv.jpg?fit=511%2C640&ssl=1\",\"width\":511,\"height\":640,\"caption\":\"haavasalv 30ml\"},{\"@type\":\"BreadcrumbList\",\"@id\":\"https:\/\/maavagised.ee\/toode\/kasetorvasalv-25ml\/#breadcrumb\",\"itemListElement\":[{\"@type\":\"ListItem\",\"position\":1,\"name\":\"Home\",\"item\":\"https:\/\/maavagised.ee\/\"},{\"@type\":\"ListItem\",\"position\":2,\"name\":\"Pood\",\"item\":\"https:\/\/maavagised.ee\/pood\/\"},{\"@type\":\"ListItem\",\"position\":3,\"name\":\"Kaset\u00f5rvasalv 25ml\"}]},{\"@type\":\"WebSite\",\"@id\":\"https:\/\/maavagised.ee\/#website\",\"url\":\"https:\/\/maavagised.ee\/\",\"name\":\"Maavagised\",\"description\":\"L\u00f5\u00f5gastus saunas ja massaa\u017eis v\u00f5i tervis kaanidest.\",\"publisher\":{\"@id\":\"https:\/\/maavagised.ee\/#organization\"},\"potentialAction\":[{\"@type\":\"SearchAction\",\"target\":{\"@type\":\"EntryPoint\",\"urlTemplate\":\"https:\/\/maavagised.ee\/?s={search_term_string}\"},\"query-input\":{\"@type\":\"PropertyValueSpecification\",\"valueRequired\":true,\"valueName\":\"search_term_string\"}}],\"inLanguage\":\"et\"},{\"@type\":\"Organization\",\"@id\":\"https:\/\/maavagised.ee\/#organization\",\"name\":\"Maav\u00e4gised p\u00e4rimusmeditsiinikeskus\",\"url\":\"https:\/\/maavagised.ee\/\",\"logo\":{\"@type\":\"ImageObject\",\"inLanguage\":\"et\",\"@id\":\"https:\/\/maavagised.ee\/#\/schema\/logo\/image\/\",\"url\":\"https:\/\/i0.wp.com\/maavagised.ee\/wp-content\/uploads\/2021\/05\/maavagised_logo1.png?fit=477%2C302&ssl=1\",\"contentUrl\":\"https:\/\/i0.wp.com\/maavagised.ee\/wp-content\/uploads\/2021\/05\/maavagised_logo1.png?fit=477%2C302&ssl=1\",\"width\":477,\"height\":302,\"caption\":\"Maav\u00e4gised p\u00e4rimusmeditsiinikeskus\"},\"image\":{\"@id\":\"https:\/\/maavagised.ee\/#\/schema\/logo\/image\/\"},\"sameAs\":[\"https:\/\/www.facebook.com\/maavagised\",\"https:\/\/www.instagram.com\/maavagised_\/\"]}]}<\/script>\n<!-- \/ Yoast SEO plugin. -->","yoast_head_json":{"title":"Kaset\u00f5rvasalv 25ml - Maav\u00e4gised p\u00e4rimusmeditsiinikeskus","description":"kaset\u00f5rvasalv 25ml on Maav\u00e4giste parendatud versioon Vi\u0161nevski salvist, mida v\u00f5ib kanda otse haavale, p\u00f5letustele, m\u00e4danikele, umbes s\u00f5rmedele.","robots":{"index":"index","follow":"follow","max-snippet":"max-snippet:-1","max-image-preview":"max-image-preview:large","max-video-preview":"max-video-preview:-1"},"canonical":"https:\/\/maavagised.ee\/et\/toode\/kasetorvasalv-25ml\/","og_locale":"et_EE","og_type":"article","og_title":"Kaset\u00f5rvasalv 25ml - Maav\u00e4gised p\u00e4rimusmeditsiinikeskus","og_description":"kaset\u00f5rvasalv 25ml on Maav\u00e4giste parendatud versioon Vi\u0161nevski salvist, mida v\u00f5ib kanda otse haavale, p\u00f5letustele, m\u00e4danikele, umbes s\u00f5rmedele.","og_url":"https:\/\/maavagised.ee\/et\/toode\/kasetorvasalv-25ml\/","og_site_name":"Maav\u00e4gised p\u00e4rimusmeditsiinikeskus","article_publisher":"https:\/\/www.facebook.com\/maavagised","article_modified_time":"2026-02-24T11:42:33+00:00","og_image":[{"width":511,"height":640,"url":"https:\/\/maavagised.ee\/wp-content\/uploads\/2021\/06\/Visnevski-salv.jpg","type":"image\/jpeg"}],"twitter_card":"summary_large_image","twitter_misc":{"Est. reading time":"2 minutit"},"schema":{"@context":"https:\/\/schema.org","@graph":[{"@type":"WebPage","@id":"https:\/\/maavagised.ee\/toode\/kasetorvasalv-25ml\/","url":"https:\/\/maavagised.ee\/toode\/kasetorvasalv-25ml\/","name":"Kaset\u00f5rvasalv 25ml - Maav\u00e4gised p\u00e4rimusmeditsiinikeskus","isPartOf":{"@id":"https:\/\/maavagised.ee\/#website"},"primaryImageOfPage":{"@id":"https:\/\/maavagised.ee\/toode\/kasetorvasalv-25ml\/#primaryimage"},"image":{"@id":"https:\/\/maavagised.ee\/toode\/kasetorvasalv-25ml\/#primaryimage"},"thumbnailUrl":"https:\/\/i0.wp.com\/maavagised.ee\/wp-content\/uploads\/2021\/06\/Visnevski-salv.jpg?fit=511%2C640&ssl=1","datePublished":"2021-08-16T08:30:18+00:00","dateModified":"2026-02-24T11:42:33+00:00","description":"kaset\u00f5rvasalv 25ml on Maav\u00e4giste parendatud versioon Vi\u0161nevski salvist, mida v\u00f5ib kanda otse haavale, p\u00f5letustele, m\u00e4danikele, umbes s\u00f5rmedele.","breadcrumb":{"@id":"https:\/\/maavagised.ee\/toode\/kasetorvasalv-25ml\/#breadcrumb"},"inLanguage":"et","potentialAction":[{"@type":"ReadAction","target":["https:\/\/maavagised.ee\/toode\/kasetorvasalv-25ml\/"]}]},{"@type":"ImageObject","inLanguage":"et","@id":"https:\/\/maavagised.ee\/toode\/kasetorvasalv-25ml\/#primaryimage","url":"https:\/\/i0.wp.com\/maavagised.ee\/wp-content\/uploads\/2021\/06\/Visnevski-salv.jpg?fit=511%2C640&ssl=1","contentUrl":"https:\/\/i0.wp.com\/maavagised.ee\/wp-content\/uploads\/2021\/06\/Visnevski-salv.jpg?fit=511%2C640&ssl=1","width":511,"height":640,"caption":"haavasalv 30ml"},{"@type":"BreadcrumbList","@id":"https:\/\/maavagised.ee\/toode\/kasetorvasalv-25ml\/#breadcrumb","itemListElement":[{"@type":"ListItem","position":1,"name":"Home","item":"https:\/\/maavagised.ee\/"},{"@type":"ListItem","position":2,"name":"Pood","item":"https:\/\/maavagised.ee\/pood\/"},{"@type":"ListItem","position":3,"name":"Kaset\u00f5rvasalv 25ml"}]},{"@type":"WebSite","@id":"https:\/\/maavagised.ee\/#website","url":"https:\/\/maavagised.ee\/","name":"Maavagised","description":"L\u00f5\u00f5gastus saunas ja massaa\u017eis v\u00f5i tervis kaanidest.","publisher":{"@id":"https:\/\/maavagised.ee\/#organization"},"potentialAction":[{"@type":"SearchAction","target":{"@type":"EntryPoint","urlTemplate":"https:\/\/maavagised.ee\/?s={search_term_string}"},"query-input":{"@type":"PropertyValueSpecification","valueRequired":true,"valueName":"search_term_string"}}],"inLanguage":"et"},{"@type":"Organization","@id":"https:\/\/maavagised.ee\/#organization","name":"Maav\u00e4gised p\u00e4rimusmeditsiinikeskus","url":"https:\/\/maavagised.ee\/","logo":{"@type":"ImageObject","inLanguage":"et","@id":"https:\/\/maavagised.ee\/#\/schema\/logo\/image\/","url":"https:\/\/i0.wp.com\/maavagised.ee\/wp-content\/uploads\/2021\/05\/maavagised_logo1.png?fit=477%2C302&ssl=1","contentUrl":"https:\/\/i0.wp.com\/maavagised.ee\/wp-content\/uploads\/2021\/05\/maavagised_logo1.png?fit=477%2C302&ssl=1","width":477,"height":302,"caption":"Maav\u00e4gised p\u00e4rimusmeditsiinikeskus"},"image":{"@id":"https:\/\/maavagised.ee\/#\/schema\/logo\/image\/"},"sameAs":["https:\/\/www.facebook.com\/maavagised","https:\/\/www.instagram.com\/maavagised_\/"]}]}},"jetpack_sharing_enabled":true,"jetpack_likes_enabled":true,"jetpack-related-posts":[],"_links":{"self":[{"href":"https:\/\/maavagised.ee\/et\/wp-json\/wp\/v2\/product\/1865","targetHints":{"allow":["GET"]}}],"collection":[{"href":"https:\/\/maavagised.ee\/et\/wp-json\/wp\/v2\/product"}],"about":[{"href":"https:\/\/maavagised.ee\/et\/wp-json\/wp\/v2\/types\/product"}],"replies":[{"embeddable":true,"href":"https:\/\/maavagised.ee\/et\/wp-json\/wp\/v2\/comments?post=1865"}],"wp:featuredmedia":[{"embeddable":true,"href":"https:\/\/maavagised.ee\/et\/wp-json\/wp\/v2\/media\/1235"}],"wp:attachment":[{"href":"https:\/\/maavagised.ee\/et\/wp-json\/wp\/v2\/media?parent=1865"}],"wp:term":[{"taxonomy":"product_brand","embeddable":true,"href":"https:\/\/maavagised.ee\/et\/wp-json\/wp\/v2\/product_brand?post=1865"},{"taxonomy":"product_cat","embeddable":true,"href":"https:\/\/maavagised.ee\/et\/wp-json\/wp\/v2\/product_cat?post=1865"},{"taxonomy":"product_tag","embeddable":true,"href":"https:\/\/maavagised.ee\/et\/wp-json\/wp\/v2\/product_tag?post=1865"}],"curies":[{"name":"wp","href":"https:\/\/api.w.org\/{rel}","templated":true}]}}