{"id":1619,"date":"2021-06-15T19:20:01","date_gmt":"2021-06-15T19:20:01","guid":{"rendered":"https:\/\/maavagised.ee\/?post_type=product&#038;p=1619"},"modified":"2025-12-21T19:03:54","modified_gmt":"2025-12-21T17:03:54","slug":"saasetorjevahend-oli-baasil","status":"publish","type":"product","link":"https:\/\/maavagised.ee\/et\/toode\/saasetorjevahend-oli-baasil\/","title":{"rendered":"S\u00e4\u00e4set\u00f5rjevahend \u00f5li baasil"},"content":{"rendered":"<p>S\u00e4\u00e4set\u00f5rjevahend \u00f5li baasil sobib p\u00e4evaseks kasutamiseks ja otse nahale m\u00e4\u00e4rimiseks. Kui meie alkoholibaasil olev s\u00e4\u00e4set\u00f5rjevahend sisaldab tsitruselisi siis siin neid kasutatud ei ole. Tsitruselised ei sobi kokku p\u00e4ikese ja palja nahaga. Kuid suvel on ilmad soojad ja ka tihtilugu on Eesti suved vihmased siis on v\u00e4ljas s\u00e4\u00e4sed ja keha tahab kaitset.<\/p>\n<p>\u00d5li baasil s\u00e4\u00e4set\u00f5rjevahend sobib otse nahale kandmiseks j\u00e4ttes s\u00e4\u00e4ski peletava, kuid samas meeldiva l\u00f5hna. Sisaldades magusa mandli \u00f5li imendub see kiiresti nahka ega j\u00e4ta keha \u00f5liseks, lisandina on kasutatud oliiv\u00f5li, mis toidab ja niisutab nahka.<\/p>\n<p>Tasub meelde j\u00e4tte, et s\u00e4\u00e4sed armastavad heledaid v\u00e4rve ja lille-ning puuviljal\u00f5hnu. Enne s\u00e4\u00e4set\u00f5rje kasutamist tuleks hoiduda parf\u00fc\u00fcmide kasutamisest, enda pesemisest l\u00f5hnavate du\u0161\u0161igeelidega ja ka pesuloputusvahenditest mis l\u00f5hnavad magusalt ja tugevalt, vastasel juhul hakkavad need l\u00f5hnad t\u00f6\u00f6tama s\u00e4\u00e4set\u00f5rjevahendile vastu.<\/p>\n<p>T\u00e4ienda oma s\u00e4\u00e4set\u00f5rjevahendite kogu ka meie riietele kandmiseks sobiva ja<a href=\"https:\/\/maavagised.ee\/toode\/saasetorje-vahend\/\"> \u00f5htuse s\u00e4\u00e4set\u00f5rjevahendiga<\/a>.<\/p>\n","protected":false},"excerpt":{"rendered":"<p>S\u00e4\u00e4set\u00f5rjevahend \u00f5li baasil sobib p\u00e4evaseks kasutamiseks ja otse nahale m\u00e4\u00e4rimiseks. Kui meie alkoholibaasil olev s\u00e4\u00e4set\u00f5rjevahend sisaldab tsitruselisi siis siin neid kasutatud ei ole. Tsitruselised ei sobi kokku p\u00e4ikese ja palja nahaga. Kuid suvel on ilmad soojad ja ka tihtilugu on Eesti suved vihmased siis on v\u00e4ljas s\u00e4\u00e4sed ja keha tahab kaitset. \u00d5li baasil s\u00e4\u00e4set\u00f5rjevahend sobib [&hellip;]<\/p>\n","protected":false},"featured_media":1620,"comment_status":"closed","ping_status":"closed","template":"","meta":{"om_disable_all_campaigns":false,"site-sidebar-layout":"default","site-content-layout":"default","ast-site-content-layout":"default","site-content-style":"default","site-sidebar-style":"default","ast-global-header-display":"","ast-banner-title-visibility":"","ast-main-header-display":"","ast-hfb-above-header-display":"","ast-hfb-below-header-display":"","ast-hfb-mobile-header-display":"","site-post-title":"","ast-breadcrumbs-content":"","ast-featured-img":"","footer-sml-layout":"","theme-transparent-header-meta":"default","adv-header-id-meta":"","stick-header-meta":"","header-above-stick-meta":"","header-main-stick-meta":"","header-below-stick-meta":"","astra-migrate-meta-layouts":"set","ast-page-background-enabled":"default","ast-page-background-meta":{"desktop":{"background-color":"","background-image":"","background-repeat":"repeat","background-position":"center center","background-size":"auto","background-attachment":"scroll","background-type":"","background-media":"","overlay-type":"","overlay-color":"","overlay-opacity":"","overlay-gradient":""},"tablet":{"background-color":"","background-image":"","background-repeat":"repeat","background-position":"center center","background-size":"auto","background-attachment":"scroll","background-type":"","background-media":"","overlay-type":"","overlay-color":"","overlay-opacity":"","overlay-gradient":""},"mobile":{"background-color":"","background-image":"","background-repeat":"repeat","background-position":"center center","background-size":"auto","background-attachment":"scroll","background-type":"","background-media":"","overlay-type":"","overlay-color":"","overlay-opacity":"","overlay-gradient":""}},"ast-content-background-meta":{"desktop":{"background-color":"var(--ast-global-color-5)","background-image":"","background-repeat":"repeat","background-position":"center center","background-size":"auto","background-attachment":"scroll","background-type":"","background-media":"","overlay-type":"","overlay-color":"","overlay-opacity":"","overlay-gradient":""},"tablet":{"background-color":"var(--ast-global-color-5)","background-image":"","background-repeat":"repeat","background-position":"center center","background-size":"auto","background-attachment":"scroll","background-type":"","background-media":"","overlay-type":"","overlay-color":"","overlay-opacity":"","overlay-gradient":""},"mobile":{"background-color":"var(--ast-global-color-5)","background-image":"","background-repeat":"repeat","background-position":"center center","background-size":"auto","background-attachment":"scroll","background-type":"","background-media":"","overlay-type":"","overlay-color":"","overlay-opacity":"","overlay-gradient":""}},"ngg_post_thumbnail":0},"product_brand":[],"product_cat":[58],"product_tag":[],"class_list":{"0":"post-1619","1":"product","2":"type-product","3":"status-publish","4":"has-post-thumbnail","6":"product_cat-ihu-kaitseks","7":"desktop-align-left","8":"tablet-align-left","9":"mobile-align-left","11":"first","12":"outofstock","13":"shipping-taxable","14":"purchasable","15":"product-type-simple"},"yoast_head":"<!-- This site is optimized with the Yoast SEO plugin v27.1.1 - https:\/\/yoast.com\/product\/yoast-seo-wordpress\/ -->\n<title>S\u00e4\u00e4set\u00f5rjevahend \u00f5li baasil - Maav\u00e4gised p\u00e4rimusmeditsiinikeskus<\/title>\n<meta name=\"description\" content=\"s\u00e4\u00e4set\u00f5rjevahend \u00f5li baasil sisaldab eeterlikke \u00f5lisid, sobib p\u00e4evasel ajal otse nahale kandmiseks, ei tekita \u00e4rritavat reaktsiooni.\" \/>\n<meta name=\"robots\" content=\"index, follow, max-snippet:-1, max-image-preview:large, max-video-preview:-1\" \/>\n<link rel=\"canonical\" href=\"https:\/\/maavagised.ee\/et\/toode\/saasetorjevahend-oli-baasil\/\" \/>\n<meta property=\"og:locale\" content=\"et_EE\" \/>\n<meta property=\"og:type\" content=\"article\" \/>\n<meta property=\"og:title\" content=\"S\u00e4\u00e4set\u00f5rjevahend \u00f5li baasil - Maav\u00e4gised p\u00e4rimusmeditsiinikeskus\" \/>\n<meta property=\"og:description\" content=\"s\u00e4\u00e4set\u00f5rjevahend \u00f5li baasil sisaldab eeterlikke \u00f5lisid, sobib p\u00e4evasel ajal otse nahale kandmiseks, ei tekita \u00e4rritavat reaktsiooni.\" \/>\n<meta property=\"og:url\" content=\"https:\/\/maavagised.ee\/et\/toode\/saasetorjevahend-oli-baasil\/\" \/>\n<meta property=\"og:site_name\" content=\"Maav\u00e4gised p\u00e4rimusmeditsiinikeskus\" \/>\n<meta property=\"article:publisher\" content=\"https:\/\/www.facebook.com\/maavagised\" \/>\n<meta property=\"article:modified_time\" content=\"2025-12-21T17:03:54+00:00\" \/>\n<meta property=\"og:image\" content=\"https:\/\/maavagised.ee\/wp-content\/uploads\/2021\/06\/Saasetorje-olibaasil.jpg\" \/>\n\t<meta property=\"og:image:width\" content=\"422\" \/>\n\t<meta property=\"og:image:height\" content=\"640\" \/>\n\t<meta property=\"og:image:type\" content=\"image\/jpeg\" \/>\n<meta name=\"twitter:card\" content=\"summary_large_image\" \/>\n<meta name=\"twitter:label1\" content=\"Est. reading time\" \/>\n\t<meta name=\"twitter:data1\" content=\"1 minut\" \/>\n<script type=\"application\/ld+json\" class=\"yoast-schema-graph\">{\"@context\":\"https:\/\/schema.org\",\"@graph\":[{\"@type\":\"WebPage\",\"@id\":\"https:\/\/maavagised.ee\/toode\/saasetorjevahend-oli-baasil\/\",\"url\":\"https:\/\/maavagised.ee\/toode\/saasetorjevahend-oli-baasil\/\",\"name\":\"S\u00e4\u00e4set\u00f5rjevahend \u00f5li baasil - Maav\u00e4gised p\u00e4rimusmeditsiinikeskus\",\"isPartOf\":{\"@id\":\"https:\/\/maavagised.ee\/#website\"},\"primaryImageOfPage\":{\"@id\":\"https:\/\/maavagised.ee\/toode\/saasetorjevahend-oli-baasil\/#primaryimage\"},\"image\":{\"@id\":\"https:\/\/maavagised.ee\/toode\/saasetorjevahend-oli-baasil\/#primaryimage\"},\"thumbnailUrl\":\"https:\/\/i0.wp.com\/maavagised.ee\/wp-content\/uploads\/2021\/06\/Saasetorje-olibaasil.jpg?fit=422%2C640&ssl=1\",\"datePublished\":\"2021-06-15T19:20:01+00:00\",\"dateModified\":\"2025-12-21T17:03:54+00:00\",\"description\":\"s\u00e4\u00e4set\u00f5rjevahend \u00f5li baasil sisaldab eeterlikke \u00f5lisid, sobib p\u00e4evasel ajal otse nahale kandmiseks, ei tekita \u00e4rritavat reaktsiooni.\",\"breadcrumb\":{\"@id\":\"https:\/\/maavagised.ee\/toode\/saasetorjevahend-oli-baasil\/#breadcrumb\"},\"inLanguage\":\"et\",\"potentialAction\":[{\"@type\":\"ReadAction\",\"target\":[\"https:\/\/maavagised.ee\/toode\/saasetorjevahend-oli-baasil\/\"]}]},{\"@type\":\"ImageObject\",\"inLanguage\":\"et\",\"@id\":\"https:\/\/maavagised.ee\/toode\/saasetorjevahend-oli-baasil\/#primaryimage\",\"url\":\"https:\/\/i0.wp.com\/maavagised.ee\/wp-content\/uploads\/2021\/06\/Saasetorje-olibaasil.jpg?fit=422%2C640&ssl=1\",\"contentUrl\":\"https:\/\/i0.wp.com\/maavagised.ee\/wp-content\/uploads\/2021\/06\/Saasetorje-olibaasil.jpg?fit=422%2C640&ssl=1\",\"width\":422,\"height\":640,\"caption\":\"S\u00e4\u00e4set\u00f5rje \u00f5li baasil\"},{\"@type\":\"BreadcrumbList\",\"@id\":\"https:\/\/maavagised.ee\/toode\/saasetorjevahend-oli-baasil\/#breadcrumb\",\"itemListElement\":[{\"@type\":\"ListItem\",\"position\":1,\"name\":\"Home\",\"item\":\"https:\/\/maavagised.ee\/\"},{\"@type\":\"ListItem\",\"position\":2,\"name\":\"Pood\",\"item\":\"https:\/\/maavagised.ee\/pood\/\"},{\"@type\":\"ListItem\",\"position\":3,\"name\":\"S\u00e4\u00e4set\u00f5rjevahend \u00f5li baasil\"}]},{\"@type\":\"WebSite\",\"@id\":\"https:\/\/maavagised.ee\/#website\",\"url\":\"https:\/\/maavagised.ee\/\",\"name\":\"Maavagised\",\"description\":\"L\u00f5\u00f5gastus saunas ja massaa\u017eis v\u00f5i tervis kaanidest.\",\"publisher\":{\"@id\":\"https:\/\/maavagised.ee\/#organization\"},\"potentialAction\":[{\"@type\":\"SearchAction\",\"target\":{\"@type\":\"EntryPoint\",\"urlTemplate\":\"https:\/\/maavagised.ee\/?s={search_term_string}\"},\"query-input\":{\"@type\":\"PropertyValueSpecification\",\"valueRequired\":true,\"valueName\":\"search_term_string\"}}],\"inLanguage\":\"et\"},{\"@type\":\"Organization\",\"@id\":\"https:\/\/maavagised.ee\/#organization\",\"name\":\"Maav\u00e4gised p\u00e4rimusmeditsiinikeskus\",\"url\":\"https:\/\/maavagised.ee\/\",\"logo\":{\"@type\":\"ImageObject\",\"inLanguage\":\"et\",\"@id\":\"https:\/\/maavagised.ee\/#\/schema\/logo\/image\/\",\"url\":\"https:\/\/i0.wp.com\/maavagised.ee\/wp-content\/uploads\/2021\/05\/maavagised_logo1.png?fit=477%2C302&ssl=1\",\"contentUrl\":\"https:\/\/i0.wp.com\/maavagised.ee\/wp-content\/uploads\/2021\/05\/maavagised_logo1.png?fit=477%2C302&ssl=1\",\"width\":477,\"height\":302,\"caption\":\"Maav\u00e4gised p\u00e4rimusmeditsiinikeskus\"},\"image\":{\"@id\":\"https:\/\/maavagised.ee\/#\/schema\/logo\/image\/\"},\"sameAs\":[\"https:\/\/www.facebook.com\/maavagised\",\"https:\/\/www.instagram.com\/maavagised_\/\"]}]}<\/script>\n<!-- \/ Yoast SEO plugin. -->","yoast_head_json":{"title":"S\u00e4\u00e4set\u00f5rjevahend \u00f5li baasil - Maav\u00e4gised p\u00e4rimusmeditsiinikeskus","description":"s\u00e4\u00e4set\u00f5rjevahend \u00f5li baasil sisaldab eeterlikke \u00f5lisid, sobib p\u00e4evasel ajal otse nahale kandmiseks, ei tekita \u00e4rritavat reaktsiooni.","robots":{"index":"index","follow":"follow","max-snippet":"max-snippet:-1","max-image-preview":"max-image-preview:large","max-video-preview":"max-video-preview:-1"},"canonical":"https:\/\/maavagised.ee\/et\/toode\/saasetorjevahend-oli-baasil\/","og_locale":"et_EE","og_type":"article","og_title":"S\u00e4\u00e4set\u00f5rjevahend \u00f5li baasil - Maav\u00e4gised p\u00e4rimusmeditsiinikeskus","og_description":"s\u00e4\u00e4set\u00f5rjevahend \u00f5li baasil sisaldab eeterlikke \u00f5lisid, sobib p\u00e4evasel ajal otse nahale kandmiseks, ei tekita \u00e4rritavat reaktsiooni.","og_url":"https:\/\/maavagised.ee\/et\/toode\/saasetorjevahend-oli-baasil\/","og_site_name":"Maav\u00e4gised p\u00e4rimusmeditsiinikeskus","article_publisher":"https:\/\/www.facebook.com\/maavagised","article_modified_time":"2025-12-21T17:03:54+00:00","og_image":[{"width":422,"height":640,"url":"https:\/\/maavagised.ee\/wp-content\/uploads\/2021\/06\/Saasetorje-olibaasil.jpg","type":"image\/jpeg"}],"twitter_card":"summary_large_image","twitter_misc":{"Est. reading time":"1 minut"},"schema":{"@context":"https:\/\/schema.org","@graph":[{"@type":"WebPage","@id":"https:\/\/maavagised.ee\/toode\/saasetorjevahend-oli-baasil\/","url":"https:\/\/maavagised.ee\/toode\/saasetorjevahend-oli-baasil\/","name":"S\u00e4\u00e4set\u00f5rjevahend \u00f5li baasil - Maav\u00e4gised p\u00e4rimusmeditsiinikeskus","isPartOf":{"@id":"https:\/\/maavagised.ee\/#website"},"primaryImageOfPage":{"@id":"https:\/\/maavagised.ee\/toode\/saasetorjevahend-oli-baasil\/#primaryimage"},"image":{"@id":"https:\/\/maavagised.ee\/toode\/saasetorjevahend-oli-baasil\/#primaryimage"},"thumbnailUrl":"https:\/\/i0.wp.com\/maavagised.ee\/wp-content\/uploads\/2021\/06\/Saasetorje-olibaasil.jpg?fit=422%2C640&ssl=1","datePublished":"2021-06-15T19:20:01+00:00","dateModified":"2025-12-21T17:03:54+00:00","description":"s\u00e4\u00e4set\u00f5rjevahend \u00f5li baasil sisaldab eeterlikke \u00f5lisid, sobib p\u00e4evasel ajal otse nahale kandmiseks, ei tekita \u00e4rritavat reaktsiooni.","breadcrumb":{"@id":"https:\/\/maavagised.ee\/toode\/saasetorjevahend-oli-baasil\/#breadcrumb"},"inLanguage":"et","potentialAction":[{"@type":"ReadAction","target":["https:\/\/maavagised.ee\/toode\/saasetorjevahend-oli-baasil\/"]}]},{"@type":"ImageObject","inLanguage":"et","@id":"https:\/\/maavagised.ee\/toode\/saasetorjevahend-oli-baasil\/#primaryimage","url":"https:\/\/i0.wp.com\/maavagised.ee\/wp-content\/uploads\/2021\/06\/Saasetorje-olibaasil.jpg?fit=422%2C640&ssl=1","contentUrl":"https:\/\/i0.wp.com\/maavagised.ee\/wp-content\/uploads\/2021\/06\/Saasetorje-olibaasil.jpg?fit=422%2C640&ssl=1","width":422,"height":640,"caption":"S\u00e4\u00e4set\u00f5rje \u00f5li baasil"},{"@type":"BreadcrumbList","@id":"https:\/\/maavagised.ee\/toode\/saasetorjevahend-oli-baasil\/#breadcrumb","itemListElement":[{"@type":"ListItem","position":1,"name":"Home","item":"https:\/\/maavagised.ee\/"},{"@type":"ListItem","position":2,"name":"Pood","item":"https:\/\/maavagised.ee\/pood\/"},{"@type":"ListItem","position":3,"name":"S\u00e4\u00e4set\u00f5rjevahend \u00f5li baasil"}]},{"@type":"WebSite","@id":"https:\/\/maavagised.ee\/#website","url":"https:\/\/maavagised.ee\/","name":"Maavagised","description":"L\u00f5\u00f5gastus saunas ja massaa\u017eis v\u00f5i tervis kaanidest.","publisher":{"@id":"https:\/\/maavagised.ee\/#organization"},"potentialAction":[{"@type":"SearchAction","target":{"@type":"EntryPoint","urlTemplate":"https:\/\/maavagised.ee\/?s={search_term_string}"},"query-input":{"@type":"PropertyValueSpecification","valueRequired":true,"valueName":"search_term_string"}}],"inLanguage":"et"},{"@type":"Organization","@id":"https:\/\/maavagised.ee\/#organization","name":"Maav\u00e4gised p\u00e4rimusmeditsiinikeskus","url":"https:\/\/maavagised.ee\/","logo":{"@type":"ImageObject","inLanguage":"et","@id":"https:\/\/maavagised.ee\/#\/schema\/logo\/image\/","url":"https:\/\/i0.wp.com\/maavagised.ee\/wp-content\/uploads\/2021\/05\/maavagised_logo1.png?fit=477%2C302&ssl=1","contentUrl":"https:\/\/i0.wp.com\/maavagised.ee\/wp-content\/uploads\/2021\/05\/maavagised_logo1.png?fit=477%2C302&ssl=1","width":477,"height":302,"caption":"Maav\u00e4gised p\u00e4rimusmeditsiinikeskus"},"image":{"@id":"https:\/\/maavagised.ee\/#\/schema\/logo\/image\/"},"sameAs":["https:\/\/www.facebook.com\/maavagised","https:\/\/www.instagram.com\/maavagised_\/"]}]}},"jetpack_sharing_enabled":true,"jetpack_likes_enabled":true,"jetpack-related-posts":[],"_links":{"self":[{"href":"https:\/\/maavagised.ee\/et\/wp-json\/wp\/v2\/product\/1619","targetHints":{"allow":["GET"]}}],"collection":[{"href":"https:\/\/maavagised.ee\/et\/wp-json\/wp\/v2\/product"}],"about":[{"href":"https:\/\/maavagised.ee\/et\/wp-json\/wp\/v2\/types\/product"}],"replies":[{"embeddable":true,"href":"https:\/\/maavagised.ee\/et\/wp-json\/wp\/v2\/comments?post=1619"}],"wp:featuredmedia":[{"embeddable":true,"href":"https:\/\/maavagised.ee\/et\/wp-json\/wp\/v2\/media\/1620"}],"wp:attachment":[{"href":"https:\/\/maavagised.ee\/et\/wp-json\/wp\/v2\/media?parent=1619"}],"wp:term":[{"taxonomy":"product_brand","embeddable":true,"href":"https:\/\/maavagised.ee\/et\/wp-json\/wp\/v2\/product_brand?post=1619"},{"taxonomy":"product_cat","embeddable":true,"href":"https:\/\/maavagised.ee\/et\/wp-json\/wp\/v2\/product_cat?post=1619"},{"taxonomy":"product_tag","embeddable":true,"href":"https:\/\/maavagised.ee\/et\/wp-json\/wp\/v2\/product_tag?post=1619"}],"curies":[{"name":"wp","href":"https:\/\/api.w.org\/{rel}","templated":true}]}}