{"id":1618,"date":"2021-06-15T17:21:14","date_gmt":"2021-06-15T17:21:14","guid":{"rendered":"https:\/\/maavagised.ee\/?post_type=product&#038;p=1618"},"modified":"2025-12-21T19:04:43","modified_gmt":"2025-12-21T17:04:43","slug":"saasetorjevahend","status":"publish","type":"product","link":"https:\/\/maavagised.ee\/et\/toode\/saasetorjevahend\/","title":{"rendered":"S\u00e4\u00e4set\u00f5rjevahend"},"content":{"rendered":"<p>S\u00e4\u00e4set\u00f5rjevahend on m\u00f5nusa l\u00f5hnaga, oleme kasutanud ainult eeterlikke \u00f5lisid ja teinud selle s\u00e4\u00e4set\u00f5rjevahendi alkoholi baasil. Nii saab seda pihustada ka riiete peale ja ei pea kartma \u00f5liseid j\u00e4lgi. Alles j\u00e4\u00e4b vaid l\u00f5hn, mis s\u00e4\u00e4skedele ei meeldi.<\/p>\n<p>On vana tuntud t\u00f5de, et s\u00e4\u00e4sed ei armasta nelki ja tsitruselisi. Samas suvel tuleb olla tsitruselistega ettevaatlik, eriti kui on paljus ihu ja v\u00e4ljas paitab p\u00e4ike. Siis nendega liialdada ei tasu sest nahk v\u00f5ib muutuda liigselt tundlikuks. Samas \u00f5htul l\u00f5kke \u00e4\u00e4res istudes on selline s\u00e4\u00e4set\u00f5rje igati sobilik.<\/p>\n<p>Tuleks meeles pidada, et eeterlikud \u00f5lid ei p\u00fcsi nii kaua riietel kui s\u00fcnteetilisd l\u00f5hnad, eriti kergesti lenduvad tsitruselised, selle t\u00f5ttu tuleb looduslikku s\u00e4\u00e4set\u00f5rjet kanda riietele tihedamalt kui teisi.<\/p>\n<p>S\u00e4\u00e4ski meelitavad ligi lillel\u00f5hnad ja ka puuviljal\u00f5hnad, kui oled eelnevalt kasutanud parf\u00fc\u00fcmi, mis neid sisaldab v\u00f5i l\u00f5hnavat du\u0161\u0161igeeli siis ei pruugi s\u00e4\u00e4set\u00f5rje sind aidata. Samuti toimivad eeterlikud \u00f5lid iga inimese nahal erinevalt ja mis \u00fchele m\u00f5jub h\u00e4sti see ei pruugi teise nahal nii tulemuslik olla.<\/p>\n<p>Et suurendada s\u00e4\u00e4set\u00f5rjevahendi t\u00f5husust saad lisaks omalt poolt kanda tumedaid riideid sest hele meelitab samuti s\u00e4\u00e4ski ligi.<\/p>\n<p>Maav\u00e4giste s\u00e4\u00e4set\u00f5rjevahend \u00f5htuseks ajaks v\u00f5i riietele kandmiseks sisaldab&nbsp; nelgi, sidruni-heina ja lavendli eeterlikke \u00f5lisid, ning alkoholi ja vett.<\/p>\n<p>T\u00e4ienda ka enda s\u00e4\u00e4set\u00f5rjevahendite kogu meie<a href=\"https:\/\/maavagised.ee\/toode\/saasetorjevahend-oli-baasil\/\"> p\u00e4evase \u00f5libaasil oleva s\u00e4\u00e4set\u00f5rjevahendiga.<\/a><\/p>\n<p>&nbsp;<\/p>\n","protected":false},"excerpt":{"rendered":"<p>S\u00e4\u00e4set\u00f5rjevahend on m\u00f5nusa l\u00f5hnaga, oleme kasutanud ainult eeterlikke \u00f5lisid ja teinud selle s\u00e4\u00e4set\u00f5rjevahendi alkoholi baasil. Nii saab seda pihustada ka riiete peale ja ei pea kartma \u00f5liseid j\u00e4lgi. Alles j\u00e4\u00e4b vaid l\u00f5hn, mis s\u00e4\u00e4skedele ei meeldi. On vana tuntud t\u00f5de, et s\u00e4\u00e4sed ei armasta nelki ja tsitruselisi. Samas suvel tuleb olla tsitruselistega ettevaatlik, eriti kui [&hellip;]<\/p>\n","protected":false},"featured_media":1624,"comment_status":"closed","ping_status":"closed","template":"","meta":{"om_disable_all_campaigns":false,"site-sidebar-layout":"default","site-content-layout":"default","ast-site-content-layout":"default","site-content-style":"default","site-sidebar-style":"default","ast-global-header-display":"","ast-banner-title-visibility":"","ast-main-header-display":"","ast-hfb-above-header-display":"","ast-hfb-below-header-display":"","ast-hfb-mobile-header-display":"","site-post-title":"","ast-breadcrumbs-content":"","ast-featured-img":"","footer-sml-layout":"","theme-transparent-header-meta":"default","adv-header-id-meta":"","stick-header-meta":"","header-above-stick-meta":"","header-main-stick-meta":"","header-below-stick-meta":"","astra-migrate-meta-layouts":"set","ast-page-background-enabled":"default","ast-page-background-meta":{"desktop":{"background-color":"","background-image":"","background-repeat":"repeat","background-position":"center center","background-size":"auto","background-attachment":"scroll","background-type":"","background-media":"","overlay-type":"","overlay-color":"","overlay-opacity":"","overlay-gradient":""},"tablet":{"background-color":"","background-image":"","background-repeat":"repeat","background-position":"center center","background-size":"auto","background-attachment":"scroll","background-type":"","background-media":"","overlay-type":"","overlay-color":"","overlay-opacity":"","overlay-gradient":""},"mobile":{"background-color":"","background-image":"","background-repeat":"repeat","background-position":"center center","background-size":"auto","background-attachment":"scroll","background-type":"","background-media":"","overlay-type":"","overlay-color":"","overlay-opacity":"","overlay-gradient":""}},"ast-content-background-meta":{"desktop":{"background-color":"var(--ast-global-color-5)","background-image":"","background-repeat":"repeat","background-position":"center center","background-size":"auto","background-attachment":"scroll","background-type":"","background-media":"","overlay-type":"","overlay-color":"","overlay-opacity":"","overlay-gradient":""},"tablet":{"background-color":"var(--ast-global-color-5)","background-image":"","background-repeat":"repeat","background-position":"center center","background-size":"auto","background-attachment":"scroll","background-type":"","background-media":"","overlay-type":"","overlay-color":"","overlay-opacity":"","overlay-gradient":""},"mobile":{"background-color":"var(--ast-global-color-5)","background-image":"","background-repeat":"repeat","background-position":"center center","background-size":"auto","background-attachment":"scroll","background-type":"","background-media":"","overlay-type":"","overlay-color":"","overlay-opacity":"","overlay-gradient":""}},"ngg_post_thumbnail":0},"product_brand":[],"product_cat":[58],"product_tag":[],"class_list":{"0":"post-1618","1":"product","2":"type-product","3":"status-publish","4":"has-post-thumbnail","6":"product_cat-ihu-kaitseks","7":"desktop-align-left","8":"tablet-align-left","9":"mobile-align-left","11":"first","12":"outofstock","13":"shipping-taxable","14":"purchasable","15":"product-type-simple"},"yoast_head":"<!-- This site is optimized with the Yoast SEO plugin v27.1.1 - https:\/\/yoast.com\/product\/yoast-seo-wordpress\/ -->\n<title>S\u00e4\u00e4set\u00f5rjevahend - Maav\u00e4gised p\u00e4rimusmeditsiinikeskus<\/title>\n<meta name=\"description\" content=\"S\u00e4\u00e4set\u00f5rjevahend alkoholi baasil sisaldab lavendli, nelgi ja sidrunheina eeterlikke \u00f5lisid, sobib nii nahale kui riietele kandmiseks.\" \/>\n<meta name=\"robots\" content=\"index, follow, max-snippet:-1, max-image-preview:large, max-video-preview:-1\" \/>\n<link rel=\"canonical\" href=\"https:\/\/maavagised.ee\/et\/toode\/saasetorjevahend\/\" \/>\n<meta property=\"og:locale\" content=\"et_EE\" \/>\n<meta property=\"og:type\" content=\"article\" \/>\n<meta property=\"og:title\" content=\"S\u00e4\u00e4set\u00f5rjevahend - Maav\u00e4gised p\u00e4rimusmeditsiinikeskus\" \/>\n<meta property=\"og:description\" content=\"S\u00e4\u00e4set\u00f5rjevahend alkoholi baasil sisaldab lavendli, nelgi ja sidrunheina eeterlikke \u00f5lisid, sobib nii nahale kui riietele kandmiseks.\" \/>\n<meta property=\"og:url\" content=\"https:\/\/maavagised.ee\/et\/toode\/saasetorjevahend\/\" \/>\n<meta property=\"og:site_name\" content=\"Maav\u00e4gised p\u00e4rimusmeditsiinikeskus\" \/>\n<meta property=\"article:publisher\" content=\"https:\/\/www.facebook.com\/maavagised\" \/>\n<meta property=\"article:modified_time\" content=\"2025-12-21T17:04:43+00:00\" \/>\n<meta property=\"og:image\" content=\"https:\/\/maavagised.ee\/wp-content\/uploads\/2021\/06\/Saasetorje-alkoholi-baasil.jpg\" \/>\n\t<meta property=\"og:image:width\" content=\"545\" \/>\n\t<meta property=\"og:image:height\" content=\"640\" \/>\n\t<meta property=\"og:image:type\" content=\"image\/jpeg\" \/>\n<meta name=\"twitter:card\" content=\"summary_large_image\" \/>\n<meta name=\"twitter:label1\" content=\"Est. reading time\" \/>\n\t<meta name=\"twitter:data1\" content=\"2 minutit\" \/>\n<script type=\"application\/ld+json\" class=\"yoast-schema-graph\">{\"@context\":\"https:\/\/schema.org\",\"@graph\":[{\"@type\":\"WebPage\",\"@id\":\"https:\/\/maavagised.ee\/toode\/saasetorjevahend\/\",\"url\":\"https:\/\/maavagised.ee\/toode\/saasetorjevahend\/\",\"name\":\"S\u00e4\u00e4set\u00f5rjevahend - Maav\u00e4gised p\u00e4rimusmeditsiinikeskus\",\"isPartOf\":{\"@id\":\"https:\/\/maavagised.ee\/#website\"},\"primaryImageOfPage\":{\"@id\":\"https:\/\/maavagised.ee\/toode\/saasetorjevahend\/#primaryimage\"},\"image\":{\"@id\":\"https:\/\/maavagised.ee\/toode\/saasetorjevahend\/#primaryimage\"},\"thumbnailUrl\":\"https:\/\/i0.wp.com\/maavagised.ee\/wp-content\/uploads\/2021\/06\/Saasetorje-alkoholi-baasil.jpg?fit=545%2C640&ssl=1\",\"datePublished\":\"2021-06-15T17:21:14+00:00\",\"dateModified\":\"2025-12-21T17:04:43+00:00\",\"description\":\"S\u00e4\u00e4set\u00f5rjevahend alkoholi baasil sisaldab lavendli, nelgi ja sidrunheina eeterlikke \u00f5lisid, sobib nii nahale kui riietele kandmiseks.\",\"breadcrumb\":{\"@id\":\"https:\/\/maavagised.ee\/toode\/saasetorjevahend\/#breadcrumb\"},\"inLanguage\":\"et\",\"potentialAction\":[{\"@type\":\"ReadAction\",\"target\":[\"https:\/\/maavagised.ee\/toode\/saasetorjevahend\/\"]}]},{\"@type\":\"ImageObject\",\"inLanguage\":\"et\",\"@id\":\"https:\/\/maavagised.ee\/toode\/saasetorjevahend\/#primaryimage\",\"url\":\"https:\/\/i0.wp.com\/maavagised.ee\/wp-content\/uploads\/2021\/06\/Saasetorje-alkoholi-baasil.jpg?fit=545%2C640&ssl=1\",\"contentUrl\":\"https:\/\/i0.wp.com\/maavagised.ee\/wp-content\/uploads\/2021\/06\/Saasetorje-alkoholi-baasil.jpg?fit=545%2C640&ssl=1\",\"width\":545,\"height\":640,\"caption\":\"s\u00e4\u00e4set\u00f5rjevahend\"},{\"@type\":\"BreadcrumbList\",\"@id\":\"https:\/\/maavagised.ee\/toode\/saasetorjevahend\/#breadcrumb\",\"itemListElement\":[{\"@type\":\"ListItem\",\"position\":1,\"name\":\"Home\",\"item\":\"https:\/\/maavagised.ee\/\"},{\"@type\":\"ListItem\",\"position\":2,\"name\":\"Pood\",\"item\":\"https:\/\/maavagised.ee\/pood\/\"},{\"@type\":\"ListItem\",\"position\":3,\"name\":\"S\u00e4\u00e4set\u00f5rjevahend\"}]},{\"@type\":\"WebSite\",\"@id\":\"https:\/\/maavagised.ee\/#website\",\"url\":\"https:\/\/maavagised.ee\/\",\"name\":\"Maavagised\",\"description\":\"L\u00f5\u00f5gastus saunas ja massaa\u017eis v\u00f5i tervis kaanidest.\",\"publisher\":{\"@id\":\"https:\/\/maavagised.ee\/#organization\"},\"potentialAction\":[{\"@type\":\"SearchAction\",\"target\":{\"@type\":\"EntryPoint\",\"urlTemplate\":\"https:\/\/maavagised.ee\/?s={search_term_string}\"},\"query-input\":{\"@type\":\"PropertyValueSpecification\",\"valueRequired\":true,\"valueName\":\"search_term_string\"}}],\"inLanguage\":\"et\"},{\"@type\":\"Organization\",\"@id\":\"https:\/\/maavagised.ee\/#organization\",\"name\":\"Maav\u00e4gised p\u00e4rimusmeditsiinikeskus\",\"url\":\"https:\/\/maavagised.ee\/\",\"logo\":{\"@type\":\"ImageObject\",\"inLanguage\":\"et\",\"@id\":\"https:\/\/maavagised.ee\/#\/schema\/logo\/image\/\",\"url\":\"https:\/\/i0.wp.com\/maavagised.ee\/wp-content\/uploads\/2021\/05\/maavagised_logo1.png?fit=477%2C302&ssl=1\",\"contentUrl\":\"https:\/\/i0.wp.com\/maavagised.ee\/wp-content\/uploads\/2021\/05\/maavagised_logo1.png?fit=477%2C302&ssl=1\",\"width\":477,\"height\":302,\"caption\":\"Maav\u00e4gised p\u00e4rimusmeditsiinikeskus\"},\"image\":{\"@id\":\"https:\/\/maavagised.ee\/#\/schema\/logo\/image\/\"},\"sameAs\":[\"https:\/\/www.facebook.com\/maavagised\",\"https:\/\/www.instagram.com\/maavagised_\/\"]}]}<\/script>\n<!-- \/ Yoast SEO plugin. -->","yoast_head_json":{"title":"S\u00e4\u00e4set\u00f5rjevahend - Maav\u00e4gised p\u00e4rimusmeditsiinikeskus","description":"S\u00e4\u00e4set\u00f5rjevahend alkoholi baasil sisaldab lavendli, nelgi ja sidrunheina eeterlikke \u00f5lisid, sobib nii nahale kui riietele kandmiseks.","robots":{"index":"index","follow":"follow","max-snippet":"max-snippet:-1","max-image-preview":"max-image-preview:large","max-video-preview":"max-video-preview:-1"},"canonical":"https:\/\/maavagised.ee\/et\/toode\/saasetorjevahend\/","og_locale":"et_EE","og_type":"article","og_title":"S\u00e4\u00e4set\u00f5rjevahend - Maav\u00e4gised p\u00e4rimusmeditsiinikeskus","og_description":"S\u00e4\u00e4set\u00f5rjevahend alkoholi baasil sisaldab lavendli, nelgi ja sidrunheina eeterlikke \u00f5lisid, sobib nii nahale kui riietele kandmiseks.","og_url":"https:\/\/maavagised.ee\/et\/toode\/saasetorjevahend\/","og_site_name":"Maav\u00e4gised p\u00e4rimusmeditsiinikeskus","article_publisher":"https:\/\/www.facebook.com\/maavagised","article_modified_time":"2025-12-21T17:04:43+00:00","og_image":[{"width":545,"height":640,"url":"https:\/\/maavagised.ee\/wp-content\/uploads\/2021\/06\/Saasetorje-alkoholi-baasil.jpg","type":"image\/jpeg"}],"twitter_card":"summary_large_image","twitter_misc":{"Est. reading time":"2 minutit"},"schema":{"@context":"https:\/\/schema.org","@graph":[{"@type":"WebPage","@id":"https:\/\/maavagised.ee\/toode\/saasetorjevahend\/","url":"https:\/\/maavagised.ee\/toode\/saasetorjevahend\/","name":"S\u00e4\u00e4set\u00f5rjevahend - Maav\u00e4gised p\u00e4rimusmeditsiinikeskus","isPartOf":{"@id":"https:\/\/maavagised.ee\/#website"},"primaryImageOfPage":{"@id":"https:\/\/maavagised.ee\/toode\/saasetorjevahend\/#primaryimage"},"image":{"@id":"https:\/\/maavagised.ee\/toode\/saasetorjevahend\/#primaryimage"},"thumbnailUrl":"https:\/\/i0.wp.com\/maavagised.ee\/wp-content\/uploads\/2021\/06\/Saasetorje-alkoholi-baasil.jpg?fit=545%2C640&ssl=1","datePublished":"2021-06-15T17:21:14+00:00","dateModified":"2025-12-21T17:04:43+00:00","description":"S\u00e4\u00e4set\u00f5rjevahend alkoholi baasil sisaldab lavendli, nelgi ja sidrunheina eeterlikke \u00f5lisid, sobib nii nahale kui riietele kandmiseks.","breadcrumb":{"@id":"https:\/\/maavagised.ee\/toode\/saasetorjevahend\/#breadcrumb"},"inLanguage":"et","potentialAction":[{"@type":"ReadAction","target":["https:\/\/maavagised.ee\/toode\/saasetorjevahend\/"]}]},{"@type":"ImageObject","inLanguage":"et","@id":"https:\/\/maavagised.ee\/toode\/saasetorjevahend\/#primaryimage","url":"https:\/\/i0.wp.com\/maavagised.ee\/wp-content\/uploads\/2021\/06\/Saasetorje-alkoholi-baasil.jpg?fit=545%2C640&ssl=1","contentUrl":"https:\/\/i0.wp.com\/maavagised.ee\/wp-content\/uploads\/2021\/06\/Saasetorje-alkoholi-baasil.jpg?fit=545%2C640&ssl=1","width":545,"height":640,"caption":"s\u00e4\u00e4set\u00f5rjevahend"},{"@type":"BreadcrumbList","@id":"https:\/\/maavagised.ee\/toode\/saasetorjevahend\/#breadcrumb","itemListElement":[{"@type":"ListItem","position":1,"name":"Home","item":"https:\/\/maavagised.ee\/"},{"@type":"ListItem","position":2,"name":"Pood","item":"https:\/\/maavagised.ee\/pood\/"},{"@type":"ListItem","position":3,"name":"S\u00e4\u00e4set\u00f5rjevahend"}]},{"@type":"WebSite","@id":"https:\/\/maavagised.ee\/#website","url":"https:\/\/maavagised.ee\/","name":"Maavagised","description":"L\u00f5\u00f5gastus saunas ja massaa\u017eis v\u00f5i tervis kaanidest.","publisher":{"@id":"https:\/\/maavagised.ee\/#organization"},"potentialAction":[{"@type":"SearchAction","target":{"@type":"EntryPoint","urlTemplate":"https:\/\/maavagised.ee\/?s={search_term_string}"},"query-input":{"@type":"PropertyValueSpecification","valueRequired":true,"valueName":"search_term_string"}}],"inLanguage":"et"},{"@type":"Organization","@id":"https:\/\/maavagised.ee\/#organization","name":"Maav\u00e4gised p\u00e4rimusmeditsiinikeskus","url":"https:\/\/maavagised.ee\/","logo":{"@type":"ImageObject","inLanguage":"et","@id":"https:\/\/maavagised.ee\/#\/schema\/logo\/image\/","url":"https:\/\/i0.wp.com\/maavagised.ee\/wp-content\/uploads\/2021\/05\/maavagised_logo1.png?fit=477%2C302&ssl=1","contentUrl":"https:\/\/i0.wp.com\/maavagised.ee\/wp-content\/uploads\/2021\/05\/maavagised_logo1.png?fit=477%2C302&ssl=1","width":477,"height":302,"caption":"Maav\u00e4gised p\u00e4rimusmeditsiinikeskus"},"image":{"@id":"https:\/\/maavagised.ee\/#\/schema\/logo\/image\/"},"sameAs":["https:\/\/www.facebook.com\/maavagised","https:\/\/www.instagram.com\/maavagised_\/"]}]}},"jetpack_sharing_enabled":true,"jetpack_likes_enabled":true,"jetpack-related-posts":[],"_links":{"self":[{"href":"https:\/\/maavagised.ee\/et\/wp-json\/wp\/v2\/product\/1618","targetHints":{"allow":["GET"]}}],"collection":[{"href":"https:\/\/maavagised.ee\/et\/wp-json\/wp\/v2\/product"}],"about":[{"href":"https:\/\/maavagised.ee\/et\/wp-json\/wp\/v2\/types\/product"}],"replies":[{"embeddable":true,"href":"https:\/\/maavagised.ee\/et\/wp-json\/wp\/v2\/comments?post=1618"}],"wp:featuredmedia":[{"embeddable":true,"href":"https:\/\/maavagised.ee\/et\/wp-json\/wp\/v2\/media\/1624"}],"wp:attachment":[{"href":"https:\/\/maavagised.ee\/et\/wp-json\/wp\/v2\/media?parent=1618"}],"wp:term":[{"taxonomy":"product_brand","embeddable":true,"href":"https:\/\/maavagised.ee\/et\/wp-json\/wp\/v2\/product_brand?post=1618"},{"taxonomy":"product_cat","embeddable":true,"href":"https:\/\/maavagised.ee\/et\/wp-json\/wp\/v2\/product_cat?post=1618"},{"taxonomy":"product_tag","embeddable":true,"href":"https:\/\/maavagised.ee\/et\/wp-json\/wp\/v2\/product_tag?post=1618"}],"curies":[{"name":"wp","href":"https:\/\/api.w.org\/{rel}","templated":true}]}}