{"id":1466,"date":"2021-06-13T22:53:53","date_gmt":"2021-06-13T22:53:53","guid":{"rendered":"https:\/\/maavagised.ee\/?post_type=product&#038;p=1466"},"modified":"2025-12-21T18:34:02","modified_gmt":"2025-12-21T16:34:02","slug":"lavendliseep","status":"publish","type":"product","link":"https:\/\/maavagised.ee\/et\/toode\/lavendliseep\/","title":{"rendered":"Lavendliseep"},"content":{"rendered":"<p>Lavendliseep on suurep\u00e4rase koostisega, vahutav ja heade puhastavate omadustega. Samas on sel nahka toitvad omadused ja v\u00e4ga meeldiv lavendli l\u00f5hn. Maav\u00e4giste lavendliseep on lisaks meeldivale koostisele ka ilus, n\u00f6\u00f6r mis l\u00e4bib seepi v\u00f5imaldab selle riputada kraani kohale ja nii ei ligune seep vees ja p\u00fcsib seet\u00f5ttu kauem.<\/p>\n<p>Kaal varieerub 80-100g<\/p>\n","protected":false},"excerpt":{"rendered":"<p>Lavendliseep on suurep\u00e4rase koostisega, vahutav ja heade puhastavate omadustega. Samas on sel nahka toitvad omadused ja v\u00e4ga meeldiv lavendli l\u00f5hn. Maav\u00e4giste lavendliseep on lisaks meeldivale koostisele ka ilus, n\u00f6\u00f6r mis l\u00e4bib seepi v\u00f5imaldab selle riputada kraani kohale ja nii ei ligune seep vees ja p\u00fcsib seet\u00f5ttu kauem. Kaal varieerub 80-100g<\/p>\n","protected":false},"featured_media":1469,"comment_status":"closed","ping_status":"closed","template":"","meta":{"om_disable_all_campaigns":false,"site-sidebar-layout":"default","site-content-layout":"default","ast-site-content-layout":"","site-content-style":"default","site-sidebar-style":"default","ast-global-header-display":"","ast-banner-title-visibility":"","ast-main-header-display":"","ast-hfb-above-header-display":"","ast-hfb-below-header-display":"","ast-hfb-mobile-header-display":"","site-post-title":"","ast-breadcrumbs-content":"","ast-featured-img":"","footer-sml-layout":"","theme-transparent-header-meta":"default","adv-header-id-meta":"","stick-header-meta":"","header-above-stick-meta":"","header-main-stick-meta":"","header-below-stick-meta":"","astra-migrate-meta-layouts":"default","ast-page-background-enabled":"default","ast-page-background-meta":{"desktop":{"background-color":"","background-image":"","background-repeat":"repeat","background-position":"center center","background-size":"auto","background-attachment":"scroll","background-type":"","background-media":"","overlay-type":"","overlay-color":"","overlay-opacity":"","overlay-gradient":""},"tablet":{"background-color":"","background-image":"","background-repeat":"repeat","background-position":"center center","background-size":"auto","background-attachment":"scroll","background-type":"","background-media":"","overlay-type":"","overlay-color":"","overlay-opacity":"","overlay-gradient":""},"mobile":{"background-color":"","background-image":"","background-repeat":"repeat","background-position":"center center","background-size":"auto","background-attachment":"scroll","background-type":"","background-media":"","overlay-type":"","overlay-color":"","overlay-opacity":"","overlay-gradient":""}},"ast-content-background-meta":{"desktop":{"background-color":"var(--ast-global-color-5)","background-image":"","background-repeat":"repeat","background-position":"center center","background-size":"auto","background-attachment":"scroll","background-type":"","background-media":"","overlay-type":"","overlay-color":"","overlay-opacity":"","overlay-gradient":""},"tablet":{"background-color":"var(--ast-global-color-5)","background-image":"","background-repeat":"repeat","background-position":"center center","background-size":"auto","background-attachment":"scroll","background-type":"","background-media":"","overlay-type":"","overlay-color":"","overlay-opacity":"","overlay-gradient":""},"mobile":{"background-color":"var(--ast-global-color-5)","background-image":"","background-repeat":"repeat","background-position":"center center","background-size":"auto","background-attachment":"scroll","background-type":"","background-media":"","overlay-type":"","overlay-color":"","overlay-opacity":"","overlay-gradient":""}},"ngg_post_thumbnail":0},"product_brand":[],"product_cat":[54],"product_tag":[],"class_list":{"0":"post-1466","1":"product","2":"type-product","3":"status-publish","4":"has-post-thumbnail","6":"product_cat-seebid","7":"desktop-align-left","8":"tablet-align-left","9":"mobile-align-left","11":"first","12":"outofstock","13":"shipping-taxable","14":"purchasable","15":"product-type-simple"},"yoast_head":"<!-- This site is optimized with the Yoast SEO plugin v27.1.1 - https:\/\/yoast.com\/product\/yoast-seo-wordpress\/ -->\n<title>Lavendliseep - Maav\u00e4gised p\u00e4rimusmeditsiinikeskus<\/title>\n<meta name=\"description\" content=\"Lavendliseep on suurep\u00e4rase koostisega, vahutav ja heade puhastavate omadustega. Sel on nahka toitvad omadused ja meeldiv lavendli l\u00f5hn.\" \/>\n<meta name=\"robots\" content=\"index, follow, max-snippet:-1, max-image-preview:large, max-video-preview:-1\" \/>\n<link rel=\"canonical\" href=\"https:\/\/maavagised.ee\/et\/toode\/lavendliseep\/\" \/>\n<meta property=\"og:locale\" content=\"et_EE\" \/>\n<meta property=\"og:type\" content=\"article\" \/>\n<meta property=\"og:title\" content=\"Lavendliseep - Maav\u00e4gised p\u00e4rimusmeditsiinikeskus\" \/>\n<meta property=\"og:description\" content=\"Lavendliseep on suurep\u00e4rase koostisega, vahutav ja heade puhastavate omadustega. Sel on nahka toitvad omadused ja meeldiv lavendli l\u00f5hn.\" \/>\n<meta property=\"og:url\" content=\"https:\/\/maavagised.ee\/et\/toode\/lavendliseep\/\" \/>\n<meta property=\"og:site_name\" content=\"Maav\u00e4gised p\u00e4rimusmeditsiinikeskus\" \/>\n<meta property=\"article:publisher\" content=\"https:\/\/www.facebook.com\/maavagised\" \/>\n<meta property=\"article:modified_time\" content=\"2025-12-21T16:34:02+00:00\" \/>\n<meta property=\"og:image\" content=\"https:\/\/maavagised.ee\/wp-content\/uploads\/2021\/06\/Lavendliseep-vannitoas.jpg\" \/>\n\t<meta property=\"og:image:width\" content=\"535\" \/>\n\t<meta property=\"og:image:height\" content=\"640\" \/>\n\t<meta property=\"og:image:type\" content=\"image\/jpeg\" \/>\n<meta name=\"twitter:card\" content=\"summary_large_image\" \/>\n<script type=\"application\/ld+json\" class=\"yoast-schema-graph\">{\"@context\":\"https:\/\/schema.org\",\"@graph\":[{\"@type\":\"WebPage\",\"@id\":\"https:\/\/maavagised.ee\/toode\/lavendliseep\/\",\"url\":\"https:\/\/maavagised.ee\/toode\/lavendliseep\/\",\"name\":\"Lavendliseep - Maav\u00e4gised p\u00e4rimusmeditsiinikeskus\",\"isPartOf\":{\"@id\":\"https:\/\/maavagised.ee\/#website\"},\"primaryImageOfPage\":{\"@id\":\"https:\/\/maavagised.ee\/toode\/lavendliseep\/#primaryimage\"},\"image\":{\"@id\":\"https:\/\/maavagised.ee\/toode\/lavendliseep\/#primaryimage\"},\"thumbnailUrl\":\"https:\/\/i0.wp.com\/maavagised.ee\/wp-content\/uploads\/2021\/06\/Lavendliseep-vannitoas.jpg?fit=535%2C640&ssl=1\",\"datePublished\":\"2021-06-13T22:53:53+00:00\",\"dateModified\":\"2025-12-21T16:34:02+00:00\",\"description\":\"Lavendliseep on suurep\u00e4rase koostisega, vahutav ja heade puhastavate omadustega. Sel on nahka toitvad omadused ja meeldiv lavendli l\u00f5hn.\",\"breadcrumb\":{\"@id\":\"https:\/\/maavagised.ee\/toode\/lavendliseep\/#breadcrumb\"},\"inLanguage\":\"et\",\"potentialAction\":[{\"@type\":\"ReadAction\",\"target\":[\"https:\/\/maavagised.ee\/toode\/lavendliseep\/\"]}]},{\"@type\":\"ImageObject\",\"inLanguage\":\"et\",\"@id\":\"https:\/\/maavagised.ee\/toode\/lavendliseep\/#primaryimage\",\"url\":\"https:\/\/i0.wp.com\/maavagised.ee\/wp-content\/uploads\/2021\/06\/Lavendliseep-vannitoas.jpg?fit=535%2C640&ssl=1\",\"contentUrl\":\"https:\/\/i0.wp.com\/maavagised.ee\/wp-content\/uploads\/2021\/06\/Lavendliseep-vannitoas.jpg?fit=535%2C640&ssl=1\",\"width\":535,\"height\":640},{\"@type\":\"BreadcrumbList\",\"@id\":\"https:\/\/maavagised.ee\/toode\/lavendliseep\/#breadcrumb\",\"itemListElement\":[{\"@type\":\"ListItem\",\"position\":1,\"name\":\"Home\",\"item\":\"https:\/\/maavagised.ee\/\"},{\"@type\":\"ListItem\",\"position\":2,\"name\":\"Pood\",\"item\":\"https:\/\/maavagised.ee\/pood\/\"},{\"@type\":\"ListItem\",\"position\":3,\"name\":\"Lavendliseep\"}]},{\"@type\":\"WebSite\",\"@id\":\"https:\/\/maavagised.ee\/#website\",\"url\":\"https:\/\/maavagised.ee\/\",\"name\":\"Maavagised\",\"description\":\"L\u00f5\u00f5gastus saunas ja massaa\u017eis v\u00f5i tervis kaanidest.\",\"publisher\":{\"@id\":\"https:\/\/maavagised.ee\/#organization\"},\"potentialAction\":[{\"@type\":\"SearchAction\",\"target\":{\"@type\":\"EntryPoint\",\"urlTemplate\":\"https:\/\/maavagised.ee\/?s={search_term_string}\"},\"query-input\":{\"@type\":\"PropertyValueSpecification\",\"valueRequired\":true,\"valueName\":\"search_term_string\"}}],\"inLanguage\":\"et\"},{\"@type\":\"Organization\",\"@id\":\"https:\/\/maavagised.ee\/#organization\",\"name\":\"Maav\u00e4gised p\u00e4rimusmeditsiinikeskus\",\"url\":\"https:\/\/maavagised.ee\/\",\"logo\":{\"@type\":\"ImageObject\",\"inLanguage\":\"et\",\"@id\":\"https:\/\/maavagised.ee\/#\/schema\/logo\/image\/\",\"url\":\"https:\/\/i0.wp.com\/maavagised.ee\/wp-content\/uploads\/2021\/05\/maavagised_logo1.png?fit=477%2C302&ssl=1\",\"contentUrl\":\"https:\/\/i0.wp.com\/maavagised.ee\/wp-content\/uploads\/2021\/05\/maavagised_logo1.png?fit=477%2C302&ssl=1\",\"width\":477,\"height\":302,\"caption\":\"Maav\u00e4gised p\u00e4rimusmeditsiinikeskus\"},\"image\":{\"@id\":\"https:\/\/maavagised.ee\/#\/schema\/logo\/image\/\"},\"sameAs\":[\"https:\/\/www.facebook.com\/maavagised\",\"https:\/\/www.instagram.com\/maavagised_\/\"]}]}<\/script>\n<!-- \/ Yoast SEO plugin. -->","yoast_head_json":{"title":"Lavendliseep - Maav\u00e4gised p\u00e4rimusmeditsiinikeskus","description":"Lavendliseep on suurep\u00e4rase koostisega, vahutav ja heade puhastavate omadustega. Sel on nahka toitvad omadused ja meeldiv lavendli l\u00f5hn.","robots":{"index":"index","follow":"follow","max-snippet":"max-snippet:-1","max-image-preview":"max-image-preview:large","max-video-preview":"max-video-preview:-1"},"canonical":"https:\/\/maavagised.ee\/et\/toode\/lavendliseep\/","og_locale":"et_EE","og_type":"article","og_title":"Lavendliseep - Maav\u00e4gised p\u00e4rimusmeditsiinikeskus","og_description":"Lavendliseep on suurep\u00e4rase koostisega, vahutav ja heade puhastavate omadustega. Sel on nahka toitvad omadused ja meeldiv lavendli l\u00f5hn.","og_url":"https:\/\/maavagised.ee\/et\/toode\/lavendliseep\/","og_site_name":"Maav\u00e4gised p\u00e4rimusmeditsiinikeskus","article_publisher":"https:\/\/www.facebook.com\/maavagised","article_modified_time":"2025-12-21T16:34:02+00:00","og_image":[{"width":535,"height":640,"url":"https:\/\/maavagised.ee\/wp-content\/uploads\/2021\/06\/Lavendliseep-vannitoas.jpg","type":"image\/jpeg"}],"twitter_card":"summary_large_image","schema":{"@context":"https:\/\/schema.org","@graph":[{"@type":"WebPage","@id":"https:\/\/maavagised.ee\/toode\/lavendliseep\/","url":"https:\/\/maavagised.ee\/toode\/lavendliseep\/","name":"Lavendliseep - Maav\u00e4gised p\u00e4rimusmeditsiinikeskus","isPartOf":{"@id":"https:\/\/maavagised.ee\/#website"},"primaryImageOfPage":{"@id":"https:\/\/maavagised.ee\/toode\/lavendliseep\/#primaryimage"},"image":{"@id":"https:\/\/maavagised.ee\/toode\/lavendliseep\/#primaryimage"},"thumbnailUrl":"https:\/\/i0.wp.com\/maavagised.ee\/wp-content\/uploads\/2021\/06\/Lavendliseep-vannitoas.jpg?fit=535%2C640&ssl=1","datePublished":"2021-06-13T22:53:53+00:00","dateModified":"2025-12-21T16:34:02+00:00","description":"Lavendliseep on suurep\u00e4rase koostisega, vahutav ja heade puhastavate omadustega. Sel on nahka toitvad omadused ja meeldiv lavendli l\u00f5hn.","breadcrumb":{"@id":"https:\/\/maavagised.ee\/toode\/lavendliseep\/#breadcrumb"},"inLanguage":"et","potentialAction":[{"@type":"ReadAction","target":["https:\/\/maavagised.ee\/toode\/lavendliseep\/"]}]},{"@type":"ImageObject","inLanguage":"et","@id":"https:\/\/maavagised.ee\/toode\/lavendliseep\/#primaryimage","url":"https:\/\/i0.wp.com\/maavagised.ee\/wp-content\/uploads\/2021\/06\/Lavendliseep-vannitoas.jpg?fit=535%2C640&ssl=1","contentUrl":"https:\/\/i0.wp.com\/maavagised.ee\/wp-content\/uploads\/2021\/06\/Lavendliseep-vannitoas.jpg?fit=535%2C640&ssl=1","width":535,"height":640},{"@type":"BreadcrumbList","@id":"https:\/\/maavagised.ee\/toode\/lavendliseep\/#breadcrumb","itemListElement":[{"@type":"ListItem","position":1,"name":"Home","item":"https:\/\/maavagised.ee\/"},{"@type":"ListItem","position":2,"name":"Pood","item":"https:\/\/maavagised.ee\/pood\/"},{"@type":"ListItem","position":3,"name":"Lavendliseep"}]},{"@type":"WebSite","@id":"https:\/\/maavagised.ee\/#website","url":"https:\/\/maavagised.ee\/","name":"Maavagised","description":"L\u00f5\u00f5gastus saunas ja massaa\u017eis v\u00f5i tervis kaanidest.","publisher":{"@id":"https:\/\/maavagised.ee\/#organization"},"potentialAction":[{"@type":"SearchAction","target":{"@type":"EntryPoint","urlTemplate":"https:\/\/maavagised.ee\/?s={search_term_string}"},"query-input":{"@type":"PropertyValueSpecification","valueRequired":true,"valueName":"search_term_string"}}],"inLanguage":"et"},{"@type":"Organization","@id":"https:\/\/maavagised.ee\/#organization","name":"Maav\u00e4gised p\u00e4rimusmeditsiinikeskus","url":"https:\/\/maavagised.ee\/","logo":{"@type":"ImageObject","inLanguage":"et","@id":"https:\/\/maavagised.ee\/#\/schema\/logo\/image\/","url":"https:\/\/i0.wp.com\/maavagised.ee\/wp-content\/uploads\/2021\/05\/maavagised_logo1.png?fit=477%2C302&ssl=1","contentUrl":"https:\/\/i0.wp.com\/maavagised.ee\/wp-content\/uploads\/2021\/05\/maavagised_logo1.png?fit=477%2C302&ssl=1","width":477,"height":302,"caption":"Maav\u00e4gised p\u00e4rimusmeditsiinikeskus"},"image":{"@id":"https:\/\/maavagised.ee\/#\/schema\/logo\/image\/"},"sameAs":["https:\/\/www.facebook.com\/maavagised","https:\/\/www.instagram.com\/maavagised_\/"]}]}},"jetpack_sharing_enabled":true,"jetpack_likes_enabled":true,"jetpack-related-posts":[],"_links":{"self":[{"href":"https:\/\/maavagised.ee\/et\/wp-json\/wp\/v2\/product\/1466","targetHints":{"allow":["GET"]}}],"collection":[{"href":"https:\/\/maavagised.ee\/et\/wp-json\/wp\/v2\/product"}],"about":[{"href":"https:\/\/maavagised.ee\/et\/wp-json\/wp\/v2\/types\/product"}],"replies":[{"embeddable":true,"href":"https:\/\/maavagised.ee\/et\/wp-json\/wp\/v2\/comments?post=1466"}],"wp:featuredmedia":[{"embeddable":true,"href":"https:\/\/maavagised.ee\/et\/wp-json\/wp\/v2\/media\/1469"}],"wp:attachment":[{"href":"https:\/\/maavagised.ee\/et\/wp-json\/wp\/v2\/media?parent=1466"}],"wp:term":[{"taxonomy":"product_brand","embeddable":true,"href":"https:\/\/maavagised.ee\/et\/wp-json\/wp\/v2\/product_brand?post=1466"},{"taxonomy":"product_cat","embeddable":true,"href":"https:\/\/maavagised.ee\/et\/wp-json\/wp\/v2\/product_cat?post=1466"},{"taxonomy":"product_tag","embeddable":true,"href":"https:\/\/maavagised.ee\/et\/wp-json\/wp\/v2\/product_tag?post=1466"}],"curies":[{"name":"wp","href":"https:\/\/api.w.org\/{rel}","templated":true}]}}