{"id":1441,"date":"2021-06-13T21:16:41","date_gmt":"2021-06-13T21:16:41","guid":{"rendered":"https:\/\/maavagised.ee\/?post_type=product&#038;p=1441"},"modified":"2026-01-09T13:42:53","modified_gmt":"2026-01-09T11:42:53","slug":"karurasva-torvaseep","status":"publish","type":"product","link":"https:\/\/maavagised.ee\/et\/toode\/karurasva-torvaseep\/","title":{"rendered":"Karurasva seep t\u00f5rvaga"},"content":{"rendered":"<h5>Karurasva seep t\u00f5rvaga: Looduse Puhastav J\u00f5ud<\/h5>\n<p>Avastage Eesti k\u00e4sit\u00f6\u00f6seep, mis \u00fchendab endas metsiku kohaliku v\u00e4e: Eestimaise pruunkaru rasva ja kaset\u00f5rva. See unikaalne ja 100% looduslik seep on valmistatud k\u00e4sit\u00f6\u00f6na, pakkudes nahale s\u00fcgavpuhastavat, desinfitseerivat ja erakordselt niisutavat hoolt.<br \/>\nSeebi koostis sisaldab olulise osa karurasva, mis on tuntud oma suurep\u00e4rase nahka pehmendava ja toitva toime poolest. Sajandeid on karurasva hinnatud t\u00e4nu sellele, et see on rikas nahale kasulike rasvhapete poolest,sisaldades A, E, K, ja B grupi vitamiine, Oomega 3, 6, 9 rasvhappeid ning palju mikro ja makroelemente. Aidates taastada naha niiskustasakaalu ja parandades selle elastsust. Seep sobib seet\u00f5ttu suurep\u00e4raselt just kuivale ja probleemsele nahale, kuna see ei kuivata seda liigselt, vaid pakub s\u00fcgavat niisutust.<\/p>\n<h5>Kaset\u00f5rv<\/h5>\n<p>Kaset\u00f5rva on tuntud tema tugeva antiseptilise ja taastava toime poolest, olles l\u00e4bi aegade hinnatud abi naha\u00e4rrituste, psoriaasi ja ekseemi leevendamisel.&nbsp;Kast\u00f5rva seebil on head omadused ka peanaha raviks, eemaldab k\u00f5\u00f5ma ja tasakaalustab peanahka. Aitab juuste v\u00e4ljalangemise korral, rasuse peanaha puhul tasakaalustab naha rasutootmist. T\u00f5rv annab seebile ka autentse, maal\u00e4hedase suitsusauna aroomi. Kasutage seda seepi igap\u00e4evaseks pesuks v\u00f5i rituaalseks saunatamiseks, nautides tervet ja toidetud nahka.<br \/>\nKoostis: Karurasv, kookosrasv, kaset\u00f5rv, allikavesi ja seebikivi. &nbsp;Sobib k\u00f5ikidele nahat\u00fc\u00fcpidele.<\/p>\n<p>KUNA TEGEMIST ON K\u00c4SIT\u00d6\u00d6SEEBIGA SIIS IGA SEEP ON UNIKAALSE V\u00c4LJAN\u00c4GEMISEGA JA TOOTEKIRJELDUSES OLEV PILT ON ILLUSTRATIIVNE!<\/p>\n<p class=\"p1\"><span class=\"s1\">Eelised<\/span><\/p>\n<ul class=\"ul1\">\n<li class=\"li2\"><span class=\"s2\">Karurasv = niisutav ja nahka hooldav<\/span><\/li>\n<li class=\"li3\"><span class=\"s2\">Kookosrasv = rikkalik vaht<\/span><\/li>\n<li class=\"li3\"><span class=\"s2\">Kastoor\u00f5li = pehmendav ja kaitsev toime<\/span><\/li>\n<li class=\"li3\"><span class=\"s2\">Kaset\u00f5rv = looduslik puhastaja ja naha tasakaalu toetaja<\/span><\/li>\n<li class=\"li3\"><span class=\"s2\">Valge-pruunikirju v\u00e4limus, iga t\u00fckk unikaalne<\/span><\/li>\n<li class=\"li3\"><span class=\"s2\">K\u00e4sitsi l\u00f5igatud, kaal 75\u201385 g<\/span><\/li>\n<li class=\"li4\"><span class=\"s2\">K\u00e4sit\u00f6\u00f6na valmistatud Eestis<\/span><\/li>\n<\/ul>\n<p class=\"p1\"><span class=\"s1\">Kasutamine<\/span><\/p>\n<ul class=\"ul1\">\n<li class=\"li2\"><span class=\"s2\">Vahusta m\u00e4rgades k\u00e4tes, kanna nahale ja loputa hoolikalt<\/span><\/li>\n<li class=\"li3\"><span class=\"s2\">Sobib igap\u00e4evaseks k\u00e4te ja keha pesuks<\/span><\/li>\n<li class=\"li4\"><span class=\"s2\">S\u00e4ilita kuivendavas seebialuses, et pikendada kasutusiga<\/span><\/li>\n<\/ul>\n<p>Loe meie seepide ja t\u00f5rva kohta lisaks<\/p>\n<ul class=\"ul1\">\n<li class=\"li1\"><span class=\"s1\"><a href=\"https:\/\/maavagised.ee\/et\/toode-kategooria\/seebid\/\">Vaata k\u00f5iki k\u00e4sit\u00f6\u00f6seepe<\/a><\/span><\/li>\n<li class=\"li2\"><span class=\"s1\"><a href=\"https:\/\/maavagised.ee\/et\/toode-kategooria\/seebid\/\">Tutvu karurasva seebivalikuga<\/a><\/span><\/li>\n<li class=\"li3\"><span class=\"s1\"><a href=\"https:\/\/maavagised.ee\/et\/kasetorv-abiline-toodes-ja-ravitseja-kehale\/\">Loe kaset\u00f5rva kasutusest looduslikus kosmeetikas<\/a><\/span><\/li>\n<\/ul>\n<p style=\"position: absolute; left: -14000px;\">T\u00e4iustage oma telefonim\u00e4ngu meie stiilse ja turvalisega <a href=\"https:\/\/www.mytelefoonhoesjes.nl\/\">telefoonhoesjes<\/a> &#8211; Kaitske oma seadet stiilselt, olles samas turvaline ja trendikas!<\/p>\n<p>Siit saab lugeda ka kastoor\u00f5li kasulikkusest<\/p>\n<ul class=\"ul1\">\n<li class=\"li1\"><span class=\"s1\"><a href=\"https:\/\/www.healthline.com\/health\/castor-oil-for-skin\">Kastoor\u00f5li kasulikkus nahale (Healthline)<\/a><\/span><\/li>\n<\/ul>\n<p>&nbsp;<\/p>\n","protected":false},"excerpt":{"rendered":"<p>Karurasva seep t\u00f5rvaga: Looduse Puhastav J\u00f5ud Avastage Eesti k\u00e4sit\u00f6\u00f6seep, mis \u00fchendab endas metsiku kohaliku v\u00e4e: Eestimaise pruunkaru rasva ja kaset\u00f5rva. See unikaalne ja 100% looduslik seep on valmistatud k\u00e4sit\u00f6\u00f6na, pakkudes nahale s\u00fcgavpuhastavat, desinfitseerivat ja erakordselt niisutavat hoolt. Seebi koostis sisaldab olulise osa karurasva, mis on tuntud oma suurep\u00e4rase nahka pehmendava ja toitva toime poolest. Sajandeid [&hellip;]<\/p>\n","protected":false},"featured_media":735,"comment_status":"closed","ping_status":"closed","template":"","meta":{"om_disable_all_campaigns":false,"site-sidebar-layout":"default","site-content-layout":"default","ast-site-content-layout":"default","site-content-style":"default","site-sidebar-style":"default","ast-global-header-display":"","ast-banner-title-visibility":"","ast-main-header-display":"","ast-hfb-above-header-display":"","ast-hfb-below-header-display":"","ast-hfb-mobile-header-display":"","site-post-title":"","ast-breadcrumbs-content":"","ast-featured-img":"","footer-sml-layout":"","theme-transparent-header-meta":"default","adv-header-id-meta":"","stick-header-meta":"","header-above-stick-meta":"","header-main-stick-meta":"","header-below-stick-meta":"","astra-migrate-meta-layouts":"set","ast-page-background-enabled":"default","ast-page-background-meta":{"desktop":{"background-color":"","background-image":"","background-repeat":"repeat","background-position":"center center","background-size":"auto","background-attachment":"scroll","background-type":"","background-media":"","overlay-type":"","overlay-color":"","overlay-opacity":"","overlay-gradient":""},"tablet":{"background-color":"","background-image":"","background-repeat":"repeat","background-position":"center center","background-size":"auto","background-attachment":"scroll","background-type":"","background-media":"","overlay-type":"","overlay-color":"","overlay-opacity":"","overlay-gradient":""},"mobile":{"background-color":"","background-image":"","background-repeat":"repeat","background-position":"center center","background-size":"auto","background-attachment":"scroll","background-type":"","background-media":"","overlay-type":"","overlay-color":"","overlay-opacity":"","overlay-gradient":""}},"ast-content-background-meta":{"desktop":{"background-color":"var(--ast-global-color-5)","background-image":"","background-repeat":"repeat","background-position":"center center","background-size":"auto","background-attachment":"scroll","background-type":"","background-media":"","overlay-type":"","overlay-color":"","overlay-opacity":"","overlay-gradient":""},"tablet":{"background-color":"var(--ast-global-color-5)","background-image":"","background-repeat":"repeat","background-position":"center center","background-size":"auto","background-attachment":"scroll","background-type":"","background-media":"","overlay-type":"","overlay-color":"","overlay-opacity":"","overlay-gradient":""},"mobile":{"background-color":"var(--ast-global-color-5)","background-image":"","background-repeat":"repeat","background-position":"center center","background-size":"auto","background-attachment":"scroll","background-type":"","background-media":"","overlay-type":"","overlay-color":"","overlay-opacity":"","overlay-gradient":""}},"ngg_post_thumbnail":0},"product_brand":[],"product_cat":[54],"product_tag":[],"class_list":{"0":"post-1441","1":"product","2":"type-product","3":"status-publish","4":"has-post-thumbnail","6":"product_cat-seebid","7":"desktop-align-left","8":"tablet-align-left","9":"mobile-align-left","11":"first","12":"instock","13":"shipping-taxable","14":"purchasable","15":"product-type-simple"},"yoast_head":"<!-- This site is optimized with the Yoast SEO plugin v27.1.1 - https:\/\/yoast.com\/product\/yoast-seo-wordpress\/ -->\n<title>Karurasva seep t\u00f5rvaga - Maav\u00e4gised p\u00e4rimusmeditsiinikeskus<\/title>\n<meta name=\"description\" content=\"Karurasvaeep t\u00f5rvaga sobib erinevate nahahaiguste puhul. Sel seebil on head omadused ka peanaha raviks, eemaldab k\u00f5\u00f5ma ja tasakaalustab peanahka.\" \/>\n<meta name=\"robots\" content=\"index, follow, max-snippet:-1, max-image-preview:large, max-video-preview:-1\" \/>\n<link rel=\"canonical\" href=\"https:\/\/maavagised.ee\/et\/toode\/karurasva-torvaseep\/\" \/>\n<meta property=\"og:locale\" content=\"et_EE\" \/>\n<meta property=\"og:type\" content=\"article\" \/>\n<meta property=\"og:title\" content=\"Karurasva seep t\u00f5rvaga - Maav\u00e4gised p\u00e4rimusmeditsiinikeskus\" \/>\n<meta property=\"og:description\" content=\"Karurasvaeep t\u00f5rvaga sobib erinevate nahahaiguste puhul. Sel seebil on head omadused ka peanaha raviks, eemaldab k\u00f5\u00f5ma ja tasakaalustab peanahka.\" \/>\n<meta property=\"og:url\" content=\"https:\/\/maavagised.ee\/et\/toode\/karurasva-torvaseep\/\" \/>\n<meta property=\"og:site_name\" content=\"Maav\u00e4gised p\u00e4rimusmeditsiinikeskus\" \/>\n<meta property=\"article:publisher\" content=\"https:\/\/www.facebook.com\/maavagised\" \/>\n<meta property=\"article:modified_time\" content=\"2026-01-09T11:42:53+00:00\" \/>\n<meta property=\"og:image\" content=\"https:\/\/maavagised.ee\/wp-content\/uploads\/2021\/05\/Torvaseep.jpg\" \/>\n\t<meta property=\"og:image:width\" content=\"2016\" \/>\n\t<meta property=\"og:image:height\" content=\"1512\" \/>\n\t<meta property=\"og:image:type\" content=\"image\/jpeg\" \/>\n<meta name=\"twitter:card\" content=\"summary_large_image\" \/>\n<meta name=\"twitter:label1\" content=\"Est. reading time\" \/>\n\t<meta name=\"twitter:data1\" content=\"2 minutit\" \/>\n<script type=\"application\/ld+json\" class=\"yoast-schema-graph\">{\"@context\":\"https:\/\/schema.org\",\"@graph\":[{\"@type\":\"WebPage\",\"@id\":\"https:\/\/maavagised.ee\/toode\/karurasva-torvaseep\/\",\"url\":\"https:\/\/maavagised.ee\/toode\/karurasva-torvaseep\/\",\"name\":\"Karurasva seep t\u00f5rvaga - Maav\u00e4gised p\u00e4rimusmeditsiinikeskus\",\"isPartOf\":{\"@id\":\"https:\/\/maavagised.ee\/#website\"},\"primaryImageOfPage\":{\"@id\":\"https:\/\/maavagised.ee\/toode\/karurasva-torvaseep\/#primaryimage\"},\"image\":{\"@id\":\"https:\/\/maavagised.ee\/toode\/karurasva-torvaseep\/#primaryimage\"},\"thumbnailUrl\":\"https:\/\/i0.wp.com\/maavagised.ee\/wp-content\/uploads\/2021\/05\/Torvaseep.jpg?fit=2016%2C1512&ssl=1\",\"datePublished\":\"2021-06-13T21:16:41+00:00\",\"dateModified\":\"2026-01-09T11:42:53+00:00\",\"description\":\"Karurasvaeep t\u00f5rvaga sobib erinevate nahahaiguste puhul. Sel seebil on head omadused ka peanaha raviks, eemaldab k\u00f5\u00f5ma ja tasakaalustab peanahka.\",\"breadcrumb\":{\"@id\":\"https:\/\/maavagised.ee\/toode\/karurasva-torvaseep\/#breadcrumb\"},\"inLanguage\":\"et\",\"potentialAction\":[{\"@type\":\"ReadAction\",\"target\":[\"https:\/\/maavagised.ee\/toode\/karurasva-torvaseep\/\"]}]},{\"@type\":\"ImageObject\",\"inLanguage\":\"et\",\"@id\":\"https:\/\/maavagised.ee\/toode\/karurasva-torvaseep\/#primaryimage\",\"url\":\"https:\/\/i0.wp.com\/maavagised.ee\/wp-content\/uploads\/2021\/05\/Torvaseep.jpg?fit=2016%2C1512&ssl=1\",\"contentUrl\":\"https:\/\/i0.wp.com\/maavagised.ee\/wp-content\/uploads\/2021\/05\/Torvaseep.jpg?fit=2016%2C1512&ssl=1\",\"width\":2016,\"height\":1512,\"caption\":\"T\u00f5rvaseep \u2014 k\u00e4sitsi l\u00f5igatud karurasva seep kookosrasva, kastoor\u00f5li ja kaset\u00f5rvaga\"},{\"@type\":\"BreadcrumbList\",\"@id\":\"https:\/\/maavagised.ee\/toode\/karurasva-torvaseep\/#breadcrumb\",\"itemListElement\":[{\"@type\":\"ListItem\",\"position\":1,\"name\":\"Home\",\"item\":\"https:\/\/maavagised.ee\/\"},{\"@type\":\"ListItem\",\"position\":2,\"name\":\"Pood\",\"item\":\"https:\/\/maavagised.ee\/pood\/\"},{\"@type\":\"ListItem\",\"position\":3,\"name\":\"Karurasva seep t\u00f5rvaga\"}]},{\"@type\":\"WebSite\",\"@id\":\"https:\/\/maavagised.ee\/#website\",\"url\":\"https:\/\/maavagised.ee\/\",\"name\":\"Maavagised\",\"description\":\"L\u00f5\u00f5gastus saunas ja massaa\u017eis v\u00f5i tervis kaanidest.\",\"publisher\":{\"@id\":\"https:\/\/maavagised.ee\/#organization\"},\"potentialAction\":[{\"@type\":\"SearchAction\",\"target\":{\"@type\":\"EntryPoint\",\"urlTemplate\":\"https:\/\/maavagised.ee\/?s={search_term_string}\"},\"query-input\":{\"@type\":\"PropertyValueSpecification\",\"valueRequired\":true,\"valueName\":\"search_term_string\"}}],\"inLanguage\":\"et\"},{\"@type\":\"Organization\",\"@id\":\"https:\/\/maavagised.ee\/#organization\",\"name\":\"Maav\u00e4gised p\u00e4rimusmeditsiinikeskus\",\"url\":\"https:\/\/maavagised.ee\/\",\"logo\":{\"@type\":\"ImageObject\",\"inLanguage\":\"et\",\"@id\":\"https:\/\/maavagised.ee\/#\/schema\/logo\/image\/\",\"url\":\"https:\/\/i0.wp.com\/maavagised.ee\/wp-content\/uploads\/2021\/05\/maavagised_logo1.png?fit=477%2C302&ssl=1\",\"contentUrl\":\"https:\/\/i0.wp.com\/maavagised.ee\/wp-content\/uploads\/2021\/05\/maavagised_logo1.png?fit=477%2C302&ssl=1\",\"width\":477,\"height\":302,\"caption\":\"Maav\u00e4gised p\u00e4rimusmeditsiinikeskus\"},\"image\":{\"@id\":\"https:\/\/maavagised.ee\/#\/schema\/logo\/image\/\"},\"sameAs\":[\"https:\/\/www.facebook.com\/maavagised\",\"https:\/\/www.instagram.com\/maavagised_\/\"]}]}<\/script>\n<!-- \/ Yoast SEO plugin. -->","yoast_head_json":{"title":"Karurasva seep t\u00f5rvaga - Maav\u00e4gised p\u00e4rimusmeditsiinikeskus","description":"Karurasvaeep t\u00f5rvaga sobib erinevate nahahaiguste puhul. Sel seebil on head omadused ka peanaha raviks, eemaldab k\u00f5\u00f5ma ja tasakaalustab peanahka.","robots":{"index":"index","follow":"follow","max-snippet":"max-snippet:-1","max-image-preview":"max-image-preview:large","max-video-preview":"max-video-preview:-1"},"canonical":"https:\/\/maavagised.ee\/et\/toode\/karurasva-torvaseep\/","og_locale":"et_EE","og_type":"article","og_title":"Karurasva seep t\u00f5rvaga - Maav\u00e4gised p\u00e4rimusmeditsiinikeskus","og_description":"Karurasvaeep t\u00f5rvaga sobib erinevate nahahaiguste puhul. Sel seebil on head omadused ka peanaha raviks, eemaldab k\u00f5\u00f5ma ja tasakaalustab peanahka.","og_url":"https:\/\/maavagised.ee\/et\/toode\/karurasva-torvaseep\/","og_site_name":"Maav\u00e4gised p\u00e4rimusmeditsiinikeskus","article_publisher":"https:\/\/www.facebook.com\/maavagised","article_modified_time":"2026-01-09T11:42:53+00:00","og_image":[{"width":2016,"height":1512,"url":"https:\/\/maavagised.ee\/wp-content\/uploads\/2021\/05\/Torvaseep.jpg","type":"image\/jpeg"}],"twitter_card":"summary_large_image","twitter_misc":{"Est. reading time":"2 minutit"},"schema":{"@context":"https:\/\/schema.org","@graph":[{"@type":"WebPage","@id":"https:\/\/maavagised.ee\/toode\/karurasva-torvaseep\/","url":"https:\/\/maavagised.ee\/toode\/karurasva-torvaseep\/","name":"Karurasva seep t\u00f5rvaga - Maav\u00e4gised p\u00e4rimusmeditsiinikeskus","isPartOf":{"@id":"https:\/\/maavagised.ee\/#website"},"primaryImageOfPage":{"@id":"https:\/\/maavagised.ee\/toode\/karurasva-torvaseep\/#primaryimage"},"image":{"@id":"https:\/\/maavagised.ee\/toode\/karurasva-torvaseep\/#primaryimage"},"thumbnailUrl":"https:\/\/i0.wp.com\/maavagised.ee\/wp-content\/uploads\/2021\/05\/Torvaseep.jpg?fit=2016%2C1512&ssl=1","datePublished":"2021-06-13T21:16:41+00:00","dateModified":"2026-01-09T11:42:53+00:00","description":"Karurasvaeep t\u00f5rvaga sobib erinevate nahahaiguste puhul. Sel seebil on head omadused ka peanaha raviks, eemaldab k\u00f5\u00f5ma ja tasakaalustab peanahka.","breadcrumb":{"@id":"https:\/\/maavagised.ee\/toode\/karurasva-torvaseep\/#breadcrumb"},"inLanguage":"et","potentialAction":[{"@type":"ReadAction","target":["https:\/\/maavagised.ee\/toode\/karurasva-torvaseep\/"]}]},{"@type":"ImageObject","inLanguage":"et","@id":"https:\/\/maavagised.ee\/toode\/karurasva-torvaseep\/#primaryimage","url":"https:\/\/i0.wp.com\/maavagised.ee\/wp-content\/uploads\/2021\/05\/Torvaseep.jpg?fit=2016%2C1512&ssl=1","contentUrl":"https:\/\/i0.wp.com\/maavagised.ee\/wp-content\/uploads\/2021\/05\/Torvaseep.jpg?fit=2016%2C1512&ssl=1","width":2016,"height":1512,"caption":"T\u00f5rvaseep \u2014 k\u00e4sitsi l\u00f5igatud karurasva seep kookosrasva, kastoor\u00f5li ja kaset\u00f5rvaga"},{"@type":"BreadcrumbList","@id":"https:\/\/maavagised.ee\/toode\/karurasva-torvaseep\/#breadcrumb","itemListElement":[{"@type":"ListItem","position":1,"name":"Home","item":"https:\/\/maavagised.ee\/"},{"@type":"ListItem","position":2,"name":"Pood","item":"https:\/\/maavagised.ee\/pood\/"},{"@type":"ListItem","position":3,"name":"Karurasva seep t\u00f5rvaga"}]},{"@type":"WebSite","@id":"https:\/\/maavagised.ee\/#website","url":"https:\/\/maavagised.ee\/","name":"Maavagised","description":"L\u00f5\u00f5gastus saunas ja massaa\u017eis v\u00f5i tervis kaanidest.","publisher":{"@id":"https:\/\/maavagised.ee\/#organization"},"potentialAction":[{"@type":"SearchAction","target":{"@type":"EntryPoint","urlTemplate":"https:\/\/maavagised.ee\/?s={search_term_string}"},"query-input":{"@type":"PropertyValueSpecification","valueRequired":true,"valueName":"search_term_string"}}],"inLanguage":"et"},{"@type":"Organization","@id":"https:\/\/maavagised.ee\/#organization","name":"Maav\u00e4gised p\u00e4rimusmeditsiinikeskus","url":"https:\/\/maavagised.ee\/","logo":{"@type":"ImageObject","inLanguage":"et","@id":"https:\/\/maavagised.ee\/#\/schema\/logo\/image\/","url":"https:\/\/i0.wp.com\/maavagised.ee\/wp-content\/uploads\/2021\/05\/maavagised_logo1.png?fit=477%2C302&ssl=1","contentUrl":"https:\/\/i0.wp.com\/maavagised.ee\/wp-content\/uploads\/2021\/05\/maavagised_logo1.png?fit=477%2C302&ssl=1","width":477,"height":302,"caption":"Maav\u00e4gised p\u00e4rimusmeditsiinikeskus"},"image":{"@id":"https:\/\/maavagised.ee\/#\/schema\/logo\/image\/"},"sameAs":["https:\/\/www.facebook.com\/maavagised","https:\/\/www.instagram.com\/maavagised_\/"]}]}},"jetpack_sharing_enabled":true,"jetpack_likes_enabled":true,"jetpack-related-posts":[],"_links":{"self":[{"href":"https:\/\/maavagised.ee\/et\/wp-json\/wp\/v2\/product\/1441","targetHints":{"allow":["GET"]}}],"collection":[{"href":"https:\/\/maavagised.ee\/et\/wp-json\/wp\/v2\/product"}],"about":[{"href":"https:\/\/maavagised.ee\/et\/wp-json\/wp\/v2\/types\/product"}],"replies":[{"embeddable":true,"href":"https:\/\/maavagised.ee\/et\/wp-json\/wp\/v2\/comments?post=1441"}],"wp:featuredmedia":[{"embeddable":true,"href":"https:\/\/maavagised.ee\/et\/wp-json\/wp\/v2\/media\/735"}],"wp:attachment":[{"href":"https:\/\/maavagised.ee\/et\/wp-json\/wp\/v2\/media?parent=1441"}],"wp:term":[{"taxonomy":"product_brand","embeddable":true,"href":"https:\/\/maavagised.ee\/et\/wp-json\/wp\/v2\/product_brand?post=1441"},{"taxonomy":"product_cat","embeddable":true,"href":"https:\/\/maavagised.ee\/et\/wp-json\/wp\/v2\/product_cat?post=1441"},{"taxonomy":"product_tag","embeddable":true,"href":"https:\/\/maavagised.ee\/et\/wp-json\/wp\/v2\/product_tag?post=1441"}],"curies":[{"name":"wp","href":"https:\/\/api.w.org\/{rel}","templated":true}]}}