{"id":1236,"date":"2021-06-13T16:48:16","date_gmt":"2021-06-13T16:48:16","guid":{"rendered":"https:\/\/maavagised.ee\/?post_type=product&#038;p=1236"},"modified":"2025-03-01T13:05:03","modified_gmt":"2025-03-01T11:05:03","slug":"pehmendav-katekreem","status":"publish","type":"product","link":"https:\/\/maavagised.ee\/et\/toode\/pehmendav-katekreem\/","title":{"rendered":"Pehmendav k\u00e4tekreem 50ml"},"content":{"rendered":"<p>Pehmendav k\u00e4tekreem on lihtsa kuid t\u00f5husa koostisega. Sellest on saanud paljude klientide lemmik oma meedliva l\u00f5hna ja h\u00e4sti toitva ning k\u00e4si hooldava toime poolest.<\/p>\n<p>Shea v\u00f5i sisaldab A, E, F vitamiine ja rasvhappeid ja sel on p\u00f5letikuvastased ja nahka parandavad omadused.<\/p>\n<p>Magusa mandli \u00f5li sobib kuivale p\u00f5letikulisele nahale osaleb naharakkude uuenemis protsessis, omab p\u00f5letikuvastast toimet ja imendub kergesti.<\/p>\n<p>Naistepuna \u00f5li omab antiseptilist ja valuvaigistavat toimet, mille t\u00f5ttu on naistepuna kasutatud lokaalselt p\u00f5letustel, verevalumitel, haavanditel ning n\u00e4rvikahjustusega s\u00fcgavatel haavadel, samuti nihestuste ja krampide korral. Sidrunheina ja damaskuse roosi eeterlikud \u00f5lid muudavad kreemi m\u00f5nusalt kergeks ja v\u00e4rskeks.<\/p>\n<p>See kreem on ideaalne k\u00e4te naha pehmendaja ja ravija.Kui otsite superkloon Replica Rolexit, on Super Clone Rolex see koht, kuhu minna! Suurim v\u00f5ltsitud Rolexi kellade kollektsioon veebis!<\/p>\n<p>&nbsp;<\/p>\n<p>&nbsp;<\/p>\n<p>Meie kreemide puhul on kasutatud toorainet, mis on<\/p>\n<p>ise kasvatatud, v\u00f5i puhtast loodusest ise kogutud.<\/p>\n<p>Tooraine mida ostame sisse on kontrollitud ja \u00f6ko<\/p>\n<p>sertifikaatidega. Eesm\u00e4rgiks on pakkuda lihtsaid ja<\/p>\n<p>maal\u00e4hedasi tooteid inimestele kes hindavad loodust,<\/p>\n<p>tervist ja v\u00f5imalikult v\u00e4ikest \u00f6koloogilist jalaj\u00e4lge<\/p>\n<p>&nbsp;<\/p>\n","protected":false},"excerpt":{"rendered":"<p>Pehmendav k\u00e4tekreem on lihtsa kuid t\u00f5husa koostisega. Sellest on saanud paljude klientide lemmik oma meedliva l\u00f5hna ja h\u00e4sti toitva ning k\u00e4si hooldava toime poolest. Shea v\u00f5i sisaldab A, E, F vitamiine ja rasvhappeid ja sel on p\u00f5letikuvastased ja nahka parandavad omadused. Magusa mandli \u00f5li sobib kuivale p\u00f5letikulisele nahale osaleb naharakkude uuenemis protsessis, omab p\u00f5letikuvastast toimet [&hellip;]<\/p>\n","protected":false},"featured_media":1237,"comment_status":"closed","ping_status":"closed","template":"","meta":{"om_disable_all_campaigns":false,"site-sidebar-layout":"default","site-content-layout":"default","ast-site-content-layout":"default","site-content-style":"default","site-sidebar-style":"default","ast-global-header-display":"","ast-banner-title-visibility":"","ast-main-header-display":"","ast-hfb-above-header-display":"","ast-hfb-below-header-display":"","ast-hfb-mobile-header-display":"","site-post-title":"","ast-breadcrumbs-content":"","ast-featured-img":"","footer-sml-layout":"","theme-transparent-header-meta":"default","adv-header-id-meta":"","stick-header-meta":"","header-above-stick-meta":"","header-main-stick-meta":"","header-below-stick-meta":"","astra-migrate-meta-layouts":"set","ast-page-background-enabled":"default","ast-page-background-meta":{"desktop":{"background-color":"","background-image":"","background-repeat":"repeat","background-position":"center center","background-size":"auto","background-attachment":"scroll","background-type":"","background-media":"","overlay-type":"","overlay-color":"","overlay-opacity":"","overlay-gradient":""},"tablet":{"background-color":"","background-image":"","background-repeat":"repeat","background-position":"center center","background-size":"auto","background-attachment":"scroll","background-type":"","background-media":"","overlay-type":"","overlay-color":"","overlay-opacity":"","overlay-gradient":""},"mobile":{"background-color":"","background-image":"","background-repeat":"repeat","background-position":"center center","background-size":"auto","background-attachment":"scroll","background-type":"","background-media":"","overlay-type":"","overlay-color":"","overlay-opacity":"","overlay-gradient":""}},"ast-content-background-meta":{"desktop":{"background-color":"var(--ast-global-color-5)","background-image":"","background-repeat":"repeat","background-position":"center center","background-size":"auto","background-attachment":"scroll","background-type":"","background-media":"","overlay-type":"","overlay-color":"","overlay-opacity":"","overlay-gradient":""},"tablet":{"background-color":"var(--ast-global-color-5)","background-image":"","background-repeat":"repeat","background-position":"center center","background-size":"auto","background-attachment":"scroll","background-type":"","background-media":"","overlay-type":"","overlay-color":"","overlay-opacity":"","overlay-gradient":""},"mobile":{"background-color":"var(--ast-global-color-5)","background-image":"","background-repeat":"repeat","background-position":"center center","background-size":"auto","background-attachment":"scroll","background-type":"","background-media":"","overlay-type":"","overlay-color":"","overlay-opacity":"","overlay-gradient":""}},"ngg_post_thumbnail":0},"product_brand":[],"product_cat":[21],"product_tag":[],"class_list":{"0":"post-1236","1":"product","2":"type-product","3":"status-publish","4":"has-post-thumbnail","6":"product_cat-kreemid","7":"desktop-align-left","8":"tablet-align-left","9":"mobile-align-left","11":"first","12":"instock","13":"shipping-taxable","14":"purchasable","15":"product-type-simple"},"yoast_head":"<!-- This site is optimized with the Yoast SEO plugin v27.1.1 - https:\/\/yoast.com\/product\/yoast-seo-wordpress\/ -->\n<title>Pehmendav k\u00e4tekreem 50ml - Maav\u00e4gised p\u00e4rimusmeditsiinikeskus<\/title>\n<meta name=\"description\" content=\"Pehmendav k\u00e4tekreem on lihtsa kuid t\u00f5husa koostisega. Imelise l\u00f5hna ja nahka hooldava toime t\u00f5ttu on see paljude lemmik.\" \/>\n<meta name=\"robots\" content=\"index, follow, max-snippet:-1, max-image-preview:large, max-video-preview:-1\" \/>\n<link rel=\"canonical\" href=\"https:\/\/maavagised.ee\/et\/toode\/pehmendav-katekreem\/\" \/>\n<meta property=\"og:locale\" content=\"et_EE\" \/>\n<meta property=\"og:type\" content=\"article\" \/>\n<meta property=\"og:title\" content=\"Pehmendav k\u00e4tekreem 50ml - Maav\u00e4gised p\u00e4rimusmeditsiinikeskus\" \/>\n<meta property=\"og:description\" content=\"Pehmendav k\u00e4tekreem on lihtsa kuid t\u00f5husa koostisega. Imelise l\u00f5hna ja nahka hooldava toime t\u00f5ttu on see paljude lemmik.\" \/>\n<meta property=\"og:url\" content=\"https:\/\/maavagised.ee\/et\/toode\/pehmendav-katekreem\/\" \/>\n<meta property=\"og:site_name\" content=\"Maav\u00e4gised p\u00e4rimusmeditsiinikeskus\" \/>\n<meta property=\"article:publisher\" content=\"https:\/\/www.facebook.com\/maavagised\" \/>\n<meta property=\"article:modified_time\" content=\"2025-03-01T11:05:03+00:00\" \/>\n<meta property=\"og:image\" content=\"https:\/\/maavagised.ee\/wp-content\/uploads\/2021\/06\/Ka\u0308te-kreemitamine.jpg\" \/>\n\t<meta property=\"og:image:width\" content=\"1500\" \/>\n\t<meta property=\"og:image:height\" content=\"1912\" \/>\n\t<meta property=\"og:image:type\" content=\"image\/jpeg\" \/>\n<meta name=\"twitter:card\" content=\"summary_large_image\" \/>\n<meta name=\"twitter:label1\" content=\"Est. reading time\" \/>\n\t<meta name=\"twitter:data1\" content=\"2 minutit\" \/>\n<script type=\"application\/ld+json\" class=\"yoast-schema-graph\">{\"@context\":\"https:\/\/schema.org\",\"@graph\":[{\"@type\":\"WebPage\",\"@id\":\"https:\/\/maavagised.ee\/toode\/pehmendav-katekreem\/\",\"url\":\"https:\/\/maavagised.ee\/toode\/pehmendav-katekreem\/\",\"name\":\"Pehmendav k\u00e4tekreem 50ml - Maav\u00e4gised p\u00e4rimusmeditsiinikeskus\",\"isPartOf\":{\"@id\":\"https:\/\/maavagised.ee\/#website\"},\"primaryImageOfPage\":{\"@id\":\"https:\/\/maavagised.ee\/toode\/pehmendav-katekreem\/#primaryimage\"},\"image\":{\"@id\":\"https:\/\/maavagised.ee\/toode\/pehmendav-katekreem\/#primaryimage\"},\"thumbnailUrl\":\"https:\/\/i0.wp.com\/maavagised.ee\/wp-content\/uploads\/2021\/06\/Ka%CC%88te-kreemitamine.jpg?fit=1500%2C1912&ssl=1\",\"datePublished\":\"2021-06-13T16:48:16+00:00\",\"dateModified\":\"2025-03-01T11:05:03+00:00\",\"description\":\"Pehmendav k\u00e4tekreem on lihtsa kuid t\u00f5husa koostisega. Imelise l\u00f5hna ja nahka hooldava toime t\u00f5ttu on see paljude lemmik.\",\"breadcrumb\":{\"@id\":\"https:\/\/maavagised.ee\/toode\/pehmendav-katekreem\/#breadcrumb\"},\"inLanguage\":\"et\",\"potentialAction\":[{\"@type\":\"ReadAction\",\"target\":[\"https:\/\/maavagised.ee\/toode\/pehmendav-katekreem\/\"]}]},{\"@type\":\"ImageObject\",\"inLanguage\":\"et\",\"@id\":\"https:\/\/maavagised.ee\/toode\/pehmendav-katekreem\/#primaryimage\",\"url\":\"https:\/\/i0.wp.com\/maavagised.ee\/wp-content\/uploads\/2021\/06\/Ka%CC%88te-kreemitamine.jpg?fit=1500%2C1912&ssl=1\",\"contentUrl\":\"https:\/\/i0.wp.com\/maavagised.ee\/wp-content\/uploads\/2021\/06\/Ka%CC%88te-kreemitamine.jpg?fit=1500%2C1912&ssl=1\",\"width\":1500,\"height\":1912,\"caption\":\"k\u00e4tekreem\"},{\"@type\":\"BreadcrumbList\",\"@id\":\"https:\/\/maavagised.ee\/toode\/pehmendav-katekreem\/#breadcrumb\",\"itemListElement\":[{\"@type\":\"ListItem\",\"position\":1,\"name\":\"Home\",\"item\":\"https:\/\/maavagised.ee\/\"},{\"@type\":\"ListItem\",\"position\":2,\"name\":\"Pood\",\"item\":\"https:\/\/maavagised.ee\/pood\/\"},{\"@type\":\"ListItem\",\"position\":3,\"name\":\"Pehmendav k\u00e4tekreem 50ml\"}]},{\"@type\":\"WebSite\",\"@id\":\"https:\/\/maavagised.ee\/#website\",\"url\":\"https:\/\/maavagised.ee\/\",\"name\":\"Maavagised\",\"description\":\"L\u00f5\u00f5gastus saunas ja massaa\u017eis v\u00f5i tervis kaanidest.\",\"publisher\":{\"@id\":\"https:\/\/maavagised.ee\/#organization\"},\"potentialAction\":[{\"@type\":\"SearchAction\",\"target\":{\"@type\":\"EntryPoint\",\"urlTemplate\":\"https:\/\/maavagised.ee\/?s={search_term_string}\"},\"query-input\":{\"@type\":\"PropertyValueSpecification\",\"valueRequired\":true,\"valueName\":\"search_term_string\"}}],\"inLanguage\":\"et\"},{\"@type\":\"Organization\",\"@id\":\"https:\/\/maavagised.ee\/#organization\",\"name\":\"Maav\u00e4gised p\u00e4rimusmeditsiinikeskus\",\"url\":\"https:\/\/maavagised.ee\/\",\"logo\":{\"@type\":\"ImageObject\",\"inLanguage\":\"et\",\"@id\":\"https:\/\/maavagised.ee\/#\/schema\/logo\/image\/\",\"url\":\"https:\/\/i0.wp.com\/maavagised.ee\/wp-content\/uploads\/2021\/05\/maavagised_logo1.png?fit=477%2C302&ssl=1\",\"contentUrl\":\"https:\/\/i0.wp.com\/maavagised.ee\/wp-content\/uploads\/2021\/05\/maavagised_logo1.png?fit=477%2C302&ssl=1\",\"width\":477,\"height\":302,\"caption\":\"Maav\u00e4gised p\u00e4rimusmeditsiinikeskus\"},\"image\":{\"@id\":\"https:\/\/maavagised.ee\/#\/schema\/logo\/image\/\"},\"sameAs\":[\"https:\/\/www.facebook.com\/maavagised\",\"https:\/\/www.instagram.com\/maavagised_\/\"]}]}<\/script>\n<!-- \/ Yoast SEO plugin. -->","yoast_head_json":{"title":"Pehmendav k\u00e4tekreem 50ml - Maav\u00e4gised p\u00e4rimusmeditsiinikeskus","description":"Pehmendav k\u00e4tekreem on lihtsa kuid t\u00f5husa koostisega. Imelise l\u00f5hna ja nahka hooldava toime t\u00f5ttu on see paljude lemmik.","robots":{"index":"index","follow":"follow","max-snippet":"max-snippet:-1","max-image-preview":"max-image-preview:large","max-video-preview":"max-video-preview:-1"},"canonical":"https:\/\/maavagised.ee\/et\/toode\/pehmendav-katekreem\/","og_locale":"et_EE","og_type":"article","og_title":"Pehmendav k\u00e4tekreem 50ml - Maav\u00e4gised p\u00e4rimusmeditsiinikeskus","og_description":"Pehmendav k\u00e4tekreem on lihtsa kuid t\u00f5husa koostisega. Imelise l\u00f5hna ja nahka hooldava toime t\u00f5ttu on see paljude lemmik.","og_url":"https:\/\/maavagised.ee\/et\/toode\/pehmendav-katekreem\/","og_site_name":"Maav\u00e4gised p\u00e4rimusmeditsiinikeskus","article_publisher":"https:\/\/www.facebook.com\/maavagised","article_modified_time":"2025-03-01T11:05:03+00:00","og_image":[{"width":1500,"height":1912,"url":"https:\/\/maavagised.ee\/wp-content\/uploads\/2021\/06\/Ka\u0308te-kreemitamine.jpg","type":"image\/jpeg"}],"twitter_card":"summary_large_image","twitter_misc":{"Est. reading time":"2 minutit"},"schema":{"@context":"https:\/\/schema.org","@graph":[{"@type":"WebPage","@id":"https:\/\/maavagised.ee\/toode\/pehmendav-katekreem\/","url":"https:\/\/maavagised.ee\/toode\/pehmendav-katekreem\/","name":"Pehmendav k\u00e4tekreem 50ml - Maav\u00e4gised p\u00e4rimusmeditsiinikeskus","isPartOf":{"@id":"https:\/\/maavagised.ee\/#website"},"primaryImageOfPage":{"@id":"https:\/\/maavagised.ee\/toode\/pehmendav-katekreem\/#primaryimage"},"image":{"@id":"https:\/\/maavagised.ee\/toode\/pehmendav-katekreem\/#primaryimage"},"thumbnailUrl":"https:\/\/i0.wp.com\/maavagised.ee\/wp-content\/uploads\/2021\/06\/Ka%CC%88te-kreemitamine.jpg?fit=1500%2C1912&ssl=1","datePublished":"2021-06-13T16:48:16+00:00","dateModified":"2025-03-01T11:05:03+00:00","description":"Pehmendav k\u00e4tekreem on lihtsa kuid t\u00f5husa koostisega. Imelise l\u00f5hna ja nahka hooldava toime t\u00f5ttu on see paljude lemmik.","breadcrumb":{"@id":"https:\/\/maavagised.ee\/toode\/pehmendav-katekreem\/#breadcrumb"},"inLanguage":"et","potentialAction":[{"@type":"ReadAction","target":["https:\/\/maavagised.ee\/toode\/pehmendav-katekreem\/"]}]},{"@type":"ImageObject","inLanguage":"et","@id":"https:\/\/maavagised.ee\/toode\/pehmendav-katekreem\/#primaryimage","url":"https:\/\/i0.wp.com\/maavagised.ee\/wp-content\/uploads\/2021\/06\/Ka%CC%88te-kreemitamine.jpg?fit=1500%2C1912&ssl=1","contentUrl":"https:\/\/i0.wp.com\/maavagised.ee\/wp-content\/uploads\/2021\/06\/Ka%CC%88te-kreemitamine.jpg?fit=1500%2C1912&ssl=1","width":1500,"height":1912,"caption":"k\u00e4tekreem"},{"@type":"BreadcrumbList","@id":"https:\/\/maavagised.ee\/toode\/pehmendav-katekreem\/#breadcrumb","itemListElement":[{"@type":"ListItem","position":1,"name":"Home","item":"https:\/\/maavagised.ee\/"},{"@type":"ListItem","position":2,"name":"Pood","item":"https:\/\/maavagised.ee\/pood\/"},{"@type":"ListItem","position":3,"name":"Pehmendav k\u00e4tekreem 50ml"}]},{"@type":"WebSite","@id":"https:\/\/maavagised.ee\/#website","url":"https:\/\/maavagised.ee\/","name":"Maavagised","description":"L\u00f5\u00f5gastus saunas ja massaa\u017eis v\u00f5i tervis kaanidest.","publisher":{"@id":"https:\/\/maavagised.ee\/#organization"},"potentialAction":[{"@type":"SearchAction","target":{"@type":"EntryPoint","urlTemplate":"https:\/\/maavagised.ee\/?s={search_term_string}"},"query-input":{"@type":"PropertyValueSpecification","valueRequired":true,"valueName":"search_term_string"}}],"inLanguage":"et"},{"@type":"Organization","@id":"https:\/\/maavagised.ee\/#organization","name":"Maav\u00e4gised p\u00e4rimusmeditsiinikeskus","url":"https:\/\/maavagised.ee\/","logo":{"@type":"ImageObject","inLanguage":"et","@id":"https:\/\/maavagised.ee\/#\/schema\/logo\/image\/","url":"https:\/\/i0.wp.com\/maavagised.ee\/wp-content\/uploads\/2021\/05\/maavagised_logo1.png?fit=477%2C302&ssl=1","contentUrl":"https:\/\/i0.wp.com\/maavagised.ee\/wp-content\/uploads\/2021\/05\/maavagised_logo1.png?fit=477%2C302&ssl=1","width":477,"height":302,"caption":"Maav\u00e4gised p\u00e4rimusmeditsiinikeskus"},"image":{"@id":"https:\/\/maavagised.ee\/#\/schema\/logo\/image\/"},"sameAs":["https:\/\/www.facebook.com\/maavagised","https:\/\/www.instagram.com\/maavagised_\/"]}]}},"jetpack_sharing_enabled":true,"jetpack_likes_enabled":true,"jetpack-related-posts":[],"_links":{"self":[{"href":"https:\/\/maavagised.ee\/et\/wp-json\/wp\/v2\/product\/1236","targetHints":{"allow":["GET"]}}],"collection":[{"href":"https:\/\/maavagised.ee\/et\/wp-json\/wp\/v2\/product"}],"about":[{"href":"https:\/\/maavagised.ee\/et\/wp-json\/wp\/v2\/types\/product"}],"replies":[{"embeddable":true,"href":"https:\/\/maavagised.ee\/et\/wp-json\/wp\/v2\/comments?post=1236"}],"wp:featuredmedia":[{"embeddable":true,"href":"https:\/\/maavagised.ee\/et\/wp-json\/wp\/v2\/media\/1237"}],"wp:attachment":[{"href":"https:\/\/maavagised.ee\/et\/wp-json\/wp\/v2\/media?parent=1236"}],"wp:term":[{"taxonomy":"product_brand","embeddable":true,"href":"https:\/\/maavagised.ee\/et\/wp-json\/wp\/v2\/product_brand?post=1236"},{"taxonomy":"product_cat","embeddable":true,"href":"https:\/\/maavagised.ee\/et\/wp-json\/wp\/v2\/product_cat?post=1236"},{"taxonomy":"product_tag","embeddable":true,"href":"https:\/\/maavagised.ee\/et\/wp-json\/wp\/v2\/product_tag?post=1236"}],"curies":[{"name":"wp","href":"https:\/\/api.w.org\/{rel}","templated":true}]}}