{"id":1231,"date":"2021-06-13T16:20:48","date_gmt":"2021-06-13T16:20:48","guid":{"rendered":"https:\/\/maavagised.ee\/?post_type=product&#038;p=1231"},"modified":"2025-11-29T20:13:23","modified_gmt":"2025-11-29T18:13:23","slug":"nohusalv","status":"publish","type":"product","link":"https:\/\/maavagised.ee\/et\/toode\/nohusalv\/","title":{"rendered":"Nohusalv"},"content":{"rendered":"<p>Nohusalv on salv, kus on koos k\u00f5ik suurep\u00e4rased komponendid. Need aitavad alandada turset, ravivad p\u00f5letikku, avavad hingamisteid ja v\u00f5itlevad bakterite ja viirustega.<\/p>\n<p>Hanerasv omab soojendavat toimet, on p\u00f5letikuvastane, loodusliku antibiootikumine ja hea parandajana on salvis ka vereurmarohi.<\/p>\n<p>Vereurmarohi on antibakteriaalne, seenevastane, tuimestav, haavade parandaja. Taruvaigutinktuur on juba iidsetest aegadest tuntud oma bakterite, mikroobide ja seente vastase toime poolest, see on antiseptiline, antim\u00fckoloogiline ja p\u00f5letikuvastane, soodustab haavade paranemist, tugevdab kapillaare, v\u00e4hendab p\u00f5letikulist reaktsiooni.<\/p>\n<p>Eukal\u00fcptivaik ja eukal\u00fcpti eeterlik \u00f5li on parimad hingamisteede ravijad, lisaks veel teepuu, ja rosmariini eeterlikud \u00f5lid ning nulu\u00f5li.<\/p>\n<p>Kokku teeb see meeldiva l\u00f5hnabuketiga nina limaskesta taastava ja nohu raviva salvi.<\/p>\n<p>Nohusalv on kasutuses klientide poolt ka massaa\u017eiks ja naha raviks, kuna enamusel kasutatud koostisosadel on nahka tervendav ja p\u00f5letikku alandav toime ja koos sellega ka kerge valuvaigistav toime.<\/p>\n<p>&nbsp;<\/p>\n<p>25ml<\/p>\n","protected":false},"excerpt":{"rendered":"<p>Nohusalv on salv, kus on koos k\u00f5ik suurep\u00e4rased komponendid. Need aitavad alandada turset, ravivad p\u00f5letikku, avavad hingamisteid ja v\u00f5itlevad bakterite ja viirustega. Hanerasv omab soojendavat toimet, on p\u00f5letikuvastane, loodusliku antibiootikumine ja hea parandajana on salvis ka vereurmarohi. Vereurmarohi on antibakteriaalne, seenevastane, tuimestav, haavade parandaja. Taruvaigutinktuur on juba iidsetest aegadest tuntud oma bakterite, mikroobide ja seente [&hellip;]<\/p>\n","protected":false},"featured_media":1233,"comment_status":"closed","ping_status":"closed","template":"","meta":{"om_disable_all_campaigns":false,"site-sidebar-layout":"default","site-content-layout":"default","ast-site-content-layout":"default","site-content-style":"default","site-sidebar-style":"default","ast-global-header-display":"","ast-banner-title-visibility":"","ast-main-header-display":"","ast-hfb-above-header-display":"","ast-hfb-below-header-display":"","ast-hfb-mobile-header-display":"","site-post-title":"","ast-breadcrumbs-content":"","ast-featured-img":"","footer-sml-layout":"","theme-transparent-header-meta":"default","adv-header-id-meta":"","stick-header-meta":"","header-above-stick-meta":"","header-main-stick-meta":"","header-below-stick-meta":"","astra-migrate-meta-layouts":"set","ast-page-background-enabled":"default","ast-page-background-meta":{"desktop":{"background-color":"","background-image":"","background-repeat":"repeat","background-position":"center center","background-size":"auto","background-attachment":"scroll","background-type":"","background-media":"","overlay-type":"","overlay-color":"","overlay-opacity":"","overlay-gradient":""},"tablet":{"background-color":"","background-image":"","background-repeat":"repeat","background-position":"center center","background-size":"auto","background-attachment":"scroll","background-type":"","background-media":"","overlay-type":"","overlay-color":"","overlay-opacity":"","overlay-gradient":""},"mobile":{"background-color":"","background-image":"","background-repeat":"repeat","background-position":"center center","background-size":"auto","background-attachment":"scroll","background-type":"","background-media":"","overlay-type":"","overlay-color":"","overlay-opacity":"","overlay-gradient":""}},"ast-content-background-meta":{"desktop":{"background-color":"var(--ast-global-color-5)","background-image":"","background-repeat":"repeat","background-position":"center center","background-size":"auto","background-attachment":"scroll","background-type":"","background-media":"","overlay-type":"","overlay-color":"","overlay-opacity":"","overlay-gradient":""},"tablet":{"background-color":"var(--ast-global-color-5)","background-image":"","background-repeat":"repeat","background-position":"center center","background-size":"auto","background-attachment":"scroll","background-type":"","background-media":"","overlay-type":"","overlay-color":"","overlay-opacity":"","overlay-gradient":""},"mobile":{"background-color":"var(--ast-global-color-5)","background-image":"","background-repeat":"repeat","background-position":"center center","background-size":"auto","background-attachment":"scroll","background-type":"","background-media":"","overlay-type":"","overlay-color":"","overlay-opacity":"","overlay-gradient":""}},"ngg_post_thumbnail":0},"product_brand":[],"product_cat":[53],"product_tag":[],"class_list":{"0":"post-1231","1":"product","2":"type-product","3":"status-publish","4":"has-post-thumbnail","6":"product_cat-salvid","7":"desktop-align-left","8":"tablet-align-left","9":"mobile-align-left","11":"first","12":"instock","13":"shipping-taxable","14":"purchasable","15":"product-type-simple"},"yoast_head":"<!-- This site is optimized with the Yoast SEO plugin v27.1.1 - https:\/\/yoast.com\/product\/yoast-seo-wordpress\/ -->\n<title>Nohusalv - Maav\u00e4gised p\u00e4rimusmeditsiinikeskus<\/title>\n<meta name=\"description\" content=\"Nohusalv sisaldab h\u00e4id koostisosi, mis alandavad turset, ravivad p\u00f5letikku, avavad hingamisteid ja v\u00f5itlevad bakterite ja viirustega. 25ml\" \/>\n<meta name=\"robots\" content=\"index, follow, max-snippet:-1, max-image-preview:large, max-video-preview:-1\" \/>\n<link rel=\"canonical\" href=\"https:\/\/maavagised.ee\/et\/toode\/nohusalv\/\" \/>\n<meta property=\"og:locale\" content=\"et_EE\" \/>\n<meta property=\"og:type\" content=\"article\" \/>\n<meta property=\"og:title\" content=\"Nohusalv - Maav\u00e4gised p\u00e4rimusmeditsiinikeskus\" \/>\n<meta property=\"og:description\" content=\"Nohusalv sisaldab h\u00e4id koostisosi, mis alandavad turset, ravivad p\u00f5letikku, avavad hingamisteid ja v\u00f5itlevad bakterite ja viirustega. 25ml\" \/>\n<meta property=\"og:url\" content=\"https:\/\/maavagised.ee\/et\/toode\/nohusalv\/\" \/>\n<meta property=\"og:site_name\" content=\"Maav\u00e4gised p\u00e4rimusmeditsiinikeskus\" \/>\n<meta property=\"article:publisher\" content=\"https:\/\/www.facebook.com\/maavagised\" \/>\n<meta property=\"article:modified_time\" content=\"2025-11-29T18:13:23+00:00\" \/>\n<meta property=\"og:image\" content=\"https:\/\/maavagised.ee\/wp-content\/uploads\/2021\/06\/Nohusalv-1.jpg\" \/>\n\t<meta property=\"og:image:width\" content=\"640\" \/>\n\t<meta property=\"og:image:height\" content=\"480\" \/>\n\t<meta property=\"og:image:type\" content=\"image\/jpeg\" \/>\n<meta name=\"twitter:card\" content=\"summary_large_image\" \/>\n<meta name=\"twitter:label1\" content=\"Est. reading time\" \/>\n\t<meta name=\"twitter:data1\" content=\"1 minut\" \/>\n<script type=\"application\/ld+json\" class=\"yoast-schema-graph\">{\"@context\":\"https:\/\/schema.org\",\"@graph\":[{\"@type\":\"WebPage\",\"@id\":\"https:\/\/maavagised.ee\/toode\/nohusalv\/\",\"url\":\"https:\/\/maavagised.ee\/toode\/nohusalv\/\",\"name\":\"Nohusalv - Maav\u00e4gised p\u00e4rimusmeditsiinikeskus\",\"isPartOf\":{\"@id\":\"https:\/\/maavagised.ee\/#website\"},\"primaryImageOfPage\":{\"@id\":\"https:\/\/maavagised.ee\/toode\/nohusalv\/#primaryimage\"},\"image\":{\"@id\":\"https:\/\/maavagised.ee\/toode\/nohusalv\/#primaryimage\"},\"thumbnailUrl\":\"https:\/\/i0.wp.com\/maavagised.ee\/wp-content\/uploads\/2021\/06\/Nohusalv-1.jpg?fit=640%2C480&ssl=1\",\"datePublished\":\"2021-06-13T16:20:48+00:00\",\"dateModified\":\"2025-11-29T18:13:23+00:00\",\"description\":\"Nohusalv sisaldab h\u00e4id koostisosi, mis alandavad turset, ravivad p\u00f5letikku, avavad hingamisteid ja v\u00f5itlevad bakterite ja viirustega. 25ml\",\"breadcrumb\":{\"@id\":\"https:\/\/maavagised.ee\/toode\/nohusalv\/#breadcrumb\"},\"inLanguage\":\"et\",\"potentialAction\":[{\"@type\":\"ReadAction\",\"target\":[\"https:\/\/maavagised.ee\/toode\/nohusalv\/\"]}]},{\"@type\":\"ImageObject\",\"inLanguage\":\"et\",\"@id\":\"https:\/\/maavagised.ee\/toode\/nohusalv\/#primaryimage\",\"url\":\"https:\/\/i0.wp.com\/maavagised.ee\/wp-content\/uploads\/2021\/06\/Nohusalv-1.jpg?fit=640%2C480&ssl=1\",\"contentUrl\":\"https:\/\/i0.wp.com\/maavagised.ee\/wp-content\/uploads\/2021\/06\/Nohusalv-1.jpg?fit=640%2C480&ssl=1\",\"width\":640,\"height\":480,\"caption\":\"nohusalv\"},{\"@type\":\"BreadcrumbList\",\"@id\":\"https:\/\/maavagised.ee\/toode\/nohusalv\/#breadcrumb\",\"itemListElement\":[{\"@type\":\"ListItem\",\"position\":1,\"name\":\"Home\",\"item\":\"https:\/\/maavagised.ee\/\"},{\"@type\":\"ListItem\",\"position\":2,\"name\":\"Pood\",\"item\":\"https:\/\/maavagised.ee\/pood\/\"},{\"@type\":\"ListItem\",\"position\":3,\"name\":\"Nohusalv\"}]},{\"@type\":\"WebSite\",\"@id\":\"https:\/\/maavagised.ee\/#website\",\"url\":\"https:\/\/maavagised.ee\/\",\"name\":\"Maavagised\",\"description\":\"L\u00f5\u00f5gastus saunas ja massaa\u017eis v\u00f5i tervis kaanidest.\",\"publisher\":{\"@id\":\"https:\/\/maavagised.ee\/#organization\"},\"potentialAction\":[{\"@type\":\"SearchAction\",\"target\":{\"@type\":\"EntryPoint\",\"urlTemplate\":\"https:\/\/maavagised.ee\/?s={search_term_string}\"},\"query-input\":{\"@type\":\"PropertyValueSpecification\",\"valueRequired\":true,\"valueName\":\"search_term_string\"}}],\"inLanguage\":\"et\"},{\"@type\":\"Organization\",\"@id\":\"https:\/\/maavagised.ee\/#organization\",\"name\":\"Maav\u00e4gised p\u00e4rimusmeditsiinikeskus\",\"url\":\"https:\/\/maavagised.ee\/\",\"logo\":{\"@type\":\"ImageObject\",\"inLanguage\":\"et\",\"@id\":\"https:\/\/maavagised.ee\/#\/schema\/logo\/image\/\",\"url\":\"https:\/\/i0.wp.com\/maavagised.ee\/wp-content\/uploads\/2021\/05\/maavagised_logo1.png?fit=477%2C302&ssl=1\",\"contentUrl\":\"https:\/\/i0.wp.com\/maavagised.ee\/wp-content\/uploads\/2021\/05\/maavagised_logo1.png?fit=477%2C302&ssl=1\",\"width\":477,\"height\":302,\"caption\":\"Maav\u00e4gised p\u00e4rimusmeditsiinikeskus\"},\"image\":{\"@id\":\"https:\/\/maavagised.ee\/#\/schema\/logo\/image\/\"},\"sameAs\":[\"https:\/\/www.facebook.com\/maavagised\",\"https:\/\/www.instagram.com\/maavagised_\/\"]}]}<\/script>\n<!-- \/ Yoast SEO plugin. -->","yoast_head_json":{"title":"Nohusalv - Maav\u00e4gised p\u00e4rimusmeditsiinikeskus","description":"Nohusalv sisaldab h\u00e4id koostisosi, mis alandavad turset, ravivad p\u00f5letikku, avavad hingamisteid ja v\u00f5itlevad bakterite ja viirustega. 25ml","robots":{"index":"index","follow":"follow","max-snippet":"max-snippet:-1","max-image-preview":"max-image-preview:large","max-video-preview":"max-video-preview:-1"},"canonical":"https:\/\/maavagised.ee\/et\/toode\/nohusalv\/","og_locale":"et_EE","og_type":"article","og_title":"Nohusalv - Maav\u00e4gised p\u00e4rimusmeditsiinikeskus","og_description":"Nohusalv sisaldab h\u00e4id koostisosi, mis alandavad turset, ravivad p\u00f5letikku, avavad hingamisteid ja v\u00f5itlevad bakterite ja viirustega. 25ml","og_url":"https:\/\/maavagised.ee\/et\/toode\/nohusalv\/","og_site_name":"Maav\u00e4gised p\u00e4rimusmeditsiinikeskus","article_publisher":"https:\/\/www.facebook.com\/maavagised","article_modified_time":"2025-11-29T18:13:23+00:00","og_image":[{"width":640,"height":480,"url":"https:\/\/maavagised.ee\/wp-content\/uploads\/2021\/06\/Nohusalv-1.jpg","type":"image\/jpeg"}],"twitter_card":"summary_large_image","twitter_misc":{"Est. reading time":"1 minut"},"schema":{"@context":"https:\/\/schema.org","@graph":[{"@type":"WebPage","@id":"https:\/\/maavagised.ee\/toode\/nohusalv\/","url":"https:\/\/maavagised.ee\/toode\/nohusalv\/","name":"Nohusalv - Maav\u00e4gised p\u00e4rimusmeditsiinikeskus","isPartOf":{"@id":"https:\/\/maavagised.ee\/#website"},"primaryImageOfPage":{"@id":"https:\/\/maavagised.ee\/toode\/nohusalv\/#primaryimage"},"image":{"@id":"https:\/\/maavagised.ee\/toode\/nohusalv\/#primaryimage"},"thumbnailUrl":"https:\/\/i0.wp.com\/maavagised.ee\/wp-content\/uploads\/2021\/06\/Nohusalv-1.jpg?fit=640%2C480&ssl=1","datePublished":"2021-06-13T16:20:48+00:00","dateModified":"2025-11-29T18:13:23+00:00","description":"Nohusalv sisaldab h\u00e4id koostisosi, mis alandavad turset, ravivad p\u00f5letikku, avavad hingamisteid ja v\u00f5itlevad bakterite ja viirustega. 25ml","breadcrumb":{"@id":"https:\/\/maavagised.ee\/toode\/nohusalv\/#breadcrumb"},"inLanguage":"et","potentialAction":[{"@type":"ReadAction","target":["https:\/\/maavagised.ee\/toode\/nohusalv\/"]}]},{"@type":"ImageObject","inLanguage":"et","@id":"https:\/\/maavagised.ee\/toode\/nohusalv\/#primaryimage","url":"https:\/\/i0.wp.com\/maavagised.ee\/wp-content\/uploads\/2021\/06\/Nohusalv-1.jpg?fit=640%2C480&ssl=1","contentUrl":"https:\/\/i0.wp.com\/maavagised.ee\/wp-content\/uploads\/2021\/06\/Nohusalv-1.jpg?fit=640%2C480&ssl=1","width":640,"height":480,"caption":"nohusalv"},{"@type":"BreadcrumbList","@id":"https:\/\/maavagised.ee\/toode\/nohusalv\/#breadcrumb","itemListElement":[{"@type":"ListItem","position":1,"name":"Home","item":"https:\/\/maavagised.ee\/"},{"@type":"ListItem","position":2,"name":"Pood","item":"https:\/\/maavagised.ee\/pood\/"},{"@type":"ListItem","position":3,"name":"Nohusalv"}]},{"@type":"WebSite","@id":"https:\/\/maavagised.ee\/#website","url":"https:\/\/maavagised.ee\/","name":"Maavagised","description":"L\u00f5\u00f5gastus saunas ja massaa\u017eis v\u00f5i tervis kaanidest.","publisher":{"@id":"https:\/\/maavagised.ee\/#organization"},"potentialAction":[{"@type":"SearchAction","target":{"@type":"EntryPoint","urlTemplate":"https:\/\/maavagised.ee\/?s={search_term_string}"},"query-input":{"@type":"PropertyValueSpecification","valueRequired":true,"valueName":"search_term_string"}}],"inLanguage":"et"},{"@type":"Organization","@id":"https:\/\/maavagised.ee\/#organization","name":"Maav\u00e4gised p\u00e4rimusmeditsiinikeskus","url":"https:\/\/maavagised.ee\/","logo":{"@type":"ImageObject","inLanguage":"et","@id":"https:\/\/maavagised.ee\/#\/schema\/logo\/image\/","url":"https:\/\/i0.wp.com\/maavagised.ee\/wp-content\/uploads\/2021\/05\/maavagised_logo1.png?fit=477%2C302&ssl=1","contentUrl":"https:\/\/i0.wp.com\/maavagised.ee\/wp-content\/uploads\/2021\/05\/maavagised_logo1.png?fit=477%2C302&ssl=1","width":477,"height":302,"caption":"Maav\u00e4gised p\u00e4rimusmeditsiinikeskus"},"image":{"@id":"https:\/\/maavagised.ee\/#\/schema\/logo\/image\/"},"sameAs":["https:\/\/www.facebook.com\/maavagised","https:\/\/www.instagram.com\/maavagised_\/"]}]}},"jetpack_sharing_enabled":true,"jetpack_likes_enabled":true,"jetpack-related-posts":[],"_links":{"self":[{"href":"https:\/\/maavagised.ee\/et\/wp-json\/wp\/v2\/product\/1231","targetHints":{"allow":["GET"]}}],"collection":[{"href":"https:\/\/maavagised.ee\/et\/wp-json\/wp\/v2\/product"}],"about":[{"href":"https:\/\/maavagised.ee\/et\/wp-json\/wp\/v2\/types\/product"}],"replies":[{"embeddable":true,"href":"https:\/\/maavagised.ee\/et\/wp-json\/wp\/v2\/comments?post=1231"}],"wp:featuredmedia":[{"embeddable":true,"href":"https:\/\/maavagised.ee\/et\/wp-json\/wp\/v2\/media\/1233"}],"wp:attachment":[{"href":"https:\/\/maavagised.ee\/et\/wp-json\/wp\/v2\/media?parent=1231"}],"wp:term":[{"taxonomy":"product_brand","embeddable":true,"href":"https:\/\/maavagised.ee\/et\/wp-json\/wp\/v2\/product_brand?post=1231"},{"taxonomy":"product_cat","embeddable":true,"href":"https:\/\/maavagised.ee\/et\/wp-json\/wp\/v2\/product_cat?post=1231"},{"taxonomy":"product_tag","embeddable":true,"href":"https:\/\/maavagised.ee\/et\/wp-json\/wp\/v2\/product_tag?post=1231"}],"curies":[{"name":"wp","href":"https:\/\/api.w.org\/{rel}","templated":true}]}}