{"id":1226,"date":"2021-06-13T10:32:36","date_gmt":"2021-06-13T10:32:36","guid":{"rendered":"https:\/\/maavagised.ee\/?post_type=product&#038;p=1226"},"modified":"2024-09-28T10:25:16","modified_gmt":"2024-09-28T07:25:16","slug":"luksuslik-sokolaadikoorija","status":"publish","type":"product","link":"https:\/\/maavagised.ee\/et\/toode\/luksuslik-sokolaadikoorija\/","title":{"rendered":"Luksuslik \u0161okolaadikoorija 50ml"},"content":{"rendered":"<p>Luksuslik \u0161okolaadikoorija on m\u00f5nus kehakoorija, mis sisaldab puhast tumedat \u0161okolaadi, kakaod suhkrut ja Himaalaja roosat soola, sheav\u00f5id ja magusa mandli \u00f5li, piparm\u00fcndi eeterlik \u00f5li.<\/p>\n<p>Koorija&nbsp; j\u00e4tab naha hooldatuks ega vaja hiljem muud kui sooja veega maha pesemist ja kerget naha kuivatamist kuna sool ja suhkur toimivad koorijana ja eemaldavad t\u00f5husalt surnud naharakud, Himaalaja soolal on ka antiseptilised toimed.<\/p>\n<p data-hc-id=\"ec14b87dd2a71592390c23b082e8\">\u0160okolaad sisaldab palju kasulikke aineid. Tume \u0161okolaad sisaldab pol\u00fcfenoole, alkaloid teobromiini, kofeiini<\/p>\n<p>\u2022 pol\u00fcfenoolid on&nbsp; antioks\u00fcdandid, need v\u00f5itlevad naha vananemisega, takistavad kortsude teket, leevendavad n\u00e4o stressi ilminguid;<\/p>\n<p>\u2022 alkaloid teobromiin on&nbsp; kofeiiniga sarnaste omadustega aine, see l\u00f5hustab rasvarakke ja pakub t\u00f5stvat efekti;<\/p>\n<p>\u2022 kofeiin stimuleerib vereringet, sellel on tselluliidivastased omadused, normaliseerib l\u00fcmfivoolu, leevendab turset, muudab naha elastseks ja siledaks.<\/p>\n<p>Shea v\u00f5i on hea igap\u00e4evane nahaniisutaja, v\u00e4hendab&nbsp; aknet, taastab naha elastsuse , raseerimisj\u00e4rgse kreemina, toimib kortsude vastu, aitab ravida nahal\u00f5hesid, sobib ka rasedusarmide ennetamiseks. Tema koostis on sobilik nahaga ei j\u00e4ta nahka l\u00e4ikivaks ja \u00f5liseks vaid m\u00f5nusalt toidetukas ja kreemitatuks.<\/p>\n<p>Magusa mandli \u00f5li imendub h\u00e4sti ja toidab nahka, ei j\u00e4ta nahka \u00f5liseks.\u00dclaltoodud artikli kaudu saame teile soovitada uusimaid kleite. Ostke oma lemmikbr\u00e4ndidelt erineva pikkuse, v\u00e4rvi ja stiiliga kleite igaks elujuhtumiks.<\/p>\n<p>Sisaldab&nbsp; E-vitamiini, A-vitamiini, Omega-3 rasvhapped ja tsinki.&nbsp; A-vitamiin stimuleerib&nbsp; uute naharakkude tootmist, mis aitab v\u00e4hendada kortsude tekkimist. E-vitamiin sisaldab antioks\u00fcdante need hoiavad \u00e4ra vabade radikaalide ja p\u00e4ikese ultraviolettkiirte p\u00f5hjustatud rakkude kahjustusi. Oomega-3 rasvhapped aitavad ennetada enneaegset vananemist ja tsink aitab ravida naha arme.<\/p>\n<p>Piparm\u00fcndi eeterlik \u00f5li m\u00f5jub v\u00e4rskendavalt, stressi v\u00e4hendavalt ja samams rahustavalt. M\u00f5jub h\u00e4sti ka seedimisele ja hingamisteedele<\/p>\n","protected":false},"excerpt":{"rendered":"<p>Luksuslik \u0161okolaadikoorija on m\u00f5nus kehakoorija, mis sisaldab puhast tumedat \u0161okolaadi, kakaod suhkrut ja Himaalaja roosat soola, sheav\u00f5id ja magusa mandli \u00f5li, piparm\u00fcndi eeterlik \u00f5li. Koorija&nbsp; j\u00e4tab naha hooldatuks ega vaja hiljem muud kui sooja veega maha pesemist ja kerget naha kuivatamist kuna sool ja suhkur toimivad koorijana ja eemaldavad t\u00f5husalt surnud naharakud, Himaalaja soolal on [&hellip;]<\/p>\n","protected":false},"featured_media":1227,"comment_status":"closed","ping_status":"closed","template":"","meta":{"om_disable_all_campaigns":false,"site-sidebar-layout":"default","site-content-layout":"default","ast-site-content-layout":"","site-content-style":"default","site-sidebar-style":"default","ast-global-header-display":"","ast-banner-title-visibility":"","ast-main-header-display":"","ast-hfb-above-header-display":"","ast-hfb-below-header-display":"","ast-hfb-mobile-header-display":"","site-post-title":"","ast-breadcrumbs-content":"","ast-featured-img":"","footer-sml-layout":"","theme-transparent-header-meta":"default","adv-header-id-meta":"","stick-header-meta":"","header-above-stick-meta":"","header-main-stick-meta":"","header-below-stick-meta":"","astra-migrate-meta-layouts":"default","ast-page-background-enabled":"default","ast-page-background-meta":{"desktop":{"background-color":"","background-image":"","background-repeat":"repeat","background-position":"center center","background-size":"auto","background-attachment":"scroll","background-type":"","background-media":"","overlay-type":"","overlay-color":"","overlay-opacity":"","overlay-gradient":""},"tablet":{"background-color":"","background-image":"","background-repeat":"repeat","background-position":"center center","background-size":"auto","background-attachment":"scroll","background-type":"","background-media":"","overlay-type":"","overlay-color":"","overlay-opacity":"","overlay-gradient":""},"mobile":{"background-color":"","background-image":"","background-repeat":"repeat","background-position":"center center","background-size":"auto","background-attachment":"scroll","background-type":"","background-media":"","overlay-type":"","overlay-color":"","overlay-opacity":"","overlay-gradient":""}},"ast-content-background-meta":{"desktop":{"background-color":"var(--ast-global-color-5)","background-image":"","background-repeat":"repeat","background-position":"center center","background-size":"auto","background-attachment":"scroll","background-type":"","background-media":"","overlay-type":"","overlay-color":"","overlay-opacity":"","overlay-gradient":""},"tablet":{"background-color":"var(--ast-global-color-5)","background-image":"","background-repeat":"repeat","background-position":"center center","background-size":"auto","background-attachment":"scroll","background-type":"","background-media":"","overlay-type":"","overlay-color":"","overlay-opacity":"","overlay-gradient":""},"mobile":{"background-color":"var(--ast-global-color-5)","background-image":"","background-repeat":"repeat","background-position":"center center","background-size":"auto","background-attachment":"scroll","background-type":"","background-media":"","overlay-type":"","overlay-color":"","overlay-opacity":"","overlay-gradient":""}},"ngg_post_thumbnail":0},"product_brand":[],"product_cat":[55],"product_tag":[],"class_list":{"0":"post-1226","1":"product","2":"type-product","3":"status-publish","4":"has-post-thumbnail","6":"product_cat-koorijad","7":"desktop-align-left","8":"tablet-align-left","9":"mobile-align-left","11":"first","12":"outofstock","13":"shipping-taxable","14":"purchasable","15":"product-type-simple"},"yoast_head":"<!-- This site is optimized with the Yoast SEO plugin v27.1.1 - https:\/\/yoast.com\/product\/yoast-seo-wordpress\/ -->\n<title>Luksuslik \u0161okolaadikoorija 50ml - Maav\u00e4gised p\u00e4rimusmeditsiinikeskus<\/title>\n<meta name=\"description\" content=\"Luksuslik \u0161okolaadikoorija sisaldab \u0161okolaadi, kakaod, suhkrut ja Himaalaja soola, sheav\u00f5id ja magusa mandli \u00f5li.\" \/>\n<meta name=\"robots\" content=\"index, follow, max-snippet:-1, max-image-preview:large, max-video-preview:-1\" \/>\n<link rel=\"canonical\" href=\"https:\/\/maavagised.ee\/et\/toode\/luksuslik-sokolaadikoorija\/\" \/>\n<meta property=\"og:locale\" content=\"et_EE\" \/>\n<meta property=\"og:type\" content=\"article\" \/>\n<meta property=\"og:title\" content=\"Luksuslik \u0161okolaadikoorija 50ml - Maav\u00e4gised p\u00e4rimusmeditsiinikeskus\" \/>\n<meta property=\"og:description\" content=\"Luksuslik \u0161okolaadikoorija sisaldab \u0161okolaadi, kakaod, suhkrut ja Himaalaja soola, sheav\u00f5id ja magusa mandli \u00f5li.\" \/>\n<meta property=\"og:url\" content=\"https:\/\/maavagised.ee\/et\/toode\/luksuslik-sokolaadikoorija\/\" \/>\n<meta property=\"og:site_name\" content=\"Maav\u00e4gised p\u00e4rimusmeditsiinikeskus\" \/>\n<meta property=\"article:publisher\" content=\"https:\/\/www.facebook.com\/maavagised\" \/>\n<meta property=\"article:modified_time\" content=\"2024-09-28T07:25:16+00:00\" \/>\n<meta property=\"og:image\" content=\"https:\/\/maavagised.ee\/wp-content\/uploads\/2021\/06\/Luksuslik-sokolaadi-koorija.jpg\" \/>\n\t<meta property=\"og:image:width\" content=\"240\" \/>\n\t<meta property=\"og:image:height\" content=\"320\" \/>\n\t<meta property=\"og:image:type\" content=\"image\/jpeg\" \/>\n<meta name=\"twitter:card\" content=\"summary_large_image\" \/>\n<meta name=\"twitter:label1\" content=\"Est. reading time\" \/>\n\t<meta name=\"twitter:data1\" content=\"2 minutit\" \/>\n<script type=\"application\/ld+json\" class=\"yoast-schema-graph\">{\"@context\":\"https:\/\/schema.org\",\"@graph\":[{\"@type\":\"WebPage\",\"@id\":\"https:\/\/maavagised.ee\/toode\/luksuslik-sokolaadikoorija\/\",\"url\":\"https:\/\/maavagised.ee\/toode\/luksuslik-sokolaadikoorija\/\",\"name\":\"Luksuslik \u0161okolaadikoorija 50ml - Maav\u00e4gised p\u00e4rimusmeditsiinikeskus\",\"isPartOf\":{\"@id\":\"https:\/\/maavagised.ee\/#website\"},\"primaryImageOfPage\":{\"@id\":\"https:\/\/maavagised.ee\/toode\/luksuslik-sokolaadikoorija\/#primaryimage\"},\"image\":{\"@id\":\"https:\/\/maavagised.ee\/toode\/luksuslik-sokolaadikoorija\/#primaryimage\"},\"thumbnailUrl\":\"https:\/\/i0.wp.com\/maavagised.ee\/wp-content\/uploads\/2021\/06\/Luksuslik-sokolaadi-koorija.jpg?fit=240%2C320&ssl=1\",\"datePublished\":\"2021-06-13T10:32:36+00:00\",\"dateModified\":\"2024-09-28T07:25:16+00:00\",\"description\":\"Luksuslik \u0161okolaadikoorija sisaldab \u0161okolaadi, kakaod, suhkrut ja Himaalaja soola, sheav\u00f5id ja magusa mandli \u00f5li.\",\"breadcrumb\":{\"@id\":\"https:\/\/maavagised.ee\/toode\/luksuslik-sokolaadikoorija\/#breadcrumb\"},\"inLanguage\":\"et\",\"potentialAction\":[{\"@type\":\"ReadAction\",\"target\":[\"https:\/\/maavagised.ee\/toode\/luksuslik-sokolaadikoorija\/\"]}]},{\"@type\":\"ImageObject\",\"inLanguage\":\"et\",\"@id\":\"https:\/\/maavagised.ee\/toode\/luksuslik-sokolaadikoorija\/#primaryimage\",\"url\":\"https:\/\/i0.wp.com\/maavagised.ee\/wp-content\/uploads\/2021\/06\/Luksuslik-sokolaadi-koorija.jpg?fit=240%2C320&ssl=1\",\"contentUrl\":\"https:\/\/i0.wp.com\/maavagised.ee\/wp-content\/uploads\/2021\/06\/Luksuslik-sokolaadi-koorija.jpg?fit=240%2C320&ssl=1\",\"width\":240,\"height\":320,\"caption\":\"Luksuslik \u0161okolaadikoorija\"},{\"@type\":\"BreadcrumbList\",\"@id\":\"https:\/\/maavagised.ee\/toode\/luksuslik-sokolaadikoorija\/#breadcrumb\",\"itemListElement\":[{\"@type\":\"ListItem\",\"position\":1,\"name\":\"Home\",\"item\":\"https:\/\/maavagised.ee\/\"},{\"@type\":\"ListItem\",\"position\":2,\"name\":\"Pood\",\"item\":\"https:\/\/maavagised.ee\/pood\/\"},{\"@type\":\"ListItem\",\"position\":3,\"name\":\"Luksuslik \u0161okolaadikoorija 50ml\"}]},{\"@type\":\"WebSite\",\"@id\":\"https:\/\/maavagised.ee\/#website\",\"url\":\"https:\/\/maavagised.ee\/\",\"name\":\"Maavagised\",\"description\":\"L\u00f5\u00f5gastus saunas ja massaa\u017eis v\u00f5i tervis kaanidest.\",\"publisher\":{\"@id\":\"https:\/\/maavagised.ee\/#organization\"},\"potentialAction\":[{\"@type\":\"SearchAction\",\"target\":{\"@type\":\"EntryPoint\",\"urlTemplate\":\"https:\/\/maavagised.ee\/?s={search_term_string}\"},\"query-input\":{\"@type\":\"PropertyValueSpecification\",\"valueRequired\":true,\"valueName\":\"search_term_string\"}}],\"inLanguage\":\"et\"},{\"@type\":\"Organization\",\"@id\":\"https:\/\/maavagised.ee\/#organization\",\"name\":\"Maav\u00e4gised p\u00e4rimusmeditsiinikeskus\",\"url\":\"https:\/\/maavagised.ee\/\",\"logo\":{\"@type\":\"ImageObject\",\"inLanguage\":\"et\",\"@id\":\"https:\/\/maavagised.ee\/#\/schema\/logo\/image\/\",\"url\":\"https:\/\/i0.wp.com\/maavagised.ee\/wp-content\/uploads\/2021\/05\/maavagised_logo1.png?fit=477%2C302&ssl=1\",\"contentUrl\":\"https:\/\/i0.wp.com\/maavagised.ee\/wp-content\/uploads\/2021\/05\/maavagised_logo1.png?fit=477%2C302&ssl=1\",\"width\":477,\"height\":302,\"caption\":\"Maav\u00e4gised p\u00e4rimusmeditsiinikeskus\"},\"image\":{\"@id\":\"https:\/\/maavagised.ee\/#\/schema\/logo\/image\/\"},\"sameAs\":[\"https:\/\/www.facebook.com\/maavagised\",\"https:\/\/www.instagram.com\/maavagised_\/\"]}]}<\/script>\n<!-- \/ Yoast SEO plugin. -->","yoast_head_json":{"title":"Luksuslik \u0161okolaadikoorija 50ml - Maav\u00e4gised p\u00e4rimusmeditsiinikeskus","description":"Luksuslik \u0161okolaadikoorija sisaldab \u0161okolaadi, kakaod, suhkrut ja Himaalaja soola, sheav\u00f5id ja magusa mandli \u00f5li.","robots":{"index":"index","follow":"follow","max-snippet":"max-snippet:-1","max-image-preview":"max-image-preview:large","max-video-preview":"max-video-preview:-1"},"canonical":"https:\/\/maavagised.ee\/et\/toode\/luksuslik-sokolaadikoorija\/","og_locale":"et_EE","og_type":"article","og_title":"Luksuslik \u0161okolaadikoorija 50ml - Maav\u00e4gised p\u00e4rimusmeditsiinikeskus","og_description":"Luksuslik \u0161okolaadikoorija sisaldab \u0161okolaadi, kakaod, suhkrut ja Himaalaja soola, sheav\u00f5id ja magusa mandli \u00f5li.","og_url":"https:\/\/maavagised.ee\/et\/toode\/luksuslik-sokolaadikoorija\/","og_site_name":"Maav\u00e4gised p\u00e4rimusmeditsiinikeskus","article_publisher":"https:\/\/www.facebook.com\/maavagised","article_modified_time":"2024-09-28T07:25:16+00:00","og_image":[{"width":240,"height":320,"url":"https:\/\/maavagised.ee\/wp-content\/uploads\/2021\/06\/Luksuslik-sokolaadi-koorija.jpg","type":"image\/jpeg"}],"twitter_card":"summary_large_image","twitter_misc":{"Est. reading time":"2 minutit"},"schema":{"@context":"https:\/\/schema.org","@graph":[{"@type":"WebPage","@id":"https:\/\/maavagised.ee\/toode\/luksuslik-sokolaadikoorija\/","url":"https:\/\/maavagised.ee\/toode\/luksuslik-sokolaadikoorija\/","name":"Luksuslik \u0161okolaadikoorija 50ml - Maav\u00e4gised p\u00e4rimusmeditsiinikeskus","isPartOf":{"@id":"https:\/\/maavagised.ee\/#website"},"primaryImageOfPage":{"@id":"https:\/\/maavagised.ee\/toode\/luksuslik-sokolaadikoorija\/#primaryimage"},"image":{"@id":"https:\/\/maavagised.ee\/toode\/luksuslik-sokolaadikoorija\/#primaryimage"},"thumbnailUrl":"https:\/\/i0.wp.com\/maavagised.ee\/wp-content\/uploads\/2021\/06\/Luksuslik-sokolaadi-koorija.jpg?fit=240%2C320&ssl=1","datePublished":"2021-06-13T10:32:36+00:00","dateModified":"2024-09-28T07:25:16+00:00","description":"Luksuslik \u0161okolaadikoorija sisaldab \u0161okolaadi, kakaod, suhkrut ja Himaalaja soola, sheav\u00f5id ja magusa mandli \u00f5li.","breadcrumb":{"@id":"https:\/\/maavagised.ee\/toode\/luksuslik-sokolaadikoorija\/#breadcrumb"},"inLanguage":"et","potentialAction":[{"@type":"ReadAction","target":["https:\/\/maavagised.ee\/toode\/luksuslik-sokolaadikoorija\/"]}]},{"@type":"ImageObject","inLanguage":"et","@id":"https:\/\/maavagised.ee\/toode\/luksuslik-sokolaadikoorija\/#primaryimage","url":"https:\/\/i0.wp.com\/maavagised.ee\/wp-content\/uploads\/2021\/06\/Luksuslik-sokolaadi-koorija.jpg?fit=240%2C320&ssl=1","contentUrl":"https:\/\/i0.wp.com\/maavagised.ee\/wp-content\/uploads\/2021\/06\/Luksuslik-sokolaadi-koorija.jpg?fit=240%2C320&ssl=1","width":240,"height":320,"caption":"Luksuslik \u0161okolaadikoorija"},{"@type":"BreadcrumbList","@id":"https:\/\/maavagised.ee\/toode\/luksuslik-sokolaadikoorija\/#breadcrumb","itemListElement":[{"@type":"ListItem","position":1,"name":"Home","item":"https:\/\/maavagised.ee\/"},{"@type":"ListItem","position":2,"name":"Pood","item":"https:\/\/maavagised.ee\/pood\/"},{"@type":"ListItem","position":3,"name":"Luksuslik \u0161okolaadikoorija 50ml"}]},{"@type":"WebSite","@id":"https:\/\/maavagised.ee\/#website","url":"https:\/\/maavagised.ee\/","name":"Maavagised","description":"L\u00f5\u00f5gastus saunas ja massaa\u017eis v\u00f5i tervis kaanidest.","publisher":{"@id":"https:\/\/maavagised.ee\/#organization"},"potentialAction":[{"@type":"SearchAction","target":{"@type":"EntryPoint","urlTemplate":"https:\/\/maavagised.ee\/?s={search_term_string}"},"query-input":{"@type":"PropertyValueSpecification","valueRequired":true,"valueName":"search_term_string"}}],"inLanguage":"et"},{"@type":"Organization","@id":"https:\/\/maavagised.ee\/#organization","name":"Maav\u00e4gised p\u00e4rimusmeditsiinikeskus","url":"https:\/\/maavagised.ee\/","logo":{"@type":"ImageObject","inLanguage":"et","@id":"https:\/\/maavagised.ee\/#\/schema\/logo\/image\/","url":"https:\/\/i0.wp.com\/maavagised.ee\/wp-content\/uploads\/2021\/05\/maavagised_logo1.png?fit=477%2C302&ssl=1","contentUrl":"https:\/\/i0.wp.com\/maavagised.ee\/wp-content\/uploads\/2021\/05\/maavagised_logo1.png?fit=477%2C302&ssl=1","width":477,"height":302,"caption":"Maav\u00e4gised p\u00e4rimusmeditsiinikeskus"},"image":{"@id":"https:\/\/maavagised.ee\/#\/schema\/logo\/image\/"},"sameAs":["https:\/\/www.facebook.com\/maavagised","https:\/\/www.instagram.com\/maavagised_\/"]}]}},"jetpack_sharing_enabled":true,"jetpack_likes_enabled":true,"jetpack-related-posts":[],"_links":{"self":[{"href":"https:\/\/maavagised.ee\/et\/wp-json\/wp\/v2\/product\/1226","targetHints":{"allow":["GET"]}}],"collection":[{"href":"https:\/\/maavagised.ee\/et\/wp-json\/wp\/v2\/product"}],"about":[{"href":"https:\/\/maavagised.ee\/et\/wp-json\/wp\/v2\/types\/product"}],"replies":[{"embeddable":true,"href":"https:\/\/maavagised.ee\/et\/wp-json\/wp\/v2\/comments?post=1226"}],"wp:featuredmedia":[{"embeddable":true,"href":"https:\/\/maavagised.ee\/et\/wp-json\/wp\/v2\/media\/1227"}],"wp:attachment":[{"href":"https:\/\/maavagised.ee\/et\/wp-json\/wp\/v2\/media?parent=1226"}],"wp:term":[{"taxonomy":"product_brand","embeddable":true,"href":"https:\/\/maavagised.ee\/et\/wp-json\/wp\/v2\/product_brand?post=1226"},{"taxonomy":"product_cat","embeddable":true,"href":"https:\/\/maavagised.ee\/et\/wp-json\/wp\/v2\/product_cat?post=1226"},{"taxonomy":"product_tag","embeddable":true,"href":"https:\/\/maavagised.ee\/et\/wp-json\/wp\/v2\/product_tag?post=1226"}],"curies":[{"name":"wp","href":"https:\/\/api.w.org\/{rel}","templated":true}]}}