{"id":1223,"date":"2021-06-12T22:04:58","date_gmt":"2021-06-12T22:04:58","guid":{"rendered":"https:\/\/maavagised.ee\/?post_type=product&#038;p=1223"},"modified":"2026-03-17T09:48:57","modified_gmt":"2026-03-17T07:48:57","slug":"vaigusalv","status":"publish","type":"product","link":"https:\/\/maavagised.ee\/et\/toode\/vaigusalv\/","title":{"rendered":"Vaigusalv"},"content":{"rendered":"<p>Maav\u00e4giste kuusevaigusalvil on antimikroobne, p\u00f5letikuvastane ja epiteelkoe uuenemist soodustav toime. Vaigusalvi m\u00f5ju p\u00f5hineb&nbsp; kuusevaigu komponentide bioloogilisel koostisel. See on m\u00f5eldud kasutamiseks nii kodus kui ka professionaalselt.<br \/>\nVaigusalvi kasutatakse kriimustuste, marrastuste, nahapragude ja nahal\u00f5hede (suunurgad, n\u00e4puotsad, kannad), p\u00f5letuste, p\u00f5letikuliste haavade (lamatised, jala- ja diabeetilised haavandid) ja&nbsp; putukahammustuste korral. Vaigusalv v\u00e4hendab naha\u00e4rritust, s\u00fcgelust ja kiirendab naha paranemist.<br \/>\nSobib professionaalseks kasutamiseks \u00e4gedate ja krooniliste haavade puhul, lamatiste, diabeetiliste haavade, jalahaavandite, keeruliste kirurgiliste haavade t\u00fcsistuste ja avatud abstsesside paikseks raviks.<\/p>\n<p>Kuuse vaiku on&nbsp; kasutatud juba sajandeid erinevate haavade raviks. Salv sobib ka l\u00f6\u00f6vete ja seeninfektsioonide raviks.<\/p>\n<div class=\"article-body__item article-body__item--htmlElement\">\n<p>Kihulase- v\u00f5i parmuhammustusest tekkinud paistetuse ja s\u00fcgeluse v\u00f5tab kuusevaik v\u00f5i kuusevaigusalv kohe, kannal\u00f5hedest kaob valu ja need paranevad m\u00f5ne p\u00e4evaga. Kuusevaik on \u00fcks meie looduse tugevamaid antiseptikuid.<\/p>\n<\/div>\n<div class=\"article-body__item article-body__item--htmlElement\">\n<p>25ml<\/p>\n<\/div>\n","protected":false},"excerpt":{"rendered":"<p>Maav\u00e4giste kuusevaigusalvil on antimikroobne, p\u00f5letikuvastane ja epiteelkoe uuenemist soodustav toime. Vaigusalvi m\u00f5ju p\u00f5hineb&nbsp; kuusevaigu komponentide bioloogilisel koostisel. See on m\u00f5eldud kasutamiseks nii kodus kui ka professionaalselt. Vaigusalvi kasutatakse kriimustuste, marrastuste, nahapragude ja nahal\u00f5hede (suunurgad, n\u00e4puotsad, kannad), p\u00f5letuste, p\u00f5letikuliste haavade (lamatised, jala- ja diabeetilised haavandid) ja&nbsp; putukahammustuste korral. Vaigusalv v\u00e4hendab naha\u00e4rritust, s\u00fcgelust ja kiirendab naha paranemist. [&hellip;]<\/p>\n","protected":false},"featured_media":2893,"comment_status":"closed","ping_status":"closed","template":"","meta":{"om_disable_all_campaigns":false,"site-sidebar-layout":"default","site-content-layout":"default","ast-site-content-layout":"default","site-content-style":"default","site-sidebar-style":"default","ast-global-header-display":"","ast-banner-title-visibility":"","ast-main-header-display":"","ast-hfb-above-header-display":"","ast-hfb-below-header-display":"","ast-hfb-mobile-header-display":"","site-post-title":"","ast-breadcrumbs-content":"","ast-featured-img":"","footer-sml-layout":"","theme-transparent-header-meta":"default","adv-header-id-meta":"","stick-header-meta":"","header-above-stick-meta":"","header-main-stick-meta":"","header-below-stick-meta":"","astra-migrate-meta-layouts":"set","ast-page-background-enabled":"default","ast-page-background-meta":{"desktop":{"background-color":"","background-image":"","background-repeat":"repeat","background-position":"center center","background-size":"auto","background-attachment":"scroll","background-type":"","background-media":"","overlay-type":"","overlay-color":"","overlay-opacity":"","overlay-gradient":""},"tablet":{"background-color":"","background-image":"","background-repeat":"repeat","background-position":"center center","background-size":"auto","background-attachment":"scroll","background-type":"","background-media":"","overlay-type":"","overlay-color":"","overlay-opacity":"","overlay-gradient":""},"mobile":{"background-color":"","background-image":"","background-repeat":"repeat","background-position":"center center","background-size":"auto","background-attachment":"scroll","background-type":"","background-media":"","overlay-type":"","overlay-color":"","overlay-opacity":"","overlay-gradient":""}},"ast-content-background-meta":{"desktop":{"background-color":"var(--ast-global-color-5)","background-image":"","background-repeat":"repeat","background-position":"center center","background-size":"auto","background-attachment":"scroll","background-type":"","background-media":"","overlay-type":"","overlay-color":"","overlay-opacity":"","overlay-gradient":""},"tablet":{"background-color":"var(--ast-global-color-5)","background-image":"","background-repeat":"repeat","background-position":"center center","background-size":"auto","background-attachment":"scroll","background-type":"","background-media":"","overlay-type":"","overlay-color":"","overlay-opacity":"","overlay-gradient":""},"mobile":{"background-color":"var(--ast-global-color-5)","background-image":"","background-repeat":"repeat","background-position":"center center","background-size":"auto","background-attachment":"scroll","background-type":"","background-media":"","overlay-type":"","overlay-color":"","overlay-opacity":"","overlay-gradient":""}},"ngg_post_thumbnail":0},"product_brand":[],"product_cat":[58,53],"product_tag":[],"class_list":{"0":"post-1223","1":"product","2":"type-product","3":"status-publish","4":"has-post-thumbnail","6":"product_cat-ihu-kaitseks","7":"product_cat-salvid","8":"desktop-align-left","9":"tablet-align-left","10":"mobile-align-left","12":"first","13":"instock","14":"shipping-taxable","15":"purchasable","16":"product-type-simple"},"yoast_head":"<!-- This site is optimized with the Yoast SEO plugin v27.1.1 - https:\/\/yoast.com\/product\/yoast-seo-wordpress\/ -->\n<title>Vaigusalv - Maav\u00e4gised p\u00e4rimusmeditsiinikeskus<\/title>\n<meta name=\"description\" content=\"Vaigusalv sisaldab kuusevaiku, on antimikroobne, p\u00f5letikuvastane. Vaigusalv v\u00e4hendab naha\u00e4rritust, s\u00fcgelust ja kiirendab naha paranemist\" \/>\n<meta name=\"robots\" content=\"index, follow, max-snippet:-1, max-image-preview:large, max-video-preview:-1\" \/>\n<link rel=\"canonical\" href=\"https:\/\/maavagised.ee\/et\/toode\/vaigusalv\/\" \/>\n<meta property=\"og:locale\" content=\"et_EE\" \/>\n<meta property=\"og:type\" content=\"article\" \/>\n<meta property=\"og:title\" content=\"Vaigusalv - Maav\u00e4gised p\u00e4rimusmeditsiinikeskus\" \/>\n<meta property=\"og:description\" content=\"Vaigusalv sisaldab kuusevaiku, on antimikroobne, p\u00f5letikuvastane. Vaigusalv v\u00e4hendab naha\u00e4rritust, s\u00fcgelust ja kiirendab naha paranemist\" \/>\n<meta property=\"og:url\" content=\"https:\/\/maavagised.ee\/et\/toode\/vaigusalv\/\" \/>\n<meta property=\"og:site_name\" content=\"Maav\u00e4gised p\u00e4rimusmeditsiinikeskus\" \/>\n<meta property=\"article:publisher\" content=\"https:\/\/www.facebook.com\/maavagised\" \/>\n<meta property=\"article:modified_time\" content=\"2026-03-17T07:48:57+00:00\" \/>\n<meta property=\"og:image\" content=\"https:\/\/maavagised.ee\/wp-content\/uploads\/2021\/06\/vaigusalv-removebg-preview.png\" \/>\n\t<meta property=\"og:image:width\" content=\"433\" \/>\n\t<meta property=\"og:image:height\" content=\"577\" \/>\n\t<meta property=\"og:image:type\" content=\"image\/png\" \/>\n<meta name=\"twitter:card\" content=\"summary_large_image\" \/>\n<meta name=\"twitter:label1\" content=\"Est. reading time\" \/>\n\t<meta name=\"twitter:data1\" content=\"1 minut\" \/>\n<script type=\"application\/ld+json\" class=\"yoast-schema-graph\">{\"@context\":\"https:\/\/schema.org\",\"@graph\":[{\"@type\":\"WebPage\",\"@id\":\"https:\/\/maavagised.ee\/toode\/vaigusalv\/\",\"url\":\"https:\/\/maavagised.ee\/toode\/vaigusalv\/\",\"name\":\"Vaigusalv - Maav\u00e4gised p\u00e4rimusmeditsiinikeskus\",\"isPartOf\":{\"@id\":\"https:\/\/maavagised.ee\/#website\"},\"primaryImageOfPage\":{\"@id\":\"https:\/\/maavagised.ee\/toode\/vaigusalv\/#primaryimage\"},\"image\":{\"@id\":\"https:\/\/maavagised.ee\/toode\/vaigusalv\/#primaryimage\"},\"thumbnailUrl\":\"https:\/\/i0.wp.com\/maavagised.ee\/wp-content\/uploads\/2021\/06\/vaigusalv-removebg-preview.png?fit=433%2C577&ssl=1\",\"datePublished\":\"2021-06-12T22:04:58+00:00\",\"dateModified\":\"2026-03-17T07:48:57+00:00\",\"description\":\"Vaigusalv sisaldab kuusevaiku, on antimikroobne, p\u00f5letikuvastane. Vaigusalv v\u00e4hendab naha\u00e4rritust, s\u00fcgelust ja kiirendab naha paranemist\",\"breadcrumb\":{\"@id\":\"https:\/\/maavagised.ee\/toode\/vaigusalv\/#breadcrumb\"},\"inLanguage\":\"et\",\"potentialAction\":[{\"@type\":\"ReadAction\",\"target\":[\"https:\/\/maavagised.ee\/toode\/vaigusalv\/\"]}]},{\"@type\":\"ImageObject\",\"inLanguage\":\"et\",\"@id\":\"https:\/\/maavagised.ee\/toode\/vaigusalv\/#primaryimage\",\"url\":\"https:\/\/i0.wp.com\/maavagised.ee\/wp-content\/uploads\/2021\/06\/vaigusalv-removebg-preview.png?fit=433%2C577&ssl=1\",\"contentUrl\":\"https:\/\/i0.wp.com\/maavagised.ee\/wp-content\/uploads\/2021\/06\/vaigusalv-removebg-preview.png?fit=433%2C577&ssl=1\",\"width\":433,\"height\":577},{\"@type\":\"BreadcrumbList\",\"@id\":\"https:\/\/maavagised.ee\/toode\/vaigusalv\/#breadcrumb\",\"itemListElement\":[{\"@type\":\"ListItem\",\"position\":1,\"name\":\"Home\",\"item\":\"https:\/\/maavagised.ee\/\"},{\"@type\":\"ListItem\",\"position\":2,\"name\":\"Pood\",\"item\":\"https:\/\/maavagised.ee\/pood\/\"},{\"@type\":\"ListItem\",\"position\":3,\"name\":\"Vaigusalv\"}]},{\"@type\":\"WebSite\",\"@id\":\"https:\/\/maavagised.ee\/#website\",\"url\":\"https:\/\/maavagised.ee\/\",\"name\":\"Maavagised\",\"description\":\"L\u00f5\u00f5gastus saunas ja massaa\u017eis v\u00f5i tervis kaanidest.\",\"publisher\":{\"@id\":\"https:\/\/maavagised.ee\/#organization\"},\"potentialAction\":[{\"@type\":\"SearchAction\",\"target\":{\"@type\":\"EntryPoint\",\"urlTemplate\":\"https:\/\/maavagised.ee\/?s={search_term_string}\"},\"query-input\":{\"@type\":\"PropertyValueSpecification\",\"valueRequired\":true,\"valueName\":\"search_term_string\"}}],\"inLanguage\":\"et\"},{\"@type\":\"Organization\",\"@id\":\"https:\/\/maavagised.ee\/#organization\",\"name\":\"Maav\u00e4gised p\u00e4rimusmeditsiinikeskus\",\"url\":\"https:\/\/maavagised.ee\/\",\"logo\":{\"@type\":\"ImageObject\",\"inLanguage\":\"et\",\"@id\":\"https:\/\/maavagised.ee\/#\/schema\/logo\/image\/\",\"url\":\"https:\/\/i0.wp.com\/maavagised.ee\/wp-content\/uploads\/2021\/05\/maavagised_logo1.png?fit=477%2C302&ssl=1\",\"contentUrl\":\"https:\/\/i0.wp.com\/maavagised.ee\/wp-content\/uploads\/2021\/05\/maavagised_logo1.png?fit=477%2C302&ssl=1\",\"width\":477,\"height\":302,\"caption\":\"Maav\u00e4gised p\u00e4rimusmeditsiinikeskus\"},\"image\":{\"@id\":\"https:\/\/maavagised.ee\/#\/schema\/logo\/image\/\"},\"sameAs\":[\"https:\/\/www.facebook.com\/maavagised\",\"https:\/\/www.instagram.com\/maavagised_\/\"]}]}<\/script>\n<!-- \/ Yoast SEO plugin. -->","yoast_head_json":{"title":"Vaigusalv - Maav\u00e4gised p\u00e4rimusmeditsiinikeskus","description":"Vaigusalv sisaldab kuusevaiku, on antimikroobne, p\u00f5letikuvastane. Vaigusalv v\u00e4hendab naha\u00e4rritust, s\u00fcgelust ja kiirendab naha paranemist","robots":{"index":"index","follow":"follow","max-snippet":"max-snippet:-1","max-image-preview":"max-image-preview:large","max-video-preview":"max-video-preview:-1"},"canonical":"https:\/\/maavagised.ee\/et\/toode\/vaigusalv\/","og_locale":"et_EE","og_type":"article","og_title":"Vaigusalv - Maav\u00e4gised p\u00e4rimusmeditsiinikeskus","og_description":"Vaigusalv sisaldab kuusevaiku, on antimikroobne, p\u00f5letikuvastane. Vaigusalv v\u00e4hendab naha\u00e4rritust, s\u00fcgelust ja kiirendab naha paranemist","og_url":"https:\/\/maavagised.ee\/et\/toode\/vaigusalv\/","og_site_name":"Maav\u00e4gised p\u00e4rimusmeditsiinikeskus","article_publisher":"https:\/\/www.facebook.com\/maavagised","article_modified_time":"2026-03-17T07:48:57+00:00","og_image":[{"width":433,"height":577,"url":"https:\/\/maavagised.ee\/wp-content\/uploads\/2021\/06\/vaigusalv-removebg-preview.png","type":"image\/png"}],"twitter_card":"summary_large_image","twitter_misc":{"Est. reading time":"1 minut"},"schema":{"@context":"https:\/\/schema.org","@graph":[{"@type":"WebPage","@id":"https:\/\/maavagised.ee\/toode\/vaigusalv\/","url":"https:\/\/maavagised.ee\/toode\/vaigusalv\/","name":"Vaigusalv - Maav\u00e4gised p\u00e4rimusmeditsiinikeskus","isPartOf":{"@id":"https:\/\/maavagised.ee\/#website"},"primaryImageOfPage":{"@id":"https:\/\/maavagised.ee\/toode\/vaigusalv\/#primaryimage"},"image":{"@id":"https:\/\/maavagised.ee\/toode\/vaigusalv\/#primaryimage"},"thumbnailUrl":"https:\/\/i0.wp.com\/maavagised.ee\/wp-content\/uploads\/2021\/06\/vaigusalv-removebg-preview.png?fit=433%2C577&ssl=1","datePublished":"2021-06-12T22:04:58+00:00","dateModified":"2026-03-17T07:48:57+00:00","description":"Vaigusalv sisaldab kuusevaiku, on antimikroobne, p\u00f5letikuvastane. Vaigusalv v\u00e4hendab naha\u00e4rritust, s\u00fcgelust ja kiirendab naha paranemist","breadcrumb":{"@id":"https:\/\/maavagised.ee\/toode\/vaigusalv\/#breadcrumb"},"inLanguage":"et","potentialAction":[{"@type":"ReadAction","target":["https:\/\/maavagised.ee\/toode\/vaigusalv\/"]}]},{"@type":"ImageObject","inLanguage":"et","@id":"https:\/\/maavagised.ee\/toode\/vaigusalv\/#primaryimage","url":"https:\/\/i0.wp.com\/maavagised.ee\/wp-content\/uploads\/2021\/06\/vaigusalv-removebg-preview.png?fit=433%2C577&ssl=1","contentUrl":"https:\/\/i0.wp.com\/maavagised.ee\/wp-content\/uploads\/2021\/06\/vaigusalv-removebg-preview.png?fit=433%2C577&ssl=1","width":433,"height":577},{"@type":"BreadcrumbList","@id":"https:\/\/maavagised.ee\/toode\/vaigusalv\/#breadcrumb","itemListElement":[{"@type":"ListItem","position":1,"name":"Home","item":"https:\/\/maavagised.ee\/"},{"@type":"ListItem","position":2,"name":"Pood","item":"https:\/\/maavagised.ee\/pood\/"},{"@type":"ListItem","position":3,"name":"Vaigusalv"}]},{"@type":"WebSite","@id":"https:\/\/maavagised.ee\/#website","url":"https:\/\/maavagised.ee\/","name":"Maavagised","description":"L\u00f5\u00f5gastus saunas ja massaa\u017eis v\u00f5i tervis kaanidest.","publisher":{"@id":"https:\/\/maavagised.ee\/#organization"},"potentialAction":[{"@type":"SearchAction","target":{"@type":"EntryPoint","urlTemplate":"https:\/\/maavagised.ee\/?s={search_term_string}"},"query-input":{"@type":"PropertyValueSpecification","valueRequired":true,"valueName":"search_term_string"}}],"inLanguage":"et"},{"@type":"Organization","@id":"https:\/\/maavagised.ee\/#organization","name":"Maav\u00e4gised p\u00e4rimusmeditsiinikeskus","url":"https:\/\/maavagised.ee\/","logo":{"@type":"ImageObject","inLanguage":"et","@id":"https:\/\/maavagised.ee\/#\/schema\/logo\/image\/","url":"https:\/\/i0.wp.com\/maavagised.ee\/wp-content\/uploads\/2021\/05\/maavagised_logo1.png?fit=477%2C302&ssl=1","contentUrl":"https:\/\/i0.wp.com\/maavagised.ee\/wp-content\/uploads\/2021\/05\/maavagised_logo1.png?fit=477%2C302&ssl=1","width":477,"height":302,"caption":"Maav\u00e4gised p\u00e4rimusmeditsiinikeskus"},"image":{"@id":"https:\/\/maavagised.ee\/#\/schema\/logo\/image\/"},"sameAs":["https:\/\/www.facebook.com\/maavagised","https:\/\/www.instagram.com\/maavagised_\/"]}]}},"jetpack_sharing_enabled":true,"jetpack_likes_enabled":true,"jetpack-related-posts":[],"_links":{"self":[{"href":"https:\/\/maavagised.ee\/et\/wp-json\/wp\/v2\/product\/1223","targetHints":{"allow":["GET"]}}],"collection":[{"href":"https:\/\/maavagised.ee\/et\/wp-json\/wp\/v2\/product"}],"about":[{"href":"https:\/\/maavagised.ee\/et\/wp-json\/wp\/v2\/types\/product"}],"replies":[{"embeddable":true,"href":"https:\/\/maavagised.ee\/et\/wp-json\/wp\/v2\/comments?post=1223"}],"wp:featuredmedia":[{"embeddable":true,"href":"https:\/\/maavagised.ee\/et\/wp-json\/wp\/v2\/media\/2893"}],"wp:attachment":[{"href":"https:\/\/maavagised.ee\/et\/wp-json\/wp\/v2\/media?parent=1223"}],"wp:term":[{"taxonomy":"product_brand","embeddable":true,"href":"https:\/\/maavagised.ee\/et\/wp-json\/wp\/v2\/product_brand?post=1223"},{"taxonomy":"product_cat","embeddable":true,"href":"https:\/\/maavagised.ee\/et\/wp-json\/wp\/v2\/product_cat?post=1223"},{"taxonomy":"product_tag","embeddable":true,"href":"https:\/\/maavagised.ee\/et\/wp-json\/wp\/v2\/product_tag?post=1223"}],"curies":[{"name":"wp","href":"https:\/\/api.w.org\/{rel}","templated":true}]}}