{"id":1192,"date":"2021-06-12T11:20:00","date_gmt":"2021-06-12T11:20:00","guid":{"rendered":"https:\/\/maavagised.ee\/?post_type=product&#038;p=1192"},"modified":"2025-11-24T16:02:20","modified_gmt":"2025-11-24T14:02:20","slug":"luksuslik-kehakreem","status":"publish","type":"product","link":"https:\/\/maavagised.ee\/et\/toode\/luksuslik-kehakreem\/","title":{"rendered":"Luksuslik kehakreem 50ml"},"content":{"rendered":"<p>Luksuslik kehakreem on rikkalik kreem on hea naha niisutaja ja toitja. Sisaldades shea v\u00f5id sisaldab A, E, F vitamiine ja rasvhappeid ja sel on p\u00f5letikuvastased ja nahka parandavad omadused. Kookosrasv on antibakteriaalne, p\u00f5letikuvastane ja nahka niisutav, lisaks sisaldab kookosrasv E-vitamiini ning on antioks\u00fcdantne ja on selle t\u00f5ttu nahka noorendav ja kortsusid siluv, magusa mandli \u00f5li sobib kuivale p\u00f5letikulisele nahale osaleb naharakkude uuenemise protsessis, omab p\u00f5letikuvastast toimet ja imendub kergesti.<\/p>\n<p>See luksusliku magusa l\u00f5hnaga kehakreem on hea p\u00e4ikesep\u00f5letuse puhul, ravib kuivast nahast tingitud s\u00fcgelust, parandab naha tekstuuri, on p\u00f5letiku vastane, nahka uuendav.<\/p>\n<p>Vanilje l\u00f5hn kombineerituna teiste eeterlike \u00f5lidega j\u00e4tavab naha m\u00f5nusalt l\u00f5hnama ja t\u00e4nu koostisele on nahk kaua toidetud, siidine ja pehme.<\/p>\n<p>&nbsp;<\/p>\n<p>Meie kreemide puhul on kasutatud toorainet, mis on<\/p>\n<p>ise kasvatatud, v\u00f5i puhtast loodusest ise kogutud.<\/p>\n<p>Tooraine mida ostame sisse on kontrollitud ja \u00f6ko<\/p>\n<p>sertifikaatidega. Eesm\u00e4rgiks on pakkuda lihtsaid ja<\/p>\n<p>maal\u00e4hedasi tooteid inimestele kes hindavad loodust,<\/p>\n<p>tervist ja v\u00f5imalikult v\u00e4ikest \u00f6koloogilist jalaj\u00e4lge<\/p>\n<p>&nbsp;<\/p>\n","protected":false},"excerpt":{"rendered":"<p>Luksuslik kehakreem on rikkalik kreem on hea naha niisutaja ja toitja. Sisaldades shea v\u00f5id sisaldab A, E, F vitamiine ja rasvhappeid ja sel on p\u00f5letikuvastased ja nahka parandavad omadused. Kookosrasv on antibakteriaalne, p\u00f5letikuvastane ja nahka niisutav, lisaks sisaldab kookosrasv E-vitamiini ning on antioks\u00fcdantne ja on selle t\u00f5ttu nahka noorendav ja kortsusid siluv, magusa mandli \u00f5li [&hellip;]<\/p>\n","protected":false},"featured_media":1225,"comment_status":"closed","ping_status":"closed","template":"","meta":{"om_disable_all_campaigns":false,"site-sidebar-layout":"default","site-content-layout":"default","ast-site-content-layout":"default","site-content-style":"default","site-sidebar-style":"default","ast-global-header-display":"","ast-banner-title-visibility":"","ast-main-header-display":"","ast-hfb-above-header-display":"","ast-hfb-below-header-display":"","ast-hfb-mobile-header-display":"","site-post-title":"","ast-breadcrumbs-content":"","ast-featured-img":"","footer-sml-layout":"","theme-transparent-header-meta":"default","adv-header-id-meta":"","stick-header-meta":"","header-above-stick-meta":"","header-main-stick-meta":"","header-below-stick-meta":"","astra-migrate-meta-layouts":"set","ast-page-background-enabled":"default","ast-page-background-meta":{"desktop":{"background-color":"","background-image":"","background-repeat":"repeat","background-position":"center center","background-size":"auto","background-attachment":"scroll","background-type":"","background-media":"","overlay-type":"","overlay-color":"","overlay-opacity":"","overlay-gradient":""},"tablet":{"background-color":"","background-image":"","background-repeat":"repeat","background-position":"center center","background-size":"auto","background-attachment":"scroll","background-type":"","background-media":"","overlay-type":"","overlay-color":"","overlay-opacity":"","overlay-gradient":""},"mobile":{"background-color":"","background-image":"","background-repeat":"repeat","background-position":"center center","background-size":"auto","background-attachment":"scroll","background-type":"","background-media":"","overlay-type":"","overlay-color":"","overlay-opacity":"","overlay-gradient":""}},"ast-content-background-meta":{"desktop":{"background-color":"var(--ast-global-color-5)","background-image":"","background-repeat":"repeat","background-position":"center center","background-size":"auto","background-attachment":"scroll","background-type":"","background-media":"","overlay-type":"","overlay-color":"","overlay-opacity":"","overlay-gradient":""},"tablet":{"background-color":"var(--ast-global-color-5)","background-image":"","background-repeat":"repeat","background-position":"center center","background-size":"auto","background-attachment":"scroll","background-type":"","background-media":"","overlay-type":"","overlay-color":"","overlay-opacity":"","overlay-gradient":""},"mobile":{"background-color":"var(--ast-global-color-5)","background-image":"","background-repeat":"repeat","background-position":"center center","background-size":"auto","background-attachment":"scroll","background-type":"","background-media":"","overlay-type":"","overlay-color":"","overlay-opacity":"","overlay-gradient":""}},"ngg_post_thumbnail":0},"product_brand":[],"product_cat":[21],"product_tag":[],"class_list":{"0":"post-1192","1":"product","2":"type-product","3":"status-publish","4":"has-post-thumbnail","6":"product_cat-kreemid","7":"desktop-align-left","8":"tablet-align-left","9":"mobile-align-left","11":"first","12":"instock","13":"shipping-taxable","14":"purchasable","15":"product-type-simple"},"yoast_head":"<!-- This site is optimized with the Yoast SEO plugin v27.1.1 - https:\/\/yoast.com\/product\/yoast-seo-wordpress\/ -->\n<title>Luksuslik kehakreem 50ml - Maav\u00e4gised p\u00e4rimusmeditsiinikeskus<\/title>\n<meta name=\"description\" content=\"Luksuslik kehakreem on rikkalik kreem, hea naha niisutaja ja toitja. Sel on p\u00f5letikuvastased ja nahka parandavad omadused.\" \/>\n<meta name=\"robots\" content=\"index, follow, max-snippet:-1, max-image-preview:large, max-video-preview:-1\" \/>\n<link rel=\"canonical\" href=\"https:\/\/maavagised.ee\/et\/toode\/luksuslik-kehakreem\/\" \/>\n<meta property=\"og:locale\" content=\"et_EE\" \/>\n<meta property=\"og:type\" content=\"article\" \/>\n<meta property=\"og:title\" content=\"Luksuslik kehakreem 50ml - Maav\u00e4gised p\u00e4rimusmeditsiinikeskus\" \/>\n<meta property=\"og:description\" content=\"Luksuslik kehakreem on rikkalik kreem, hea naha niisutaja ja toitja. Sel on p\u00f5letikuvastased ja nahka parandavad omadused.\" \/>\n<meta property=\"og:url\" content=\"https:\/\/maavagised.ee\/et\/toode\/luksuslik-kehakreem\/\" \/>\n<meta property=\"og:site_name\" content=\"Maav\u00e4gised p\u00e4rimusmeditsiinikeskus\" \/>\n<meta property=\"article:publisher\" content=\"https:\/\/www.facebook.com\/maavagised\" \/>\n<meta property=\"article:modified_time\" content=\"2025-11-24T14:02:20+00:00\" \/>\n<meta property=\"og:image\" content=\"https:\/\/maavagised.ee\/wp-content\/uploads\/2021\/06\/Luksuslik-kehakreem.jpg\" \/>\n\t<meta property=\"og:image:width\" content=\"480\" \/>\n\t<meta property=\"og:image:height\" content=\"640\" \/>\n\t<meta property=\"og:image:type\" content=\"image\/jpeg\" \/>\n<meta name=\"twitter:card\" content=\"summary_large_image\" \/>\n<meta name=\"twitter:label1\" content=\"Est. reading time\" \/>\n\t<meta name=\"twitter:data1\" content=\"2 minutit\" \/>\n<script type=\"application\/ld+json\" class=\"yoast-schema-graph\">{\"@context\":\"https:\/\/schema.org\",\"@graph\":[{\"@type\":\"WebPage\",\"@id\":\"https:\/\/maavagised.ee\/toode\/luksuslik-kehakreem\/\",\"url\":\"https:\/\/maavagised.ee\/toode\/luksuslik-kehakreem\/\",\"name\":\"Luksuslik kehakreem 50ml - Maav\u00e4gised p\u00e4rimusmeditsiinikeskus\",\"isPartOf\":{\"@id\":\"https:\/\/maavagised.ee\/#website\"},\"primaryImageOfPage\":{\"@id\":\"https:\/\/maavagised.ee\/toode\/luksuslik-kehakreem\/#primaryimage\"},\"image\":{\"@id\":\"https:\/\/maavagised.ee\/toode\/luksuslik-kehakreem\/#primaryimage\"},\"thumbnailUrl\":\"https:\/\/i0.wp.com\/maavagised.ee\/wp-content\/uploads\/2021\/06\/Luksuslik-kehakreem.jpg?fit=480%2C640&ssl=1\",\"datePublished\":\"2021-06-12T11:20:00+00:00\",\"dateModified\":\"2025-11-24T14:02:20+00:00\",\"description\":\"Luksuslik kehakreem on rikkalik kreem, hea naha niisutaja ja toitja. Sel on p\u00f5letikuvastased ja nahka parandavad omadused.\",\"breadcrumb\":{\"@id\":\"https:\/\/maavagised.ee\/toode\/luksuslik-kehakreem\/#breadcrumb\"},\"inLanguage\":\"et\",\"potentialAction\":[{\"@type\":\"ReadAction\",\"target\":[\"https:\/\/maavagised.ee\/toode\/luksuslik-kehakreem\/\"]}]},{\"@type\":\"ImageObject\",\"inLanguage\":\"et\",\"@id\":\"https:\/\/maavagised.ee\/toode\/luksuslik-kehakreem\/#primaryimage\",\"url\":\"https:\/\/i0.wp.com\/maavagised.ee\/wp-content\/uploads\/2021\/06\/Luksuslik-kehakreem.jpg?fit=480%2C640&ssl=1\",\"contentUrl\":\"https:\/\/i0.wp.com\/maavagised.ee\/wp-content\/uploads\/2021\/06\/Luksuslik-kehakreem.jpg?fit=480%2C640&ssl=1\",\"width\":480,\"height\":640,\"caption\":\"Luksuslik kehakreem, magus, toitev\"},{\"@type\":\"BreadcrumbList\",\"@id\":\"https:\/\/maavagised.ee\/toode\/luksuslik-kehakreem\/#breadcrumb\",\"itemListElement\":[{\"@type\":\"ListItem\",\"position\":1,\"name\":\"Home\",\"item\":\"https:\/\/maavagised.ee\/\"},{\"@type\":\"ListItem\",\"position\":2,\"name\":\"Pood\",\"item\":\"https:\/\/maavagised.ee\/pood\/\"},{\"@type\":\"ListItem\",\"position\":3,\"name\":\"Luksuslik kehakreem 50ml\"}]},{\"@type\":\"WebSite\",\"@id\":\"https:\/\/maavagised.ee\/#website\",\"url\":\"https:\/\/maavagised.ee\/\",\"name\":\"Maavagised\",\"description\":\"L\u00f5\u00f5gastus saunas ja massaa\u017eis v\u00f5i tervis kaanidest.\",\"publisher\":{\"@id\":\"https:\/\/maavagised.ee\/#organization\"},\"potentialAction\":[{\"@type\":\"SearchAction\",\"target\":{\"@type\":\"EntryPoint\",\"urlTemplate\":\"https:\/\/maavagised.ee\/?s={search_term_string}\"},\"query-input\":{\"@type\":\"PropertyValueSpecification\",\"valueRequired\":true,\"valueName\":\"search_term_string\"}}],\"inLanguage\":\"et\"},{\"@type\":\"Organization\",\"@id\":\"https:\/\/maavagised.ee\/#organization\",\"name\":\"Maav\u00e4gised p\u00e4rimusmeditsiinikeskus\",\"url\":\"https:\/\/maavagised.ee\/\",\"logo\":{\"@type\":\"ImageObject\",\"inLanguage\":\"et\",\"@id\":\"https:\/\/maavagised.ee\/#\/schema\/logo\/image\/\",\"url\":\"https:\/\/i0.wp.com\/maavagised.ee\/wp-content\/uploads\/2021\/05\/maavagised_logo1.png?fit=477%2C302&ssl=1\",\"contentUrl\":\"https:\/\/i0.wp.com\/maavagised.ee\/wp-content\/uploads\/2021\/05\/maavagised_logo1.png?fit=477%2C302&ssl=1\",\"width\":477,\"height\":302,\"caption\":\"Maav\u00e4gised p\u00e4rimusmeditsiinikeskus\"},\"image\":{\"@id\":\"https:\/\/maavagised.ee\/#\/schema\/logo\/image\/\"},\"sameAs\":[\"https:\/\/www.facebook.com\/maavagised\",\"https:\/\/www.instagram.com\/maavagised_\/\"]}]}<\/script>\n<!-- \/ Yoast SEO plugin. -->","yoast_head_json":{"title":"Luksuslik kehakreem 50ml - Maav\u00e4gised p\u00e4rimusmeditsiinikeskus","description":"Luksuslik kehakreem on rikkalik kreem, hea naha niisutaja ja toitja. Sel on p\u00f5letikuvastased ja nahka parandavad omadused.","robots":{"index":"index","follow":"follow","max-snippet":"max-snippet:-1","max-image-preview":"max-image-preview:large","max-video-preview":"max-video-preview:-1"},"canonical":"https:\/\/maavagised.ee\/et\/toode\/luksuslik-kehakreem\/","og_locale":"et_EE","og_type":"article","og_title":"Luksuslik kehakreem 50ml - Maav\u00e4gised p\u00e4rimusmeditsiinikeskus","og_description":"Luksuslik kehakreem on rikkalik kreem, hea naha niisutaja ja toitja. Sel on p\u00f5letikuvastased ja nahka parandavad omadused.","og_url":"https:\/\/maavagised.ee\/et\/toode\/luksuslik-kehakreem\/","og_site_name":"Maav\u00e4gised p\u00e4rimusmeditsiinikeskus","article_publisher":"https:\/\/www.facebook.com\/maavagised","article_modified_time":"2025-11-24T14:02:20+00:00","og_image":[{"width":480,"height":640,"url":"https:\/\/maavagised.ee\/wp-content\/uploads\/2021\/06\/Luksuslik-kehakreem.jpg","type":"image\/jpeg"}],"twitter_card":"summary_large_image","twitter_misc":{"Est. reading time":"2 minutit"},"schema":{"@context":"https:\/\/schema.org","@graph":[{"@type":"WebPage","@id":"https:\/\/maavagised.ee\/toode\/luksuslik-kehakreem\/","url":"https:\/\/maavagised.ee\/toode\/luksuslik-kehakreem\/","name":"Luksuslik kehakreem 50ml - Maav\u00e4gised p\u00e4rimusmeditsiinikeskus","isPartOf":{"@id":"https:\/\/maavagised.ee\/#website"},"primaryImageOfPage":{"@id":"https:\/\/maavagised.ee\/toode\/luksuslik-kehakreem\/#primaryimage"},"image":{"@id":"https:\/\/maavagised.ee\/toode\/luksuslik-kehakreem\/#primaryimage"},"thumbnailUrl":"https:\/\/i0.wp.com\/maavagised.ee\/wp-content\/uploads\/2021\/06\/Luksuslik-kehakreem.jpg?fit=480%2C640&ssl=1","datePublished":"2021-06-12T11:20:00+00:00","dateModified":"2025-11-24T14:02:20+00:00","description":"Luksuslik kehakreem on rikkalik kreem, hea naha niisutaja ja toitja. Sel on p\u00f5letikuvastased ja nahka parandavad omadused.","breadcrumb":{"@id":"https:\/\/maavagised.ee\/toode\/luksuslik-kehakreem\/#breadcrumb"},"inLanguage":"et","potentialAction":[{"@type":"ReadAction","target":["https:\/\/maavagised.ee\/toode\/luksuslik-kehakreem\/"]}]},{"@type":"ImageObject","inLanguage":"et","@id":"https:\/\/maavagised.ee\/toode\/luksuslik-kehakreem\/#primaryimage","url":"https:\/\/i0.wp.com\/maavagised.ee\/wp-content\/uploads\/2021\/06\/Luksuslik-kehakreem.jpg?fit=480%2C640&ssl=1","contentUrl":"https:\/\/i0.wp.com\/maavagised.ee\/wp-content\/uploads\/2021\/06\/Luksuslik-kehakreem.jpg?fit=480%2C640&ssl=1","width":480,"height":640,"caption":"Luksuslik kehakreem, magus, toitev"},{"@type":"BreadcrumbList","@id":"https:\/\/maavagised.ee\/toode\/luksuslik-kehakreem\/#breadcrumb","itemListElement":[{"@type":"ListItem","position":1,"name":"Home","item":"https:\/\/maavagised.ee\/"},{"@type":"ListItem","position":2,"name":"Pood","item":"https:\/\/maavagised.ee\/pood\/"},{"@type":"ListItem","position":3,"name":"Luksuslik kehakreem 50ml"}]},{"@type":"WebSite","@id":"https:\/\/maavagised.ee\/#website","url":"https:\/\/maavagised.ee\/","name":"Maavagised","description":"L\u00f5\u00f5gastus saunas ja massaa\u017eis v\u00f5i tervis kaanidest.","publisher":{"@id":"https:\/\/maavagised.ee\/#organization"},"potentialAction":[{"@type":"SearchAction","target":{"@type":"EntryPoint","urlTemplate":"https:\/\/maavagised.ee\/?s={search_term_string}"},"query-input":{"@type":"PropertyValueSpecification","valueRequired":true,"valueName":"search_term_string"}}],"inLanguage":"et"},{"@type":"Organization","@id":"https:\/\/maavagised.ee\/#organization","name":"Maav\u00e4gised p\u00e4rimusmeditsiinikeskus","url":"https:\/\/maavagised.ee\/","logo":{"@type":"ImageObject","inLanguage":"et","@id":"https:\/\/maavagised.ee\/#\/schema\/logo\/image\/","url":"https:\/\/i0.wp.com\/maavagised.ee\/wp-content\/uploads\/2021\/05\/maavagised_logo1.png?fit=477%2C302&ssl=1","contentUrl":"https:\/\/i0.wp.com\/maavagised.ee\/wp-content\/uploads\/2021\/05\/maavagised_logo1.png?fit=477%2C302&ssl=1","width":477,"height":302,"caption":"Maav\u00e4gised p\u00e4rimusmeditsiinikeskus"},"image":{"@id":"https:\/\/maavagised.ee\/#\/schema\/logo\/image\/"},"sameAs":["https:\/\/www.facebook.com\/maavagised","https:\/\/www.instagram.com\/maavagised_\/"]}]}},"jetpack_sharing_enabled":true,"jetpack_likes_enabled":true,"jetpack-related-posts":[],"_links":{"self":[{"href":"https:\/\/maavagised.ee\/et\/wp-json\/wp\/v2\/product\/1192","targetHints":{"allow":["GET"]}}],"collection":[{"href":"https:\/\/maavagised.ee\/et\/wp-json\/wp\/v2\/product"}],"about":[{"href":"https:\/\/maavagised.ee\/et\/wp-json\/wp\/v2\/types\/product"}],"replies":[{"embeddable":true,"href":"https:\/\/maavagised.ee\/et\/wp-json\/wp\/v2\/comments?post=1192"}],"wp:featuredmedia":[{"embeddable":true,"href":"https:\/\/maavagised.ee\/et\/wp-json\/wp\/v2\/media\/1225"}],"wp:attachment":[{"href":"https:\/\/maavagised.ee\/et\/wp-json\/wp\/v2\/media?parent=1192"}],"wp:term":[{"taxonomy":"product_brand","embeddable":true,"href":"https:\/\/maavagised.ee\/et\/wp-json\/wp\/v2\/product_brand?post=1192"},{"taxonomy":"product_cat","embeddable":true,"href":"https:\/\/maavagised.ee\/et\/wp-json\/wp\/v2\/product_cat?post=1192"},{"taxonomy":"product_tag","embeddable":true,"href":"https:\/\/maavagised.ee\/et\/wp-json\/wp\/v2\/product_tag?post=1192"}],"curies":[{"name":"wp","href":"https:\/\/api.w.org\/{rel}","templated":true}]}}