{"id":989,"date":"2021-06-06T22:16:03","date_gmt":"2021-06-06T22:16:03","guid":{"rendered":"https:\/\/maavagised.ee\/?page_id=989"},"modified":"2024-09-11T11:41:42","modified_gmt":"2024-09-11T08:41:42","slug":"kaaniravi-meelespea","status":"publish","type":"page","link":"https:\/\/maavagised.ee\/et\/kaaniravi-meelespea\/","title":{"rendered":"Kaaniravi meelespea"},"content":{"rendered":"\n<p>Kaaniravile tulles peab nahk olema puhas, mitte kasutada l\u00f5hnavaid du\u0161\u0161igeele. Eelnevalt ei tohi kasutada salve, kreeme ja parf\u00fc\u00fcme. Vahetult enne kaaniravi ei tohi tarbida alkoholi. P\u00e4ev enne ja p\u00e4rast kaaniravi ei ole soovituslik kasutada verevedeldajat. \u00dchtlasi v\u00f5iks v\u00e4ltida v\u00f5imaluselt teravaid toite ja ka k\u00fc\u00fcslaugu tarbimist.<br><strong>Hirudoteraapia on t\u00f5sine protseduur, mis n\u00f5uab patsiendilt erilist t\u00e4helepanu ja t\u00f5sist suhtumist.<\/strong><br>Kohas, kus asusid kaanid, v\u00f5ib olla turse, palavik, valu, verejooks kuni 48 tundi, nahakihelus, nahapunetus, paistetus. Samuti temperatuuri k\u00f5rgenemine, verer\u00f5hu k\u00f5rgenemine v\u00f5i madaldumine, n\u00f5rkus, k\u00fclmav\u00e4rinad jne. Oluline on juua rohkelt vedelikku (taimeteed, puhast vett).<br>Organismi individuaalsed erisused v\u00f5ivad samuti tekitada reaktsiooni, mis v\u00e4ljendub vanadelt latentselt p\u00f5letike \u00e4genemises. Pole vaja seda karta, sest k\u00f5ik \u00fclalnimetatu on kaanis\u00fclje toime tulemus, mis l\u00e4heb \u00fcle 2-3 p\u00e4eva p\u00e4rast.Seda postitust sponsoreerivad meie partnerid Wigs<\/p>\n\n\n\n<p>V\u00f5ib k\u00e4ia du\u0161\u0161i all, kuid vanni v\u00f5tmine ja (leili) saunas v\u00f5i basseinis k\u00e4ik on lubatud vaid p\u00e4rast verejooksu t\u00e4ielikku peatumist.<br>Ravikuuri kestel tuleb pidada ps\u00fchholoogilist ja f\u00fc\u00fcsilist rahu.<br>Kaanid on \u00fchekordseks kasutamiseks ja peale kasutamist kuuluvad h\u00e4vitamisele.<\/p>\n\n\n\n<h2 class=\"wp-block-heading\"><strong>Kaaniravi haavahooldus:<\/strong><\/h2>\n\n\n\n<p>Kaani hammustuse haav veritseb 24-48 tundi, see on loomulik n\u00e4htus. Kaani hammustus on steriilne. P\u00e4rast esialgse plaastri eemaldamist puhastada haava antiseptilise vahendiga ja katta haav v\u00e4iksema plaastriga. Kaanide panemise kohti ei tohi k\u00f5vasti s\u00fcgada, et v\u00e4ltida infektsiooni sattumist haava. Naha kiheluse kergendamiseks v\u00f5ib puhastada haava n\u00f5rga piirituse- v\u00f5i soolalahuse, saialilletinktuuri v\u00f5i Traumeeli salviga.<\/p>\n","protected":false},"excerpt":{"rendered":"<p>Kaaniravile tulles peab nahk olema puhas, mitte kasutada l\u00f5hnavaid du\u0161\u0161igeele. Eelnevalt ei tohi kasutada salve, kreeme ja parf\u00fc\u00fcme. Vahetult enne kaaniravi ei tohi tarbida alkoholi. P\u00e4ev enne ja p\u00e4rast kaaniravi ei ole soovituslik kasutada verevedeldajat. \u00dchtlasi v\u00f5iks v\u00e4ltida v\u00f5imaluselt teravaid toite ja ka k\u00fc\u00fcslaugu tarbimist.Hirudoteraapia on t\u00f5sine protseduur, mis n\u00f5uab patsiendilt erilist t\u00e4helepanu ja t\u00f5sist [&hellip;]<\/p>\n","protected":false},"author":1,"featured_media":982,"parent":0,"menu_order":0,"comment_status":"closed","ping_status":"closed","template":"","meta":{"om_disable_all_campaigns":false,"site-sidebar-layout":"default","site-content-layout":"default","ast-site-content-layout":"","site-content-style":"default","site-sidebar-style":"default","ast-global-header-display":"","ast-banner-title-visibility":"","ast-main-header-display":"","ast-hfb-above-header-display":"","ast-hfb-below-header-display":"","ast-hfb-mobile-header-display":"","site-post-title":"","ast-breadcrumbs-content":"","ast-featured-img":"","footer-sml-layout":"","theme-transparent-header-meta":"default","adv-header-id-meta":"","stick-header-meta":"","header-above-stick-meta":"","header-main-stick-meta":"","header-below-stick-meta":"","astra-migrate-meta-layouts":"default","ast-page-background-enabled":"default","ast-page-background-meta":{"desktop":{"background-color":"","background-image":"","background-repeat":"repeat","background-position":"center center","background-size":"auto","background-attachment":"scroll","background-type":"","background-media":"","overlay-type":"","overlay-color":"","overlay-opacity":"","overlay-gradient":""},"tablet":{"background-color":"","background-image":"","background-repeat":"repeat","background-position":"center center","background-size":"auto","background-attachment":"scroll","background-type":"","background-media":"","overlay-type":"","overlay-color":"","overlay-opacity":"","overlay-gradient":""},"mobile":{"background-color":"","background-image":"","background-repeat":"repeat","background-position":"center center","background-size":"auto","background-attachment":"scroll","background-type":"","background-media":"","overlay-type":"","overlay-color":"","overlay-opacity":"","overlay-gradient":""}},"ast-content-background-meta":{"desktop":{"background-color":"var(--ast-global-color-5)","background-image":"","background-repeat":"repeat","background-position":"center center","background-size":"auto","background-attachment":"scroll","background-type":"","background-media":"","overlay-type":"","overlay-color":"","overlay-opacity":"","overlay-gradient":""},"tablet":{"background-color":"var(--ast-global-color-5)","background-image":"","background-repeat":"repeat","background-position":"center center","background-size":"auto","background-attachment":"scroll","background-type":"","background-media":"","overlay-type":"","overlay-color":"","overlay-opacity":"","overlay-gradient":""},"mobile":{"background-color":"var(--ast-global-color-5)","background-image":"","background-repeat":"repeat","background-position":"center center","background-size":"auto","background-attachment":"scroll","background-type":"","background-media":"","overlay-type":"","overlay-color":"","overlay-opacity":"","overlay-gradient":""}},"ngg_post_thumbnail":0,"footnotes":""},"class_list":["post-989","page","type-page","status-publish","has-post-thumbnail","hentry"],"yoast_head":"<!-- This site is optimized with the Yoast SEO plugin v27.1.1 - https:\/\/yoast.com\/product\/yoast-seo-wordpress\/ -->\n<title>Kaaniravi meelespea - Maav\u00e4gised p\u00e4rimusmeditsiinikeskus<\/title>\n<meta name=\"description\" content=\"Kaaniravi meelespea annab juhised kliendile kaaniravi kuuri ajaks. Kui kuuri ajal tekivad mingid mured v\u00f5ta kohe \u00fchendust oma terapeudiga.\" \/>\n<meta name=\"robots\" content=\"index, follow, max-snippet:-1, max-image-preview:large, max-video-preview:-1\" \/>\n<link rel=\"canonical\" href=\"https:\/\/maavagised.ee\/et\/kaaniravi-meelespea\/\" \/>\n<meta property=\"og:locale\" content=\"et_EE\" \/>\n<meta property=\"og:type\" content=\"article\" \/>\n<meta property=\"og:title\" content=\"Kaaniravi meelespea - Maav\u00e4gised p\u00e4rimusmeditsiinikeskus\" \/>\n<meta property=\"og:description\" content=\"Kaaniravi meelespea annab juhised kliendile kaaniravi kuuri ajaks. Kui kuuri ajal tekivad mingid mured v\u00f5ta kohe \u00fchendust oma terapeudiga.\" \/>\n<meta property=\"og:url\" content=\"https:\/\/maavagised.ee\/et\/kaaniravi-meelespea\/\" \/>\n<meta property=\"og:site_name\" content=\"Maav\u00e4gised p\u00e4rimusmeditsiinikeskus\" \/>\n<meta property=\"article:publisher\" content=\"https:\/\/www.facebook.com\/maavagised\" \/>\n<meta property=\"article:modified_time\" content=\"2024-09-11T08:41:42+00:00\" \/>\n<meta property=\"og:image\" content=\"https:\/\/maavagised.ee\/wp-content\/uploads\/2021\/06\/Kaaniravi2-1.jpg\" \/>\n\t<meta property=\"og:image:width\" content=\"2048\" \/>\n\t<meta property=\"og:image:height\" content=\"1235\" \/>\n\t<meta property=\"og:image:type\" content=\"image\/jpeg\" \/>\n<meta name=\"twitter:card\" content=\"summary_large_image\" \/>\n<meta name=\"twitter:label1\" content=\"Est. reading time\" \/>\n\t<meta name=\"twitter:data1\" content=\"2 minutit\" \/>\n<script type=\"application\/ld+json\" class=\"yoast-schema-graph\">{\"@context\":\"https:\/\/schema.org\",\"@graph\":[{\"@type\":\"WebPage\",\"@id\":\"https:\/\/maavagised.ee\/kaaniravi-meelespea\/\",\"url\":\"https:\/\/maavagised.ee\/kaaniravi-meelespea\/\",\"name\":\"Kaaniravi meelespea - Maav\u00e4gised p\u00e4rimusmeditsiinikeskus\",\"isPartOf\":{\"@id\":\"https:\/\/maavagised.ee\/#website\"},\"primaryImageOfPage\":{\"@id\":\"https:\/\/maavagised.ee\/kaaniravi-meelespea\/#primaryimage\"},\"image\":{\"@id\":\"https:\/\/maavagised.ee\/kaaniravi-meelespea\/#primaryimage\"},\"thumbnailUrl\":\"https:\/\/i0.wp.com\/maavagised.ee\/wp-content\/uploads\/2021\/06\/Kaaniravi2-1.jpg?fit=2048%2C1235&ssl=1\",\"datePublished\":\"2021-06-06T22:16:03+00:00\",\"dateModified\":\"2024-09-11T08:41:42+00:00\",\"description\":\"Kaaniravi meelespea annab juhised kliendile kaaniravi kuuri ajaks. Kui kuuri ajal tekivad mingid mured v\u00f5ta kohe \u00fchendust oma terapeudiga.\",\"breadcrumb\":{\"@id\":\"https:\/\/maavagised.ee\/kaaniravi-meelespea\/#breadcrumb\"},\"inLanguage\":\"et\",\"potentialAction\":[{\"@type\":\"ReadAction\",\"target\":[\"https:\/\/maavagised.ee\/kaaniravi-meelespea\/\"]}]},{\"@type\":\"ImageObject\",\"inLanguage\":\"et\",\"@id\":\"https:\/\/maavagised.ee\/kaaniravi-meelespea\/#primaryimage\",\"url\":\"https:\/\/i0.wp.com\/maavagised.ee\/wp-content\/uploads\/2021\/06\/Kaaniravi2-1.jpg?fit=2048%2C1235&ssl=1\",\"contentUrl\":\"https:\/\/i0.wp.com\/maavagised.ee\/wp-content\/uploads\/2021\/06\/Kaaniravi2-1.jpg?fit=2048%2C1235&ssl=1\",\"width\":2048,\"height\":1235},{\"@type\":\"BreadcrumbList\",\"@id\":\"https:\/\/maavagised.ee\/kaaniravi-meelespea\/#breadcrumb\",\"itemListElement\":[{\"@type\":\"ListItem\",\"position\":1,\"name\":\"Home\",\"item\":\"https:\/\/maavagised.ee\/\"},{\"@type\":\"ListItem\",\"position\":2,\"name\":\"Kaaniravi meelespea\"}]},{\"@type\":\"WebSite\",\"@id\":\"https:\/\/maavagised.ee\/#website\",\"url\":\"https:\/\/maavagised.ee\/\",\"name\":\"Maavagised\",\"description\":\"L\u00f5\u00f5gastus saunas ja massaa\u017eis v\u00f5i tervis kaanidest.\",\"publisher\":{\"@id\":\"https:\/\/maavagised.ee\/#organization\"},\"potentialAction\":[{\"@type\":\"SearchAction\",\"target\":{\"@type\":\"EntryPoint\",\"urlTemplate\":\"https:\/\/maavagised.ee\/?s={search_term_string}\"},\"query-input\":{\"@type\":\"PropertyValueSpecification\",\"valueRequired\":true,\"valueName\":\"search_term_string\"}}],\"inLanguage\":\"et\"},{\"@type\":\"Organization\",\"@id\":\"https:\/\/maavagised.ee\/#organization\",\"name\":\"Maav\u00e4gised p\u00e4rimusmeditsiinikeskus\",\"url\":\"https:\/\/maavagised.ee\/\",\"logo\":{\"@type\":\"ImageObject\",\"inLanguage\":\"et\",\"@id\":\"https:\/\/maavagised.ee\/#\/schema\/logo\/image\/\",\"url\":\"https:\/\/i0.wp.com\/maavagised.ee\/wp-content\/uploads\/2021\/05\/maavagised_logo1.png?fit=477%2C302&ssl=1\",\"contentUrl\":\"https:\/\/i0.wp.com\/maavagised.ee\/wp-content\/uploads\/2021\/05\/maavagised_logo1.png?fit=477%2C302&ssl=1\",\"width\":477,\"height\":302,\"caption\":\"Maav\u00e4gised p\u00e4rimusmeditsiinikeskus\"},\"image\":{\"@id\":\"https:\/\/maavagised.ee\/#\/schema\/logo\/image\/\"},\"sameAs\":[\"https:\/\/www.facebook.com\/maavagised\",\"https:\/\/www.instagram.com\/maavagised_\/\"]}]}<\/script>\n<!-- \/ Yoast SEO plugin. -->","yoast_head_json":{"title":"Kaaniravi meelespea - Maav\u00e4gised p\u00e4rimusmeditsiinikeskus","description":"Kaaniravi meelespea annab juhised kliendile kaaniravi kuuri ajaks. Kui kuuri ajal tekivad mingid mured v\u00f5ta kohe \u00fchendust oma terapeudiga.","robots":{"index":"index","follow":"follow","max-snippet":"max-snippet:-1","max-image-preview":"max-image-preview:large","max-video-preview":"max-video-preview:-1"},"canonical":"https:\/\/maavagised.ee\/et\/kaaniravi-meelespea\/","og_locale":"et_EE","og_type":"article","og_title":"Kaaniravi meelespea - Maav\u00e4gised p\u00e4rimusmeditsiinikeskus","og_description":"Kaaniravi meelespea annab juhised kliendile kaaniravi kuuri ajaks. Kui kuuri ajal tekivad mingid mured v\u00f5ta kohe \u00fchendust oma terapeudiga.","og_url":"https:\/\/maavagised.ee\/et\/kaaniravi-meelespea\/","og_site_name":"Maav\u00e4gised p\u00e4rimusmeditsiinikeskus","article_publisher":"https:\/\/www.facebook.com\/maavagised","article_modified_time":"2024-09-11T08:41:42+00:00","og_image":[{"width":2048,"height":1235,"url":"https:\/\/maavagised.ee\/wp-content\/uploads\/2021\/06\/Kaaniravi2-1.jpg","type":"image\/jpeg"}],"twitter_card":"summary_large_image","twitter_misc":{"Est. reading time":"2 minutit"},"schema":{"@context":"https:\/\/schema.org","@graph":[{"@type":"WebPage","@id":"https:\/\/maavagised.ee\/kaaniravi-meelespea\/","url":"https:\/\/maavagised.ee\/kaaniravi-meelespea\/","name":"Kaaniravi meelespea - Maav\u00e4gised p\u00e4rimusmeditsiinikeskus","isPartOf":{"@id":"https:\/\/maavagised.ee\/#website"},"primaryImageOfPage":{"@id":"https:\/\/maavagised.ee\/kaaniravi-meelespea\/#primaryimage"},"image":{"@id":"https:\/\/maavagised.ee\/kaaniravi-meelespea\/#primaryimage"},"thumbnailUrl":"https:\/\/i0.wp.com\/maavagised.ee\/wp-content\/uploads\/2021\/06\/Kaaniravi2-1.jpg?fit=2048%2C1235&ssl=1","datePublished":"2021-06-06T22:16:03+00:00","dateModified":"2024-09-11T08:41:42+00:00","description":"Kaaniravi meelespea annab juhised kliendile kaaniravi kuuri ajaks. Kui kuuri ajal tekivad mingid mured v\u00f5ta kohe \u00fchendust oma terapeudiga.","breadcrumb":{"@id":"https:\/\/maavagised.ee\/kaaniravi-meelespea\/#breadcrumb"},"inLanguage":"et","potentialAction":[{"@type":"ReadAction","target":["https:\/\/maavagised.ee\/kaaniravi-meelespea\/"]}]},{"@type":"ImageObject","inLanguage":"et","@id":"https:\/\/maavagised.ee\/kaaniravi-meelespea\/#primaryimage","url":"https:\/\/i0.wp.com\/maavagised.ee\/wp-content\/uploads\/2021\/06\/Kaaniravi2-1.jpg?fit=2048%2C1235&ssl=1","contentUrl":"https:\/\/i0.wp.com\/maavagised.ee\/wp-content\/uploads\/2021\/06\/Kaaniravi2-1.jpg?fit=2048%2C1235&ssl=1","width":2048,"height":1235},{"@type":"BreadcrumbList","@id":"https:\/\/maavagised.ee\/kaaniravi-meelespea\/#breadcrumb","itemListElement":[{"@type":"ListItem","position":1,"name":"Home","item":"https:\/\/maavagised.ee\/"},{"@type":"ListItem","position":2,"name":"Kaaniravi meelespea"}]},{"@type":"WebSite","@id":"https:\/\/maavagised.ee\/#website","url":"https:\/\/maavagised.ee\/","name":"Maavagised","description":"L\u00f5\u00f5gastus saunas ja massaa\u017eis v\u00f5i tervis kaanidest.","publisher":{"@id":"https:\/\/maavagised.ee\/#organization"},"potentialAction":[{"@type":"SearchAction","target":{"@type":"EntryPoint","urlTemplate":"https:\/\/maavagised.ee\/?s={search_term_string}"},"query-input":{"@type":"PropertyValueSpecification","valueRequired":true,"valueName":"search_term_string"}}],"inLanguage":"et"},{"@type":"Organization","@id":"https:\/\/maavagised.ee\/#organization","name":"Maav\u00e4gised p\u00e4rimusmeditsiinikeskus","url":"https:\/\/maavagised.ee\/","logo":{"@type":"ImageObject","inLanguage":"et","@id":"https:\/\/maavagised.ee\/#\/schema\/logo\/image\/","url":"https:\/\/i0.wp.com\/maavagised.ee\/wp-content\/uploads\/2021\/05\/maavagised_logo1.png?fit=477%2C302&ssl=1","contentUrl":"https:\/\/i0.wp.com\/maavagised.ee\/wp-content\/uploads\/2021\/05\/maavagised_logo1.png?fit=477%2C302&ssl=1","width":477,"height":302,"caption":"Maav\u00e4gised p\u00e4rimusmeditsiinikeskus"},"image":{"@id":"https:\/\/maavagised.ee\/#\/schema\/logo\/image\/"},"sameAs":["https:\/\/www.facebook.com\/maavagised","https:\/\/www.instagram.com\/maavagised_\/"]}]}},"jetpack_sharing_enabled":true,"jetpack_likes_enabled":true,"jetpack-related-posts":[],"_links":{"self":[{"href":"https:\/\/maavagised.ee\/et\/wp-json\/wp\/v2\/pages\/989","targetHints":{"allow":["GET"]}}],"collection":[{"href":"https:\/\/maavagised.ee\/et\/wp-json\/wp\/v2\/pages"}],"about":[{"href":"https:\/\/maavagised.ee\/et\/wp-json\/wp\/v2\/types\/page"}],"author":[{"embeddable":true,"href":"https:\/\/maavagised.ee\/et\/wp-json\/wp\/v2\/users\/1"}],"replies":[{"embeddable":true,"href":"https:\/\/maavagised.ee\/et\/wp-json\/wp\/v2\/comments?post=989"}],"version-history":[{"count":1,"href":"https:\/\/maavagised.ee\/et\/wp-json\/wp\/v2\/pages\/989\/revisions"}],"predecessor-version":[{"id":990,"href":"https:\/\/maavagised.ee\/et\/wp-json\/wp\/v2\/pages\/989\/revisions\/990"}],"wp:featuredmedia":[{"embeddable":true,"href":"https:\/\/maavagised.ee\/et\/wp-json\/wp\/v2\/media\/982"}],"wp:attachment":[{"href":"https:\/\/maavagised.ee\/et\/wp-json\/wp\/v2\/media?parent=989"}],"curies":[{"name":"wp","href":"https:\/\/api.w.org\/{rel}","templated":true}]}}