{"id":977,"date":"2021-06-06T22:06:02","date_gmt":"2021-06-06T22:06:02","guid":{"rendered":"https:\/\/maavagised.ee\/?page_id=977"},"modified":"2021-06-06T22:06:03","modified_gmt":"2021-06-06T22:06:03","slug":"kaaniravi","status":"publish","type":"page","link":"https:\/\/maavagised.ee\/et\/kaaniravi\/","title":{"rendered":"Kaaniravi"},"content":{"rendered":"\n<p><strong>Kaaniravi<\/strong>&nbsp;on t\u00e4nap\u00e4eval \u00fcks t\u00f5husamaid ravisid, millel kahjulikud k\u00f5rvaltoimed puuduvad. Kaanid ravivad pea k\u00f5iki haigusi ja sobivad igas vanuses lapseeast kuni raugani. Parim on kaaniravi verega seotud haiguste puhul nagu k\u00f5rge verer\u00f5hk, trombi oht, s\u00fcdame-veresoonkonna haigused, samal ajal v\u00f5tab kaaniravi alla p\u00f5letikud ja vabastab valust. V\u00f5imalus terveneda l\u00e4bi kaanide on enamuse haiguste puhul.<\/p>\n\n\n\n<figure class=\"wp-block-gallery columns-3 is-cropped wp-block-gallery-1 is-layout-flex wp-block-gallery-is-layout-flex\"><ul class=\"blocks-gallery-grid\"><li class=\"blocks-gallery-item\"><figure><img data-recalc-dims=\"1\" fetchpriority=\"high\" decoding=\"async\" width=\"1024\" height=\"618\" data-attachment-id=\"982\" data-permalink=\"https:\/\/maavagised.ee\/et\/kaaniravi\/kaaniravi2-1\/\" data-orig-file=\"https:\/\/i0.wp.com\/maavagised.ee\/wp-content\/uploads\/2021\/06\/Kaaniravi2-1.jpg?fit=2048%2C1235&amp;ssl=1\" data-orig-size=\"2048,1235\" data-comments-opened=\"0\" data-image-meta=\"{&quot;aperture&quot;:&quot;0&quot;,&quot;credit&quot;:&quot;&quot;,&quot;camera&quot;:&quot;&quot;,&quot;caption&quot;:&quot;&quot;,&quot;created_timestamp&quot;:&quot;0&quot;,&quot;copyright&quot;:&quot;&quot;,&quot;focal_length&quot;:&quot;0&quot;,&quot;iso&quot;:&quot;0&quot;,&quot;shutter_speed&quot;:&quot;0&quot;,&quot;title&quot;:&quot;&quot;,&quot;orientation&quot;:&quot;0&quot;}\" data-image-title=\"Kaaniravi2-1\" data-image-description=\"\" data-image-caption=\"\" data-medium-file=\"https:\/\/i0.wp.com\/maavagised.ee\/wp-content\/uploads\/2021\/06\/Kaaniravi2-1.jpg?fit=300%2C181&amp;ssl=1\" data-large-file=\"https:\/\/i0.wp.com\/maavagised.ee\/wp-content\/uploads\/2021\/06\/Kaaniravi2-1.jpg?fit=1024%2C618&amp;ssl=1\" src=\"https:\/\/i0.wp.com\/maavagised.ee\/wp-content\/uploads\/2021\/06\/Kaaniravi2-1.jpg?resize=1024%2C618&#038;ssl=1\" alt=\"\" data-id=\"982\" data-link=\"https:\/\/maavagised.ee\/?attachment_id=982\" class=\"wp-image-982\" srcset=\"https:\/\/i0.wp.com\/maavagised.ee\/wp-content\/uploads\/2021\/06\/Kaaniravi2-1.jpg?resize=1024%2C618&amp;ssl=1 1024w, https:\/\/i0.wp.com\/maavagised.ee\/wp-content\/uploads\/2021\/06\/Kaaniravi2-1.jpg?resize=600%2C362&amp;ssl=1 600w, https:\/\/i0.wp.com\/maavagised.ee\/wp-content\/uploads\/2021\/06\/Kaaniravi2-1.jpg?resize=300%2C181&amp;ssl=1 300w, https:\/\/i0.wp.com\/maavagised.ee\/wp-content\/uploads\/2021\/06\/Kaaniravi2-1.jpg?resize=768%2C463&amp;ssl=1 768w, https:\/\/i0.wp.com\/maavagised.ee\/wp-content\/uploads\/2021\/06\/Kaaniravi2-1.jpg?resize=1536%2C926&amp;ssl=1 1536w, https:\/\/i0.wp.com\/maavagised.ee\/wp-content\/uploads\/2021\/06\/Kaaniravi2-1.jpg?w=2048&amp;ssl=1 2048w\" sizes=\"(max-width: 1000px) 100vw, 1000px\" \/><\/figure><\/li><li class=\"blocks-gallery-item\"><figure><img data-recalc-dims=\"1\" decoding=\"async\" width=\"574\" height=\"230\" data-attachment-id=\"983\" data-permalink=\"https:\/\/maavagised.ee\/et\/kaaniravi\/kaan\/\" data-orig-file=\"https:\/\/i0.wp.com\/maavagised.ee\/wp-content\/uploads\/2021\/06\/Kaan.png?fit=574%2C230&amp;ssl=1\" data-orig-size=\"574,230\" data-comments-opened=\"0\" data-image-meta=\"{&quot;aperture&quot;:&quot;0&quot;,&quot;credit&quot;:&quot;&quot;,&quot;camera&quot;:&quot;&quot;,&quot;caption&quot;:&quot;&quot;,&quot;created_timestamp&quot;:&quot;0&quot;,&quot;copyright&quot;:&quot;&quot;,&quot;focal_length&quot;:&quot;0&quot;,&quot;iso&quot;:&quot;0&quot;,&quot;shutter_speed&quot;:&quot;0&quot;,&quot;title&quot;:&quot;&quot;,&quot;orientation&quot;:&quot;0&quot;}\" data-image-title=\"Kaan\" data-image-description=\"\" data-image-caption=\"\" data-medium-file=\"https:\/\/i0.wp.com\/maavagised.ee\/wp-content\/uploads\/2021\/06\/Kaan.png?fit=300%2C120&amp;ssl=1\" data-large-file=\"https:\/\/i0.wp.com\/maavagised.ee\/wp-content\/uploads\/2021\/06\/Kaan.png?fit=574%2C230&amp;ssl=1\" src=\"https:\/\/i0.wp.com\/maavagised.ee\/wp-content\/uploads\/2021\/06\/Kaan.png?resize=574%2C230&#038;ssl=1\" alt=\"\" data-id=\"983\" data-full-url=\"https:\/\/maavagised.ee\/wp-content\/uploads\/2021\/06\/Kaan.png\" data-link=\"https:\/\/maavagised.ee\/?attachment_id=983\" class=\"wp-image-983\" srcset=\"https:\/\/i0.wp.com\/maavagised.ee\/wp-content\/uploads\/2021\/06\/Kaan.png?w=574&amp;ssl=1 574w, https:\/\/i0.wp.com\/maavagised.ee\/wp-content\/uploads\/2021\/06\/Kaan.png?resize=530%2C212&amp;ssl=1 530w, https:\/\/i0.wp.com\/maavagised.ee\/wp-content\/uploads\/2021\/06\/Kaan.png?resize=300%2C120&amp;ssl=1 300w\" sizes=\"(max-width: 574px) 100vw, 574px\" \/><\/figure><\/li><li class=\"blocks-gallery-item\"><figure><img data-recalc-dims=\"1\" decoding=\"async\" width=\"275\" height=\"183\" data-attachment-id=\"984\" data-permalink=\"https:\/\/maavagised.ee\/et\/kaaniravi\/kaan3-2\/\" data-orig-file=\"https:\/\/i0.wp.com\/maavagised.ee\/wp-content\/uploads\/2021\/06\/kaan3.jpeg?fit=275%2C183&amp;ssl=1\" data-orig-size=\"275,183\" data-comments-opened=\"0\" data-image-meta=\"{&quot;aperture&quot;:&quot;0&quot;,&quot;credit&quot;:&quot;&quot;,&quot;camera&quot;:&quot;&quot;,&quot;caption&quot;:&quot;&quot;,&quot;created_timestamp&quot;:&quot;0&quot;,&quot;copyright&quot;:&quot;&quot;,&quot;focal_length&quot;:&quot;0&quot;,&quot;iso&quot;:&quot;0&quot;,&quot;shutter_speed&quot;:&quot;0&quot;,&quot;title&quot;:&quot;&quot;,&quot;orientation&quot;:&quot;0&quot;}\" data-image-title=\"kaani m\u00fc\u00fck\" data-image-description=\"\" data-image-caption=\"\" data-medium-file=\"https:\/\/i0.wp.com\/maavagised.ee\/wp-content\/uploads\/2021\/06\/kaan3.jpeg?fit=275%2C183&amp;ssl=1\" data-large-file=\"https:\/\/i0.wp.com\/maavagised.ee\/wp-content\/uploads\/2021\/06\/kaan3.jpeg?fit=275%2C183&amp;ssl=1\" src=\"https:\/\/i0.wp.com\/maavagised.ee\/wp-content\/uploads\/2021\/06\/kaan3.jpeg?resize=275%2C183&#038;ssl=1\" alt=\"\" data-id=\"984\" data-full-url=\"https:\/\/maavagised.ee\/wp-content\/uploads\/2021\/06\/kaan3.jpeg\" data-link=\"https:\/\/maavagised.ee\/?attachment_id=984\" class=\"wp-image-984\"\/><\/figure><\/li><\/ul><\/figure>\n\n\n\n<p>Kaaniravi p\u00f5hineb tema v\u00f5imel leida keha energiameridiaanide stimuleerimist vajavad punktid ning 400l tervendaval ens\u00fc\u00fcmil, mida kaan laseb verre.<\/p>\n\n\n\n<p>Kaaniravil on v\u00e4ga v\u00e4he vastun\u00e4idustusi ja abi saab pea aegu k\u00f5ikide<br>haiguste puhul, see toimib ka prof\u00fclaktiliselt vere paksenemise ja paljude<br>muude terviseh\u00e4dade vastu.<\/p>\n\n\n\n<p>Kaane on kasutatud raviks \u00fcle 30 sajandi. Selles ravimeetodis on olnud t\u00f5use ja langusi ja \u00f5itseajaks v\u00f5ib pidada 18-19 saj. Kaane ei ole kasutatud mitte \u00fcksnes raviks vaid ka mitmete haiguste prof\u00fclaktikaks. On p\u00fc\u00fctud saavutada ka kosmeetilist effekti pannes kaane k\u00f5rva taha, andmaks p\u00f5skedele puna ja silmadele l\u00e4iget.<\/p>\n\n\n\n<p>On olnud aegu, kus kaanid tulevad meelde vaid eriti raksete haigusjuhtude puhul, kus tavameditsiin enam aidata ei oska ja entusiastlikud terapeudid panevad ravimatu haige j\u00e4lle imeloomaga jalule.<\/p>\n\n\n\n<p>Vana t\u00f5husa ravivahendi \u2013 apteegikaani puhul ei ole vaja karta k\u00f5rvaltoimeid nagu s\u00fcnteetiliste ravipreparaatide puhul. Peale selle ei aima me \u00fcldjuhul, kui suurt kasu kaaniga \u00fcht haigust ravides kogu meie keha saab.<\/p>\n\n\n\n<p>M\u00f5nd \u201ck\u00f5rvaln\u00e4htust\u201d v\u00f5ite siiski kohe m\u00e4rgata \u2013 uni ja isu paranevad, tuju t\u00f5useb, meel muutub rahulikuks. Midagi muutub varjatumalt: ainevahetus normalisserub, immuuns\u00fcsteem aktiveerub. Hukuvad paljud veresoonkonna \u2013 ja verehaigused ja p\u00f5letikulised protsessid Kaan on imeravim \u2013 seda t\u00f5estavad pikaajalised teaduslikud uuringud. Ta on tunnistatud bioaktiivsete ainete tasakaalustatud kogumit tootvaks \u201cfarmatseutiliseks minivabrikuks\u201d Kaani s\u00fcljes on palju fermente millest t\u00e4nap\u00e4eva teadus oskab j\u00e4rgi teha vaid \u00fcht \u2013 hirudiini.&nbsp;<\/p>\n\n\n\n<h2 class=\"wp-block-heading\">Mida kaani s\u00fclg sisaldab?<\/h2>\n\n\n\n<p>Hirudiini, Calliini, Destabliaasi, Egliini, Bdelliini , XA faktori inhibiitor, Kalligreiini inhibiitor, Kinaas, Kollagenaas,Trigl\u00fctseridaas ja veel umbes 140 erinevat teada olevat ja l\u00e4bi uuritud fermenti, mis k\u00f5ik tegelevad teie tervise parandamisega otseselt v\u00f5i kaudselt. Nagu juba aru v\u00f5is saada, on kaanid mitmel moel kasulikud. L\u00fchidalt kokku v\u00f5ttes, teevad nad korda teie vere, v\u00e4hendavad trombe, parandavad veresoonte seinu, ravivad p\u00f5letikke, alandavad verer\u00f5hku, v\u00e4hendavad valu, l\u00f5hustavad rasvu, alandavad toonust, kolesterooli, on antibakteriaalsed, noorendavad, reflekse ja energeetikat parandavad.<\/p>\n\n\n\n<p>Kaan ravib v\u00f5i leevendab k\u00f5iki haigusi.<\/p>\n\n\n\n<h3 class=\"wp-block-heading\">Kaaniravi toime on parim <\/h3>\n\n\n\n<ul class=\"wp-block-list\"><li>S\u00fcdame veresoonkonna haigused<\/li><li>Hingamisteede haigused<\/li><li>Mao-seedetrakti haigused<\/li><li>Tugi- ja liikumisaparaadi haigused<\/li><li>Kirurgilised haigused<\/li><li>Neuroloogilised haigused<\/li><li>Kuse- ja suguteede haigused<\/li><li>Nina-, k\u00f5rva-, kurguhaigused<\/li><li>Endokriins\u00fcsteemi haigused<\/li><li>Stomatoloogilised haigused<\/li><li>Ps\u00fchholoogilised probleemid<\/li><\/ul>\n","protected":false},"excerpt":{"rendered":"<p>Kaaniravi&nbsp;on t\u00e4nap\u00e4eval \u00fcks t\u00f5husamaid ravisid, millel kahjulikud k\u00f5rvaltoimed puuduvad. Kaanid ravivad pea k\u00f5iki haigusi ja sobivad igas vanuses lapseeast kuni raugani. Parim on kaaniravi verega seotud haiguste puhul nagu k\u00f5rge verer\u00f5hk, trombi oht, s\u00fcdame-veresoonkonna haigused, samal ajal v\u00f5tab kaaniravi alla p\u00f5letikud ja vabastab valust. V\u00f5imalus terveneda l\u00e4bi kaanide on enamuse haiguste puhul. Kaaniravi p\u00f5hineb tema [&hellip;]<\/p>\n","protected":false},"author":1,"featured_media":979,"parent":0,"menu_order":0,"comment_status":"closed","ping_status":"closed","template":"","meta":{"om_disable_all_campaigns":false,"site-sidebar-layout":"default","site-content-layout":"default","ast-site-content-layout":"","site-content-style":"default","site-sidebar-style":"default","ast-global-header-display":"","ast-banner-title-visibility":"","ast-main-header-display":"","ast-hfb-above-header-display":"","ast-hfb-below-header-display":"","ast-hfb-mobile-header-display":"","site-post-title":"","ast-breadcrumbs-content":"","ast-featured-img":"","footer-sml-layout":"","theme-transparent-header-meta":"default","adv-header-id-meta":"","stick-header-meta":"","header-above-stick-meta":"","header-main-stick-meta":"","header-below-stick-meta":"","astra-migrate-meta-layouts":"default","ast-page-background-enabled":"default","ast-page-background-meta":{"desktop":{"background-color":"","background-image":"","background-repeat":"repeat","background-position":"center center","background-size":"auto","background-attachment":"scroll","background-type":"","background-media":"","overlay-type":"","overlay-color":"","overlay-opacity":"","overlay-gradient":""},"tablet":{"background-color":"","background-image":"","background-repeat":"repeat","background-position":"center center","background-size":"auto","background-attachment":"scroll","background-type":"","background-media":"","overlay-type":"","overlay-color":"","overlay-opacity":"","overlay-gradient":""},"mobile":{"background-color":"","background-image":"","background-repeat":"repeat","background-position":"center center","background-size":"auto","background-attachment":"scroll","background-type":"","background-media":"","overlay-type":"","overlay-color":"","overlay-opacity":"","overlay-gradient":""}},"ast-content-background-meta":{"desktop":{"background-color":"var(--ast-global-color-5)","background-image":"","background-repeat":"repeat","background-position":"center center","background-size":"auto","background-attachment":"scroll","background-type":"","background-media":"","overlay-type":"","overlay-color":"","overlay-opacity":"","overlay-gradient":""},"tablet":{"background-color":"var(--ast-global-color-5)","background-image":"","background-repeat":"repeat","background-position":"center center","background-size":"auto","background-attachment":"scroll","background-type":"","background-media":"","overlay-type":"","overlay-color":"","overlay-opacity":"","overlay-gradient":""},"mobile":{"background-color":"var(--ast-global-color-5)","background-image":"","background-repeat":"repeat","background-position":"center center","background-size":"auto","background-attachment":"scroll","background-type":"","background-media":"","overlay-type":"","overlay-color":"","overlay-opacity":"","overlay-gradient":""}},"ngg_post_thumbnail":0,"footnotes":""},"class_list":["post-977","page","type-page","status-publish","has-post-thumbnail","hentry"],"yoast_head":"<!-- This site is optimized with the Yoast SEO plugin v27.1.1 - https:\/\/yoast.com\/product\/yoast-seo-wordpress\/ -->\n<title>Kaaniravi - Maav\u00e4gised p\u00e4rimusmeditsiinikeskus<\/title>\n<meta name=\"description\" content=\"Kaaniravi on t\u00f5hus abi peaaegu k\u00f5igi tervisemurede puhul. Hea immuunsuse t\u00f5stja ning loodusliku apteegina on kaanid tuntud juba sajandeid.\" \/>\n<meta name=\"robots\" content=\"index, follow, max-snippet:-1, max-image-preview:large, max-video-preview:-1\" \/>\n<link rel=\"canonical\" href=\"https:\/\/maavagised.ee\/et\/kaaniravi\/\" \/>\n<meta property=\"og:locale\" content=\"et_EE\" \/>\n<meta property=\"og:type\" content=\"article\" \/>\n<meta property=\"og:title\" content=\"Kaaniravi - Maav\u00e4gised p\u00e4rimusmeditsiinikeskus\" \/>\n<meta property=\"og:description\" content=\"Kaaniravi on t\u00f5hus abi peaaegu k\u00f5igi tervisemurede puhul. Hea immuunsuse t\u00f5stja ning loodusliku apteegina on kaanid tuntud juba sajandeid.\" \/>\n<meta property=\"og:url\" content=\"https:\/\/maavagised.ee\/et\/kaaniravi\/\" \/>\n<meta property=\"og:site_name\" content=\"Maav\u00e4gised p\u00e4rimusmeditsiinikeskus\" \/>\n<meta property=\"article:publisher\" content=\"https:\/\/www.facebook.com\/maavagised\" \/>\n<meta property=\"article:modified_time\" content=\"2021-06-06T22:06:03+00:00\" \/>\n<meta property=\"og:image\" content=\"https:\/\/maavagised.ee\/wp-content\/uploads\/2021\/06\/Kaaniravi-1.jpg\" \/>\n\t<meta property=\"og:image:width\" content=\"614\" \/>\n\t<meta property=\"og:image:height\" content=\"960\" \/>\n\t<meta property=\"og:image:type\" content=\"image\/jpeg\" \/>\n<meta name=\"twitter:card\" content=\"summary_large_image\" \/>\n<meta name=\"twitter:label1\" content=\"Est. reading time\" \/>\n\t<meta name=\"twitter:data1\" content=\"3 minutit\" \/>\n<script type=\"application\/ld+json\" class=\"yoast-schema-graph\">{\"@context\":\"https:\/\/schema.org\",\"@graph\":[{\"@type\":\"WebPage\",\"@id\":\"https:\/\/maavagised.ee\/kaaniravi\/\",\"url\":\"https:\/\/maavagised.ee\/kaaniravi\/\",\"name\":\"Kaaniravi - Maav\u00e4gised p\u00e4rimusmeditsiinikeskus\",\"isPartOf\":{\"@id\":\"https:\/\/maavagised.ee\/#website\"},\"primaryImageOfPage\":{\"@id\":\"https:\/\/maavagised.ee\/kaaniravi\/#primaryimage\"},\"image\":{\"@id\":\"https:\/\/maavagised.ee\/kaaniravi\/#primaryimage\"},\"thumbnailUrl\":\"https:\/\/i0.wp.com\/maavagised.ee\/wp-content\/uploads\/2021\/06\/Kaaniravi-1.jpg?fit=614%2C960&ssl=1\",\"datePublished\":\"2021-06-06T22:06:02+00:00\",\"dateModified\":\"2021-06-06T22:06:03+00:00\",\"description\":\"Kaaniravi on t\u00f5hus abi peaaegu k\u00f5igi tervisemurede puhul. Hea immuunsuse t\u00f5stja ning loodusliku apteegina on kaanid tuntud juba sajandeid.\",\"breadcrumb\":{\"@id\":\"https:\/\/maavagised.ee\/kaaniravi\/#breadcrumb\"},\"inLanguage\":\"et\",\"potentialAction\":[{\"@type\":\"ReadAction\",\"target\":[\"https:\/\/maavagised.ee\/kaaniravi\/\"]}]},{\"@type\":\"ImageObject\",\"inLanguage\":\"et\",\"@id\":\"https:\/\/maavagised.ee\/kaaniravi\/#primaryimage\",\"url\":\"https:\/\/i0.wp.com\/maavagised.ee\/wp-content\/uploads\/2021\/06\/Kaaniravi-1.jpg?fit=614%2C960&ssl=1\",\"contentUrl\":\"https:\/\/i0.wp.com\/maavagised.ee\/wp-content\/uploads\/2021\/06\/Kaaniravi-1.jpg?fit=614%2C960&ssl=1\",\"width\":614,\"height\":960,\"caption\":\"Kaaniravi\"},{\"@type\":\"BreadcrumbList\",\"@id\":\"https:\/\/maavagised.ee\/kaaniravi\/#breadcrumb\",\"itemListElement\":[{\"@type\":\"ListItem\",\"position\":1,\"name\":\"Home\",\"item\":\"https:\/\/maavagised.ee\/\"},{\"@type\":\"ListItem\",\"position\":2,\"name\":\"Kaaniravi\"}]},{\"@type\":\"WebSite\",\"@id\":\"https:\/\/maavagised.ee\/#website\",\"url\":\"https:\/\/maavagised.ee\/\",\"name\":\"Maavagised\",\"description\":\"L\u00f5\u00f5gastus saunas ja massaa\u017eis v\u00f5i tervis kaanidest.\",\"publisher\":{\"@id\":\"https:\/\/maavagised.ee\/#organization\"},\"potentialAction\":[{\"@type\":\"SearchAction\",\"target\":{\"@type\":\"EntryPoint\",\"urlTemplate\":\"https:\/\/maavagised.ee\/?s={search_term_string}\"},\"query-input\":{\"@type\":\"PropertyValueSpecification\",\"valueRequired\":true,\"valueName\":\"search_term_string\"}}],\"inLanguage\":\"et\"},{\"@type\":\"Organization\",\"@id\":\"https:\/\/maavagised.ee\/#organization\",\"name\":\"Maav\u00e4gised p\u00e4rimusmeditsiinikeskus\",\"url\":\"https:\/\/maavagised.ee\/\",\"logo\":{\"@type\":\"ImageObject\",\"inLanguage\":\"et\",\"@id\":\"https:\/\/maavagised.ee\/#\/schema\/logo\/image\/\",\"url\":\"https:\/\/i0.wp.com\/maavagised.ee\/wp-content\/uploads\/2021\/05\/maavagised_logo1.png?fit=477%2C302&ssl=1\",\"contentUrl\":\"https:\/\/i0.wp.com\/maavagised.ee\/wp-content\/uploads\/2021\/05\/maavagised_logo1.png?fit=477%2C302&ssl=1\",\"width\":477,\"height\":302,\"caption\":\"Maav\u00e4gised p\u00e4rimusmeditsiinikeskus\"},\"image\":{\"@id\":\"https:\/\/maavagised.ee\/#\/schema\/logo\/image\/\"},\"sameAs\":[\"https:\/\/www.facebook.com\/maavagised\",\"https:\/\/www.instagram.com\/maavagised_\/\"]}]}<\/script>\n<!-- \/ Yoast SEO plugin. -->","yoast_head_json":{"title":"Kaaniravi - Maav\u00e4gised p\u00e4rimusmeditsiinikeskus","description":"Kaaniravi on t\u00f5hus abi peaaegu k\u00f5igi tervisemurede puhul. Hea immuunsuse t\u00f5stja ning loodusliku apteegina on kaanid tuntud juba sajandeid.","robots":{"index":"index","follow":"follow","max-snippet":"max-snippet:-1","max-image-preview":"max-image-preview:large","max-video-preview":"max-video-preview:-1"},"canonical":"https:\/\/maavagised.ee\/et\/kaaniravi\/","og_locale":"et_EE","og_type":"article","og_title":"Kaaniravi - Maav\u00e4gised p\u00e4rimusmeditsiinikeskus","og_description":"Kaaniravi on t\u00f5hus abi peaaegu k\u00f5igi tervisemurede puhul. Hea immuunsuse t\u00f5stja ning loodusliku apteegina on kaanid tuntud juba sajandeid.","og_url":"https:\/\/maavagised.ee\/et\/kaaniravi\/","og_site_name":"Maav\u00e4gised p\u00e4rimusmeditsiinikeskus","article_publisher":"https:\/\/www.facebook.com\/maavagised","article_modified_time":"2021-06-06T22:06:03+00:00","og_image":[{"width":614,"height":960,"url":"https:\/\/maavagised.ee\/wp-content\/uploads\/2021\/06\/Kaaniravi-1.jpg","type":"image\/jpeg"}],"twitter_card":"summary_large_image","twitter_misc":{"Est. reading time":"3 minutit"},"schema":{"@context":"https:\/\/schema.org","@graph":[{"@type":"WebPage","@id":"https:\/\/maavagised.ee\/kaaniravi\/","url":"https:\/\/maavagised.ee\/kaaniravi\/","name":"Kaaniravi - Maav\u00e4gised p\u00e4rimusmeditsiinikeskus","isPartOf":{"@id":"https:\/\/maavagised.ee\/#website"},"primaryImageOfPage":{"@id":"https:\/\/maavagised.ee\/kaaniravi\/#primaryimage"},"image":{"@id":"https:\/\/maavagised.ee\/kaaniravi\/#primaryimage"},"thumbnailUrl":"https:\/\/i0.wp.com\/maavagised.ee\/wp-content\/uploads\/2021\/06\/Kaaniravi-1.jpg?fit=614%2C960&ssl=1","datePublished":"2021-06-06T22:06:02+00:00","dateModified":"2021-06-06T22:06:03+00:00","description":"Kaaniravi on t\u00f5hus abi peaaegu k\u00f5igi tervisemurede puhul. Hea immuunsuse t\u00f5stja ning loodusliku apteegina on kaanid tuntud juba sajandeid.","breadcrumb":{"@id":"https:\/\/maavagised.ee\/kaaniravi\/#breadcrumb"},"inLanguage":"et","potentialAction":[{"@type":"ReadAction","target":["https:\/\/maavagised.ee\/kaaniravi\/"]}]},{"@type":"ImageObject","inLanguage":"et","@id":"https:\/\/maavagised.ee\/kaaniravi\/#primaryimage","url":"https:\/\/i0.wp.com\/maavagised.ee\/wp-content\/uploads\/2021\/06\/Kaaniravi-1.jpg?fit=614%2C960&ssl=1","contentUrl":"https:\/\/i0.wp.com\/maavagised.ee\/wp-content\/uploads\/2021\/06\/Kaaniravi-1.jpg?fit=614%2C960&ssl=1","width":614,"height":960,"caption":"Kaaniravi"},{"@type":"BreadcrumbList","@id":"https:\/\/maavagised.ee\/kaaniravi\/#breadcrumb","itemListElement":[{"@type":"ListItem","position":1,"name":"Home","item":"https:\/\/maavagised.ee\/"},{"@type":"ListItem","position":2,"name":"Kaaniravi"}]},{"@type":"WebSite","@id":"https:\/\/maavagised.ee\/#website","url":"https:\/\/maavagised.ee\/","name":"Maavagised","description":"L\u00f5\u00f5gastus saunas ja massaa\u017eis v\u00f5i tervis kaanidest.","publisher":{"@id":"https:\/\/maavagised.ee\/#organization"},"potentialAction":[{"@type":"SearchAction","target":{"@type":"EntryPoint","urlTemplate":"https:\/\/maavagised.ee\/?s={search_term_string}"},"query-input":{"@type":"PropertyValueSpecification","valueRequired":true,"valueName":"search_term_string"}}],"inLanguage":"et"},{"@type":"Organization","@id":"https:\/\/maavagised.ee\/#organization","name":"Maav\u00e4gised p\u00e4rimusmeditsiinikeskus","url":"https:\/\/maavagised.ee\/","logo":{"@type":"ImageObject","inLanguage":"et","@id":"https:\/\/maavagised.ee\/#\/schema\/logo\/image\/","url":"https:\/\/i0.wp.com\/maavagised.ee\/wp-content\/uploads\/2021\/05\/maavagised_logo1.png?fit=477%2C302&ssl=1","contentUrl":"https:\/\/i0.wp.com\/maavagised.ee\/wp-content\/uploads\/2021\/05\/maavagised_logo1.png?fit=477%2C302&ssl=1","width":477,"height":302,"caption":"Maav\u00e4gised p\u00e4rimusmeditsiinikeskus"},"image":{"@id":"https:\/\/maavagised.ee\/#\/schema\/logo\/image\/"},"sameAs":["https:\/\/www.facebook.com\/maavagised","https:\/\/www.instagram.com\/maavagised_\/"]}]}},"jetpack_sharing_enabled":true,"jetpack_likes_enabled":true,"jetpack-related-posts":[],"_links":{"self":[{"href":"https:\/\/maavagised.ee\/et\/wp-json\/wp\/v2\/pages\/977","targetHints":{"allow":["GET"]}}],"collection":[{"href":"https:\/\/maavagised.ee\/et\/wp-json\/wp\/v2\/pages"}],"about":[{"href":"https:\/\/maavagised.ee\/et\/wp-json\/wp\/v2\/types\/page"}],"author":[{"embeddable":true,"href":"https:\/\/maavagised.ee\/et\/wp-json\/wp\/v2\/users\/1"}],"replies":[{"embeddable":true,"href":"https:\/\/maavagised.ee\/et\/wp-json\/wp\/v2\/comments?post=977"}],"version-history":[{"count":1,"href":"https:\/\/maavagised.ee\/et\/wp-json\/wp\/v2\/pages\/977\/revisions"}],"predecessor-version":[{"id":985,"href":"https:\/\/maavagised.ee\/et\/wp-json\/wp\/v2\/pages\/977\/revisions\/985"}],"wp:featuredmedia":[{"embeddable":true,"href":"https:\/\/maavagised.ee\/et\/wp-json\/wp\/v2\/media\/979"}],"wp:attachment":[{"href":"https:\/\/maavagised.ee\/et\/wp-json\/wp\/v2\/media?parent=977"}],"curies":[{"name":"wp","href":"https:\/\/api.w.org\/{rel}","templated":true}]}}