{"id":964,"date":"2021-06-06T21:37:53","date_gmt":"2021-06-06T21:37:53","guid":{"rendered":"https:\/\/maavagised.ee\/?page_id=964"},"modified":"2022-08-08T10:42:00","modified_gmt":"2022-08-08T07:42:00","slug":"saunateraapia","status":"publish","type":"page","link":"https:\/\/maavagised.ee\/et\/saunateraapia\/","title":{"rendered":"Saunateraapia"},"content":{"rendered":"\n<p><strong>Saunateraapia<\/strong>&nbsp;ei ole mitte pelk saunask\u00e4ik, vaid see on palju enamat. See on t\u00f6eline saunanauding mille sarnast te ei ole enne kogenud, parim ja v\u00f5rreldamatu \u00fchegi teise saunakogemusega.<\/p>\n\n\n\n<p>Me kasutame keset Tallinna privaatset puuk\u00fcttega sauna Ristiku t\u00e4naval.. See t\u00e4hendab, et olete seal saunas \u00fcksi, teiega koos on ainult terapeut. <\/p>\n\n\n\n<p>Et sauna m\u00f5ju veelgi t\u00f5hustada, pakume meie mitte lihtsalt sauna, vaid saunateraapiat. Meie saunameistrid pakuvad teile t\u00f5elise saunaelamuse:<\/p>\n\n\n\n<p>K\u00f5igepealt aetakse kere saunalaval kuumaks, siis tuleb v\u00e4ike jahutus. Taas lavale, kus saunaline heidab k\u00f5huli ja tema nahka kooritakse looduslike segudega. Seej\u00e4rel viheldakse m\u00f5nusas rahulikus tempos erilise vihtlemistehnikaga, mis kuumutab liigesed ja lihased h\u00e4sti l\u00e4bi ning viib saunalise meditatiivsesse teavusseisundisse. Kui on soovi saab peale vihtlemist h\u00fcpata k\u00fclma vette, et seej\u00e4rel vanade eestlaste kombel lendama minna. Lendamise tunde tekitab temperatuuride j\u00e4rsk vaheldumine ja pikali olles kaob keha taju ning tekibki tunne, et lendate.<\/p>\n\n\n\n<p>Peale seda saab v\u00f5tta vastu meemassaa\u017ei otse saunalaval, mis selleks korraks ei ole enam nii kuum vaid l\u00f5\u00f5gastavalt soe.<\/p>\n\n\n\n<figure class=\"wp-block-gallery has-nested-images columns-default is-cropped wp-block-gallery-1 is-layout-flex wp-block-gallery-is-layout-flex\">\n<figure class=\"wp-block-image size-large\"><img data-recalc-dims=\"1\" fetchpriority=\"high\" decoding=\"async\" width=\"1024\" height=\"637\" data-attachment-id=\"638\" data-permalink=\"https:\/\/maavagised.ee\/et\/teenused\/saun-1\/\" data-orig-file=\"https:\/\/i0.wp.com\/maavagised.ee\/wp-content\/uploads\/2021\/05\/saun-1-scaled.jpg?fit=2560%2C1593&amp;ssl=1\" data-orig-size=\"2560,1593\" data-comments-opened=\"0\" data-image-meta=\"{&quot;aperture&quot;:&quot;13&quot;,&quot;credit&quot;:&quot;Marina_Luhaste&quot;,&quot;camera&quot;:&quot;PENTAX K-50&quot;,&quot;caption&quot;:&quot;&quot;,&quot;created_timestamp&quot;:&quot;1480593759&quot;,&quot;copyright&quot;:&quot;&quot;,&quot;focal_length&quot;:&quot;18&quot;,&quot;iso&quot;:&quot;200&quot;,&quot;shutter_speed&quot;:&quot;0.01&quot;,&quot;title&quot;:&quot;&quot;,&quot;orientation&quot;:&quot;1&quot;}\" data-image-title=\"Saun\" data-image-description=\"\" data-image-caption=\"&lt;p&gt;Maav\u00e4giste puuk\u00fcttega saun&lt;\/p&gt;\n\" data-medium-file=\"https:\/\/i0.wp.com\/maavagised.ee\/wp-content\/uploads\/2021\/05\/saun-1-scaled.jpg?fit=300%2C187&amp;ssl=1\" data-large-file=\"https:\/\/i0.wp.com\/maavagised.ee\/wp-content\/uploads\/2021\/05\/saun-1-scaled.jpg?fit=1024%2C637&amp;ssl=1\" data-id=\"638\" src=\"https:\/\/i0.wp.com\/maavagised.ee\/wp-content\/uploads\/2021\/05\/saun-1.jpg?resize=1024%2C637&#038;ssl=1\" alt=\"Saunateraapia\" class=\"wp-image-638\" srcset=\"https:\/\/i0.wp.com\/maavagised.ee\/wp-content\/uploads\/2021\/05\/saun-1-scaled.jpg?resize=1024%2C637&amp;ssl=1 1024w, https:\/\/i0.wp.com\/maavagised.ee\/wp-content\/uploads\/2021\/05\/saun-1-scaled.jpg?resize=600%2C373&amp;ssl=1 600w, https:\/\/i0.wp.com\/maavagised.ee\/wp-content\/uploads\/2021\/05\/saun-1-scaled.jpg?resize=300%2C187&amp;ssl=1 300w, https:\/\/i0.wp.com\/maavagised.ee\/wp-content\/uploads\/2021\/05\/saun-1-scaled.jpg?resize=768%2C478&amp;ssl=1 768w, https:\/\/i0.wp.com\/maavagised.ee\/wp-content\/uploads\/2021\/05\/saun-1-scaled.jpg?resize=1536%2C956&amp;ssl=1 1536w, https:\/\/i0.wp.com\/maavagised.ee\/wp-content\/uploads\/2021\/05\/saun-1-scaled.jpg?resize=2048%2C1274&amp;ssl=1 2048w\" sizes=\"(max-width: 1000px) 100vw, 1000px\" \/><\/figure>\n\n\n\n<figure class=\"wp-block-image size-large\"><img data-recalc-dims=\"1\" decoding=\"async\" width=\"1024\" height=\"682\" data-attachment-id=\"965\" data-permalink=\"https:\/\/maavagised.ee\/et\/saunateraapia\/saun2-copy\/\" data-orig-file=\"https:\/\/i0.wp.com\/maavagised.ee\/wp-content\/uploads\/2021\/06\/saun2-copy.jpg?fit=1200%2C799&amp;ssl=1\" data-orig-size=\"1200,799\" data-comments-opened=\"0\" data-image-meta=\"{&quot;aperture&quot;:&quot;0&quot;,&quot;credit&quot;:&quot;&quot;,&quot;camera&quot;:&quot;&quot;,&quot;caption&quot;:&quot;&quot;,&quot;created_timestamp&quot;:&quot;0&quot;,&quot;copyright&quot;:&quot;&quot;,&quot;focal_length&quot;:&quot;0&quot;,&quot;iso&quot;:&quot;0&quot;,&quot;shutter_speed&quot;:&quot;0&quot;,&quot;title&quot;:&quot;&quot;,&quot;orientation&quot;:&quot;1&quot;}\" data-image-title=\"saun2-copy\" data-image-description=\"\" data-image-caption=\"\" data-medium-file=\"https:\/\/i0.wp.com\/maavagised.ee\/wp-content\/uploads\/2021\/06\/saun2-copy.jpg?fit=300%2C200&amp;ssl=1\" data-large-file=\"https:\/\/i0.wp.com\/maavagised.ee\/wp-content\/uploads\/2021\/06\/saun2-copy.jpg?fit=1024%2C682&amp;ssl=1\" data-id=\"965\" src=\"https:\/\/i0.wp.com\/maavagised.ee\/wp-content\/uploads\/2021\/06\/saun2-copy.jpg?resize=1024%2C682&#038;ssl=1\" alt=\"\" class=\"wp-image-965\" srcset=\"https:\/\/i0.wp.com\/maavagised.ee\/wp-content\/uploads\/2021\/06\/saun2-copy.jpg?resize=1024%2C682&amp;ssl=1 1024w, https:\/\/i0.wp.com\/maavagised.ee\/wp-content\/uploads\/2021\/06\/saun2-copy.jpg?resize=600%2C400&amp;ssl=1 600w, https:\/\/i0.wp.com\/maavagised.ee\/wp-content\/uploads\/2021\/06\/saun2-copy.jpg?resize=300%2C200&amp;ssl=1 300w, https:\/\/i0.wp.com\/maavagised.ee\/wp-content\/uploads\/2021\/06\/saun2-copy.jpg?resize=768%2C511&amp;ssl=1 768w, https:\/\/i0.wp.com\/maavagised.ee\/wp-content\/uploads\/2021\/06\/saun2-copy.jpg?w=1200&amp;ssl=1 1200w\" sizes=\"(max-width: 1000px) 100vw, 1000px\" \/><\/figure>\n\n\n\n<figure class=\"wp-block-image size-large\"><img data-recalc-dims=\"1\" decoding=\"async\" width=\"683\" height=\"1024\" data-attachment-id=\"966\" data-permalink=\"https:\/\/maavagised.ee\/et\/saunateraapia\/saunarituaal\/\" data-orig-file=\"https:\/\/i0.wp.com\/maavagised.ee\/wp-content\/uploads\/2021\/06\/Saunarituaal-scaled.jpg?fit=1707%2C2560&amp;ssl=1\" data-orig-size=\"1707,2560\" data-comments-opened=\"0\" data-image-meta=\"{&quot;aperture&quot;:&quot;5.6&quot;,&quot;credit&quot;:&quot;&quot;,&quot;camera&quot;:&quot;Canon EOS 550D&quot;,&quot;caption&quot;:&quot;&quot;,&quot;created_timestamp&quot;:&quot;1484161125&quot;,&quot;copyright&quot;:&quot;&quot;,&quot;focal_length&quot;:&quot;55&quot;,&quot;iso&quot;:&quot;400&quot;,&quot;shutter_speed&quot;:&quot;0.0166666666667&quot;,&quot;title&quot;:&quot;&quot;,&quot;orientation&quot;:&quot;1&quot;}\" data-image-title=\"Saunarituaal\" data-image-description=\"\" data-image-caption=\"\" data-medium-file=\"https:\/\/i0.wp.com\/maavagised.ee\/wp-content\/uploads\/2021\/06\/Saunarituaal-scaled.jpg?fit=200%2C300&amp;ssl=1\" data-large-file=\"https:\/\/i0.wp.com\/maavagised.ee\/wp-content\/uploads\/2021\/06\/Saunarituaal-scaled.jpg?fit=683%2C1024&amp;ssl=1\" data-id=\"966\" src=\"https:\/\/i0.wp.com\/maavagised.ee\/wp-content\/uploads\/2021\/06\/Saunarituaal.jpg?resize=683%2C1024&#038;ssl=1\" alt=\"\" class=\"wp-image-966\" srcset=\"https:\/\/i0.wp.com\/maavagised.ee\/wp-content\/uploads\/2021\/06\/Saunarituaal-scaled.jpg?resize=683%2C1024&amp;ssl=1 683w, https:\/\/i0.wp.com\/maavagised.ee\/wp-content\/uploads\/2021\/06\/Saunarituaal-scaled.jpg?resize=600%2C900&amp;ssl=1 600w, https:\/\/i0.wp.com\/maavagised.ee\/wp-content\/uploads\/2021\/06\/Saunarituaal-scaled.jpg?resize=200%2C300&amp;ssl=1 200w, https:\/\/i0.wp.com\/maavagised.ee\/wp-content\/uploads\/2021\/06\/Saunarituaal-scaled.jpg?resize=768%2C1152&amp;ssl=1 768w, https:\/\/i0.wp.com\/maavagised.ee\/wp-content\/uploads\/2021\/06\/Saunarituaal-scaled.jpg?resize=1024%2C1536&amp;ssl=1 1024w, https:\/\/i0.wp.com\/maavagised.ee\/wp-content\/uploads\/2021\/06\/Saunarituaal-scaled.jpg?resize=1365%2C2048&amp;ssl=1 1365w, https:\/\/i0.wp.com\/maavagised.ee\/wp-content\/uploads\/2021\/06\/Saunarituaal-scaled.jpg?w=1707&amp;ssl=1 1707w\" sizes=\"(max-width: 683px) 100vw, 683px\" \/><\/figure>\n<\/figure>\n\n\n\n<p>K\u00f5ikide lavaprotseduuride vahel on v\u00f5imalik m\u00f5nusalt l\u00f5\u00f5gastuda meie sauna eesruumis ning juua tassikese saunateed v\u00f5i vett.<\/p>\n\n\n\n<p>Saunateraapia j\u00e4rgne p\u00e4eva osa on soovitav v\u00f5tta vabaks, et m\u00f5nusasti rammestunud keha saaks puhkust ja ennast restartida.<\/p>\n\n\n\n<h2 class=\"wp-block-heading\">Saunateraapia on hea ravitseja ka erinevate tervisemurede puhul<\/h2>\n\n\n\n<p>Saunal on Eesti kultuuris ja p\u00e4rimuses oma kindel koht. Saun on olnud l\u00e4bi sajandite eestlaste p\u00fchapaik. Saunas s\u00fcnniti, ravitseti haavu, tervendati ja m\u00f5eldi elu \u00fcle j\u00e4rele. Saun on see koht, kus Eesti inimene l\u00f5\u00f5gastub, leiab sisemise tasakaalu ja v\u00e4e.<\/p>\n\n\n\n<p>Ka t\u00e4nap\u00e4eval kasutab eestlane sauna j\u00e4tkuvalt l\u00f5\u00f5gastumiseks ja pingetest \u2013 nii f\u00fc\u00fcsilistest kui ka vaimsetest \u2013 vabanemiseks.<\/p>\n\n\n\n<p>Paljude haiguse puhul v\u00f5ib saunask\u00e4imine enesetunnet parandada \u2013 leevendab erinevaid hingamisteede h\u00e4dasid nagu astma ja bronhiit. K\u00f5rgenenud verer\u00f5hku aitab saunatamine kontrolli alla saada. Eriti t\u00f5hus on saun lihaste ja liigeste j\u00e4ikuse korral, ka erinevad pingevalud saavad saunas leevendust. Saun on kasulik ka siseorganite h\u00e4dade korral sest kuum viht ja erilised vihtlemistehnikad ning \u00f5ige taimede valik viha siise annab hea v\u00f5imaluse tervenemiseks.&#8217;<\/p>\n\n\n\n<p>Saunateraapia tellimisel saadetakse teile ettemaksu arve ja broneering kinnitatakse peale ettemaksu laekumist.<\/p>\n\n\n\n<p>Broneeringut ei ole v\u00f5imalik teha meie broneerimiss\u00fcsteemis vaid tuleb eelnevalt kokku leppida telefoni v\u00f5i meili teel. <a href=\"tel:5066020\">Helista meile 5066020<\/a> Kirjuta info@maavagised.ee<\/p>\n","protected":false},"excerpt":{"rendered":"<p>Saunateraapia&nbsp;ei ole mitte pelk saunask\u00e4ik, vaid see on palju enamat. See on t\u00f6eline saunanauding mille sarnast te ei ole enne kogenud, parim ja v\u00f5rreldamatu \u00fchegi teise saunakogemusega. Me kasutame keset Tallinna privaatset puuk\u00fcttega sauna Ristiku t\u00e4naval.. See t\u00e4hendab, et olete seal saunas \u00fcksi, teiega koos on ainult terapeut. Et sauna m\u00f5ju veelgi t\u00f5hustada, pakume meie [&hellip;]<\/p>\n","protected":false},"author":1,"featured_media":428,"parent":0,"menu_order":0,"comment_status":"closed","ping_status":"closed","template":"","meta":{"om_disable_all_campaigns":false,"site-sidebar-layout":"default","site-content-layout":"default","ast-site-content-layout":"","site-content-style":"default","site-sidebar-style":"default","ast-global-header-display":"","ast-banner-title-visibility":"","ast-main-header-display":"","ast-hfb-above-header-display":"","ast-hfb-below-header-display":"","ast-hfb-mobile-header-display":"","site-post-title":"","ast-breadcrumbs-content":"","ast-featured-img":"","footer-sml-layout":"","theme-transparent-header-meta":"default","adv-header-id-meta":"","stick-header-meta":"","header-above-stick-meta":"","header-main-stick-meta":"","header-below-stick-meta":"","astra-migrate-meta-layouts":"default","ast-page-background-enabled":"default","ast-page-background-meta":{"desktop":{"background-color":"","background-image":"","background-repeat":"repeat","background-position":"center center","background-size":"auto","background-attachment":"scroll","background-type":"","background-media":"","overlay-type":"","overlay-color":"","overlay-opacity":"","overlay-gradient":""},"tablet":{"background-color":"","background-image":"","background-repeat":"repeat","background-position":"center center","background-size":"auto","background-attachment":"scroll","background-type":"","background-media":"","overlay-type":"","overlay-color":"","overlay-opacity":"","overlay-gradient":""},"mobile":{"background-color":"","background-image":"","background-repeat":"repeat","background-position":"center center","background-size":"auto","background-attachment":"scroll","background-type":"","background-media":"","overlay-type":"","overlay-color":"","overlay-opacity":"","overlay-gradient":""}},"ast-content-background-meta":{"desktop":{"background-color":"var(--ast-global-color-5)","background-image":"","background-repeat":"repeat","background-position":"center center","background-size":"auto","background-attachment":"scroll","background-type":"","background-media":"","overlay-type":"","overlay-color":"","overlay-opacity":"","overlay-gradient":""},"tablet":{"background-color":"var(--ast-global-color-5)","background-image":"","background-repeat":"repeat","background-position":"center center","background-size":"auto","background-attachment":"scroll","background-type":"","background-media":"","overlay-type":"","overlay-color":"","overlay-opacity":"","overlay-gradient":""},"mobile":{"background-color":"var(--ast-global-color-5)","background-image":"","background-repeat":"repeat","background-position":"center center","background-size":"auto","background-attachment":"scroll","background-type":"","background-media":"","overlay-type":"","overlay-color":"","overlay-opacity":"","overlay-gradient":""}},"ngg_post_thumbnail":0,"footnotes":""},"class_list":["post-964","page","type-page","status-publish","has-post-thumbnail","hentry"],"yoast_head":"<!-- This site is optimized with the Yoast SEO plugin v27.1.1 - https:\/\/yoast.com\/product\/yoast-seo-wordpress\/ -->\n<title>Saunateraapia - Maav\u00e4gised p\u00e4rimusmeditsiinikeskus<\/title>\n<meta name=\"description\" content=\"Saunateraapia meie puuk\u00fcttega saunas koosneb looduslike segudega koorimisest, alati v\u00e4rskete vihtadega vihtlemisest ja meemassaa\u017eist\" \/>\n<meta name=\"robots\" content=\"index, follow, max-snippet:-1, max-image-preview:large, max-video-preview:-1\" \/>\n<link rel=\"canonical\" href=\"https:\/\/maavagised.ee\/et\/saunateraapia\/\" \/>\n<meta property=\"og:locale\" content=\"et_EE\" \/>\n<meta property=\"og:type\" content=\"article\" \/>\n<meta property=\"og:title\" content=\"Saunateraapia - Maav\u00e4gised p\u00e4rimusmeditsiinikeskus\" \/>\n<meta property=\"og:description\" content=\"Saunateraapia meie puuk\u00fcttega saunas koosneb looduslike segudega koorimisest, alati v\u00e4rskete vihtadega vihtlemisest ja meemassaa\u017eist\" \/>\n<meta property=\"og:url\" content=\"https:\/\/maavagised.ee\/et\/saunateraapia\/\" \/>\n<meta property=\"og:site_name\" content=\"Maav\u00e4gised p\u00e4rimusmeditsiinikeskus\" \/>\n<meta property=\"article:publisher\" content=\"https:\/\/www.facebook.com\/maavagised\" \/>\n<meta property=\"article:modified_time\" content=\"2022-08-08T07:42:00+00:00\" \/>\n<meta property=\"og:image\" content=\"https:\/\/maavagised.ee\/wp-content\/uploads\/2021\/05\/Saunateraapia.jpg\" \/>\n\t<meta property=\"og:image:width\" content=\"1387\" \/>\n\t<meta property=\"og:image:height\" content=\"924\" \/>\n\t<meta property=\"og:image:type\" content=\"image\/jpeg\" \/>\n<meta name=\"twitter:card\" content=\"summary_large_image\" \/>\n<meta name=\"twitter:label1\" content=\"Est. reading time\" \/>\n\t<meta name=\"twitter:data1\" content=\"3 minutit\" \/>\n<script type=\"application\/ld+json\" class=\"yoast-schema-graph\">{\"@context\":\"https:\/\/schema.org\",\"@graph\":[{\"@type\":\"WebPage\",\"@id\":\"https:\/\/maavagised.ee\/saunateraapia\/\",\"url\":\"https:\/\/maavagised.ee\/saunateraapia\/\",\"name\":\"Saunateraapia - Maav\u00e4gised p\u00e4rimusmeditsiinikeskus\",\"isPartOf\":{\"@id\":\"https:\/\/maavagised.ee\/#website\"},\"primaryImageOfPage\":{\"@id\":\"https:\/\/maavagised.ee\/saunateraapia\/#primaryimage\"},\"image\":{\"@id\":\"https:\/\/maavagised.ee\/saunateraapia\/#primaryimage\"},\"thumbnailUrl\":\"https:\/\/i0.wp.com\/maavagised.ee\/wp-content\/uploads\/2021\/05\/Saunateraapia.jpg?fit=1387%2C924&ssl=1\",\"datePublished\":\"2021-06-06T21:37:53+00:00\",\"dateModified\":\"2022-08-08T07:42:00+00:00\",\"description\":\"Saunateraapia meie puuk\u00fcttega saunas koosneb looduslike segudega koorimisest, alati v\u00e4rskete vihtadega vihtlemisest ja meemassaa\u017eist\",\"breadcrumb\":{\"@id\":\"https:\/\/maavagised.ee\/saunateraapia\/#breadcrumb\"},\"inLanguage\":\"et\",\"potentialAction\":[{\"@type\":\"ReadAction\",\"target\":[\"https:\/\/maavagised.ee\/saunateraapia\/\"]}]},{\"@type\":\"ImageObject\",\"inLanguage\":\"et\",\"@id\":\"https:\/\/maavagised.ee\/saunateraapia\/#primaryimage\",\"url\":\"https:\/\/i0.wp.com\/maavagised.ee\/wp-content\/uploads\/2021\/05\/Saunateraapia.jpg?fit=1387%2C924&ssl=1\",\"contentUrl\":\"https:\/\/i0.wp.com\/maavagised.ee\/wp-content\/uploads\/2021\/05\/Saunateraapia.jpg?fit=1387%2C924&ssl=1\",\"width\":1387,\"height\":924,\"caption\":\"Saunateraapia \u00fchele kuni kaheksale inimesele\"},{\"@type\":\"BreadcrumbList\",\"@id\":\"https:\/\/maavagised.ee\/saunateraapia\/#breadcrumb\",\"itemListElement\":[{\"@type\":\"ListItem\",\"position\":1,\"name\":\"Home\",\"item\":\"https:\/\/maavagised.ee\/\"},{\"@type\":\"ListItem\",\"position\":2,\"name\":\"Saunateraapia\"}]},{\"@type\":\"WebSite\",\"@id\":\"https:\/\/maavagised.ee\/#website\",\"url\":\"https:\/\/maavagised.ee\/\",\"name\":\"Maavagised\",\"description\":\"L\u00f5\u00f5gastus saunas ja massaa\u017eis v\u00f5i tervis kaanidest.\",\"publisher\":{\"@id\":\"https:\/\/maavagised.ee\/#organization\"},\"potentialAction\":[{\"@type\":\"SearchAction\",\"target\":{\"@type\":\"EntryPoint\",\"urlTemplate\":\"https:\/\/maavagised.ee\/?s={search_term_string}\"},\"query-input\":{\"@type\":\"PropertyValueSpecification\",\"valueRequired\":true,\"valueName\":\"search_term_string\"}}],\"inLanguage\":\"et\"},{\"@type\":\"Organization\",\"@id\":\"https:\/\/maavagised.ee\/#organization\",\"name\":\"Maav\u00e4gised p\u00e4rimusmeditsiinikeskus\",\"url\":\"https:\/\/maavagised.ee\/\",\"logo\":{\"@type\":\"ImageObject\",\"inLanguage\":\"et\",\"@id\":\"https:\/\/maavagised.ee\/#\/schema\/logo\/image\/\",\"url\":\"https:\/\/i0.wp.com\/maavagised.ee\/wp-content\/uploads\/2021\/05\/maavagised_logo1.png?fit=477%2C302&ssl=1\",\"contentUrl\":\"https:\/\/i0.wp.com\/maavagised.ee\/wp-content\/uploads\/2021\/05\/maavagised_logo1.png?fit=477%2C302&ssl=1\",\"width\":477,\"height\":302,\"caption\":\"Maav\u00e4gised p\u00e4rimusmeditsiinikeskus\"},\"image\":{\"@id\":\"https:\/\/maavagised.ee\/#\/schema\/logo\/image\/\"},\"sameAs\":[\"https:\/\/www.facebook.com\/maavagised\",\"https:\/\/www.instagram.com\/maavagised_\/\"]}]}<\/script>\n<!-- \/ Yoast SEO plugin. -->","yoast_head_json":{"title":"Saunateraapia - Maav\u00e4gised p\u00e4rimusmeditsiinikeskus","description":"Saunateraapia meie puuk\u00fcttega saunas koosneb looduslike segudega koorimisest, alati v\u00e4rskete vihtadega vihtlemisest ja meemassaa\u017eist","robots":{"index":"index","follow":"follow","max-snippet":"max-snippet:-1","max-image-preview":"max-image-preview:large","max-video-preview":"max-video-preview:-1"},"canonical":"https:\/\/maavagised.ee\/et\/saunateraapia\/","og_locale":"et_EE","og_type":"article","og_title":"Saunateraapia - Maav\u00e4gised p\u00e4rimusmeditsiinikeskus","og_description":"Saunateraapia meie puuk\u00fcttega saunas koosneb looduslike segudega koorimisest, alati v\u00e4rskete vihtadega vihtlemisest ja meemassaa\u017eist","og_url":"https:\/\/maavagised.ee\/et\/saunateraapia\/","og_site_name":"Maav\u00e4gised p\u00e4rimusmeditsiinikeskus","article_publisher":"https:\/\/www.facebook.com\/maavagised","article_modified_time":"2022-08-08T07:42:00+00:00","og_image":[{"width":1387,"height":924,"url":"https:\/\/maavagised.ee\/wp-content\/uploads\/2021\/05\/Saunateraapia.jpg","type":"image\/jpeg"}],"twitter_card":"summary_large_image","twitter_misc":{"Est. reading time":"3 minutit"},"schema":{"@context":"https:\/\/schema.org","@graph":[{"@type":"WebPage","@id":"https:\/\/maavagised.ee\/saunateraapia\/","url":"https:\/\/maavagised.ee\/saunateraapia\/","name":"Saunateraapia - Maav\u00e4gised p\u00e4rimusmeditsiinikeskus","isPartOf":{"@id":"https:\/\/maavagised.ee\/#website"},"primaryImageOfPage":{"@id":"https:\/\/maavagised.ee\/saunateraapia\/#primaryimage"},"image":{"@id":"https:\/\/maavagised.ee\/saunateraapia\/#primaryimage"},"thumbnailUrl":"https:\/\/i0.wp.com\/maavagised.ee\/wp-content\/uploads\/2021\/05\/Saunateraapia.jpg?fit=1387%2C924&ssl=1","datePublished":"2021-06-06T21:37:53+00:00","dateModified":"2022-08-08T07:42:00+00:00","description":"Saunateraapia meie puuk\u00fcttega saunas koosneb looduslike segudega koorimisest, alati v\u00e4rskete vihtadega vihtlemisest ja meemassaa\u017eist","breadcrumb":{"@id":"https:\/\/maavagised.ee\/saunateraapia\/#breadcrumb"},"inLanguage":"et","potentialAction":[{"@type":"ReadAction","target":["https:\/\/maavagised.ee\/saunateraapia\/"]}]},{"@type":"ImageObject","inLanguage":"et","@id":"https:\/\/maavagised.ee\/saunateraapia\/#primaryimage","url":"https:\/\/i0.wp.com\/maavagised.ee\/wp-content\/uploads\/2021\/05\/Saunateraapia.jpg?fit=1387%2C924&ssl=1","contentUrl":"https:\/\/i0.wp.com\/maavagised.ee\/wp-content\/uploads\/2021\/05\/Saunateraapia.jpg?fit=1387%2C924&ssl=1","width":1387,"height":924,"caption":"Saunateraapia \u00fchele kuni kaheksale inimesele"},{"@type":"BreadcrumbList","@id":"https:\/\/maavagised.ee\/saunateraapia\/#breadcrumb","itemListElement":[{"@type":"ListItem","position":1,"name":"Home","item":"https:\/\/maavagised.ee\/"},{"@type":"ListItem","position":2,"name":"Saunateraapia"}]},{"@type":"WebSite","@id":"https:\/\/maavagised.ee\/#website","url":"https:\/\/maavagised.ee\/","name":"Maavagised","description":"L\u00f5\u00f5gastus saunas ja massaa\u017eis v\u00f5i tervis kaanidest.","publisher":{"@id":"https:\/\/maavagised.ee\/#organization"},"potentialAction":[{"@type":"SearchAction","target":{"@type":"EntryPoint","urlTemplate":"https:\/\/maavagised.ee\/?s={search_term_string}"},"query-input":{"@type":"PropertyValueSpecification","valueRequired":true,"valueName":"search_term_string"}}],"inLanguage":"et"},{"@type":"Organization","@id":"https:\/\/maavagised.ee\/#organization","name":"Maav\u00e4gised p\u00e4rimusmeditsiinikeskus","url":"https:\/\/maavagised.ee\/","logo":{"@type":"ImageObject","inLanguage":"et","@id":"https:\/\/maavagised.ee\/#\/schema\/logo\/image\/","url":"https:\/\/i0.wp.com\/maavagised.ee\/wp-content\/uploads\/2021\/05\/maavagised_logo1.png?fit=477%2C302&ssl=1","contentUrl":"https:\/\/i0.wp.com\/maavagised.ee\/wp-content\/uploads\/2021\/05\/maavagised_logo1.png?fit=477%2C302&ssl=1","width":477,"height":302,"caption":"Maav\u00e4gised p\u00e4rimusmeditsiinikeskus"},"image":{"@id":"https:\/\/maavagised.ee\/#\/schema\/logo\/image\/"},"sameAs":["https:\/\/www.facebook.com\/maavagised","https:\/\/www.instagram.com\/maavagised_\/"]}]}},"jetpack_sharing_enabled":true,"jetpack_likes_enabled":true,"jetpack-related-posts":[],"_links":{"self":[{"href":"https:\/\/maavagised.ee\/et\/wp-json\/wp\/v2\/pages\/964","targetHints":{"allow":["GET"]}}],"collection":[{"href":"https:\/\/maavagised.ee\/et\/wp-json\/wp\/v2\/pages"}],"about":[{"href":"https:\/\/maavagised.ee\/et\/wp-json\/wp\/v2\/types\/page"}],"author":[{"embeddable":true,"href":"https:\/\/maavagised.ee\/et\/wp-json\/wp\/v2\/users\/1"}],"replies":[{"embeddable":true,"href":"https:\/\/maavagised.ee\/et\/wp-json\/wp\/v2\/comments?post=964"}],"version-history":[{"count":4,"href":"https:\/\/maavagised.ee\/et\/wp-json\/wp\/v2\/pages\/964\/revisions"}],"predecessor-version":[{"id":3565,"href":"https:\/\/maavagised.ee\/et\/wp-json\/wp\/v2\/pages\/964\/revisions\/3565"}],"wp:featuredmedia":[{"embeddable":true,"href":"https:\/\/maavagised.ee\/et\/wp-json\/wp\/v2\/media\/428"}],"wp:attachment":[{"href":"https:\/\/maavagised.ee\/et\/wp-json\/wp\/v2\/media?parent=964"}],"curies":[{"name":"wp","href":"https:\/\/api.w.org\/{rel}","templated":true}]}}