{"id":945,"date":"2021-06-04T20:55:05","date_gmt":"2021-06-04T20:55:05","guid":{"rendered":"https:\/\/maavagised.ee\/?page_id=945"},"modified":"2021-06-04T21:01:49","modified_gmt":"2021-06-04T21:01:49","slug":"kohumassaaz","status":"publish","type":"page","link":"https:\/\/maavagised.ee\/et\/kohumassaaz\/","title":{"rendered":"K\u00f5humassaa\u017e"},"content":{"rendered":"\n<p>K\u00f5humassaa\u017e on rahustav kogu kehale, l\u00e4bi k\u00f5hus olevate organite massaa\u017ei paraneb terve keha verevarustus ja ainevahetus, lisaks l\u00f5\u00f5gastub meel. Soe ruum, l\u00f5hnavad \u00f5lid ja rahulik massaa\u017e on just need, mis viivad m\u00f5tted mujale ja aitavad keha seisundit muuta.<\/p>\n\n\n\n<figure class=\"wp-block-gallery columns-2 is-cropped wp-block-gallery-1 is-layout-flex wp-block-gallery-is-layout-flex\"><ul class=\"blocks-gallery-grid\"><li class=\"blocks-gallery-item\"><figure><img data-recalc-dims=\"1\" fetchpriority=\"high\" decoding=\"async\" width=\"1024\" height=\"681\" data-attachment-id=\"949\" data-permalink=\"https:\/\/maavagised.ee\/et\/kohumassaaz\/ko%cc%83humassaaz\/\" data-orig-file=\"https:\/\/i0.wp.com\/maavagised.ee\/wp-content\/uploads\/2021\/06\/Ko%CC%83humassaaz%CC%8C-scaled.jpg?fit=2560%2C1703&amp;ssl=1\" data-orig-size=\"2560,1703\" data-comments-opened=\"0\" data-image-meta=\"{&quot;aperture&quot;:&quot;5.6&quot;,&quot;credit&quot;:&quot;&quot;,&quot;camera&quot;:&quot;Canon EOS 550D&quot;,&quot;caption&quot;:&quot;&quot;,&quot;created_timestamp&quot;:&quot;1489870110&quot;,&quot;copyright&quot;:&quot;&quot;,&quot;focal_length&quot;:&quot;55&quot;,&quot;iso&quot;:&quot;400&quot;,&quot;shutter_speed&quot;:&quot;0.0166666666667&quot;,&quot;title&quot;:&quot;&quot;,&quot;orientation&quot;:&quot;0&quot;}\" data-image-title=\"Ko\u0303humassaaz\u030c\" data-image-description=\"\" data-image-caption=\"\" data-medium-file=\"https:\/\/i0.wp.com\/maavagised.ee\/wp-content\/uploads\/2021\/06\/Ko%CC%83humassaaz%CC%8C-scaled.jpg?fit=300%2C200&amp;ssl=1\" data-large-file=\"https:\/\/i0.wp.com\/maavagised.ee\/wp-content\/uploads\/2021\/06\/Ko%CC%83humassaaz%CC%8C-scaled.jpg?fit=1024%2C681&amp;ssl=1\" src=\"https:\/\/i0.wp.com\/maavagised.ee\/wp-content\/uploads\/2021\/06\/Ko%CC%83humassaaz%CC%8C.jpg?resize=1024%2C681&#038;ssl=1\" alt=\"\" data-id=\"949\" data-full-url=\"https:\/\/maavagised.ee\/wp-content\/uploads\/2021\/06\/Ko\u0303humassaaz\u030c-scaled.jpg\" data-link=\"https:\/\/maavagised.ee\/kohumassaaz\/ko%cc%83humassaaz\/\" class=\"wp-image-949\" srcset=\"https:\/\/i0.wp.com\/maavagised.ee\/wp-content\/uploads\/2021\/06\/Ko%CC%83humassaaz%CC%8C-scaled.jpg?resize=1024%2C681&amp;ssl=1 1024w, https:\/\/i0.wp.com\/maavagised.ee\/wp-content\/uploads\/2021\/06\/Ko%CC%83humassaaz%CC%8C-scaled.jpg?resize=600%2C399&amp;ssl=1 600w, https:\/\/i0.wp.com\/maavagised.ee\/wp-content\/uploads\/2021\/06\/Ko%CC%83humassaaz%CC%8C-scaled.jpg?resize=300%2C200&amp;ssl=1 300w, https:\/\/i0.wp.com\/maavagised.ee\/wp-content\/uploads\/2021\/06\/Ko%CC%83humassaaz%CC%8C-scaled.jpg?resize=768%2C511&amp;ssl=1 768w, https:\/\/i0.wp.com\/maavagised.ee\/wp-content\/uploads\/2021\/06\/Ko%CC%83humassaaz%CC%8C-scaled.jpg?resize=1536%2C1022&amp;ssl=1 1536w, https:\/\/i0.wp.com\/maavagised.ee\/wp-content\/uploads\/2021\/06\/Ko%CC%83humassaaz%CC%8C-scaled.jpg?resize=2048%2C1362&amp;ssl=1 2048w\" sizes=\"(max-width: 1000px) 100vw, 1000px\" \/><\/figure><\/li><li class=\"blocks-gallery-item\"><figure><img data-recalc-dims=\"1\" decoding=\"async\" width=\"1024\" height=\"770\" data-attachment-id=\"950\" data-permalink=\"https:\/\/maavagised.ee\/et\/kohumassaaz\/ko%cc%83huteraapia\/\" data-orig-file=\"https:\/\/i0.wp.com\/maavagised.ee\/wp-content\/uploads\/2021\/06\/Ko%CC%83huteraapia.jpg?fit=1945%2C1463&amp;ssl=1\" data-orig-size=\"1945,1463\" data-comments-opened=\"0\" data-image-meta=\"{&quot;aperture&quot;:&quot;5.6&quot;,&quot;credit&quot;:&quot;&quot;,&quot;camera&quot;:&quot;Canon EOS 550D&quot;,&quot;caption&quot;:&quot;&quot;,&quot;created_timestamp&quot;:&quot;1489868542&quot;,&quot;copyright&quot;:&quot;&quot;,&quot;focal_length&quot;:&quot;55&quot;,&quot;iso&quot;:&quot;400&quot;,&quot;shutter_speed&quot;:&quot;0.0166666666667&quot;,&quot;title&quot;:&quot;&quot;,&quot;orientation&quot;:&quot;0&quot;}\" data-image-title=\"Ko\u0303huteraapia\" data-image-description=\"\" data-image-caption=\"\" data-medium-file=\"https:\/\/i0.wp.com\/maavagised.ee\/wp-content\/uploads\/2021\/06\/Ko%CC%83huteraapia.jpg?fit=300%2C226&amp;ssl=1\" data-large-file=\"https:\/\/i0.wp.com\/maavagised.ee\/wp-content\/uploads\/2021\/06\/Ko%CC%83huteraapia.jpg?fit=1024%2C770&amp;ssl=1\" src=\"https:\/\/i0.wp.com\/maavagised.ee\/wp-content\/uploads\/2021\/06\/Ko%CC%83huteraapia.jpg?resize=1024%2C770&#038;ssl=1\" alt=\"\" data-id=\"950\" data-full-url=\"https:\/\/maavagised.ee\/wp-content\/uploads\/2021\/06\/Ko\u0303huteraapia.jpg\" data-link=\"https:\/\/maavagised.ee\/kohumassaaz\/ko%cc%83huteraapia\/\" class=\"wp-image-950\" srcset=\"https:\/\/i0.wp.com\/maavagised.ee\/wp-content\/uploads\/2021\/06\/Ko%CC%83huteraapia.jpg?resize=1024%2C770&amp;ssl=1 1024w, https:\/\/i0.wp.com\/maavagised.ee\/wp-content\/uploads\/2021\/06\/Ko%CC%83huteraapia.jpg?resize=600%2C451&amp;ssl=1 600w, https:\/\/i0.wp.com\/maavagised.ee\/wp-content\/uploads\/2021\/06\/Ko%CC%83huteraapia.jpg?resize=300%2C226&amp;ssl=1 300w, https:\/\/i0.wp.com\/maavagised.ee\/wp-content\/uploads\/2021\/06\/Ko%CC%83huteraapia.jpg?resize=768%2C578&amp;ssl=1 768w, https:\/\/i0.wp.com\/maavagised.ee\/wp-content\/uploads\/2021\/06\/Ko%CC%83huteraapia.jpg?resize=1536%2C1155&amp;ssl=1 1536w, https:\/\/i0.wp.com\/maavagised.ee\/wp-content\/uploads\/2021\/06\/Ko%CC%83huteraapia.jpg?w=1945&amp;ssl=1 1945w\" sizes=\"(max-width: 1000px) 100vw, 1000px\" \/><\/figure><\/li><\/ul><\/figure>\n\n\n\n<p>Meie tervis on seotud just nende organitega, mis asuvad meie k\u00f5hukoopas. Nende olulisust ei saa \u00fchelgi juhul eirata, siselundite tervisest s\u00f5ltub suur osa meie tervisest.<\/p>\n\n\n\n<p>Vistseraalne massaa\u017e ehk siselundite massaa\u017e on suunatud otseselt k\u00f5hu\u00f5\u00f5ne elundite ainevahetuse parandamisele. Tavap\u00e4rase inimese kehaasendi t\u00f5ttu elundeid paigal hoidvad sidemed venivad ja kogu elundite ainevahetus halveneb. See massaa\u017e aitab kaasa ka juba tekkinud haiguslike seisundite paranemisele kuna l\u00e4bi verevarustuse parandamise vastavas organis tekib sel isetervenemisv\u00f5ime.<\/p>\n\n\n\n<p>K\u00f5humassaa\u017e l\u00f5\u00f5gastab ja parandab siselundite ainevahetust ja verevarustust ja seel\u00e4bi aitab parandada kogu keha verevarustust<br>Annab h\u00e4id tulemusi seede-, sugu- ja erituselundite h\u00e4irete korral.<br>Abi v\u00f5ib saada ka parasiitidest tingitud h\u00e4irete korral.<\/p>\n\n\n\n<p><\/p>\n","protected":false},"excerpt":{"rendered":"<p>K\u00f5humassaa\u017e on rahustav kogu kehale, l\u00e4bi k\u00f5hus olevate organite massaa\u017ei paraneb terve keha verevarustus ja ainevahetus, lisaks l\u00f5\u00f5gastub meel. Soe ruum, l\u00f5hnavad \u00f5lid ja rahulik massaa\u017e on just need, mis viivad m\u00f5tted mujale ja aitavad keha seisundit muuta. Meie tervis on seotud just nende organitega, mis asuvad meie k\u00f5hukoopas. Nende olulisust ei saa \u00fchelgi juhul [&hellip;]<\/p>\n","protected":false},"author":1,"featured_media":636,"parent":0,"menu_order":0,"comment_status":"closed","ping_status":"closed","template":"","meta":{"om_disable_all_campaigns":false,"site-sidebar-layout":"default","site-content-layout":"default","ast-site-content-layout":"","site-content-style":"default","site-sidebar-style":"default","ast-global-header-display":"","ast-banner-title-visibility":"","ast-main-header-display":"","ast-hfb-above-header-display":"","ast-hfb-below-header-display":"","ast-hfb-mobile-header-display":"","site-post-title":"","ast-breadcrumbs-content":"","ast-featured-img":"","footer-sml-layout":"","theme-transparent-header-meta":"default","adv-header-id-meta":"","stick-header-meta":"","header-above-stick-meta":"","header-main-stick-meta":"","header-below-stick-meta":"","astra-migrate-meta-layouts":"default","ast-page-background-enabled":"default","ast-page-background-meta":{"desktop":{"background-color":"","background-image":"","background-repeat":"repeat","background-position":"center center","background-size":"auto","background-attachment":"scroll","background-type":"","background-media":"","overlay-type":"","overlay-color":"","overlay-opacity":"","overlay-gradient":""},"tablet":{"background-color":"","background-image":"","background-repeat":"repeat","background-position":"center center","background-size":"auto","background-attachment":"scroll","background-type":"","background-media":"","overlay-type":"","overlay-color":"","overlay-opacity":"","overlay-gradient":""},"mobile":{"background-color":"","background-image":"","background-repeat":"repeat","background-position":"center center","background-size":"auto","background-attachment":"scroll","background-type":"","background-media":"","overlay-type":"","overlay-color":"","overlay-opacity":"","overlay-gradient":""}},"ast-content-background-meta":{"desktop":{"background-color":"var(--ast-global-color-5)","background-image":"","background-repeat":"repeat","background-position":"center center","background-size":"auto","background-attachment":"scroll","background-type":"","background-media":"","overlay-type":"","overlay-color":"","overlay-opacity":"","overlay-gradient":""},"tablet":{"background-color":"var(--ast-global-color-5)","background-image":"","background-repeat":"repeat","background-position":"center center","background-size":"auto","background-attachment":"scroll","background-type":"","background-media":"","overlay-type":"","overlay-color":"","overlay-opacity":"","overlay-gradient":""},"mobile":{"background-color":"var(--ast-global-color-5)","background-image":"","background-repeat":"repeat","background-position":"center center","background-size":"auto","background-attachment":"scroll","background-type":"","background-media":"","overlay-type":"","overlay-color":"","overlay-opacity":"","overlay-gradient":""}},"ngg_post_thumbnail":0,"footnotes":""},"class_list":["post-945","page","type-page","status-publish","has-post-thumbnail","hentry"],"yoast_head":"<!-- This site is optimized with the Yoast SEO plugin v27.1.1 - https:\/\/yoast.com\/product\/yoast-seo-wordpress\/ -->\n<title>K\u00f5humassaa\u017e - Maav\u00e4gised p\u00e4rimusmeditsiinikeskus<\/title>\n<meta name=\"description\" content=\"K\u00f5humassaa\u017e l\u00f5\u00f5gastab kogu keha ja meele. Soe, l\u00f5hnav \u00f5li ja aeglane, rahulik massaa\u017e v\u00f5tavad maha nii vaimsed kui ka f\u00fc\u00fcsilised pinged.\" \/>\n<meta name=\"robots\" content=\"index, follow, max-snippet:-1, max-image-preview:large, max-video-preview:-1\" \/>\n<link rel=\"canonical\" href=\"https:\/\/maavagised.ee\/et\/kohumassaaz\/\" \/>\n<meta property=\"og:locale\" content=\"et_EE\" \/>\n<meta property=\"og:type\" content=\"article\" \/>\n<meta property=\"og:title\" content=\"K\u00f5humassaa\u017e - Maav\u00e4gised p\u00e4rimusmeditsiinikeskus\" \/>\n<meta property=\"og:description\" content=\"K\u00f5humassaa\u017e l\u00f5\u00f5gastab kogu keha ja meele. Soe, l\u00f5hnav \u00f5li ja aeglane, rahulik massaa\u017e v\u00f5tavad maha nii vaimsed kui ka f\u00fc\u00fcsilised pinged.\" \/>\n<meta property=\"og:url\" content=\"https:\/\/maavagised.ee\/et\/kohumassaaz\/\" \/>\n<meta property=\"og:site_name\" content=\"Maav\u00e4gised p\u00e4rimusmeditsiinikeskus\" \/>\n<meta property=\"article:publisher\" content=\"https:\/\/www.facebook.com\/maavagised\" \/>\n<meta property=\"article:modified_time\" content=\"2021-06-04T21:01:49+00:00\" \/>\n<meta property=\"og:image\" content=\"https:\/\/maavagised.ee\/wp-content\/uploads\/2021\/05\/Ko\u0303humassaaz-Copy.jpg\" \/>\n\t<meta property=\"og:image:width\" content=\"425\" \/>\n\t<meta property=\"og:image:height\" content=\"282\" \/>\n\t<meta property=\"og:image:type\" content=\"image\/jpeg\" \/>\n<meta name=\"twitter:card\" content=\"summary_large_image\" \/>\n<meta name=\"twitter:label1\" content=\"Est. reading time\" \/>\n\t<meta name=\"twitter:data1\" content=\"2 minutit\" \/>\n<script type=\"application\/ld+json\" class=\"yoast-schema-graph\">{\"@context\":\"https:\/\/schema.org\",\"@graph\":[{\"@type\":\"WebPage\",\"@id\":\"https:\/\/maavagised.ee\/kohumassaaz\/\",\"url\":\"https:\/\/maavagised.ee\/kohumassaaz\/\",\"name\":\"K\u00f5humassaa\u017e - Maav\u00e4gised p\u00e4rimusmeditsiinikeskus\",\"isPartOf\":{\"@id\":\"https:\/\/maavagised.ee\/#website\"},\"primaryImageOfPage\":{\"@id\":\"https:\/\/maavagised.ee\/kohumassaaz\/#primaryimage\"},\"image\":{\"@id\":\"https:\/\/maavagised.ee\/kohumassaaz\/#primaryimage\"},\"thumbnailUrl\":\"https:\/\/i0.wp.com\/maavagised.ee\/wp-content\/uploads\/2021\/05\/Ko%CC%83humassaaz-Copy.jpg?fit=425%2C282&ssl=1\",\"datePublished\":\"2021-06-04T20:55:05+00:00\",\"dateModified\":\"2021-06-04T21:01:49+00:00\",\"description\":\"K\u00f5humassaa\u017e l\u00f5\u00f5gastab kogu keha ja meele. Soe, l\u00f5hnav \u00f5li ja aeglane, rahulik massaa\u017e v\u00f5tavad maha nii vaimsed kui ka f\u00fc\u00fcsilised pinged.\",\"breadcrumb\":{\"@id\":\"https:\/\/maavagised.ee\/kohumassaaz\/#breadcrumb\"},\"inLanguage\":\"et\",\"potentialAction\":[{\"@type\":\"ReadAction\",\"target\":[\"https:\/\/maavagised.ee\/kohumassaaz\/\"]}]},{\"@type\":\"ImageObject\",\"inLanguage\":\"et\",\"@id\":\"https:\/\/maavagised.ee\/kohumassaaz\/#primaryimage\",\"url\":\"https:\/\/i0.wp.com\/maavagised.ee\/wp-content\/uploads\/2021\/05\/Ko%CC%83humassaaz-Copy.jpg?fit=425%2C282&ssl=1\",\"contentUrl\":\"https:\/\/i0.wp.com\/maavagised.ee\/wp-content\/uploads\/2021\/05\/Ko%CC%83humassaaz-Copy.jpg?fit=425%2C282&ssl=1\",\"width\":425,\"height\":282,\"caption\":\"K\u00f5humassaa\u017e\"},{\"@type\":\"BreadcrumbList\",\"@id\":\"https:\/\/maavagised.ee\/kohumassaaz\/#breadcrumb\",\"itemListElement\":[{\"@type\":\"ListItem\",\"position\":1,\"name\":\"Home\",\"item\":\"https:\/\/maavagised.ee\/\"},{\"@type\":\"ListItem\",\"position\":2,\"name\":\"K\u00f5humassaa\u017e\"}]},{\"@type\":\"WebSite\",\"@id\":\"https:\/\/maavagised.ee\/#website\",\"url\":\"https:\/\/maavagised.ee\/\",\"name\":\"Maavagised\",\"description\":\"L\u00f5\u00f5gastus saunas ja massaa\u017eis v\u00f5i tervis kaanidest.\",\"publisher\":{\"@id\":\"https:\/\/maavagised.ee\/#organization\"},\"potentialAction\":[{\"@type\":\"SearchAction\",\"target\":{\"@type\":\"EntryPoint\",\"urlTemplate\":\"https:\/\/maavagised.ee\/?s={search_term_string}\"},\"query-input\":{\"@type\":\"PropertyValueSpecification\",\"valueRequired\":true,\"valueName\":\"search_term_string\"}}],\"inLanguage\":\"et\"},{\"@type\":\"Organization\",\"@id\":\"https:\/\/maavagised.ee\/#organization\",\"name\":\"Maav\u00e4gised p\u00e4rimusmeditsiinikeskus\",\"url\":\"https:\/\/maavagised.ee\/\",\"logo\":{\"@type\":\"ImageObject\",\"inLanguage\":\"et\",\"@id\":\"https:\/\/maavagised.ee\/#\/schema\/logo\/image\/\",\"url\":\"https:\/\/i0.wp.com\/maavagised.ee\/wp-content\/uploads\/2021\/05\/maavagised_logo1.png?fit=477%2C302&ssl=1\",\"contentUrl\":\"https:\/\/i0.wp.com\/maavagised.ee\/wp-content\/uploads\/2021\/05\/maavagised_logo1.png?fit=477%2C302&ssl=1\",\"width\":477,\"height\":302,\"caption\":\"Maav\u00e4gised p\u00e4rimusmeditsiinikeskus\"},\"image\":{\"@id\":\"https:\/\/maavagised.ee\/#\/schema\/logo\/image\/\"},\"sameAs\":[\"https:\/\/www.facebook.com\/maavagised\",\"https:\/\/www.instagram.com\/maavagised_\/\"]}]}<\/script>\n<!-- \/ Yoast SEO plugin. -->","yoast_head_json":{"title":"K\u00f5humassaa\u017e - Maav\u00e4gised p\u00e4rimusmeditsiinikeskus","description":"K\u00f5humassaa\u017e l\u00f5\u00f5gastab kogu keha ja meele. Soe, l\u00f5hnav \u00f5li ja aeglane, rahulik massaa\u017e v\u00f5tavad maha nii vaimsed kui ka f\u00fc\u00fcsilised pinged.","robots":{"index":"index","follow":"follow","max-snippet":"max-snippet:-1","max-image-preview":"max-image-preview:large","max-video-preview":"max-video-preview:-1"},"canonical":"https:\/\/maavagised.ee\/et\/kohumassaaz\/","og_locale":"et_EE","og_type":"article","og_title":"K\u00f5humassaa\u017e - Maav\u00e4gised p\u00e4rimusmeditsiinikeskus","og_description":"K\u00f5humassaa\u017e l\u00f5\u00f5gastab kogu keha ja meele. Soe, l\u00f5hnav \u00f5li ja aeglane, rahulik massaa\u017e v\u00f5tavad maha nii vaimsed kui ka f\u00fc\u00fcsilised pinged.","og_url":"https:\/\/maavagised.ee\/et\/kohumassaaz\/","og_site_name":"Maav\u00e4gised p\u00e4rimusmeditsiinikeskus","article_publisher":"https:\/\/www.facebook.com\/maavagised","article_modified_time":"2021-06-04T21:01:49+00:00","og_image":[{"width":425,"height":282,"url":"https:\/\/maavagised.ee\/wp-content\/uploads\/2021\/05\/Ko\u0303humassaaz-Copy.jpg","type":"image\/jpeg"}],"twitter_card":"summary_large_image","twitter_misc":{"Est. reading time":"2 minutit"},"schema":{"@context":"https:\/\/schema.org","@graph":[{"@type":"WebPage","@id":"https:\/\/maavagised.ee\/kohumassaaz\/","url":"https:\/\/maavagised.ee\/kohumassaaz\/","name":"K\u00f5humassaa\u017e - Maav\u00e4gised p\u00e4rimusmeditsiinikeskus","isPartOf":{"@id":"https:\/\/maavagised.ee\/#website"},"primaryImageOfPage":{"@id":"https:\/\/maavagised.ee\/kohumassaaz\/#primaryimage"},"image":{"@id":"https:\/\/maavagised.ee\/kohumassaaz\/#primaryimage"},"thumbnailUrl":"https:\/\/i0.wp.com\/maavagised.ee\/wp-content\/uploads\/2021\/05\/Ko%CC%83humassaaz-Copy.jpg?fit=425%2C282&ssl=1","datePublished":"2021-06-04T20:55:05+00:00","dateModified":"2021-06-04T21:01:49+00:00","description":"K\u00f5humassaa\u017e l\u00f5\u00f5gastab kogu keha ja meele. Soe, l\u00f5hnav \u00f5li ja aeglane, rahulik massaa\u017e v\u00f5tavad maha nii vaimsed kui ka f\u00fc\u00fcsilised pinged.","breadcrumb":{"@id":"https:\/\/maavagised.ee\/kohumassaaz\/#breadcrumb"},"inLanguage":"et","potentialAction":[{"@type":"ReadAction","target":["https:\/\/maavagised.ee\/kohumassaaz\/"]}]},{"@type":"ImageObject","inLanguage":"et","@id":"https:\/\/maavagised.ee\/kohumassaaz\/#primaryimage","url":"https:\/\/i0.wp.com\/maavagised.ee\/wp-content\/uploads\/2021\/05\/Ko%CC%83humassaaz-Copy.jpg?fit=425%2C282&ssl=1","contentUrl":"https:\/\/i0.wp.com\/maavagised.ee\/wp-content\/uploads\/2021\/05\/Ko%CC%83humassaaz-Copy.jpg?fit=425%2C282&ssl=1","width":425,"height":282,"caption":"K\u00f5humassaa\u017e"},{"@type":"BreadcrumbList","@id":"https:\/\/maavagised.ee\/kohumassaaz\/#breadcrumb","itemListElement":[{"@type":"ListItem","position":1,"name":"Home","item":"https:\/\/maavagised.ee\/"},{"@type":"ListItem","position":2,"name":"K\u00f5humassaa\u017e"}]},{"@type":"WebSite","@id":"https:\/\/maavagised.ee\/#website","url":"https:\/\/maavagised.ee\/","name":"Maavagised","description":"L\u00f5\u00f5gastus saunas ja massaa\u017eis v\u00f5i tervis kaanidest.","publisher":{"@id":"https:\/\/maavagised.ee\/#organization"},"potentialAction":[{"@type":"SearchAction","target":{"@type":"EntryPoint","urlTemplate":"https:\/\/maavagised.ee\/?s={search_term_string}"},"query-input":{"@type":"PropertyValueSpecification","valueRequired":true,"valueName":"search_term_string"}}],"inLanguage":"et"},{"@type":"Organization","@id":"https:\/\/maavagised.ee\/#organization","name":"Maav\u00e4gised p\u00e4rimusmeditsiinikeskus","url":"https:\/\/maavagised.ee\/","logo":{"@type":"ImageObject","inLanguage":"et","@id":"https:\/\/maavagised.ee\/#\/schema\/logo\/image\/","url":"https:\/\/i0.wp.com\/maavagised.ee\/wp-content\/uploads\/2021\/05\/maavagised_logo1.png?fit=477%2C302&ssl=1","contentUrl":"https:\/\/i0.wp.com\/maavagised.ee\/wp-content\/uploads\/2021\/05\/maavagised_logo1.png?fit=477%2C302&ssl=1","width":477,"height":302,"caption":"Maav\u00e4gised p\u00e4rimusmeditsiinikeskus"},"image":{"@id":"https:\/\/maavagised.ee\/#\/schema\/logo\/image\/"},"sameAs":["https:\/\/www.facebook.com\/maavagised","https:\/\/www.instagram.com\/maavagised_\/"]}]}},"jetpack_sharing_enabled":true,"jetpack_likes_enabled":true,"jetpack-related-posts":[],"_links":{"self":[{"href":"https:\/\/maavagised.ee\/et\/wp-json\/wp\/v2\/pages\/945","targetHints":{"allow":["GET"]}}],"collection":[{"href":"https:\/\/maavagised.ee\/et\/wp-json\/wp\/v2\/pages"}],"about":[{"href":"https:\/\/maavagised.ee\/et\/wp-json\/wp\/v2\/types\/page"}],"author":[{"embeddable":true,"href":"https:\/\/maavagised.ee\/et\/wp-json\/wp\/v2\/users\/1"}],"replies":[{"embeddable":true,"href":"https:\/\/maavagised.ee\/et\/wp-json\/wp\/v2\/comments?post=945"}],"version-history":[{"count":2,"href":"https:\/\/maavagised.ee\/et\/wp-json\/wp\/v2\/pages\/945\/revisions"}],"predecessor-version":[{"id":951,"href":"https:\/\/maavagised.ee\/et\/wp-json\/wp\/v2\/pages\/945\/revisions\/951"}],"wp:featuredmedia":[{"embeddable":true,"href":"https:\/\/maavagised.ee\/et\/wp-json\/wp\/v2\/media\/636"}],"wp:attachment":[{"href":"https:\/\/maavagised.ee\/et\/wp-json\/wp\/v2\/media?parent=945"}],"curies":[{"name":"wp","href":"https:\/\/api.w.org\/{rel}","templated":true}]}}