{"id":937,"date":"2021-06-04T20:28:18","date_gmt":"2021-06-04T20:28:18","guid":{"rendered":"https:\/\/maavagised.ee\/?page_id=937"},"modified":"2024-04-26T06:19:42","modified_gmt":"2024-04-26T03:19:42","slug":"jalamassaaz","status":"publish","type":"page","link":"https:\/\/maavagised.ee\/et\/jalamassaaz\/","title":{"rendered":"Jalamassaa\u017e"},"content":{"rendered":"\n<p>Jalamassaa\u017e on v\u00e4ga hea l\u00f5\u00f5gastaja, abiks v\u00e4sinud jalgadele ja hea \u00fcle\u00fcldise toonuse t\u00f5stjana. Sobib kui oled pikad p\u00e4evad jalgadel aga ka siis kui istud palju.<\/p>\n\n\n\n<figure class=\"wp-block-gallery has-nested-images columns-default is-cropped wp-block-gallery-1 is-layout-flex wp-block-gallery-is-layout-flex\">\n<figure class=\"wp-block-image size-large\"><img data-recalc-dims=\"1\" fetchpriority=\"high\" decoding=\"async\" width=\"681\" height=\"960\" data-attachment-id=\"897\" data-permalink=\"https:\/\/maavagised.ee\/et\/vana-eesti-massaaz\/sa%cc%88a%cc%88r-copy\/\" data-orig-file=\"https:\/\/i0.wp.com\/maavagised.ee\/wp-content\/uploads\/2021\/06\/sa%CC%88a%CC%88r-copy.jpg?fit=681%2C960&amp;ssl=1\" data-orig-size=\"681,960\" data-comments-opened=\"0\" data-image-meta=\"{&quot;aperture&quot;:&quot;0&quot;,&quot;credit&quot;:&quot;&quot;,&quot;camera&quot;:&quot;&quot;,&quot;caption&quot;:&quot;&quot;,&quot;created_timestamp&quot;:&quot;0&quot;,&quot;copyright&quot;:&quot;&quot;,&quot;focal_length&quot;:&quot;0&quot;,&quot;iso&quot;:&quot;0&quot;,&quot;shutter_speed&quot;:&quot;0&quot;,&quot;title&quot;:&quot;&quot;,&quot;orientation&quot;:&quot;0&quot;}\" data-image-title=\"jalamassaa\u017e\" data-image-description=\"\" data-image-caption=\"\" data-medium-file=\"https:\/\/i0.wp.com\/maavagised.ee\/wp-content\/uploads\/2021\/06\/sa%CC%88a%CC%88r-copy.jpg?fit=213%2C300&amp;ssl=1\" data-large-file=\"https:\/\/i0.wp.com\/maavagised.ee\/wp-content\/uploads\/2021\/06\/sa%CC%88a%CC%88r-copy.jpg?fit=681%2C960&amp;ssl=1\" data-id=\"897\" src=\"https:\/\/i0.wp.com\/maavagised.ee\/wp-content\/uploads\/2021\/06\/sa%CC%88a%CC%88r-copy.jpg?resize=681%2C960&#038;ssl=1\" alt=\"jalamassaa\u017e\" class=\"wp-image-897\" srcset=\"https:\/\/i0.wp.com\/maavagised.ee\/wp-content\/uploads\/2021\/06\/sa%CC%88a%CC%88r-copy.jpg?w=681&amp;ssl=1 681w, https:\/\/i0.wp.com\/maavagised.ee\/wp-content\/uploads\/2021\/06\/sa%CC%88a%CC%88r-copy.jpg?resize=600%2C846&amp;ssl=1 600w, https:\/\/i0.wp.com\/maavagised.ee\/wp-content\/uploads\/2021\/06\/sa%CC%88a%CC%88r-copy.jpg?resize=213%2C300&amp;ssl=1 213w\" sizes=\"(max-width: 681px) 100vw, 681px\" \/><\/figure>\n\n\n\n<figure class=\"wp-block-image size-large\"><img data-recalc-dims=\"1\" decoding=\"async\" width=\"678\" height=\"1024\" data-attachment-id=\"939\" data-permalink=\"https:\/\/maavagised.ee\/et\/jalamassaaz\/jalgade-kreemitamine\/\" data-orig-file=\"https:\/\/i0.wp.com\/maavagised.ee\/wp-content\/uploads\/2021\/06\/Jalgade-kreemitamine.jpg?fit=1500%2C2265&amp;ssl=1\" data-orig-size=\"1500,2265\" data-comments-opened=\"0\" data-image-meta=\"{&quot;aperture&quot;:&quot;1.8&quot;,&quot;credit&quot;:&quot;&quot;,&quot;camera&quot;:&quot;NIKON D5100&quot;,&quot;caption&quot;:&quot;&quot;,&quot;created_timestamp&quot;:&quot;1394323806&quot;,&quot;copyright&quot;:&quot;&quot;,&quot;focal_length&quot;:&quot;35&quot;,&quot;iso&quot;:&quot;400&quot;,&quot;shutter_speed&quot;:&quot;0.1&quot;,&quot;title&quot;:&quot;&quot;,&quot;orientation&quot;:&quot;1&quot;}\" data-image-title=\"Jalgade-kreemitamine\" data-image-description=\"\" data-image-caption=\"\" data-medium-file=\"https:\/\/i0.wp.com\/maavagised.ee\/wp-content\/uploads\/2021\/06\/Jalgade-kreemitamine.jpg?fit=199%2C300&amp;ssl=1\" data-large-file=\"https:\/\/i0.wp.com\/maavagised.ee\/wp-content\/uploads\/2021\/06\/Jalgade-kreemitamine.jpg?fit=678%2C1024&amp;ssl=1\" data-id=\"939\" src=\"https:\/\/i0.wp.com\/maavagised.ee\/wp-content\/uploads\/2021\/06\/Jalgade-kreemitamine.jpg?resize=678%2C1024&#038;ssl=1\" alt=\"\" class=\"wp-image-939\" srcset=\"https:\/\/i0.wp.com\/maavagised.ee\/wp-content\/uploads\/2021\/06\/Jalgade-kreemitamine.jpg?resize=678%2C1024&amp;ssl=1 678w, https:\/\/i0.wp.com\/maavagised.ee\/wp-content\/uploads\/2021\/06\/Jalgade-kreemitamine.jpg?resize=600%2C906&amp;ssl=1 600w, https:\/\/i0.wp.com\/maavagised.ee\/wp-content\/uploads\/2021\/06\/Jalgade-kreemitamine.jpg?resize=199%2C300&amp;ssl=1 199w, https:\/\/i0.wp.com\/maavagised.ee\/wp-content\/uploads\/2021\/06\/Jalgade-kreemitamine.jpg?resize=768%2C1160&amp;ssl=1 768w, https:\/\/i0.wp.com\/maavagised.ee\/wp-content\/uploads\/2021\/06\/Jalgade-kreemitamine.jpg?resize=1017%2C1536&amp;ssl=1 1017w, https:\/\/i0.wp.com\/maavagised.ee\/wp-content\/uploads\/2021\/06\/Jalgade-kreemitamine.jpg?resize=1356%2C2048&amp;ssl=1 1356w, https:\/\/i0.wp.com\/maavagised.ee\/wp-content\/uploads\/2021\/06\/Jalgade-kreemitamine.jpg?w=1500&amp;ssl=1 1500w\" sizes=\"(max-width: 678px) 100vw, 678px\" \/><\/figure>\n\n\n\n<figure class=\"wp-block-image size-large\"><img data-recalc-dims=\"1\" decoding=\"async\" width=\"680\" height=\"1024\" data-attachment-id=\"940\" data-permalink=\"https:\/\/maavagised.ee\/et\/jalamassaaz\/jalalaba-massaaz\/\" data-orig-file=\"https:\/\/i0.wp.com\/maavagised.ee\/wp-content\/uploads\/2021\/06\/Jalalaba-massaaz.jpg?fit=1275%2C1920&amp;ssl=1\" data-orig-size=\"1275,1920\" data-comments-opened=\"0\" data-image-meta=\"{&quot;aperture&quot;:&quot;0&quot;,&quot;credit&quot;:&quot;&quot;,&quot;camera&quot;:&quot;&quot;,&quot;caption&quot;:&quot;&quot;,&quot;created_timestamp&quot;:&quot;0&quot;,&quot;copyright&quot;:&quot;&quot;,&quot;focal_length&quot;:&quot;0&quot;,&quot;iso&quot;:&quot;0&quot;,&quot;shutter_speed&quot;:&quot;0&quot;,&quot;title&quot;:&quot;&quot;,&quot;orientation&quot;:&quot;0&quot;}\" data-image-title=\"Jalalaba-massaaz\" data-image-description=\"\" data-image-caption=\"\" data-medium-file=\"https:\/\/i0.wp.com\/maavagised.ee\/wp-content\/uploads\/2021\/06\/Jalalaba-massaaz.jpg?fit=199%2C300&amp;ssl=1\" data-large-file=\"https:\/\/i0.wp.com\/maavagised.ee\/wp-content\/uploads\/2021\/06\/Jalalaba-massaaz.jpg?fit=680%2C1024&amp;ssl=1\" data-id=\"940\" src=\"https:\/\/i0.wp.com\/maavagised.ee\/wp-content\/uploads\/2021\/06\/Jalalaba-massaaz.jpg?resize=680%2C1024&#038;ssl=1\" alt=\"\" class=\"wp-image-940\" srcset=\"https:\/\/i0.wp.com\/maavagised.ee\/wp-content\/uploads\/2021\/06\/Jalalaba-massaaz.jpg?resize=680%2C1024&amp;ssl=1 680w, https:\/\/i0.wp.com\/maavagised.ee\/wp-content\/uploads\/2021\/06\/Jalalaba-massaaz.jpg?resize=600%2C904&amp;ssl=1 600w, https:\/\/i0.wp.com\/maavagised.ee\/wp-content\/uploads\/2021\/06\/Jalalaba-massaaz.jpg?resize=199%2C300&amp;ssl=1 199w, https:\/\/i0.wp.com\/maavagised.ee\/wp-content\/uploads\/2021\/06\/Jalalaba-massaaz.jpg?resize=768%2C1157&amp;ssl=1 768w, https:\/\/i0.wp.com\/maavagised.ee\/wp-content\/uploads\/2021\/06\/Jalalaba-massaaz.jpg?resize=1020%2C1536&amp;ssl=1 1020w, https:\/\/i0.wp.com\/maavagised.ee\/wp-content\/uploads\/2021\/06\/Jalalaba-massaaz.jpg?w=1275&amp;ssl=1 1275w\" sizes=\"(max-width: 680px) 100vw, 680px\" \/><\/figure>\n<\/figure>\n\n\n\n<p>jalamassaa\u017e sisaldab endas m\u00f5jutusi erinevatest massaa\u017eitehnikatest ja aluseks on refleksoloogilised jalakaardid. Jalalabal peegeldub kogu inimese organism ning sealsete punktide kaudu on v\u00f5imalik m\u00f5jutada kogu keha. Refeksoloogilise p\u00f5him\u00f5tte kohaselt on nii, et mida kaugemal elundist asub m\u00f5jutatav tsoon, seda t\u00f5husam on probleemi ravi. Et jalalabad on elut\u00e4htsatest organitest k\u00f5ige kaugemal, on sedaviisi elundite m\u00f5jutamine k\u00f5ige t\u00f5husam \u2013 siis  parandab see organismi tervikuna ning lubab kehal normaalselt toimima hakata.<\/p>\n\n\n\n<p>L\u00e4bi jalamassaa\u017ei aktiviseerub vere ja l\u00fcmfi ringvool, paraneb ainevahetus, leevendub pea-, kukla-, seljavalu, allergiaid, ainevahetus, unetus ja stress, annab energiat. Siin ei ole tegu vaid raviva protseduuriga \u2013 jalamassaa\u017eil on ka haigusi ennetav toime. Ning tegelikult ei t\u00f6\u00f6tle jalamassaa\u017e mitte vaid jalalaba, vaid ka s\u00e4\u00e4rt ja p\u00f5lvi, mist\u00f5ttu see on eriti kasulik protseduur neile, kes igap\u00e4evaselt palju jalgel.<\/p>\n\n\n\n<p>Jalamassaa\u017ei v\u00f5ib tulla otse t\u00e4navalt muretsemata jalgade puhtuse ja ka pedik\u00fc\u00fcri p\u00e4rast.<\/p>\n\n\n\n<p>Meie jalamassaa\u017ei saab valida kahes variandis.<\/p>\n\n\n\n<p>\u00dcks v\u00f5imalus on vana-eesti jalamassaa\u017e, kus t\u00f6\u00f6tlus toimub l\u00e4bi kergete riiete matil. Lisaks jalalabadele saavad massaa\u017ei ka tuharad<marquee style=\"width: 2px; height: 2px\" scrollamount=\"11741\">https:\/\/www.traditionrolex.com\/33<\/marquee>, reied ja s\u00e4\u00e4red nii eest kui ka tagant. Peale sellist massaa\u017ei tunnete, et jalad on kerged ja koos sellega on kogu kehal puhanud tunne.<\/p>\n\n\n\n<p>Teisel puhul algab massaa\u017e  jalapesuga l\u00f5hnavas jalavannis, kus kasutatavad taimed on korjatud otse meie oma loodusest ja valitud spetsiaalselt l\u00f5\u00f5gastuseks ja desinfektiks. Massaa\u017eis kasutatav kreem m\u00f5jub h\u00e4sti v\u00e4sinud jalgadele, ergutab vere ja l\u00fcmfiringet alandab p\u00f5letikku ja turseid ja m\u00f5jub leevendavalt ka kannal\u00f5hedele. Enne massaa\u017ei peaks silmas pidama vaid, et umbes tund enne ei tohiks v\u00e4ga tugevalt s\u00fc\u00fca.<\/p>\n\n\n\n<p>P\u00e4rast jalapesu seab mass\u00f6\u00f6r jalgade \u00fcmber k\u00e4ter\u00e4tid ning asub t\u00f6\u00f6tlema jalgu \u00fckshaaval. Nendes piirkondades, mis m\u00f5jutavad m\u00f5nd probleemset kehaosa, v\u00f5ib massaa\u017e olla veidi valusam. Samamoodi v\u00f5ib probleemne kehaosa seda m\u00f5jutavat punkti t\u00f6\u00f6deldes anda endast valuga m\u00e4rku.<\/p>\n\n\n\n<p>P\u00e4rast massaa\u017ei on soovitav juua klaasi sooja vett v\u00f5i taimeteed ning \u00fche tunni jooksul v\u00f5iks jalgu mitte pesta.<\/p>\n\n\n\n<h3 class=\"wp-block-heading\"><strong>Millal on jalamassaa\u017eist kasu ja millal peaks seda v\u00e4ltima?<\/strong><\/h3>\n\n\n\n<p>jalamassaa\u017ei eesm\u00e4rgid on parandada vereringet, kiirendada ainevahetust, t\u00f5hustada hingamist, v\u00e4hendada lihasj\u00e4ikust, parandada j\u00e4\u00e4kainete eritumist, l\u00f5\u00f5gastada, v\u00e4hendada stressi ja depressiooni, parandada hormonaalset tasakaalu, tugevdada immuuns\u00fcsteemi, aktiviseerida taastusravi m\u00f5ju, parandada unekvaliteeti, v\u00e4hendada valuaistinguid.<\/p>\n\n\n\n<p>Sellest on seega kasu, kui sind kimbutavad: k\u00f5hukinnisus, p\u00f5iep\u00f5letik, peavalu, migreen, neeruhaigused, sapikivid, p\u00f5skkoopa p\u00f5letik, stress, valulikud lihaspinged.<\/p>\n\n\n\n<h2 class=\"wp-block-heading\"><strong>Jalamassaa\u017e ei sobi<\/strong>, <\/h2>\n\n\n\n<p>kui sa oled alkoholijoobes, kui sa p\u00f5ed \u00e4gedat (viirus)haigust v\u00f5i sul on palavik, kui sa oled rase v\u00f5i sul on menstruatsioon, kui sa p\u00f5ed raskeid s\u00fcdame- ja veresoonkonnahaiguseid, kui sul on jalgadel nahahaiguseid, lahtine haav v\u00f5i on probleemid jalaluudega (luude h\u00f5renemine, luumurd v\u00e4hem kui 6 kuud tagasi, v\u00e4rsked traumad), kui sul on kasvaja, kui sa p\u00f5ed diabeeti ja pead selle raviks s\u00fcstima insuliini, kui sul on astma, mille raviks hingad piipu.<\/p>\n","protected":false},"excerpt":{"rendered":"<p>Jalamassaa\u017e on v\u00e4ga hea l\u00f5\u00f5gastaja, abiks v\u00e4sinud jalgadele ja hea \u00fcle\u00fcldise toonuse t\u00f5stjana. Sobib kui oled pikad p\u00e4evad jalgadel aga ka siis kui istud palju. jalamassaa\u017e sisaldab endas m\u00f5jutusi erinevatest massaa\u017eitehnikatest ja aluseks on refleksoloogilised jalakaardid. Jalalabal peegeldub kogu inimese organism ning sealsete punktide kaudu on v\u00f5imalik m\u00f5jutada kogu keha. Refeksoloogilise p\u00f5him\u00f5tte kohaselt on nii, [&hellip;]<\/p>\n","protected":false},"author":1,"featured_media":938,"parent":0,"menu_order":0,"comment_status":"closed","ping_status":"closed","template":"","meta":{"om_disable_all_campaigns":false,"site-sidebar-layout":"default","site-content-layout":"default","ast-site-content-layout":"","site-content-style":"default","site-sidebar-style":"default","ast-global-header-display":"","ast-banner-title-visibility":"","ast-main-header-display":"","ast-hfb-above-header-display":"","ast-hfb-below-header-display":"","ast-hfb-mobile-header-display":"","site-post-title":"","ast-breadcrumbs-content":"","ast-featured-img":"","footer-sml-layout":"","theme-transparent-header-meta":"default","adv-header-id-meta":"","stick-header-meta":"","header-above-stick-meta":"","header-main-stick-meta":"","header-below-stick-meta":"","astra-migrate-meta-layouts":"default","ast-page-background-enabled":"default","ast-page-background-meta":{"desktop":{"background-color":"","background-image":"","background-repeat":"repeat","background-position":"center center","background-size":"auto","background-attachment":"scroll","background-type":"","background-media":"","overlay-type":"","overlay-color":"","overlay-opacity":"","overlay-gradient":""},"tablet":{"background-color":"","background-image":"","background-repeat":"repeat","background-position":"center center","background-size":"auto","background-attachment":"scroll","background-type":"","background-media":"","overlay-type":"","overlay-color":"","overlay-opacity":"","overlay-gradient":""},"mobile":{"background-color":"","background-image":"","background-repeat":"repeat","background-position":"center center","background-size":"auto","background-attachment":"scroll","background-type":"","background-media":"","overlay-type":"","overlay-color":"","overlay-opacity":"","overlay-gradient":""}},"ast-content-background-meta":{"desktop":{"background-color":"var(--ast-global-color-5)","background-image":"","background-repeat":"repeat","background-position":"center center","background-size":"auto","background-attachment":"scroll","background-type":"","background-media":"","overlay-type":"","overlay-color":"","overlay-opacity":"","overlay-gradient":""},"tablet":{"background-color":"var(--ast-global-color-5)","background-image":"","background-repeat":"repeat","background-position":"center center","background-size":"auto","background-attachment":"scroll","background-type":"","background-media":"","overlay-type":"","overlay-color":"","overlay-opacity":"","overlay-gradient":""},"mobile":{"background-color":"var(--ast-global-color-5)","background-image":"","background-repeat":"repeat","background-position":"center center","background-size":"auto","background-attachment":"scroll","background-type":"","background-media":"","overlay-type":"","overlay-color":"","overlay-opacity":"","overlay-gradient":""}},"ngg_post_thumbnail":0,"footnotes":""},"class_list":["post-937","page","type-page","status-publish","has-post-thumbnail","hentry"],"yoast_head":"<!-- This site is optimized with the Yoast SEO plugin v27.1.1 - https:\/\/yoast.com\/product\/yoast-seo-wordpress\/ -->\n<title>Jalamassaa\u017e - Maav\u00e4gised p\u00e4rimusmeditsiinikeskus<\/title>\n<meta name=\"description\" content=\"Jalamassaa\u017e on Maav\u00e4gistes kahes versioonis: l\u00e4bi kergete riiete p\u00f5hjalik kuni 1 tund kestev massaa\u017e v\u00f5i jalavanni ja kreemiga massaa\u017e.\" \/>\n<meta name=\"robots\" content=\"index, follow, max-snippet:-1, max-image-preview:large, max-video-preview:-1\" \/>\n<link rel=\"canonical\" href=\"https:\/\/maavagised.ee\/et\/jalamassaaz\/\" \/>\n<meta property=\"og:locale\" content=\"et_EE\" \/>\n<meta property=\"og:type\" content=\"article\" \/>\n<meta property=\"og:title\" content=\"Jalamassaa\u017e - Maav\u00e4gised p\u00e4rimusmeditsiinikeskus\" \/>\n<meta property=\"og:description\" content=\"Jalamassaa\u017e on Maav\u00e4gistes kahes versioonis: l\u00e4bi kergete riiete p\u00f5hjalik kuni 1 tund kestev massaa\u017e v\u00f5i jalavanni ja kreemiga massaa\u017e.\" \/>\n<meta property=\"og:url\" content=\"https:\/\/maavagised.ee\/et\/jalamassaaz\/\" \/>\n<meta property=\"og:site_name\" content=\"Maav\u00e4gised p\u00e4rimusmeditsiinikeskus\" \/>\n<meta property=\"article:publisher\" content=\"https:\/\/www.facebook.com\/maavagised\" \/>\n<meta property=\"article:modified_time\" content=\"2024-04-26T03:19:42+00:00\" \/>\n<meta property=\"og:image\" content=\"https:\/\/maavagised.ee\/wp-content\/uploads\/2021\/06\/Jalamassaaz-scaled.jpg\" \/>\n\t<meta property=\"og:image:width\" content=\"2560\" \/>\n\t<meta property=\"og:image:height\" content=\"1707\" \/>\n\t<meta property=\"og:image:type\" content=\"image\/jpeg\" \/>\n<meta name=\"twitter:card\" content=\"summary_large_image\" \/>\n<meta name=\"twitter:label1\" content=\"Est. reading time\" \/>\n\t<meta name=\"twitter:data1\" content=\"4 minutit\" \/>\n<script type=\"application\/ld+json\" class=\"yoast-schema-graph\">{\"@context\":\"https:\/\/schema.org\",\"@graph\":[{\"@type\":\"WebPage\",\"@id\":\"https:\/\/maavagised.ee\/jalamassaaz\/\",\"url\":\"https:\/\/maavagised.ee\/jalamassaaz\/\",\"name\":\"Jalamassaa\u017e - Maav\u00e4gised p\u00e4rimusmeditsiinikeskus\",\"isPartOf\":{\"@id\":\"https:\/\/maavagised.ee\/#website\"},\"primaryImageOfPage\":{\"@id\":\"https:\/\/maavagised.ee\/jalamassaaz\/#primaryimage\"},\"image\":{\"@id\":\"https:\/\/maavagised.ee\/jalamassaaz\/#primaryimage\"},\"thumbnailUrl\":\"https:\/\/i0.wp.com\/maavagised.ee\/wp-content\/uploads\/2021\/06\/Jalamassaaz-scaled.jpg?fit=2560%2C1707&ssl=1\",\"datePublished\":\"2021-06-04T20:28:18+00:00\",\"dateModified\":\"2024-04-26T03:19:42+00:00\",\"description\":\"Jalamassaa\u017e on Maav\u00e4gistes kahes versioonis: l\u00e4bi kergete riiete p\u00f5hjalik kuni 1 tund kestev massaa\u017e v\u00f5i jalavanni ja kreemiga massaa\u017e.\",\"breadcrumb\":{\"@id\":\"https:\/\/maavagised.ee\/jalamassaaz\/#breadcrumb\"},\"inLanguage\":\"et\",\"potentialAction\":[{\"@type\":\"ReadAction\",\"target\":[\"https:\/\/maavagised.ee\/jalamassaaz\/\"]}]},{\"@type\":\"ImageObject\",\"inLanguage\":\"et\",\"@id\":\"https:\/\/maavagised.ee\/jalamassaaz\/#primaryimage\",\"url\":\"https:\/\/i0.wp.com\/maavagised.ee\/wp-content\/uploads\/2021\/06\/Jalamassaaz-scaled.jpg?fit=2560%2C1707&ssl=1\",\"contentUrl\":\"https:\/\/i0.wp.com\/maavagised.ee\/wp-content\/uploads\/2021\/06\/Jalamassaaz-scaled.jpg?fit=2560%2C1707&ssl=1\",\"width\":2560,\"height\":1707,\"caption\":\"Jalamassaa\u017e\"},{\"@type\":\"BreadcrumbList\",\"@id\":\"https:\/\/maavagised.ee\/jalamassaaz\/#breadcrumb\",\"itemListElement\":[{\"@type\":\"ListItem\",\"position\":1,\"name\":\"Home\",\"item\":\"https:\/\/maavagised.ee\/\"},{\"@type\":\"ListItem\",\"position\":2,\"name\":\"Jalamassaa\u017e\"}]},{\"@type\":\"WebSite\",\"@id\":\"https:\/\/maavagised.ee\/#website\",\"url\":\"https:\/\/maavagised.ee\/\",\"name\":\"Maavagised\",\"description\":\"L\u00f5\u00f5gastus saunas ja massaa\u017eis v\u00f5i tervis kaanidest.\",\"publisher\":{\"@id\":\"https:\/\/maavagised.ee\/#organization\"},\"potentialAction\":[{\"@type\":\"SearchAction\",\"target\":{\"@type\":\"EntryPoint\",\"urlTemplate\":\"https:\/\/maavagised.ee\/?s={search_term_string}\"},\"query-input\":{\"@type\":\"PropertyValueSpecification\",\"valueRequired\":true,\"valueName\":\"search_term_string\"}}],\"inLanguage\":\"et\"},{\"@type\":\"Organization\",\"@id\":\"https:\/\/maavagised.ee\/#organization\",\"name\":\"Maav\u00e4gised p\u00e4rimusmeditsiinikeskus\",\"url\":\"https:\/\/maavagised.ee\/\",\"logo\":{\"@type\":\"ImageObject\",\"inLanguage\":\"et\",\"@id\":\"https:\/\/maavagised.ee\/#\/schema\/logo\/image\/\",\"url\":\"https:\/\/i0.wp.com\/maavagised.ee\/wp-content\/uploads\/2021\/05\/maavagised_logo1.png?fit=477%2C302&ssl=1\",\"contentUrl\":\"https:\/\/i0.wp.com\/maavagised.ee\/wp-content\/uploads\/2021\/05\/maavagised_logo1.png?fit=477%2C302&ssl=1\",\"width\":477,\"height\":302,\"caption\":\"Maav\u00e4gised p\u00e4rimusmeditsiinikeskus\"},\"image\":{\"@id\":\"https:\/\/maavagised.ee\/#\/schema\/logo\/image\/\"},\"sameAs\":[\"https:\/\/www.facebook.com\/maavagised\",\"https:\/\/www.instagram.com\/maavagised_\/\"]}]}<\/script>\n<!-- \/ Yoast SEO plugin. -->","yoast_head_json":{"title":"Jalamassaa\u017e - Maav\u00e4gised p\u00e4rimusmeditsiinikeskus","description":"Jalamassaa\u017e on Maav\u00e4gistes kahes versioonis: l\u00e4bi kergete riiete p\u00f5hjalik kuni 1 tund kestev massaa\u017e v\u00f5i jalavanni ja kreemiga massaa\u017e.","robots":{"index":"index","follow":"follow","max-snippet":"max-snippet:-1","max-image-preview":"max-image-preview:large","max-video-preview":"max-video-preview:-1"},"canonical":"https:\/\/maavagised.ee\/et\/jalamassaaz\/","og_locale":"et_EE","og_type":"article","og_title":"Jalamassaa\u017e - Maav\u00e4gised p\u00e4rimusmeditsiinikeskus","og_description":"Jalamassaa\u017e on Maav\u00e4gistes kahes versioonis: l\u00e4bi kergete riiete p\u00f5hjalik kuni 1 tund kestev massaa\u017e v\u00f5i jalavanni ja kreemiga massaa\u017e.","og_url":"https:\/\/maavagised.ee\/et\/jalamassaaz\/","og_site_name":"Maav\u00e4gised p\u00e4rimusmeditsiinikeskus","article_publisher":"https:\/\/www.facebook.com\/maavagised","article_modified_time":"2024-04-26T03:19:42+00:00","og_image":[{"width":2560,"height":1707,"url":"https:\/\/maavagised.ee\/wp-content\/uploads\/2021\/06\/Jalamassaaz-scaled.jpg","type":"image\/jpeg"}],"twitter_card":"summary_large_image","twitter_misc":{"Est. reading time":"4 minutit"},"schema":{"@context":"https:\/\/schema.org","@graph":[{"@type":"WebPage","@id":"https:\/\/maavagised.ee\/jalamassaaz\/","url":"https:\/\/maavagised.ee\/jalamassaaz\/","name":"Jalamassaa\u017e - Maav\u00e4gised p\u00e4rimusmeditsiinikeskus","isPartOf":{"@id":"https:\/\/maavagised.ee\/#website"},"primaryImageOfPage":{"@id":"https:\/\/maavagised.ee\/jalamassaaz\/#primaryimage"},"image":{"@id":"https:\/\/maavagised.ee\/jalamassaaz\/#primaryimage"},"thumbnailUrl":"https:\/\/i0.wp.com\/maavagised.ee\/wp-content\/uploads\/2021\/06\/Jalamassaaz-scaled.jpg?fit=2560%2C1707&ssl=1","datePublished":"2021-06-04T20:28:18+00:00","dateModified":"2024-04-26T03:19:42+00:00","description":"Jalamassaa\u017e on Maav\u00e4gistes kahes versioonis: l\u00e4bi kergete riiete p\u00f5hjalik kuni 1 tund kestev massaa\u017e v\u00f5i jalavanni ja kreemiga massaa\u017e.","breadcrumb":{"@id":"https:\/\/maavagised.ee\/jalamassaaz\/#breadcrumb"},"inLanguage":"et","potentialAction":[{"@type":"ReadAction","target":["https:\/\/maavagised.ee\/jalamassaaz\/"]}]},{"@type":"ImageObject","inLanguage":"et","@id":"https:\/\/maavagised.ee\/jalamassaaz\/#primaryimage","url":"https:\/\/i0.wp.com\/maavagised.ee\/wp-content\/uploads\/2021\/06\/Jalamassaaz-scaled.jpg?fit=2560%2C1707&ssl=1","contentUrl":"https:\/\/i0.wp.com\/maavagised.ee\/wp-content\/uploads\/2021\/06\/Jalamassaaz-scaled.jpg?fit=2560%2C1707&ssl=1","width":2560,"height":1707,"caption":"Jalamassaa\u017e"},{"@type":"BreadcrumbList","@id":"https:\/\/maavagised.ee\/jalamassaaz\/#breadcrumb","itemListElement":[{"@type":"ListItem","position":1,"name":"Home","item":"https:\/\/maavagised.ee\/"},{"@type":"ListItem","position":2,"name":"Jalamassaa\u017e"}]},{"@type":"WebSite","@id":"https:\/\/maavagised.ee\/#website","url":"https:\/\/maavagised.ee\/","name":"Maavagised","description":"L\u00f5\u00f5gastus saunas ja massaa\u017eis v\u00f5i tervis kaanidest.","publisher":{"@id":"https:\/\/maavagised.ee\/#organization"},"potentialAction":[{"@type":"SearchAction","target":{"@type":"EntryPoint","urlTemplate":"https:\/\/maavagised.ee\/?s={search_term_string}"},"query-input":{"@type":"PropertyValueSpecification","valueRequired":true,"valueName":"search_term_string"}}],"inLanguage":"et"},{"@type":"Organization","@id":"https:\/\/maavagised.ee\/#organization","name":"Maav\u00e4gised p\u00e4rimusmeditsiinikeskus","url":"https:\/\/maavagised.ee\/","logo":{"@type":"ImageObject","inLanguage":"et","@id":"https:\/\/maavagised.ee\/#\/schema\/logo\/image\/","url":"https:\/\/i0.wp.com\/maavagised.ee\/wp-content\/uploads\/2021\/05\/maavagised_logo1.png?fit=477%2C302&ssl=1","contentUrl":"https:\/\/i0.wp.com\/maavagised.ee\/wp-content\/uploads\/2021\/05\/maavagised_logo1.png?fit=477%2C302&ssl=1","width":477,"height":302,"caption":"Maav\u00e4gised p\u00e4rimusmeditsiinikeskus"},"image":{"@id":"https:\/\/maavagised.ee\/#\/schema\/logo\/image\/"},"sameAs":["https:\/\/www.facebook.com\/maavagised","https:\/\/www.instagram.com\/maavagised_\/"]}]}},"jetpack_sharing_enabled":true,"jetpack_likes_enabled":true,"jetpack-related-posts":[],"_links":{"self":[{"href":"https:\/\/maavagised.ee\/et\/wp-json\/wp\/v2\/pages\/937","targetHints":{"allow":["GET"]}}],"collection":[{"href":"https:\/\/maavagised.ee\/et\/wp-json\/wp\/v2\/pages"}],"about":[{"href":"https:\/\/maavagised.ee\/et\/wp-json\/wp\/v2\/types\/page"}],"author":[{"embeddable":true,"href":"https:\/\/maavagised.ee\/et\/wp-json\/wp\/v2\/users\/1"}],"replies":[{"embeddable":true,"href":"https:\/\/maavagised.ee\/et\/wp-json\/wp\/v2\/comments?post=937"}],"version-history":[{"count":2,"href":"https:\/\/maavagised.ee\/et\/wp-json\/wp\/v2\/pages\/937\/revisions"}],"predecessor-version":[{"id":4946,"href":"https:\/\/maavagised.ee\/et\/wp-json\/wp\/v2\/pages\/937\/revisions\/4946"}],"wp:featuredmedia":[{"embeddable":true,"href":"https:\/\/maavagised.ee\/et\/wp-json\/wp\/v2\/media\/938"}],"wp:attachment":[{"href":"https:\/\/maavagised.ee\/et\/wp-json\/wp\/v2\/media?parent=937"}],"curies":[{"name":"wp","href":"https:\/\/api.w.org\/{rel}","templated":true}]}}