{"id":930,"date":"2021-06-04T20:12:01","date_gmt":"2021-06-04T20:12:01","guid":{"rendered":"https:\/\/maavagised.ee\/?page_id=930"},"modified":"2022-02-23T11:23:22","modified_gmt":"2022-02-23T09:23:22","slug":"meemassaaz-2","status":"publish","type":"page","link":"https:\/\/maavagised.ee\/et\/meemassaaz-2\/","title":{"rendered":"Meemassaa\u017e"},"content":{"rendered":"\n<p><strong>Meemassaa\u017ei<\/strong>&nbsp;on kasutatud nii Aasias kui Venemaal juba ammustel aegadel. Meemassaa\u017e parandab verevarustust ja maandab lihaspinget, mis tekib j\u00e4\u00e4kainete kogunemisest. Vere ja l\u00fcmfiringe kaudu aitab see v\u00e4ljutada organismist j\u00e4\u00e4kaineid, stimuleerib naha aluskoe ja verevarustuse t\u00f6\u00f6d.&nbsp;<\/p>\n\n\n\n<figure class=\"wp-block-gallery has-nested-images columns-default is-cropped wp-block-gallery-1 is-layout-flex wp-block-gallery-is-layout-flex\">\n<figure class=\"wp-block-image size-large\"><img data-recalc-dims=\"1\" fetchpriority=\"high\" decoding=\"async\" width=\"1024\" height=\"512\" data-attachment-id=\"444\" data-permalink=\"https:\/\/maavagised.ee\/et\/meemassaaz1\/\" data-orig-file=\"https:\/\/i0.wp.com\/maavagised.ee\/wp-content\/uploads\/2021\/05\/Meemassaaz1-scaled.jpg?fit=2560%2C1279&amp;ssl=1\" data-orig-size=\"2560,1279\" data-comments-opened=\"0\" data-image-meta=\"{&quot;aperture&quot;:&quot;0&quot;,&quot;credit&quot;:&quot;Marina_Luhaste&quot;,&quot;camera&quot;:&quot;&quot;,&quot;caption&quot;:&quot;&quot;,&quot;created_timestamp&quot;:&quot;0&quot;,&quot;copyright&quot;:&quot;&quot;,&quot;focal_length&quot;:&quot;0&quot;,&quot;iso&quot;:&quot;0&quot;,&quot;shutter_speed&quot;:&quot;0&quot;,&quot;title&quot;:&quot;&quot;,&quot;orientation&quot;:&quot;0&quot;}\" data-image-title=\"Meemassaa\u017e1\" data-image-description=\"\" data-image-caption=\"\" data-medium-file=\"https:\/\/i0.wp.com\/maavagised.ee\/wp-content\/uploads\/2021\/05\/Meemassaaz1-scaled.jpg?fit=300%2C150&amp;ssl=1\" data-large-file=\"https:\/\/i0.wp.com\/maavagised.ee\/wp-content\/uploads\/2021\/05\/Meemassaaz1-scaled.jpg?fit=1024%2C512&amp;ssl=1\" data-id=\"444\" src=\"https:\/\/i0.wp.com\/maavagised.ee\/wp-content\/uploads\/2021\/05\/Meemassaaz1.jpg?resize=1024%2C512&#038;ssl=1\" alt=\"\" class=\"wp-image-444\" srcset=\"https:\/\/i0.wp.com\/maavagised.ee\/wp-content\/uploads\/2021\/05\/Meemassaaz1-scaled.jpg?resize=1024%2C512&amp;ssl=1 1024w, https:\/\/i0.wp.com\/maavagised.ee\/wp-content\/uploads\/2021\/05\/Meemassaaz1-scaled.jpg?resize=600%2C300&amp;ssl=1 600w, https:\/\/i0.wp.com\/maavagised.ee\/wp-content\/uploads\/2021\/05\/Meemassaaz1-scaled.jpg?resize=300%2C150&amp;ssl=1 300w, https:\/\/i0.wp.com\/maavagised.ee\/wp-content\/uploads\/2021\/05\/Meemassaaz1-scaled.jpg?resize=768%2C384&amp;ssl=1 768w, https:\/\/i0.wp.com\/maavagised.ee\/wp-content\/uploads\/2021\/05\/Meemassaaz1-scaled.jpg?resize=1536%2C767&amp;ssl=1 1536w, https:\/\/i0.wp.com\/maavagised.ee\/wp-content\/uploads\/2021\/05\/Meemassaaz1-scaled.jpg?resize=2048%2C1023&amp;ssl=1 2048w\" sizes=\"(max-width: 1000px) 100vw, 1000px\" \/><\/figure>\n\n\n\n<figure class=\"wp-block-image size-large\"><img data-recalc-dims=\"1\" decoding=\"async\" width=\"1024\" height=\"566\" data-attachment-id=\"931\" data-permalink=\"https:\/\/maavagised.ee\/et\/meemassaaz-2\/mesi6\/\" data-orig-file=\"https:\/\/i0.wp.com\/maavagised.ee\/wp-content\/uploads\/2021\/06\/Mesi6-scaled.jpg?fit=2560%2C1416&amp;ssl=1\" data-orig-size=\"2560,1416\" data-comments-opened=\"0\" data-image-meta=\"{&quot;aperture&quot;:&quot;22&quot;,&quot;credit&quot;:&quot;Marina_Luhaste&quot;,&quot;camera&quot;:&quot;PENTAX K-50&quot;,&quot;caption&quot;:&quot;&quot;,&quot;created_timestamp&quot;:&quot;1489263860&quot;,&quot;copyright&quot;:&quot;&quot;,&quot;focal_length&quot;:&quot;18&quot;,&quot;iso&quot;:&quot;400&quot;,&quot;shutter_speed&quot;:&quot;0.008&quot;,&quot;title&quot;:&quot;&quot;,&quot;orientation&quot;:&quot;1&quot;}\" data-image-title=\"Mesi6\" data-image-description=\"\" data-image-caption=\"\" data-medium-file=\"https:\/\/i0.wp.com\/maavagised.ee\/wp-content\/uploads\/2021\/06\/Mesi6-scaled.jpg?fit=300%2C166&amp;ssl=1\" data-large-file=\"https:\/\/i0.wp.com\/maavagised.ee\/wp-content\/uploads\/2021\/06\/Mesi6-scaled.jpg?fit=1024%2C566&amp;ssl=1\" data-id=\"931\" src=\"https:\/\/i0.wp.com\/maavagised.ee\/wp-content\/uploads\/2021\/06\/Mesi6.jpg?resize=1024%2C566&#038;ssl=1\" alt=\"\" class=\"wp-image-931\" srcset=\"https:\/\/i0.wp.com\/maavagised.ee\/wp-content\/uploads\/2021\/06\/Mesi6-scaled.jpg?resize=1024%2C566&amp;ssl=1 1024w, https:\/\/i0.wp.com\/maavagised.ee\/wp-content\/uploads\/2021\/06\/Mesi6-scaled.jpg?resize=600%2C332&amp;ssl=1 600w, https:\/\/i0.wp.com\/maavagised.ee\/wp-content\/uploads\/2021\/06\/Mesi6-scaled.jpg?resize=300%2C166&amp;ssl=1 300w, https:\/\/i0.wp.com\/maavagised.ee\/wp-content\/uploads\/2021\/06\/Mesi6-scaled.jpg?resize=768%2C425&amp;ssl=1 768w, https:\/\/i0.wp.com\/maavagised.ee\/wp-content\/uploads\/2021\/06\/Mesi6-scaled.jpg?resize=1536%2C849&amp;ssl=1 1536w, https:\/\/i0.wp.com\/maavagised.ee\/wp-content\/uploads\/2021\/06\/Mesi6-scaled.jpg?resize=2048%2C1133&amp;ssl=1 2048w\" sizes=\"(max-width: 1000px) 100vw, 1000px\" \/><\/figure>\n\n\n\n<figure class=\"wp-block-image size-large\"><img data-recalc-dims=\"1\" decoding=\"async\" width=\"1024\" height=\"535\" data-attachment-id=\"932\" data-permalink=\"https:\/\/maavagised.ee\/et\/meemassaaz-2\/mesi8\/\" data-orig-file=\"https:\/\/i0.wp.com\/maavagised.ee\/wp-content\/uploads\/2021\/06\/mesi8-scaled.jpg?fit=2560%2C1337&amp;ssl=1\" data-orig-size=\"2560,1337\" data-comments-opened=\"0\" data-image-meta=\"{&quot;aperture&quot;:&quot;22&quot;,&quot;credit&quot;:&quot;Marina_Luhaste&quot;,&quot;camera&quot;:&quot;PENTAX K-50&quot;,&quot;caption&quot;:&quot;&quot;,&quot;created_timestamp&quot;:&quot;1489262740&quot;,&quot;copyright&quot;:&quot;&quot;,&quot;focal_length&quot;:&quot;24&quot;,&quot;iso&quot;:&quot;400&quot;,&quot;shutter_speed&quot;:&quot;0.008&quot;,&quot;title&quot;:&quot;&quot;,&quot;orientation&quot;:&quot;1&quot;}\" data-image-title=\"mesi8\" data-image-description=\"\" data-image-caption=\"\" data-medium-file=\"https:\/\/i0.wp.com\/maavagised.ee\/wp-content\/uploads\/2021\/06\/mesi8-scaled.jpg?fit=300%2C157&amp;ssl=1\" data-large-file=\"https:\/\/i0.wp.com\/maavagised.ee\/wp-content\/uploads\/2021\/06\/mesi8-scaled.jpg?fit=1024%2C535&amp;ssl=1\" data-id=\"932\" src=\"https:\/\/i0.wp.com\/maavagised.ee\/wp-content\/uploads\/2021\/06\/mesi8.jpg?resize=1024%2C535&#038;ssl=1\" alt=\"\" class=\"wp-image-932\" srcset=\"https:\/\/i0.wp.com\/maavagised.ee\/wp-content\/uploads\/2021\/06\/mesi8-scaled.jpg?resize=1024%2C535&amp;ssl=1 1024w, https:\/\/i0.wp.com\/maavagised.ee\/wp-content\/uploads\/2021\/06\/mesi8-scaled.jpg?resize=600%2C313&amp;ssl=1 600w, https:\/\/i0.wp.com\/maavagised.ee\/wp-content\/uploads\/2021\/06\/mesi8-scaled.jpg?resize=300%2C157&amp;ssl=1 300w, https:\/\/i0.wp.com\/maavagised.ee\/wp-content\/uploads\/2021\/06\/mesi8-scaled.jpg?resize=768%2C401&amp;ssl=1 768w, https:\/\/i0.wp.com\/maavagised.ee\/wp-content\/uploads\/2021\/06\/mesi8-scaled.jpg?resize=1536%2C802&amp;ssl=1 1536w, https:\/\/i0.wp.com\/maavagised.ee\/wp-content\/uploads\/2021\/06\/mesi8-scaled.jpg?resize=2048%2C1070&amp;ssl=1 2048w\" sizes=\"(max-width: 1000px) 100vw, 1000px\" \/><\/figure>\n<\/figure>\n\n\n\n<p>Meemassaa\u017e aitab t\u00f5husalt v\u00f5idelda tselluliidiga ja puhastab nahapoore.&nbsp;<br>Mett kasutatakse kleepainena, mille abil on v\u00f5imalik organismist eemaldada \u201csaastunud\u201d energiat.Massaa\u017ei toimel puhastuvad energiakanalid ja energia hakkab neis j\u00e4lle vabalt voolama, paraneb vereringe naha aluskihtides ja lihastes. Mesi seob m\u00fcrke ja kiirendab nende v\u00e4ljaviimist organismist.<\/p>\n\n\n\n<p>Massaa\u017e m\u00f5jub h\u00e4sti vananevale ja l\u00f5tvuvale nahale, seda toniseerides ning tugevalt trimmides. Meemassaa\u017ei v\u00f5ib kasutada ka \u00fche osana tselluliidivastases ravis. Protseduur silub nahaaluseid tihendeid, seet\u00f5ttu muutub nahk peale massaa\u017ei siidiseks.&nbsp;<br>Vastun\u00e4idustuste puudumise korral v\u00f5ib seda teha ka n\u00e4ole \u2013 toniseerib, trimmib, puhastab ja t\u00f5stab n\u00e4onahka. Meemassaa\u017ei ei maksa segi ajada endale saunas mee pealem\u00e4\u00e4rimisega. Aitab suurep\u00e4raselt ka k\u00fclmetushaiguste puhul. Teatud m\u00e4\u00e4ral v\u00f5ib seda isegi v\u00f5rrelda kuppude panemisega, kus samuti m\u00f5jutatakse aktiivselt selga. Masseerida v\u00f5ib ka rinnaesist ja liigeseid, kuid mitte mingil juhul siis, kui inimesel on veenilaiendid.&nbsp;<\/p>\n\n\n\n<p>P\u00e4rast meemassaa\u017ei on soovitatav palju juua, klaasike punast veini on hea, sest see l\u00f5dvestab lihaseid. Massaa\u017eis oleks soovitav k\u00e4ia kord n\u00e4dalas, tselluliidi puhul saab paremaid tulemusi tihedama, 8-10 korra ravikuuriga, 2-3 korda n\u00e4dalas.&nbsp;<br>Soovitav on massaa\u017eile minna t\u00fchja k\u00f5huga ja eelnevalt jalad raseerida. Keha peab olema puhas ja kreemitamata, vastasel korral mesi ei imendu. Protseduur v\u00f5ib olla valulik, kuid just valu on see, mis juhatab mass\u00f6\u00f6ri probleemsete kohtadeni. Reeglina on valus vaid esimene protseduur, j\u00e4rgnevad korrad on meeldivamad.<\/p>\n\n\n\n<p>P\u00e4rast protseduuri pannakse patsient m\u00f5neks minutiks hauduma r\u00e4tiku alla ja seej\u00e4rel puhastatakse.<\/p>\n\n\n\n<h2 class=\"wp-block-heading\">MEEMASSAA\u017d SOBIB:<\/h2>\n\n\n\n<p>K\u00fclmetus, bronhiit<br>N\u00e4rvi- ja liigesevalud<br>Stress<br>Lihaspinged<br>Tselluliit<br>Kroonilised liigeseprobleemid<br>Seedimisprobleemid<br>Kuiv nahk<br>Parandab selgroo liikuvust<br>Alandab kaalu<br>Puhastab nahapoore<\/p>\n\n\n\n<h3 class=\"wp-block-heading\">MEEMASSAA\u017d EI SOBI:<\/h3>\n\n\n\n<p>Allergia mee suhtes<br>Nahahaavad<br>\u00c4gedad p\u00f5letikud<br>K\u00f5rgverer\u00f5hut\u00f5bi<br>S\u00fcdame r\u00fctmih\u00e4ired<br>S\u00fcdame stimulaator<br>Ei sobi lastele ja rasedatale<br>Maksa v\u00f5i neerukahjustus<br>Palju s\u00fcnnim\u00e4rke<br>V\u00e4ga karvasel inimesel raskesti talutav<\/p>\n","protected":false},"excerpt":{"rendered":"<p>Meemassaa\u017ei&nbsp;on kasutatud nii Aasias kui Venemaal juba ammustel aegadel. Meemassaa\u017e parandab verevarustust ja maandab lihaspinget, mis tekib j\u00e4\u00e4kainete kogunemisest. Vere ja l\u00fcmfiringe kaudu aitab see v\u00e4ljutada organismist j\u00e4\u00e4kaineid, stimuleerib naha aluskoe ja verevarustuse t\u00f6\u00f6d.&nbsp; Meemassaa\u017e aitab t\u00f5husalt v\u00f5idelda tselluliidiga ja puhastab nahapoore.&nbsp;Mett kasutatakse kleepainena, mille abil on v\u00f5imalik organismist eemaldada \u201csaastunud\u201d energiat.Massaa\u017ei toimel puhastuvad energiakanalid [&hellip;]<\/p>\n","protected":false},"author":1,"featured_media":677,"parent":0,"menu_order":0,"comment_status":"closed","ping_status":"closed","template":"","meta":{"om_disable_all_campaigns":false,"site-sidebar-layout":"default","site-content-layout":"default","ast-site-content-layout":"","site-content-style":"default","site-sidebar-style":"default","ast-global-header-display":"","ast-banner-title-visibility":"","ast-main-header-display":"","ast-hfb-above-header-display":"","ast-hfb-below-header-display":"","ast-hfb-mobile-header-display":"","site-post-title":"","ast-breadcrumbs-content":"","ast-featured-img":"","footer-sml-layout":"","theme-transparent-header-meta":"default","adv-header-id-meta":"","stick-header-meta":"","header-above-stick-meta":"","header-main-stick-meta":"","header-below-stick-meta":"","astra-migrate-meta-layouts":"default","ast-page-background-enabled":"default","ast-page-background-meta":{"desktop":{"background-color":"","background-image":"","background-repeat":"repeat","background-position":"center center","background-size":"auto","background-attachment":"scroll","background-type":"","background-media":"","overlay-type":"","overlay-color":"","overlay-opacity":"","overlay-gradient":""},"tablet":{"background-color":"","background-image":"","background-repeat":"repeat","background-position":"center center","background-size":"auto","background-attachment":"scroll","background-type":"","background-media":"","overlay-type":"","overlay-color":"","overlay-opacity":"","overlay-gradient":""},"mobile":{"background-color":"","background-image":"","background-repeat":"repeat","background-position":"center center","background-size":"auto","background-attachment":"scroll","background-type":"","background-media":"","overlay-type":"","overlay-color":"","overlay-opacity":"","overlay-gradient":""}},"ast-content-background-meta":{"desktop":{"background-color":"var(--ast-global-color-5)","background-image":"","background-repeat":"repeat","background-position":"center center","background-size":"auto","background-attachment":"scroll","background-type":"","background-media":"","overlay-type":"","overlay-color":"","overlay-opacity":"","overlay-gradient":""},"tablet":{"background-color":"var(--ast-global-color-5)","background-image":"","background-repeat":"repeat","background-position":"center center","background-size":"auto","background-attachment":"scroll","background-type":"","background-media":"","overlay-type":"","overlay-color":"","overlay-opacity":"","overlay-gradient":""},"mobile":{"background-color":"var(--ast-global-color-5)","background-image":"","background-repeat":"repeat","background-position":"center center","background-size":"auto","background-attachment":"scroll","background-type":"","background-media":"","overlay-type":"","overlay-color":"","overlay-opacity":"","overlay-gradient":""}},"ngg_post_thumbnail":0,"footnotes":""},"class_list":["post-930","page","type-page","status-publish","has-post-thumbnail","hentry"],"yoast_head":"<!-- This site is optimized with the Yoast SEO plugin v27.1.1 - https:\/\/yoast.com\/product\/yoast-seo-wordpress\/ -->\n<title>Meemassaa\u017e - Maav\u00e4gised p\u00e4rimusmeditsiinikeskus<\/title>\n<meta name=\"description\" content=\"Meemassaa\u017e on tugevatoimeline, toksiine v\u00e4ljutada aitav massaa\u017e. Sobib h\u00e4sti pingelisse perioodi stressi ja depressiooni leevendajana.\" \/>\n<meta name=\"robots\" content=\"index, follow, max-snippet:-1, max-image-preview:large, max-video-preview:-1\" \/>\n<link rel=\"canonical\" href=\"https:\/\/maavagised.ee\/et\/meemassaaz-2\/\" \/>\n<meta property=\"og:locale\" content=\"et_EE\" \/>\n<meta property=\"og:type\" content=\"article\" \/>\n<meta property=\"og:title\" content=\"Meemassaa\u017e - Maav\u00e4gised p\u00e4rimusmeditsiinikeskus\" \/>\n<meta property=\"og:description\" content=\"Meemassaa\u017e on tugevatoimeline, toksiine v\u00e4ljutada aitav massaa\u017e. Sobib h\u00e4sti pingelisse perioodi stressi ja depressiooni leevendajana.\" \/>\n<meta property=\"og:url\" content=\"https:\/\/maavagised.ee\/et\/meemassaaz-2\/\" \/>\n<meta property=\"og:site_name\" content=\"Maav\u00e4gised p\u00e4rimusmeditsiinikeskus\" \/>\n<meta property=\"article:publisher\" content=\"https:\/\/www.facebook.com\/maavagised\" \/>\n<meta property=\"article:modified_time\" content=\"2022-02-23T09:23:22+00:00\" \/>\n<meta property=\"og:image\" content=\"https:\/\/maavagised.ee\/wp-content\/uploads\/2021\/05\/Meemassaaz-kitsam.png\" \/>\n\t<meta property=\"og:image:width\" content=\"290\" \/>\n\t<meta property=\"og:image:height\" content=\"217\" \/>\n\t<meta property=\"og:image:type\" content=\"image\/png\" \/>\n<meta name=\"twitter:card\" content=\"summary_large_image\" \/>\n<meta name=\"twitter:label1\" content=\"Est. reading time\" \/>\n\t<meta name=\"twitter:data1\" content=\"3 minutit\" \/>\n<script type=\"application\/ld+json\" class=\"yoast-schema-graph\">{\"@context\":\"https:\/\/schema.org\",\"@graph\":[{\"@type\":\"WebPage\",\"@id\":\"https:\/\/maavagised.ee\/meemassaaz-2\/\",\"url\":\"https:\/\/maavagised.ee\/meemassaaz-2\/\",\"name\":\"Meemassaa\u017e - Maav\u00e4gised p\u00e4rimusmeditsiinikeskus\",\"isPartOf\":{\"@id\":\"https:\/\/maavagised.ee\/#website\"},\"primaryImageOfPage\":{\"@id\":\"https:\/\/maavagised.ee\/meemassaaz-2\/#primaryimage\"},\"image\":{\"@id\":\"https:\/\/maavagised.ee\/meemassaaz-2\/#primaryimage\"},\"thumbnailUrl\":\"https:\/\/i0.wp.com\/maavagised.ee\/wp-content\/uploads\/2021\/05\/Meemassaaz-kitsam.png?fit=290%2C217&ssl=1\",\"datePublished\":\"2021-06-04T20:12:01+00:00\",\"dateModified\":\"2022-02-23T09:23:22+00:00\",\"description\":\"Meemassaa\u017e on tugevatoimeline, toksiine v\u00e4ljutada aitav massaa\u017e. Sobib h\u00e4sti pingelisse perioodi stressi ja depressiooni leevendajana.\",\"breadcrumb\":{\"@id\":\"https:\/\/maavagised.ee\/meemassaaz-2\/#breadcrumb\"},\"inLanguage\":\"et\",\"potentialAction\":[{\"@type\":\"ReadAction\",\"target\":[\"https:\/\/maavagised.ee\/meemassaaz-2\/\"]}]},{\"@type\":\"ImageObject\",\"inLanguage\":\"et\",\"@id\":\"https:\/\/maavagised.ee\/meemassaaz-2\/#primaryimage\",\"url\":\"https:\/\/i0.wp.com\/maavagised.ee\/wp-content\/uploads\/2021\/05\/Meemassaaz-kitsam.png?fit=290%2C217&ssl=1\",\"contentUrl\":\"https:\/\/i0.wp.com\/maavagised.ee\/wp-content\/uploads\/2021\/05\/Meemassaaz-kitsam.png?fit=290%2C217&ssl=1\",\"width\":290,\"height\":217,\"caption\":\"Meemassaa\u017e seljale\"},{\"@type\":\"BreadcrumbList\",\"@id\":\"https:\/\/maavagised.ee\/meemassaaz-2\/#breadcrumb\",\"itemListElement\":[{\"@type\":\"ListItem\",\"position\":1,\"name\":\"Home\",\"item\":\"https:\/\/maavagised.ee\/\"},{\"@type\":\"ListItem\",\"position\":2,\"name\":\"Meemassaa\u017e\"}]},{\"@type\":\"WebSite\",\"@id\":\"https:\/\/maavagised.ee\/#website\",\"url\":\"https:\/\/maavagised.ee\/\",\"name\":\"Maavagised\",\"description\":\"L\u00f5\u00f5gastus saunas ja massaa\u017eis v\u00f5i tervis kaanidest.\",\"publisher\":{\"@id\":\"https:\/\/maavagised.ee\/#organization\"},\"potentialAction\":[{\"@type\":\"SearchAction\",\"target\":{\"@type\":\"EntryPoint\",\"urlTemplate\":\"https:\/\/maavagised.ee\/?s={search_term_string}\"},\"query-input\":{\"@type\":\"PropertyValueSpecification\",\"valueRequired\":true,\"valueName\":\"search_term_string\"}}],\"inLanguage\":\"et\"},{\"@type\":\"Organization\",\"@id\":\"https:\/\/maavagised.ee\/#organization\",\"name\":\"Maav\u00e4gised p\u00e4rimusmeditsiinikeskus\",\"url\":\"https:\/\/maavagised.ee\/\",\"logo\":{\"@type\":\"ImageObject\",\"inLanguage\":\"et\",\"@id\":\"https:\/\/maavagised.ee\/#\/schema\/logo\/image\/\",\"url\":\"https:\/\/i0.wp.com\/maavagised.ee\/wp-content\/uploads\/2021\/05\/maavagised_logo1.png?fit=477%2C302&ssl=1\",\"contentUrl\":\"https:\/\/i0.wp.com\/maavagised.ee\/wp-content\/uploads\/2021\/05\/maavagised_logo1.png?fit=477%2C302&ssl=1\",\"width\":477,\"height\":302,\"caption\":\"Maav\u00e4gised p\u00e4rimusmeditsiinikeskus\"},\"image\":{\"@id\":\"https:\/\/maavagised.ee\/#\/schema\/logo\/image\/\"},\"sameAs\":[\"https:\/\/www.facebook.com\/maavagised\",\"https:\/\/www.instagram.com\/maavagised_\/\"]}]}<\/script>\n<!-- \/ Yoast SEO plugin. -->","yoast_head_json":{"title":"Meemassaa\u017e - Maav\u00e4gised p\u00e4rimusmeditsiinikeskus","description":"Meemassaa\u017e on tugevatoimeline, toksiine v\u00e4ljutada aitav massaa\u017e. Sobib h\u00e4sti pingelisse perioodi stressi ja depressiooni leevendajana.","robots":{"index":"index","follow":"follow","max-snippet":"max-snippet:-1","max-image-preview":"max-image-preview:large","max-video-preview":"max-video-preview:-1"},"canonical":"https:\/\/maavagised.ee\/et\/meemassaaz-2\/","og_locale":"et_EE","og_type":"article","og_title":"Meemassaa\u017e - Maav\u00e4gised p\u00e4rimusmeditsiinikeskus","og_description":"Meemassaa\u017e on tugevatoimeline, toksiine v\u00e4ljutada aitav massaa\u017e. Sobib h\u00e4sti pingelisse perioodi stressi ja depressiooni leevendajana.","og_url":"https:\/\/maavagised.ee\/et\/meemassaaz-2\/","og_site_name":"Maav\u00e4gised p\u00e4rimusmeditsiinikeskus","article_publisher":"https:\/\/www.facebook.com\/maavagised","article_modified_time":"2022-02-23T09:23:22+00:00","og_image":[{"width":290,"height":217,"url":"https:\/\/maavagised.ee\/wp-content\/uploads\/2021\/05\/Meemassaaz-kitsam.png","type":"image\/png"}],"twitter_card":"summary_large_image","twitter_misc":{"Est. reading time":"3 minutit"},"schema":{"@context":"https:\/\/schema.org","@graph":[{"@type":"WebPage","@id":"https:\/\/maavagised.ee\/meemassaaz-2\/","url":"https:\/\/maavagised.ee\/meemassaaz-2\/","name":"Meemassaa\u017e - Maav\u00e4gised p\u00e4rimusmeditsiinikeskus","isPartOf":{"@id":"https:\/\/maavagised.ee\/#website"},"primaryImageOfPage":{"@id":"https:\/\/maavagised.ee\/meemassaaz-2\/#primaryimage"},"image":{"@id":"https:\/\/maavagised.ee\/meemassaaz-2\/#primaryimage"},"thumbnailUrl":"https:\/\/i0.wp.com\/maavagised.ee\/wp-content\/uploads\/2021\/05\/Meemassaaz-kitsam.png?fit=290%2C217&ssl=1","datePublished":"2021-06-04T20:12:01+00:00","dateModified":"2022-02-23T09:23:22+00:00","description":"Meemassaa\u017e on tugevatoimeline, toksiine v\u00e4ljutada aitav massaa\u017e. Sobib h\u00e4sti pingelisse perioodi stressi ja depressiooni leevendajana.","breadcrumb":{"@id":"https:\/\/maavagised.ee\/meemassaaz-2\/#breadcrumb"},"inLanguage":"et","potentialAction":[{"@type":"ReadAction","target":["https:\/\/maavagised.ee\/meemassaaz-2\/"]}]},{"@type":"ImageObject","inLanguage":"et","@id":"https:\/\/maavagised.ee\/meemassaaz-2\/#primaryimage","url":"https:\/\/i0.wp.com\/maavagised.ee\/wp-content\/uploads\/2021\/05\/Meemassaaz-kitsam.png?fit=290%2C217&ssl=1","contentUrl":"https:\/\/i0.wp.com\/maavagised.ee\/wp-content\/uploads\/2021\/05\/Meemassaaz-kitsam.png?fit=290%2C217&ssl=1","width":290,"height":217,"caption":"Meemassaa\u017e seljale"},{"@type":"BreadcrumbList","@id":"https:\/\/maavagised.ee\/meemassaaz-2\/#breadcrumb","itemListElement":[{"@type":"ListItem","position":1,"name":"Home","item":"https:\/\/maavagised.ee\/"},{"@type":"ListItem","position":2,"name":"Meemassaa\u017e"}]},{"@type":"WebSite","@id":"https:\/\/maavagised.ee\/#website","url":"https:\/\/maavagised.ee\/","name":"Maavagised","description":"L\u00f5\u00f5gastus saunas ja massaa\u017eis v\u00f5i tervis kaanidest.","publisher":{"@id":"https:\/\/maavagised.ee\/#organization"},"potentialAction":[{"@type":"SearchAction","target":{"@type":"EntryPoint","urlTemplate":"https:\/\/maavagised.ee\/?s={search_term_string}"},"query-input":{"@type":"PropertyValueSpecification","valueRequired":true,"valueName":"search_term_string"}}],"inLanguage":"et"},{"@type":"Organization","@id":"https:\/\/maavagised.ee\/#organization","name":"Maav\u00e4gised p\u00e4rimusmeditsiinikeskus","url":"https:\/\/maavagised.ee\/","logo":{"@type":"ImageObject","inLanguage":"et","@id":"https:\/\/maavagised.ee\/#\/schema\/logo\/image\/","url":"https:\/\/i0.wp.com\/maavagised.ee\/wp-content\/uploads\/2021\/05\/maavagised_logo1.png?fit=477%2C302&ssl=1","contentUrl":"https:\/\/i0.wp.com\/maavagised.ee\/wp-content\/uploads\/2021\/05\/maavagised_logo1.png?fit=477%2C302&ssl=1","width":477,"height":302,"caption":"Maav\u00e4gised p\u00e4rimusmeditsiinikeskus"},"image":{"@id":"https:\/\/maavagised.ee\/#\/schema\/logo\/image\/"},"sameAs":["https:\/\/www.facebook.com\/maavagised","https:\/\/www.instagram.com\/maavagised_\/"]}]}},"jetpack_sharing_enabled":true,"jetpack_likes_enabled":true,"jetpack-related-posts":[],"_links":{"self":[{"href":"https:\/\/maavagised.ee\/et\/wp-json\/wp\/v2\/pages\/930","targetHints":{"allow":["GET"]}}],"collection":[{"href":"https:\/\/maavagised.ee\/et\/wp-json\/wp\/v2\/pages"}],"about":[{"href":"https:\/\/maavagised.ee\/et\/wp-json\/wp\/v2\/types\/page"}],"author":[{"embeddable":true,"href":"https:\/\/maavagised.ee\/et\/wp-json\/wp\/v2\/users\/1"}],"replies":[{"embeddable":true,"href":"https:\/\/maavagised.ee\/et\/wp-json\/wp\/v2\/comments?post=930"}],"version-history":[{"count":2,"href":"https:\/\/maavagised.ee\/et\/wp-json\/wp\/v2\/pages\/930\/revisions"}],"predecessor-version":[{"id":2836,"href":"https:\/\/maavagised.ee\/et\/wp-json\/wp\/v2\/pages\/930\/revisions\/2836"}],"wp:featuredmedia":[{"embeddable":true,"href":"https:\/\/maavagised.ee\/et\/wp-json\/wp\/v2\/media\/677"}],"wp:attachment":[{"href":"https:\/\/maavagised.ee\/et\/wp-json\/wp\/v2\/media?parent=930"}],"curies":[{"name":"wp","href":"https:\/\/api.w.org\/{rel}","templated":true}]}}