{"id":894,"date":"2021-06-01T21:05:13","date_gmt":"2021-06-01T21:05:13","guid":{"rendered":"https:\/\/maavagised.ee\/?page_id=894"},"modified":"2025-01-27T22:00:43","modified_gmt":"2025-01-27T20:00:43","slug":"vana-eesti-massaaz","status":"publish","type":"page","link":"https:\/\/maavagised.ee\/et\/vana-eesti-massaaz\/","title":{"rendered":"Vana-eesti massaa\u017e"},"content":{"rendered":"\n<p>Vana-eesti massaa\u017e ehk soonetasumine on meie p\u00e4rimuslik kehal\u00f5\u00f5gastamise viis. Oma olemuselt on vana-eesti massaa\u017e tugevam kui klassikaline \u00f5liga massaa\u017e, kuid samal ajal on see ka pehme ja uinutav. V\u00f5iks lausa \u00f6elda, et meditatiivne. T\u00e4nu masseritava seljas olevatele riietele on terapeudil v\u00f5imalik t\u00f6\u00f6tada l\u00e4bi k\u00f5ik lihased v\u00e4ga p\u00f5hjalikult. Keha kattev kangas kindlustab selle, et terapeudi s\u00f5rm v\u00f5i k\u00e4si ei libise nahal ja saab minna s\u00fcgavale koe sisse. Selle t\u00f5ttu sisaldab soonetasumine endas ka s\u00fcvakoeteraapiat. Riietatud keha v\u00f5imaldab terapeudil liigutada klienti erinevatesse asenditesse ilma talle ebamugavustunnet tekitamata. <\/p>\n\n\n\n<figure class=\"wp-block-gallery has-nested-images columns-default is-cropped wp-block-gallery-1 is-layout-flex wp-block-gallery-is-layout-flex\">\n<figure class=\"wp-block-image size-large\"><img data-recalc-dims=\"1\" fetchpriority=\"high\" decoding=\"async\" width=\"730\" height=\"1024\" data-attachment-id=\"895\" data-permalink=\"https:\/\/maavagised.ee\/et\/vana-eesti-massaaz\/reiel-jalgadega\/\" data-orig-file=\"https:\/\/i0.wp.com\/maavagised.ee\/wp-content\/uploads\/2021\/06\/reiel-jalgadega.jpg?fit=1000%2C1403&amp;ssl=1\" data-orig-size=\"1000,1403\" data-comments-opened=\"0\" data-image-meta=\"{&quot;aperture&quot;:&quot;0&quot;,&quot;credit&quot;:&quot;&quot;,&quot;camera&quot;:&quot;&quot;,&quot;caption&quot;:&quot;&quot;,&quot;created_timestamp&quot;:&quot;0&quot;,&quot;copyright&quot;:&quot;&quot;,&quot;focal_length&quot;:&quot;0&quot;,&quot;iso&quot;:&quot;0&quot;,&quot;shutter_speed&quot;:&quot;0&quot;,&quot;title&quot;:&quot;&quot;,&quot;orientation&quot;:&quot;0&quot;}\" data-image-title=\"reiel-jalgadega\" data-image-description=\"\" data-image-caption=\"\" data-medium-file=\"https:\/\/i0.wp.com\/maavagised.ee\/wp-content\/uploads\/2021\/06\/reiel-jalgadega.jpg?fit=214%2C300&amp;ssl=1\" data-large-file=\"https:\/\/i0.wp.com\/maavagised.ee\/wp-content\/uploads\/2021\/06\/reiel-jalgadega.jpg?fit=730%2C1024&amp;ssl=1\" data-id=\"895\" src=\"https:\/\/i0.wp.com\/maavagised.ee\/wp-content\/uploads\/2021\/06\/reiel-jalgadega.jpg?resize=730%2C1024&#038;ssl=1\" alt=\"\" class=\"wp-image-895\" srcset=\"https:\/\/i0.wp.com\/maavagised.ee\/wp-content\/uploads\/2021\/06\/reiel-jalgadega.jpg?resize=730%2C1024&amp;ssl=1 730w, https:\/\/i0.wp.com\/maavagised.ee\/wp-content\/uploads\/2021\/06\/reiel-jalgadega.jpg?resize=600%2C842&amp;ssl=1 600w, https:\/\/i0.wp.com\/maavagised.ee\/wp-content\/uploads\/2021\/06\/reiel-jalgadega.jpg?resize=214%2C300&amp;ssl=1 214w, https:\/\/i0.wp.com\/maavagised.ee\/wp-content\/uploads\/2021\/06\/reiel-jalgadega.jpg?resize=768%2C1078&amp;ssl=1 768w, https:\/\/i0.wp.com\/maavagised.ee\/wp-content\/uploads\/2021\/06\/reiel-jalgadega.jpg?w=1000&amp;ssl=1 1000w\" sizes=\"(max-width: 730px) 100vw, 730px\" \/><\/figure>\n\n\n\n<figure class=\"wp-block-image size-large\"><img data-recalc-dims=\"1\" decoding=\"async\" width=\"794\" height=\"1024\" data-attachment-id=\"896\" data-permalink=\"https:\/\/maavagised.ee\/et\/vana-eesti-massaaz\/selja-venitus1\/\" data-orig-file=\"https:\/\/i0.wp.com\/maavagised.ee\/wp-content\/uploads\/2021\/06\/selja-venitus1.jpg?fit=1733%2C2236&amp;ssl=1\" data-orig-size=\"1733,2236\" data-comments-opened=\"0\" data-image-meta=\"{&quot;aperture&quot;:&quot;0&quot;,&quot;credit&quot;:&quot;&quot;,&quot;camera&quot;:&quot;&quot;,&quot;caption&quot;:&quot;&quot;,&quot;created_timestamp&quot;:&quot;0&quot;,&quot;copyright&quot;:&quot;&quot;,&quot;focal_length&quot;:&quot;0&quot;,&quot;iso&quot;:&quot;0&quot;,&quot;shutter_speed&quot;:&quot;0&quot;,&quot;title&quot;:&quot;&quot;,&quot;orientation&quot;:&quot;0&quot;}\" data-image-title=\"selja-venitus1\" data-image-description=\"\" data-image-caption=\"\" data-medium-file=\"https:\/\/i0.wp.com\/maavagised.ee\/wp-content\/uploads\/2021\/06\/selja-venitus1.jpg?fit=233%2C300&amp;ssl=1\" data-large-file=\"https:\/\/i0.wp.com\/maavagised.ee\/wp-content\/uploads\/2021\/06\/selja-venitus1.jpg?fit=794%2C1024&amp;ssl=1\" data-id=\"896\" src=\"https:\/\/i0.wp.com\/maavagised.ee\/wp-content\/uploads\/2021\/06\/selja-venitus1.jpg?resize=794%2C1024&#038;ssl=1\" alt=\"\" class=\"wp-image-896\" srcset=\"https:\/\/i0.wp.com\/maavagised.ee\/wp-content\/uploads\/2021\/06\/selja-venitus1.jpg?resize=794%2C1024&amp;ssl=1 794w, https:\/\/i0.wp.com\/maavagised.ee\/wp-content\/uploads\/2021\/06\/selja-venitus1.jpg?resize=600%2C774&amp;ssl=1 600w, https:\/\/i0.wp.com\/maavagised.ee\/wp-content\/uploads\/2021\/06\/selja-venitus1.jpg?resize=233%2C300&amp;ssl=1 233w, https:\/\/i0.wp.com\/maavagised.ee\/wp-content\/uploads\/2021\/06\/selja-venitus1.jpg?resize=768%2C991&amp;ssl=1 768w, https:\/\/i0.wp.com\/maavagised.ee\/wp-content\/uploads\/2021\/06\/selja-venitus1.jpg?resize=1190%2C1536&amp;ssl=1 1190w, https:\/\/i0.wp.com\/maavagised.ee\/wp-content\/uploads\/2021\/06\/selja-venitus1.jpg?resize=1587%2C2048&amp;ssl=1 1587w, https:\/\/i0.wp.com\/maavagised.ee\/wp-content\/uploads\/2021\/06\/selja-venitus1.jpg?w=1733&amp;ssl=1 1733w\" sizes=\"(max-width: 794px) 100vw, 794px\" \/><\/figure>\n\n\n\n<figure class=\"wp-block-image size-large\"><img data-recalc-dims=\"1\" decoding=\"async\" data-attachment-id=\"897\" data-permalink=\"https:\/\/maavagised.ee\/et\/vana-eesti-massaaz\/sa%cc%88a%cc%88r-copy\/\" data-orig-file=\"https:\/\/i0.wp.com\/maavagised.ee\/wp-content\/uploads\/2021\/06\/sa%CC%88a%CC%88r-copy.jpg?fit=681%2C960&amp;ssl=1\" data-orig-size=\"681,960\" data-comments-opened=\"0\" data-image-meta=\"{&quot;aperture&quot;:&quot;0&quot;,&quot;credit&quot;:&quot;&quot;,&quot;camera&quot;:&quot;&quot;,&quot;caption&quot;:&quot;&quot;,&quot;created_timestamp&quot;:&quot;0&quot;,&quot;copyright&quot;:&quot;&quot;,&quot;focal_length&quot;:&quot;0&quot;,&quot;iso&quot;:&quot;0&quot;,&quot;shutter_speed&quot;:&quot;0&quot;,&quot;title&quot;:&quot;&quot;,&quot;orientation&quot;:&quot;0&quot;}\" data-image-title=\"jalamassaa\u017e\" data-image-description=\"\" data-image-caption=\"\" data-medium-file=\"https:\/\/i0.wp.com\/maavagised.ee\/wp-content\/uploads\/2021\/06\/sa%CC%88a%CC%88r-copy.jpg?fit=213%2C300&amp;ssl=1\" data-large-file=\"https:\/\/i0.wp.com\/maavagised.ee\/wp-content\/uploads\/2021\/06\/sa%CC%88a%CC%88r-copy.jpg?fit=681%2C960&amp;ssl=1\" data-id=\"897\" src=\"https:\/\/i0.wp.com\/maavagised.ee\/wp-content\/uploads\/2021\/06\/s%C3%A4%C3%A4r-copy.jpg?ssl=1\" alt=\"jalamassaa\u017e\" class=\"wp-image-897\"\/><\/figure>\n<\/figure>\n\n\n\n<p>\u00dcks v\u00e4heseid omasarnaseid maailmas, kus p\u00f5hjalikult l\u00e4bit\u00f6\u00f6deldud kehaga ja tugeva puudutusega ei kaasne mitte valuaisting vaid s\u00fcgav l\u00f5\u00f5gastus. Sellest on saanud meie klientide lemmik, kuna ka p\u00e4evi p\u00e4rast seanssi on imeliselt hea tunne.<\/p>\n\n\n\n<p>Vana-eesti massaa\u017e ehk soonetasumine on teistest selgelt eristuv \u2013 tal on omap\u00e4rane regilaulu meenutav r\u00fctm ja v\u00e4ga t\u00f5hus kehak\u00e4sitlus. Vana-eesti massaa\u017ei on vanad eestlased teinud juba aastatuhandeid, iga\u00fcks pisut omamoodi \u2013 teadmisi anti edasi suuliselt pere liinis nagu muudki p\u00e4rimuslikku tarkust. Need teadmised p\u00f5hinevad pikaajaistel inimkatsetel ja p\u00f5him\u00f5tted sarnanevad teiste iidsete tunnustatud ravikunstidega.<\/p>\n\n\n\n<p>Vana-eesti massaa\u017e aitab t\u00e4nap\u00e4eval hoida organismi korras ja tasakaalus, ravida nii f\u00fc\u00fcsilisi, ps\u00fc\u00fchilisi kui ka hingelisi probleeme.<\/p>\n\n\n\n<p>Nagu k\u00fclmemale piirkonnale kohane, tehakse vana-eesti massaa\u017ei l\u00e4bi kergete \u00f5hukeste riiete ja maas, matil. Selline masseerimine annab v\u00f5imaluse teha loksutusi, venitusi, surumisi, v\u00f5tta sisse erinevaid kehaasendeid, k\u00e4sitleda keha terviklikult ja personaalselt.<\/p>\n\n\n\n<h2 class=\"wp-block-heading\">VANA-EESTI MASSAA\u017d EHK SOONETASUMINE SOBIB SULLE KUI OTSID MASSAA\u017dI MIS<\/h2>\n\n\n\n<ul class=\"wp-block-list\">\n<li>vabastaks lihaspingest<\/li>\n\n\n\n<li>Oleks tugev, kuid mitte valus<\/li>\n\n\n\n<li>Laseks ka meelel s\u00fcgavalt l\u00f5\u00f5gastuda<\/li>\n\n\n\n<li>On eriline<\/li>\n<\/ul>\n\n\n\n<h2 class=\"wp-block-heading\">VANA-EESTI MASSAA\u017d<\/h2>\n\n\n\n<ul class=\"wp-block-list\">\n<li>Vabastab lihaspingetest<\/li>\n\n\n\n<li>Aktiveerib vere ja l\u00fcmfiringet<\/li>\n\n\n\n<li>T\u00f5stab lihastoonust<\/li>\n\n\n\n<li>Vabastab peavlust<\/li>\n\n\n\n<li>Stimuleerib nahaaluseid kudesid ja omab seel\u00e4bi nahka noorendavat toimet<\/li>\n\n\n\n<li>On s\u00fcgavalt meditatiivne<\/li>\n<\/ul>\n\n\n\n<h2 class=\"wp-block-heading\">Vana-eesti massaa\u017ei vastun\u00e4idustused <\/h2>\n\n\n\n<ul class=\"wp-block-list\">\n<li>Palavik<\/li>\n\n\n\n<li>K\u00f5rge verer\u00f5hk (konsulteeri terapeudiga)<\/li>\n\n\n\n<li>\u00c4ge p\u00f5letik<\/li>\n\n\n\n<li>Rasedus<\/li>\n\n\n\n<li>V\u00e4hk ja igasugune kasvajaprotsess<\/li>\n\n\n\n<li>\u00c4ge neerupuudulikkus<\/li>\n\n\n\n<li>\u00c4ge s\u00fcdamepuudulikkus<\/li>\n\n\n\n<li>Alkoholi joove<\/li>\n<\/ul>\n\n\n\n<p>Palume v\u00f5tta vana-eesti massaa\u017ei kaasa kerged, head liikuvust v\u00f5imaldavad riided, puuvillased v\u00f5i linased p\u00fcksid ja pluus.<\/p>\n","protected":false},"excerpt":{"rendered":"<p>Vana-eesti massaa\u017e ehk soonetasumine on meie p\u00e4rimuslik kehal\u00f5\u00f5gastamise viis. Oma olemuselt on vana-eesti massaa\u017e tugevam kui klassikaline \u00f5liga massaa\u017e, kuid samal ajal on see ka pehme ja uinutav. V\u00f5iks lausa \u00f6elda, et meditatiivne. T\u00e4nu masseritava seljas olevatele riietele on terapeudil v\u00f5imalik t\u00f6\u00f6tada l\u00e4bi k\u00f5ik lihased v\u00e4ga p\u00f5hjalikult. Keha kattev kangas kindlustab selle, et terapeudi s\u00f5rm [&hellip;]<\/p>\n","protected":false},"author":1,"featured_media":707,"parent":0,"menu_order":0,"comment_status":"closed","ping_status":"closed","template":"","meta":{"om_disable_all_campaigns":false,"site-sidebar-layout":"default","site-content-layout":"default","ast-site-content-layout":"","site-content-style":"default","site-sidebar-style":"default","ast-global-header-display":"","ast-banner-title-visibility":"","ast-main-header-display":"","ast-hfb-above-header-display":"","ast-hfb-below-header-display":"","ast-hfb-mobile-header-display":"","site-post-title":"","ast-breadcrumbs-content":"","ast-featured-img":"","footer-sml-layout":"","theme-transparent-header-meta":"default","adv-header-id-meta":"","stick-header-meta":"","header-above-stick-meta":"","header-main-stick-meta":"","header-below-stick-meta":"","astra-migrate-meta-layouts":"default","ast-page-background-enabled":"default","ast-page-background-meta":{"desktop":{"background-color":"","background-image":"","background-repeat":"repeat","background-position":"center center","background-size":"auto","background-attachment":"scroll","background-type":"","background-media":"","overlay-type":"","overlay-color":"","overlay-opacity":"","overlay-gradient":""},"tablet":{"background-color":"","background-image":"","background-repeat":"repeat","background-position":"center center","background-size":"auto","background-attachment":"scroll","background-type":"","background-media":"","overlay-type":"","overlay-color":"","overlay-opacity":"","overlay-gradient":""},"mobile":{"background-color":"","background-image":"","background-repeat":"repeat","background-position":"center center","background-size":"auto","background-attachment":"scroll","background-type":"","background-media":"","overlay-type":"","overlay-color":"","overlay-opacity":"","overlay-gradient":""}},"ast-content-background-meta":{"desktop":{"background-color":"var(--ast-global-color-5)","background-image":"","background-repeat":"repeat","background-position":"center center","background-size":"auto","background-attachment":"scroll","background-type":"","background-media":"","overlay-type":"","overlay-color":"","overlay-opacity":"","overlay-gradient":""},"tablet":{"background-color":"var(--ast-global-color-5)","background-image":"","background-repeat":"repeat","background-position":"center center","background-size":"auto","background-attachment":"scroll","background-type":"","background-media":"","overlay-type":"","overlay-color":"","overlay-opacity":"","overlay-gradient":""},"mobile":{"background-color":"var(--ast-global-color-5)","background-image":"","background-repeat":"repeat","background-position":"center center","background-size":"auto","background-attachment":"scroll","background-type":"","background-media":"","overlay-type":"","overlay-color":"","overlay-opacity":"","overlay-gradient":""}},"ngg_post_thumbnail":0,"footnotes":""},"class_list":["post-894","page","type-page","status-publish","has-post-thumbnail","hentry"],"yoast_head":"<!-- This site is optimized with the Yoast SEO plugin v27.1.1 - https:\/\/yoast.com\/product\/yoast-seo-wordpress\/ -->\n<title>Vana-eesti massaa\u017e - Maav\u00e4gised p\u00e4rimusmeditsiinikeskus<\/title>\n<meta name=\"description\" content=\"Vana-eesti massaa\u017e on v\u00e4ga eriline, tugev, p\u00f5hjalik ja samas s\u00fcgavalt l\u00f5\u00f5gastav massaa\u017e. Seda tehakse matil l\u00e4bi riiete esivanemate kombel.\" \/>\n<meta name=\"robots\" content=\"index, follow, max-snippet:-1, max-image-preview:large, max-video-preview:-1\" \/>\n<link rel=\"canonical\" href=\"https:\/\/maavagised.ee\/et\/vana-eesti-massaaz\/\" \/>\n<meta property=\"og:locale\" content=\"et_EE\" \/>\n<meta property=\"og:type\" content=\"article\" \/>\n<meta property=\"og:title\" content=\"Vana-eesti massaa\u017e - Maav\u00e4gised p\u00e4rimusmeditsiinikeskus\" \/>\n<meta property=\"og:description\" content=\"Vana-eesti massaa\u017e on v\u00e4ga eriline, tugev, p\u00f5hjalik ja samas s\u00fcgavalt l\u00f5\u00f5gastav massaa\u017e. Seda tehakse matil l\u00e4bi riiete esivanemate kombel.\" \/>\n<meta property=\"og:url\" content=\"https:\/\/maavagised.ee\/et\/vana-eesti-massaaz\/\" \/>\n<meta property=\"og:site_name\" content=\"Maav\u00e4gised p\u00e4rimusmeditsiinikeskus\" \/>\n<meta property=\"article:publisher\" content=\"https:\/\/www.facebook.com\/maavagised\" \/>\n<meta property=\"article:modified_time\" content=\"2025-01-27T20:00:43+00:00\" \/>\n<meta property=\"og:image\" content=\"https:\/\/maavagised.ee\/wp-content\/uploads\/2021\/05\/Vana-eesti-massaaz\u030c-vaike.jpg\" \/>\n\t<meta property=\"og:image:width\" content=\"681\" \/>\n\t<meta property=\"og:image:height\" content=\"709\" \/>\n\t<meta property=\"og:image:type\" content=\"image\/jpeg\" \/>\n<meta name=\"twitter:card\" content=\"summary_large_image\" \/>\n<meta name=\"twitter:label1\" content=\"Est. reading time\" \/>\n\t<meta name=\"twitter:data1\" content=\"3 minutit\" \/>\n<script type=\"application\/ld+json\" class=\"yoast-schema-graph\">{\"@context\":\"https:\/\/schema.org\",\"@graph\":[{\"@type\":\"WebPage\",\"@id\":\"https:\/\/maavagised.ee\/vana-eesti-massaaz\/\",\"url\":\"https:\/\/maavagised.ee\/vana-eesti-massaaz\/\",\"name\":\"Vana-eesti massaa\u017e - Maav\u00e4gised p\u00e4rimusmeditsiinikeskus\",\"isPartOf\":{\"@id\":\"https:\/\/maavagised.ee\/#website\"},\"primaryImageOfPage\":{\"@id\":\"https:\/\/maavagised.ee\/vana-eesti-massaaz\/#primaryimage\"},\"image\":{\"@id\":\"https:\/\/maavagised.ee\/vana-eesti-massaaz\/#primaryimage\"},\"thumbnailUrl\":\"https:\/\/i0.wp.com\/maavagised.ee\/wp-content\/uploads\/2021\/05\/Vana-eesti-massaaz%CC%8C-vaike.jpg?fit=681%2C709&ssl=1\",\"datePublished\":\"2021-06-01T21:05:13+00:00\",\"dateModified\":\"2025-01-27T20:00:43+00:00\",\"description\":\"Vana-eesti massaa\u017e on v\u00e4ga eriline, tugev, p\u00f5hjalik ja samas s\u00fcgavalt l\u00f5\u00f5gastav massaa\u017e. Seda tehakse matil l\u00e4bi riiete esivanemate kombel.\",\"breadcrumb\":{\"@id\":\"https:\/\/maavagised.ee\/vana-eesti-massaaz\/#breadcrumb\"},\"inLanguage\":\"et\",\"potentialAction\":[{\"@type\":\"ReadAction\",\"target\":[\"https:\/\/maavagised.ee\/vana-eesti-massaaz\/\"]}]},{\"@type\":\"ImageObject\",\"inLanguage\":\"et\",\"@id\":\"https:\/\/maavagised.ee\/vana-eesti-massaaz\/#primaryimage\",\"url\":\"https:\/\/i0.wp.com\/maavagised.ee\/wp-content\/uploads\/2021\/05\/Vana-eesti-massaaz%CC%8C-vaike.jpg?fit=681%2C709&ssl=1\",\"contentUrl\":\"https:\/\/i0.wp.com\/maavagised.ee\/wp-content\/uploads\/2021\/05\/Vana-eesti-massaaz%CC%8C-vaike.jpg?fit=681%2C709&ssl=1\",\"width\":681,\"height\":709,\"caption\":\"Vana-eesti massaa\u017e selg\"},{\"@type\":\"BreadcrumbList\",\"@id\":\"https:\/\/maavagised.ee\/vana-eesti-massaaz\/#breadcrumb\",\"itemListElement\":[{\"@type\":\"ListItem\",\"position\":1,\"name\":\"Home\",\"item\":\"https:\/\/maavagised.ee\/\"},{\"@type\":\"ListItem\",\"position\":2,\"name\":\"Vana-eesti massaa\u017e\"}]},{\"@type\":\"WebSite\",\"@id\":\"https:\/\/maavagised.ee\/#website\",\"url\":\"https:\/\/maavagised.ee\/\",\"name\":\"Maavagised\",\"description\":\"L\u00f5\u00f5gastus saunas ja massaa\u017eis v\u00f5i tervis kaanidest.\",\"publisher\":{\"@id\":\"https:\/\/maavagised.ee\/#organization\"},\"potentialAction\":[{\"@type\":\"SearchAction\",\"target\":{\"@type\":\"EntryPoint\",\"urlTemplate\":\"https:\/\/maavagised.ee\/?s={search_term_string}\"},\"query-input\":{\"@type\":\"PropertyValueSpecification\",\"valueRequired\":true,\"valueName\":\"search_term_string\"}}],\"inLanguage\":\"et\"},{\"@type\":\"Organization\",\"@id\":\"https:\/\/maavagised.ee\/#organization\",\"name\":\"Maav\u00e4gised p\u00e4rimusmeditsiinikeskus\",\"url\":\"https:\/\/maavagised.ee\/\",\"logo\":{\"@type\":\"ImageObject\",\"inLanguage\":\"et\",\"@id\":\"https:\/\/maavagised.ee\/#\/schema\/logo\/image\/\",\"url\":\"https:\/\/i0.wp.com\/maavagised.ee\/wp-content\/uploads\/2021\/05\/maavagised_logo1.png?fit=477%2C302&ssl=1\",\"contentUrl\":\"https:\/\/i0.wp.com\/maavagised.ee\/wp-content\/uploads\/2021\/05\/maavagised_logo1.png?fit=477%2C302&ssl=1\",\"width\":477,\"height\":302,\"caption\":\"Maav\u00e4gised p\u00e4rimusmeditsiinikeskus\"},\"image\":{\"@id\":\"https:\/\/maavagised.ee\/#\/schema\/logo\/image\/\"},\"sameAs\":[\"https:\/\/www.facebook.com\/maavagised\",\"https:\/\/www.instagram.com\/maavagised_\/\"]}]}<\/script>\n<!-- \/ Yoast SEO plugin. -->","yoast_head_json":{"title":"Vana-eesti massaa\u017e - Maav\u00e4gised p\u00e4rimusmeditsiinikeskus","description":"Vana-eesti massaa\u017e on v\u00e4ga eriline, tugev, p\u00f5hjalik ja samas s\u00fcgavalt l\u00f5\u00f5gastav massaa\u017e. Seda tehakse matil l\u00e4bi riiete esivanemate kombel.","robots":{"index":"index","follow":"follow","max-snippet":"max-snippet:-1","max-image-preview":"max-image-preview:large","max-video-preview":"max-video-preview:-1"},"canonical":"https:\/\/maavagised.ee\/et\/vana-eesti-massaaz\/","og_locale":"et_EE","og_type":"article","og_title":"Vana-eesti massaa\u017e - Maav\u00e4gised p\u00e4rimusmeditsiinikeskus","og_description":"Vana-eesti massaa\u017e on v\u00e4ga eriline, tugev, p\u00f5hjalik ja samas s\u00fcgavalt l\u00f5\u00f5gastav massaa\u017e. Seda tehakse matil l\u00e4bi riiete esivanemate kombel.","og_url":"https:\/\/maavagised.ee\/et\/vana-eesti-massaaz\/","og_site_name":"Maav\u00e4gised p\u00e4rimusmeditsiinikeskus","article_publisher":"https:\/\/www.facebook.com\/maavagised","article_modified_time":"2025-01-27T20:00:43+00:00","og_image":[{"width":681,"height":709,"url":"https:\/\/maavagised.ee\/wp-content\/uploads\/2021\/05\/Vana-eesti-massaaz\u030c-vaike.jpg","type":"image\/jpeg"}],"twitter_card":"summary_large_image","twitter_misc":{"Est. reading time":"3 minutit"},"schema":{"@context":"https:\/\/schema.org","@graph":[{"@type":"WebPage","@id":"https:\/\/maavagised.ee\/vana-eesti-massaaz\/","url":"https:\/\/maavagised.ee\/vana-eesti-massaaz\/","name":"Vana-eesti massaa\u017e - Maav\u00e4gised p\u00e4rimusmeditsiinikeskus","isPartOf":{"@id":"https:\/\/maavagised.ee\/#website"},"primaryImageOfPage":{"@id":"https:\/\/maavagised.ee\/vana-eesti-massaaz\/#primaryimage"},"image":{"@id":"https:\/\/maavagised.ee\/vana-eesti-massaaz\/#primaryimage"},"thumbnailUrl":"https:\/\/i0.wp.com\/maavagised.ee\/wp-content\/uploads\/2021\/05\/Vana-eesti-massaaz%CC%8C-vaike.jpg?fit=681%2C709&ssl=1","datePublished":"2021-06-01T21:05:13+00:00","dateModified":"2025-01-27T20:00:43+00:00","description":"Vana-eesti massaa\u017e on v\u00e4ga eriline, tugev, p\u00f5hjalik ja samas s\u00fcgavalt l\u00f5\u00f5gastav massaa\u017e. Seda tehakse matil l\u00e4bi riiete esivanemate kombel.","breadcrumb":{"@id":"https:\/\/maavagised.ee\/vana-eesti-massaaz\/#breadcrumb"},"inLanguage":"et","potentialAction":[{"@type":"ReadAction","target":["https:\/\/maavagised.ee\/vana-eesti-massaaz\/"]}]},{"@type":"ImageObject","inLanguage":"et","@id":"https:\/\/maavagised.ee\/vana-eesti-massaaz\/#primaryimage","url":"https:\/\/i0.wp.com\/maavagised.ee\/wp-content\/uploads\/2021\/05\/Vana-eesti-massaaz%CC%8C-vaike.jpg?fit=681%2C709&ssl=1","contentUrl":"https:\/\/i0.wp.com\/maavagised.ee\/wp-content\/uploads\/2021\/05\/Vana-eesti-massaaz%CC%8C-vaike.jpg?fit=681%2C709&ssl=1","width":681,"height":709,"caption":"Vana-eesti massaa\u017e selg"},{"@type":"BreadcrumbList","@id":"https:\/\/maavagised.ee\/vana-eesti-massaaz\/#breadcrumb","itemListElement":[{"@type":"ListItem","position":1,"name":"Home","item":"https:\/\/maavagised.ee\/"},{"@type":"ListItem","position":2,"name":"Vana-eesti massaa\u017e"}]},{"@type":"WebSite","@id":"https:\/\/maavagised.ee\/#website","url":"https:\/\/maavagised.ee\/","name":"Maavagised","description":"L\u00f5\u00f5gastus saunas ja massaa\u017eis v\u00f5i tervis kaanidest.","publisher":{"@id":"https:\/\/maavagised.ee\/#organization"},"potentialAction":[{"@type":"SearchAction","target":{"@type":"EntryPoint","urlTemplate":"https:\/\/maavagised.ee\/?s={search_term_string}"},"query-input":{"@type":"PropertyValueSpecification","valueRequired":true,"valueName":"search_term_string"}}],"inLanguage":"et"},{"@type":"Organization","@id":"https:\/\/maavagised.ee\/#organization","name":"Maav\u00e4gised p\u00e4rimusmeditsiinikeskus","url":"https:\/\/maavagised.ee\/","logo":{"@type":"ImageObject","inLanguage":"et","@id":"https:\/\/maavagised.ee\/#\/schema\/logo\/image\/","url":"https:\/\/i0.wp.com\/maavagised.ee\/wp-content\/uploads\/2021\/05\/maavagised_logo1.png?fit=477%2C302&ssl=1","contentUrl":"https:\/\/i0.wp.com\/maavagised.ee\/wp-content\/uploads\/2021\/05\/maavagised_logo1.png?fit=477%2C302&ssl=1","width":477,"height":302,"caption":"Maav\u00e4gised p\u00e4rimusmeditsiinikeskus"},"image":{"@id":"https:\/\/maavagised.ee\/#\/schema\/logo\/image\/"},"sameAs":["https:\/\/www.facebook.com\/maavagised","https:\/\/www.instagram.com\/maavagised_\/"]}]}},"jetpack_sharing_enabled":true,"jetpack_likes_enabled":true,"jetpack-related-posts":[],"_links":{"self":[{"href":"https:\/\/maavagised.ee\/et\/wp-json\/wp\/v2\/pages\/894","targetHints":{"allow":["GET"]}}],"collection":[{"href":"https:\/\/maavagised.ee\/et\/wp-json\/wp\/v2\/pages"}],"about":[{"href":"https:\/\/maavagised.ee\/et\/wp-json\/wp\/v2\/types\/page"}],"author":[{"embeddable":true,"href":"https:\/\/maavagised.ee\/et\/wp-json\/wp\/v2\/users\/1"}],"replies":[{"embeddable":true,"href":"https:\/\/maavagised.ee\/et\/wp-json\/wp\/v2\/comments?post=894"}],"version-history":[{"count":2,"href":"https:\/\/maavagised.ee\/et\/wp-json\/wp\/v2\/pages\/894\/revisions"}],"predecessor-version":[{"id":5604,"href":"https:\/\/maavagised.ee\/et\/wp-json\/wp\/v2\/pages\/894\/revisions\/5604"}],"wp:featuredmedia":[{"embeddable":true,"href":"https:\/\/maavagised.ee\/et\/wp-json\/wp\/v2\/media\/707"}],"wp:attachment":[{"href":"https:\/\/maavagised.ee\/et\/wp-json\/wp\/v2\/media?parent=894"}],"curies":[{"name":"wp","href":"https:\/\/api.w.org\/{rel}","templated":true}]}}