{"id":1245,"date":"2021-06-13T17:40:23","date_gmt":"2021-06-13T17:40:23","guid":{"rendered":"https:\/\/maavagised.ee\/?page_id=1245"},"modified":"2026-04-13T12:27:38","modified_gmt":"2026-04-13T09:27:38","slug":"kaanide-muuk","status":"publish","type":"page","link":"https:\/\/maavagised.ee\/et\/kaanide-muuk\/","title":{"rendered":"Kaanide m\u00fc\u00fck"},"content":{"rendered":"\t\t<div data-elementor-type=\"wp-page\" data-elementor-id=\"1245\" class=\"elementor elementor-1245\">\n\t\t\t\t\t\t<section class=\"elementor-section elementor-top-section elementor-element elementor-element-4a0cc3df elementor-section-boxed elementor-section-height-default elementor-section-height-default\" data-id=\"4a0cc3df\" data-element_type=\"section\" data-e-type=\"section\">\n\t\t\t\t\t\t<div class=\"elementor-container elementor-column-gap-default\">\n\t\t\t\t\t<div class=\"elementor-column elementor-col-100 elementor-top-column elementor-element elementor-element-365c35f5\" data-id=\"365c35f5\" data-element_type=\"column\" data-e-type=\"column\">\n\t\t\t<div class=\"elementor-widget-wrap elementor-element-populated\">\n\t\t\t\t\t\t<div class=\"elementor-element elementor-element-1c9e893a elementor-widget elementor-widget-text-editor\" data-id=\"1c9e893a\" data-element_type=\"widget\" data-e-type=\"widget\" data-widget_type=\"text-editor.default\">\n\t\t\t\t<div class=\"elementor-widget-container\">\n\t\t\t\t\t\t\t\t\t<p>M\u00fc\u00fcme meditsiinilisi kaane \u00a0(Hirudo medicinalis) terapeutidele.<\/p>\n<p><!-- \/wp:paragraph --><!-- wp:paragraph --><\/p>\n<p>Meilt saab osta kaane erinevas suuruses: S, M, ja L.<\/p>\n<p><!-- \/wp:paragraph --><!-- wp:paragraph --><\/p>\n<p>Ostame oma kaanid l\u00e4hinaabritelt Leedu biotehasest \u201cLodeksa\u201d.<br \/>Biotehas \/ reg, nr. 125518069 omab EU sertifikaati n338\/97 lisa B-D.<\/p>\n<p><!-- \/wp:paragraph --><!-- wp:heading --><\/p>\n<h2>Saatmine ja k\u00e4tte saamine<\/h2>\n<p><!-- \/wp:heading --><!-- wp:paragraph --><\/p>\n<p>Saadame kaanid cargoga, neile tuleb j\u00e4rgi minna samal p\u00e4eval kuna tegemist on elusolenditega ja nad ei pruugi kaua nii v\u00e4ikse hapniku kogusega hakkama saada, mis neile transpordiks j\u00e4\u00e4b.<\/p>\n<p><!-- \/wp:paragraph --><!-- wp:paragraph --><\/p>\n<p>Soovitame v\u00f5imalusel tulla kaanidele j\u00e4rgi Tallinna vanalinna meie salongi, nii on kaanidele stressi v\u00e4hem ja transport normaaltingimustesse toimub valutumalt ja kiiremalt.<\/p>\n<p><!-- \/wp:paragraph --><!-- wp:paragraph --><\/p>\n<p><!-- \/wp:paragraph --><!-- wp:paragraph --><\/p>\n<p>Kaani hind 5,5EUR\/tk<\/p>\n<p><!-- \/wp:paragraph --><!-- wp:heading --><\/p>\n<h2>Kuidas osta?<\/h2>\n<p><!-- \/wp:heading --><!-- wp:paragraph --><\/p>\n<p><a href=\"https:\/\/maavagised.ee\/kusi-ja-sulle-vastatakse\/\" target=\"_blank\" rel=\"noreferrer noopener\">Kirjuta meile<\/a><\/p>\n<p><!-- \/wp:paragraph --><!-- wp:list --><\/p>\n<ul>\n<li>Kaanide arv ja suurus<\/li>\n<li>Tellija nimi ja tel number<\/li>\n<li>Kuhu kaanid saata<\/li>\n<\/ul>\n<p><!-- \/wp:list --><!-- wp:paragraph --><\/p>\n<p>\u00a0<\/p>\n<p><!-- \/wp:paragraph --><\/p>\t\t\t\t\t\t\t\t<\/div>\n\t\t\t\t<\/div>\n\t\t\t\t\t<\/div>\n\t\t<\/div>\n\t\t\t\t\t<\/div>\n\t\t<\/section>\n\t\t\t\t<\/div>\n\t\t","protected":false},"excerpt":{"rendered":"<p>M\u00fc\u00fcme meditsiinilisi kaane \u00a0(Hirudo medicinalis) terapeutidele. Meilt saab osta kaane erinevas suuruses: S, M, ja L. Ostame oma kaanid l\u00e4hinaabritelt Leedu biotehasest \u201cLodeksa\u201d.Biotehas \/ reg, nr. 125518069 omab EU sertifikaati n338\/97 lisa B-D. Saatmine ja k\u00e4tte saamine Saadame kaanid cargoga, neile tuleb j\u00e4rgi minna samal p\u00e4eval kuna tegemist on elusolenditega ja nad ei pruugi kaua [&hellip;]<\/p>\n","protected":false},"author":1,"featured_media":984,"parent":0,"menu_order":0,"comment_status":"closed","ping_status":"closed","template":"","meta":{"om_disable_all_campaigns":false,"site-sidebar-layout":"default","site-content-layout":"default","ast-site-content-layout":"","site-content-style":"default","site-sidebar-style":"default","ast-global-header-display":"","ast-banner-title-visibility":"","ast-main-header-display":"","ast-hfb-above-header-display":"","ast-hfb-below-header-display":"","ast-hfb-mobile-header-display":"","site-post-title":"","ast-breadcrumbs-content":"","ast-featured-img":"","footer-sml-layout":"","theme-transparent-header-meta":"default","adv-header-id-meta":"","stick-header-meta":"","header-above-stick-meta":"","header-main-stick-meta":"","header-below-stick-meta":"","astra-migrate-meta-layouts":"default","ast-page-background-enabled":"default","ast-page-background-meta":{"desktop":{"background-color":"","background-image":"","background-repeat":"repeat","background-position":"center center","background-size":"auto","background-attachment":"scroll","background-type":"","background-media":"","overlay-type":"","overlay-color":"","overlay-opacity":"","overlay-gradient":""},"tablet":{"background-color":"","background-image":"","background-repeat":"repeat","background-position":"center center","background-size":"auto","background-attachment":"scroll","background-type":"","background-media":"","overlay-type":"","overlay-color":"","overlay-opacity":"","overlay-gradient":""},"mobile":{"background-color":"","background-image":"","background-repeat":"repeat","background-position":"center center","background-size":"auto","background-attachment":"scroll","background-type":"","background-media":"","overlay-type":"","overlay-color":"","overlay-opacity":"","overlay-gradient":""}},"ast-content-background-meta":{"desktop":{"background-color":"var(--ast-global-color-5)","background-image":"","background-repeat":"repeat","background-position":"center center","background-size":"auto","background-attachment":"scroll","background-type":"","background-media":"","overlay-type":"","overlay-color":"","overlay-opacity":"","overlay-gradient":""},"tablet":{"background-color":"var(--ast-global-color-5)","background-image":"","background-repeat":"repeat","background-position":"center center","background-size":"auto","background-attachment":"scroll","background-type":"","background-media":"","overlay-type":"","overlay-color":"","overlay-opacity":"","overlay-gradient":""},"mobile":{"background-color":"var(--ast-global-color-5)","background-image":"","background-repeat":"repeat","background-position":"center center","background-size":"auto","background-attachment":"scroll","background-type":"","background-media":"","overlay-type":"","overlay-color":"","overlay-opacity":"","overlay-gradient":""}},"ngg_post_thumbnail":0,"footnotes":""},"class_list":["post-1245","page","type-page","status-publish","has-post-thumbnail","hentry"],"yoast_head":"<!-- This site is optimized with the Yoast SEO plugin v27.1.1 - https:\/\/yoast.com\/product\/yoast-seo-wordpress\/ -->\n<title>Kaanide m\u00fc\u00fck - Maav\u00e4gised p\u00e4rimusmeditsiinikeskus<\/title>\n<meta name=\"description\" content=\"Kaanide m\u00fc\u00fck Maav\u00e4gistes toimub v\u00f5imalusel k\u00e4est k\u00e4tte, kui see ei sobi siis saadame ka cargoga. Tellimiseks saada p\u00e4ring meie lehelt.\" \/>\n<meta name=\"robots\" content=\"index, follow, max-snippet:-1, max-image-preview:large, max-video-preview:-1\" \/>\n<link rel=\"canonical\" href=\"https:\/\/maavagised.ee\/et\/kaanide-muuk\/\" \/>\n<meta property=\"og:locale\" content=\"et_EE\" \/>\n<meta property=\"og:type\" content=\"article\" \/>\n<meta property=\"og:title\" content=\"Kaanide m\u00fc\u00fck - Maav\u00e4gised p\u00e4rimusmeditsiinikeskus\" \/>\n<meta property=\"og:description\" content=\"Kaanide m\u00fc\u00fck Maav\u00e4gistes toimub v\u00f5imalusel k\u00e4est k\u00e4tte, kui see ei sobi siis saadame ka cargoga. Tellimiseks saada p\u00e4ring meie lehelt.\" \/>\n<meta property=\"og:url\" content=\"https:\/\/maavagised.ee\/et\/kaanide-muuk\/\" \/>\n<meta property=\"og:site_name\" content=\"Maav\u00e4gised p\u00e4rimusmeditsiinikeskus\" \/>\n<meta property=\"article:publisher\" content=\"https:\/\/www.facebook.com\/maavagised\" \/>\n<meta property=\"article:modified_time\" content=\"2026-04-13T09:27:38+00:00\" \/>\n<meta property=\"og:image\" content=\"https:\/\/maavagised.ee\/wp-content\/uploads\/2021\/06\/kaan3.jpeg\" \/>\n\t<meta property=\"og:image:width\" content=\"275\" \/>\n\t<meta property=\"og:image:height\" content=\"183\" \/>\n\t<meta property=\"og:image:type\" content=\"image\/jpeg\" \/>\n<meta name=\"twitter:card\" content=\"summary_large_image\" \/>\n<meta name=\"twitter:label1\" content=\"Est. reading time\" \/>\n\t<meta name=\"twitter:data1\" content=\"1 minut\" \/>\n<script type=\"application\/ld+json\" class=\"yoast-schema-graph\">{\"@context\":\"https:\/\/schema.org\",\"@graph\":[{\"@type\":\"WebPage\",\"@id\":\"https:\/\/maavagised.ee\/et\/kaanide-muuk\/\",\"url\":\"https:\/\/maavagised.ee\/et\/kaanide-muuk\/\",\"name\":\"Kaanide m\u00fc\u00fck - Maav\u00e4gised p\u00e4rimusmeditsiinikeskus\",\"isPartOf\":{\"@id\":\"https:\/\/maavagised.ee\/#website\"},\"primaryImageOfPage\":{\"@id\":\"https:\/\/maavagised.ee\/et\/kaanide-muuk\/#primaryimage\"},\"image\":{\"@id\":\"https:\/\/maavagised.ee\/et\/kaanide-muuk\/#primaryimage\"},\"thumbnailUrl\":\"https:\/\/i0.wp.com\/maavagised.ee\/wp-content\/uploads\/2021\/06\/kaan3.jpeg?fit=275%2C183&ssl=1\",\"datePublished\":\"2021-06-13T17:40:23+00:00\",\"dateModified\":\"2026-04-13T09:27:38+00:00\",\"description\":\"Kaanide m\u00fc\u00fck Maav\u00e4gistes toimub v\u00f5imalusel k\u00e4est k\u00e4tte, kui see ei sobi siis saadame ka cargoga. Tellimiseks saada p\u00e4ring meie lehelt.\",\"breadcrumb\":{\"@id\":\"https:\/\/maavagised.ee\/et\/kaanide-muuk\/#breadcrumb\"},\"inLanguage\":\"et\",\"potentialAction\":[{\"@type\":\"ReadAction\",\"target\":[\"https:\/\/maavagised.ee\/et\/kaanide-muuk\/\"]}]},{\"@type\":\"ImageObject\",\"inLanguage\":\"et\",\"@id\":\"https:\/\/maavagised.ee\/et\/kaanide-muuk\/#primaryimage\",\"url\":\"https:\/\/i0.wp.com\/maavagised.ee\/wp-content\/uploads\/2021\/06\/kaan3.jpeg?fit=275%2C183&ssl=1\",\"contentUrl\":\"https:\/\/i0.wp.com\/maavagised.ee\/wp-content\/uploads\/2021\/06\/kaan3.jpeg?fit=275%2C183&ssl=1\",\"width\":275,\"height\":183,\"caption\":\"kaani m\u00fc\u00fck\"},{\"@type\":\"BreadcrumbList\",\"@id\":\"https:\/\/maavagised.ee\/et\/kaanide-muuk\/#breadcrumb\",\"itemListElement\":[{\"@type\":\"ListItem\",\"position\":1,\"name\":\"Home\",\"item\":\"https:\/\/maavagised.ee\/\"},{\"@type\":\"ListItem\",\"position\":2,\"name\":\"Kaanide m\u00fc\u00fck\"}]},{\"@type\":\"WebSite\",\"@id\":\"https:\/\/maavagised.ee\/#website\",\"url\":\"https:\/\/maavagised.ee\/\",\"name\":\"Maavagised\",\"description\":\"L\u00f5\u00f5gastus saunas ja massaa\u017eis v\u00f5i tervis kaanidest.\",\"publisher\":{\"@id\":\"https:\/\/maavagised.ee\/#organization\"},\"potentialAction\":[{\"@type\":\"SearchAction\",\"target\":{\"@type\":\"EntryPoint\",\"urlTemplate\":\"https:\/\/maavagised.ee\/?s={search_term_string}\"},\"query-input\":{\"@type\":\"PropertyValueSpecification\",\"valueRequired\":true,\"valueName\":\"search_term_string\"}}],\"inLanguage\":\"et\"},{\"@type\":\"Organization\",\"@id\":\"https:\/\/maavagised.ee\/#organization\",\"name\":\"Maav\u00e4gised p\u00e4rimusmeditsiinikeskus\",\"url\":\"https:\/\/maavagised.ee\/\",\"logo\":{\"@type\":\"ImageObject\",\"inLanguage\":\"et\",\"@id\":\"https:\/\/maavagised.ee\/#\/schema\/logo\/image\/\",\"url\":\"https:\/\/i0.wp.com\/maavagised.ee\/wp-content\/uploads\/2021\/05\/maavagised_logo1.png?fit=477%2C302&ssl=1\",\"contentUrl\":\"https:\/\/i0.wp.com\/maavagised.ee\/wp-content\/uploads\/2021\/05\/maavagised_logo1.png?fit=477%2C302&ssl=1\",\"width\":477,\"height\":302,\"caption\":\"Maav\u00e4gised p\u00e4rimusmeditsiinikeskus\"},\"image\":{\"@id\":\"https:\/\/maavagised.ee\/#\/schema\/logo\/image\/\"},\"sameAs\":[\"https:\/\/www.facebook.com\/maavagised\",\"https:\/\/www.instagram.com\/maavagised_\/\"]}]}<\/script>\n<!-- \/ Yoast SEO plugin. -->","yoast_head_json":{"title":"Kaanide m\u00fc\u00fck - Maav\u00e4gised p\u00e4rimusmeditsiinikeskus","description":"Kaanide m\u00fc\u00fck Maav\u00e4gistes toimub v\u00f5imalusel k\u00e4est k\u00e4tte, kui see ei sobi siis saadame ka cargoga. Tellimiseks saada p\u00e4ring meie lehelt.","robots":{"index":"index","follow":"follow","max-snippet":"max-snippet:-1","max-image-preview":"max-image-preview:large","max-video-preview":"max-video-preview:-1"},"canonical":"https:\/\/maavagised.ee\/et\/kaanide-muuk\/","og_locale":"et_EE","og_type":"article","og_title":"Kaanide m\u00fc\u00fck - Maav\u00e4gised p\u00e4rimusmeditsiinikeskus","og_description":"Kaanide m\u00fc\u00fck Maav\u00e4gistes toimub v\u00f5imalusel k\u00e4est k\u00e4tte, kui see ei sobi siis saadame ka cargoga. Tellimiseks saada p\u00e4ring meie lehelt.","og_url":"https:\/\/maavagised.ee\/et\/kaanide-muuk\/","og_site_name":"Maav\u00e4gised p\u00e4rimusmeditsiinikeskus","article_publisher":"https:\/\/www.facebook.com\/maavagised","article_modified_time":"2026-04-13T09:27:38+00:00","og_image":[{"width":275,"height":183,"url":"https:\/\/maavagised.ee\/wp-content\/uploads\/2021\/06\/kaan3.jpeg","type":"image\/jpeg"}],"twitter_card":"summary_large_image","twitter_misc":{"Est. reading time":"1 minut"},"schema":{"@context":"https:\/\/schema.org","@graph":[{"@type":"WebPage","@id":"https:\/\/maavagised.ee\/et\/kaanide-muuk\/","url":"https:\/\/maavagised.ee\/et\/kaanide-muuk\/","name":"Kaanide m\u00fc\u00fck - Maav\u00e4gised p\u00e4rimusmeditsiinikeskus","isPartOf":{"@id":"https:\/\/maavagised.ee\/#website"},"primaryImageOfPage":{"@id":"https:\/\/maavagised.ee\/et\/kaanide-muuk\/#primaryimage"},"image":{"@id":"https:\/\/maavagised.ee\/et\/kaanide-muuk\/#primaryimage"},"thumbnailUrl":"https:\/\/i0.wp.com\/maavagised.ee\/wp-content\/uploads\/2021\/06\/kaan3.jpeg?fit=275%2C183&ssl=1","datePublished":"2021-06-13T17:40:23+00:00","dateModified":"2026-04-13T09:27:38+00:00","description":"Kaanide m\u00fc\u00fck Maav\u00e4gistes toimub v\u00f5imalusel k\u00e4est k\u00e4tte, kui see ei sobi siis saadame ka cargoga. Tellimiseks saada p\u00e4ring meie lehelt.","breadcrumb":{"@id":"https:\/\/maavagised.ee\/et\/kaanide-muuk\/#breadcrumb"},"inLanguage":"et","potentialAction":[{"@type":"ReadAction","target":["https:\/\/maavagised.ee\/et\/kaanide-muuk\/"]}]},{"@type":"ImageObject","inLanguage":"et","@id":"https:\/\/maavagised.ee\/et\/kaanide-muuk\/#primaryimage","url":"https:\/\/i0.wp.com\/maavagised.ee\/wp-content\/uploads\/2021\/06\/kaan3.jpeg?fit=275%2C183&ssl=1","contentUrl":"https:\/\/i0.wp.com\/maavagised.ee\/wp-content\/uploads\/2021\/06\/kaan3.jpeg?fit=275%2C183&ssl=1","width":275,"height":183,"caption":"kaani m\u00fc\u00fck"},{"@type":"BreadcrumbList","@id":"https:\/\/maavagised.ee\/et\/kaanide-muuk\/#breadcrumb","itemListElement":[{"@type":"ListItem","position":1,"name":"Home","item":"https:\/\/maavagised.ee\/"},{"@type":"ListItem","position":2,"name":"Kaanide m\u00fc\u00fck"}]},{"@type":"WebSite","@id":"https:\/\/maavagised.ee\/#website","url":"https:\/\/maavagised.ee\/","name":"Maavagised","description":"L\u00f5\u00f5gastus saunas ja massaa\u017eis v\u00f5i tervis kaanidest.","publisher":{"@id":"https:\/\/maavagised.ee\/#organization"},"potentialAction":[{"@type":"SearchAction","target":{"@type":"EntryPoint","urlTemplate":"https:\/\/maavagised.ee\/?s={search_term_string}"},"query-input":{"@type":"PropertyValueSpecification","valueRequired":true,"valueName":"search_term_string"}}],"inLanguage":"et"},{"@type":"Organization","@id":"https:\/\/maavagised.ee\/#organization","name":"Maav\u00e4gised p\u00e4rimusmeditsiinikeskus","url":"https:\/\/maavagised.ee\/","logo":{"@type":"ImageObject","inLanguage":"et","@id":"https:\/\/maavagised.ee\/#\/schema\/logo\/image\/","url":"https:\/\/i0.wp.com\/maavagised.ee\/wp-content\/uploads\/2021\/05\/maavagised_logo1.png?fit=477%2C302&ssl=1","contentUrl":"https:\/\/i0.wp.com\/maavagised.ee\/wp-content\/uploads\/2021\/05\/maavagised_logo1.png?fit=477%2C302&ssl=1","width":477,"height":302,"caption":"Maav\u00e4gised p\u00e4rimusmeditsiinikeskus"},"image":{"@id":"https:\/\/maavagised.ee\/#\/schema\/logo\/image\/"},"sameAs":["https:\/\/www.facebook.com\/maavagised","https:\/\/www.instagram.com\/maavagised_\/"]}]}},"jetpack_sharing_enabled":true,"jetpack_likes_enabled":true,"jetpack-related-posts":[],"_links":{"self":[{"href":"https:\/\/maavagised.ee\/et\/wp-json\/wp\/v2\/pages\/1245","targetHints":{"allow":["GET"]}}],"collection":[{"href":"https:\/\/maavagised.ee\/et\/wp-json\/wp\/v2\/pages"}],"about":[{"href":"https:\/\/maavagised.ee\/et\/wp-json\/wp\/v2\/types\/page"}],"author":[{"embeddable":true,"href":"https:\/\/maavagised.ee\/et\/wp-json\/wp\/v2\/users\/1"}],"replies":[{"embeddable":true,"href":"https:\/\/maavagised.ee\/et\/wp-json\/wp\/v2\/comments?post=1245"}],"version-history":[{"count":5,"href":"https:\/\/maavagised.ee\/et\/wp-json\/wp\/v2\/pages\/1245\/revisions"}],"predecessor-version":[{"id":6670,"href":"https:\/\/maavagised.ee\/et\/wp-json\/wp\/v2\/pages\/1245\/revisions\/6670"}],"wp:featuredmedia":[{"embeddable":true,"href":"https:\/\/maavagised.ee\/et\/wp-json\/wp\/v2\/media\/984"}],"wp:attachment":[{"href":"https:\/\/maavagised.ee\/et\/wp-json\/wp\/v2\/media?parent=1245"}],"curies":[{"name":"wp","href":"https:\/\/api.w.org\/{rel}","templated":true}]}}