{"id":2695,"date":"2022-01-31T12:32:59","date_gmt":"2022-01-31T10:32:59","guid":{"rendered":"https:\/\/maavagised.ee\/?post_type=product&#038;p=2695"},"modified":"2026-03-01T00:19:30","modified_gmt":"2026-02-28T22:19:30","slug":"kinkekaart-meemassaaz-2h","status":"publish","type":"product","link":"https:\/\/maavagised.ee\/en\/product\/kinkekaart-meemassaaz-2h\/","title":{"rendered":"Kinkekaart meemassaa\u017e 2h"},"content":{"rendered":"<p>Kinkekaart meemassaa\u017e 2 tundi v\u00f5imaldab saada osa kogu keha meemassaa\u017eist.&nbsp;<\/p>\n<p>Meemassaa\u017e parandab verevarustust ja maandab lihaspinget, aitab see v\u00e4ljutada organismist j\u00e4\u00e4kaineid, stimuleerib naha aluskoe ja verevarustuse t\u00f6\u00f6d. Meemassaa\u017e aitab t\u00f5husalt v\u00f5idelda tselluliidiga ja puhastab nahapoore.<\/p>\n<p>Mett kasutatakse kleepainena, mille abil on v\u00f5imalik organismist eemaldada \u201csaastunud\u201d energiat.Massaa\u017ei toimel puhastuvad energiakanalid ja energia hakkab neis j\u00e4lle vabalt voolama, paraneb vereringe naha aluskihtides ja lihastes. Mesi seob m\u00fcrke ja kiirendab nende v\u00e4ljaviimist organismist.<\/p>\n<p>Massaa\u017e m\u00f5jub h\u00e4sti vananevale ja l\u00f5tvuvale nahale, seda toniseerides ning tugevalt trimmides. Meemassaa\u017ei v\u00f5ib kasutada ka \u00fche osana tselluliidivastases ravis.<\/p>","protected":false},"excerpt":{"rendered":"<p>Kinkekaart meemassaa\u017e 2 tundi v\u00f5imaldab saada osa kogu keha meemassaa\u017eist.&nbsp; Meemassaa\u017e parandab verevarustust ja maandab lihaspinget, aitab see v\u00e4ljutada organismist j\u00e4\u00e4kaineid, stimuleerib naha aluskoe ja verevarustuse t\u00f6\u00f6d. Meemassaa\u017e aitab t\u00f5husalt v\u00f5idelda tselluliidiga ja puhastab nahapoore. Mett kasutatakse kleepainena, mille abil on v\u00f5imalik organismist eemaldada \u201csaastunud\u201d energiat.Massaa\u017ei toimel puhastuvad energiakanalid ja energia hakkab neis j\u00e4lle vabalt [&hellip;]<\/p>\n","protected":false},"featured_media":356,"comment_status":"closed","ping_status":"closed","template":"","meta":{"om_disable_all_campaigns":false,"site-sidebar-layout":"default","site-content-layout":"default","ast-site-content-layout":"default","site-content-style":"default","site-sidebar-style":"default","ast-global-header-display":"","ast-banner-title-visibility":"","ast-main-header-display":"","ast-hfb-above-header-display":"","ast-hfb-below-header-display":"","ast-hfb-mobile-header-display":"","site-post-title":"","ast-breadcrumbs-content":"","ast-featured-img":"","footer-sml-layout":"","theme-transparent-header-meta":"default","adv-header-id-meta":"","stick-header-meta":"","header-above-stick-meta":"","header-main-stick-meta":"","header-below-stick-meta":"","astra-migrate-meta-layouts":"set","ast-page-background-enabled":"default","ast-page-background-meta":{"desktop":{"background-color":"","background-image":"","background-repeat":"repeat","background-position":"center center","background-size":"auto","background-attachment":"scroll","background-type":"","background-media":"","overlay-type":"","overlay-color":"","overlay-opacity":"","overlay-gradient":""},"tablet":{"background-color":"","background-image":"","background-repeat":"repeat","background-position":"center center","background-size":"auto","background-attachment":"scroll","background-type":"","background-media":"","overlay-type":"","overlay-color":"","overlay-opacity":"","overlay-gradient":""},"mobile":{"background-color":"","background-image":"","background-repeat":"repeat","background-position":"center center","background-size":"auto","background-attachment":"scroll","background-type":"","background-media":"","overlay-type":"","overlay-color":"","overlay-opacity":"","overlay-gradient":""}},"ast-content-background-meta":{"desktop":{"background-color":"var(--ast-global-color-5)","background-image":"","background-repeat":"repeat","background-position":"center center","background-size":"auto","background-attachment":"scroll","background-type":"","background-media":"","overlay-type":"","overlay-color":"","overlay-opacity":"","overlay-gradient":""},"tablet":{"background-color":"var(--ast-global-color-5)","background-image":"","background-repeat":"repeat","background-position":"center center","background-size":"auto","background-attachment":"scroll","background-type":"","background-media":"","overlay-type":"","overlay-color":"","overlay-opacity":"","overlay-gradient":""},"mobile":{"background-color":"var(--ast-global-color-5)","background-image":"","background-repeat":"repeat","background-position":"center center","background-size":"auto","background-attachment":"scroll","background-type":"","background-media":"","overlay-type":"","overlay-color":"","overlay-opacity":"","overlay-gradient":""}},"ngg_post_thumbnail":0},"product_brand":[],"product_cat":[59],"product_tag":[],"class_list":{"0":"post-2695","1":"product","2":"type-product","3":"status-publish","4":"has-post-thumbnail","6":"product_cat-kinkekaardid","7":"desktop-align-left","8":"tablet-align-left","9":"mobile-align-left","11":"first","12":"instock","13":"featured","14":"virtual","15":"purchasable","16":"product-type-simple"},"yoast_head":"<!-- This site is optimized with the Yoast SEO plugin v27.1.1 - https:\/\/yoast.com\/product\/yoast-seo-wordpress\/ -->\n<title>Kinkekaart meemassaa\u017e 2h - Maav\u00e4gised p\u00e4rimusmeditsiinikeskus<\/title>\n<meta name=\"description\" content=\"Meemassaa\u017eis saab l\u00f5\u00f5gastust kogu keha, meemassaa\u017e emmaldab j\u00e4\u00e4kaineid, toniseerib ja vabastab pingetest.\" \/>\n<meta name=\"robots\" content=\"index, follow, max-snippet:-1, max-image-preview:large, max-video-preview:-1\" \/>\n<link rel=\"canonical\" href=\"https:\/\/maavagised.ee\/en\/product\/kinkekaart-meemassaaz-2h\/\" \/>\n<meta property=\"og:locale\" content=\"en_GB\" \/>\n<meta property=\"og:type\" content=\"article\" \/>\n<meta property=\"og:title\" content=\"Kinkekaart meemassaa\u017e 2h - Maav\u00e4gised p\u00e4rimusmeditsiinikeskus\" \/>\n<meta property=\"og:description\" content=\"Meemassaa\u017eis saab l\u00f5\u00f5gastust kogu keha, meemassaa\u017e emmaldab j\u00e4\u00e4kaineid, toniseerib ja vabastab pingetest.\" \/>\n<meta property=\"og:url\" content=\"https:\/\/maavagised.ee\/en\/product\/kinkekaart-meemassaaz-2h\/\" \/>\n<meta property=\"og:site_name\" content=\"Maav\u00e4gised p\u00e4rimusmeditsiinikeskus\" \/>\n<meta property=\"article:publisher\" content=\"https:\/\/www.facebook.com\/maavagised\" \/>\n<meta property=\"article:modified_time\" content=\"2026-02-28T22:19:30+00:00\" \/>\n<meta property=\"og:image\" content=\"https:\/\/maavagised.ee\/wp-content\/uploads\/2021\/05\/Meemassaaz.png\" \/>\n\t<meta property=\"og:image:width\" content=\"461\" \/>\n\t<meta property=\"og:image:height\" content=\"231\" \/>\n\t<meta property=\"og:image:type\" content=\"image\/png\" \/>\n<meta name=\"twitter:card\" content=\"summary_large_image\" \/>\n<meta name=\"twitter:label1\" content=\"Estimated reading time\" \/>\n\t<meta name=\"twitter:data1\" content=\"1 minute\" \/>\n<script type=\"application\/ld+json\" class=\"yoast-schema-graph\">{\"@context\":\"https:\/\/schema.org\",\"@graph\":[{\"@type\":\"WebPage\",\"@id\":\"https:\/\/maavagised.ee\/toode\/kinkekaart-meemassaaz-2h\/\",\"url\":\"https:\/\/maavagised.ee\/toode\/kinkekaart-meemassaaz-2h\/\",\"name\":\"Kinkekaart meemassaa\u017e 2h - Maav\u00e4gised p\u00e4rimusmeditsiinikeskus\",\"isPartOf\":{\"@id\":\"https:\/\/maavagised.ee\/#website\"},\"primaryImageOfPage\":{\"@id\":\"https:\/\/maavagised.ee\/toode\/kinkekaart-meemassaaz-2h\/#primaryimage\"},\"image\":{\"@id\":\"https:\/\/maavagised.ee\/toode\/kinkekaart-meemassaaz-2h\/#primaryimage\"},\"thumbnailUrl\":\"https:\/\/i0.wp.com\/maavagised.ee\/wp-content\/uploads\/2021\/05\/Meemassaaz.png?fit=461%2C231&ssl=1\",\"datePublished\":\"2022-01-31T10:32:59+00:00\",\"dateModified\":\"2026-02-28T22:19:30+00:00\",\"description\":\"Meemassaa\u017eis saab l\u00f5\u00f5gastust kogu keha, meemassaa\u017e emmaldab j\u00e4\u00e4kaineid, toniseerib ja vabastab pingetest.\",\"breadcrumb\":{\"@id\":\"https:\/\/maavagised.ee\/toode\/kinkekaart-meemassaaz-2h\/#breadcrumb\"},\"inLanguage\":\"en-GB\",\"potentialAction\":[{\"@type\":\"ReadAction\",\"target\":[\"https:\/\/maavagised.ee\/toode\/kinkekaart-meemassaaz-2h\/\"]}]},{\"@type\":\"ImageObject\",\"inLanguage\":\"en-GB\",\"@id\":\"https:\/\/maavagised.ee\/toode\/kinkekaart-meemassaaz-2h\/#primaryimage\",\"url\":\"https:\/\/i0.wp.com\/maavagised.ee\/wp-content\/uploads\/2021\/05\/Meemassaaz.png?fit=461%2C231&ssl=1\",\"contentUrl\":\"https:\/\/i0.wp.com\/maavagised.ee\/wp-content\/uploads\/2021\/05\/Meemassaaz.png?fit=461%2C231&ssl=1\",\"width\":461,\"height\":231},{\"@type\":\"BreadcrumbList\",\"@id\":\"https:\/\/maavagised.ee\/toode\/kinkekaart-meemassaaz-2h\/#breadcrumb\",\"itemListElement\":[{\"@type\":\"ListItem\",\"position\":1,\"name\":\"Home\",\"item\":\"https:\/\/maavagised.ee\/\"},{\"@type\":\"ListItem\",\"position\":2,\"name\":\"Pood\",\"item\":\"https:\/\/maavagised.ee\/pood\/\"},{\"@type\":\"ListItem\",\"position\":3,\"name\":\"Kinkekaart meemassaa\u017e 2h\"}]},{\"@type\":\"WebSite\",\"@id\":\"https:\/\/maavagised.ee\/#website\",\"url\":\"https:\/\/maavagised.ee\/\",\"name\":\"Maavagised\",\"description\":\"L\u00f5\u00f5gastus saunas ja massaa\u017eis v\u00f5i tervis kaanidest.\",\"publisher\":{\"@id\":\"https:\/\/maavagised.ee\/#organization\"},\"potentialAction\":[{\"@type\":\"SearchAction\",\"target\":{\"@type\":\"EntryPoint\",\"urlTemplate\":\"https:\/\/maavagised.ee\/?s={search_term_string}\"},\"query-input\":{\"@type\":\"PropertyValueSpecification\",\"valueRequired\":true,\"valueName\":\"search_term_string\"}}],\"inLanguage\":\"en-GB\"},{\"@type\":\"Organization\",\"@id\":\"https:\/\/maavagised.ee\/#organization\",\"name\":\"Maav\u00e4gised p\u00e4rimusmeditsiinikeskus\",\"url\":\"https:\/\/maavagised.ee\/\",\"logo\":{\"@type\":\"ImageObject\",\"inLanguage\":\"en-GB\",\"@id\":\"https:\/\/maavagised.ee\/#\/schema\/logo\/image\/\",\"url\":\"https:\/\/i0.wp.com\/maavagised.ee\/wp-content\/uploads\/2021\/05\/maavagised_logo1.png?fit=477%2C302&ssl=1\",\"contentUrl\":\"https:\/\/i0.wp.com\/maavagised.ee\/wp-content\/uploads\/2021\/05\/maavagised_logo1.png?fit=477%2C302&ssl=1\",\"width\":477,\"height\":302,\"caption\":\"Maav\u00e4gised p\u00e4rimusmeditsiinikeskus\"},\"image\":{\"@id\":\"https:\/\/maavagised.ee\/#\/schema\/logo\/image\/\"},\"sameAs\":[\"https:\/\/www.facebook.com\/maavagised\",\"https:\/\/www.instagram.com\/maavagised_\/\"]}]}<\/script>\n<!-- \/ Yoast SEO plugin. -->","yoast_head_json":{"title":"Kinkekaart meemassaa\u017e 2h - Maav\u00e4gised p\u00e4rimusmeditsiinikeskus","description":"Meemassaa\u017eis saab l\u00f5\u00f5gastust kogu keha, meemassaa\u017e emmaldab j\u00e4\u00e4kaineid, toniseerib ja vabastab pingetest.","robots":{"index":"index","follow":"follow","max-snippet":"max-snippet:-1","max-image-preview":"max-image-preview:large","max-video-preview":"max-video-preview:-1"},"canonical":"https:\/\/maavagised.ee\/en\/product\/kinkekaart-meemassaaz-2h\/","og_locale":"en_GB","og_type":"article","og_title":"Kinkekaart meemassaa\u017e 2h - Maav\u00e4gised p\u00e4rimusmeditsiinikeskus","og_description":"Meemassaa\u017eis saab l\u00f5\u00f5gastust kogu keha, meemassaa\u017e emmaldab j\u00e4\u00e4kaineid, toniseerib ja vabastab pingetest.","og_url":"https:\/\/maavagised.ee\/en\/product\/kinkekaart-meemassaaz-2h\/","og_site_name":"Maav\u00e4gised p\u00e4rimusmeditsiinikeskus","article_publisher":"https:\/\/www.facebook.com\/maavagised","article_modified_time":"2026-02-28T22:19:30+00:00","og_image":[{"width":461,"height":231,"url":"https:\/\/maavagised.ee\/wp-content\/uploads\/2021\/05\/Meemassaaz.png","type":"image\/png"}],"twitter_card":"summary_large_image","twitter_misc":{"Estimated reading time":"1 minute"},"schema":{"@context":"https:\/\/schema.org","@graph":[{"@type":"WebPage","@id":"https:\/\/maavagised.ee\/toode\/kinkekaart-meemassaaz-2h\/","url":"https:\/\/maavagised.ee\/toode\/kinkekaart-meemassaaz-2h\/","name":"Kinkekaart meemassaa\u017e 2h - Maav\u00e4gised p\u00e4rimusmeditsiinikeskus","isPartOf":{"@id":"https:\/\/maavagised.ee\/#website"},"primaryImageOfPage":{"@id":"https:\/\/maavagised.ee\/toode\/kinkekaart-meemassaaz-2h\/#primaryimage"},"image":{"@id":"https:\/\/maavagised.ee\/toode\/kinkekaart-meemassaaz-2h\/#primaryimage"},"thumbnailUrl":"https:\/\/i0.wp.com\/maavagised.ee\/wp-content\/uploads\/2021\/05\/Meemassaaz.png?fit=461%2C231&ssl=1","datePublished":"2022-01-31T10:32:59+00:00","dateModified":"2026-02-28T22:19:30+00:00","description":"Meemassaa\u017eis saab l\u00f5\u00f5gastust kogu keha, meemassaa\u017e emmaldab j\u00e4\u00e4kaineid, toniseerib ja vabastab pingetest.","breadcrumb":{"@id":"https:\/\/maavagised.ee\/toode\/kinkekaart-meemassaaz-2h\/#breadcrumb"},"inLanguage":"en-GB","potentialAction":[{"@type":"ReadAction","target":["https:\/\/maavagised.ee\/toode\/kinkekaart-meemassaaz-2h\/"]}]},{"@type":"ImageObject","inLanguage":"en-GB","@id":"https:\/\/maavagised.ee\/toode\/kinkekaart-meemassaaz-2h\/#primaryimage","url":"https:\/\/i0.wp.com\/maavagised.ee\/wp-content\/uploads\/2021\/05\/Meemassaaz.png?fit=461%2C231&ssl=1","contentUrl":"https:\/\/i0.wp.com\/maavagised.ee\/wp-content\/uploads\/2021\/05\/Meemassaaz.png?fit=461%2C231&ssl=1","width":461,"height":231},{"@type":"BreadcrumbList","@id":"https:\/\/maavagised.ee\/toode\/kinkekaart-meemassaaz-2h\/#breadcrumb","itemListElement":[{"@type":"ListItem","position":1,"name":"Home","item":"https:\/\/maavagised.ee\/"},{"@type":"ListItem","position":2,"name":"Pood","item":"https:\/\/maavagised.ee\/pood\/"},{"@type":"ListItem","position":3,"name":"Kinkekaart meemassaa\u017e 2h"}]},{"@type":"WebSite","@id":"https:\/\/maavagised.ee\/#website","url":"https:\/\/maavagised.ee\/","name":"Maavagised","description":"L\u00f5\u00f5gastus saunas ja massaa\u017eis v\u00f5i tervis kaanidest.","publisher":{"@id":"https:\/\/maavagised.ee\/#organization"},"potentialAction":[{"@type":"SearchAction","target":{"@type":"EntryPoint","urlTemplate":"https:\/\/maavagised.ee\/?s={search_term_string}"},"query-input":{"@type":"PropertyValueSpecification","valueRequired":true,"valueName":"search_term_string"}}],"inLanguage":"en-GB"},{"@type":"Organization","@id":"https:\/\/maavagised.ee\/#organization","name":"Maav\u00e4gised p\u00e4rimusmeditsiinikeskus","url":"https:\/\/maavagised.ee\/","logo":{"@type":"ImageObject","inLanguage":"en-GB","@id":"https:\/\/maavagised.ee\/#\/schema\/logo\/image\/","url":"https:\/\/i0.wp.com\/maavagised.ee\/wp-content\/uploads\/2021\/05\/maavagised_logo1.png?fit=477%2C302&ssl=1","contentUrl":"https:\/\/i0.wp.com\/maavagised.ee\/wp-content\/uploads\/2021\/05\/maavagised_logo1.png?fit=477%2C302&ssl=1","width":477,"height":302,"caption":"Maav\u00e4gised p\u00e4rimusmeditsiinikeskus"},"image":{"@id":"https:\/\/maavagised.ee\/#\/schema\/logo\/image\/"},"sameAs":["https:\/\/www.facebook.com\/maavagised","https:\/\/www.instagram.com\/maavagised_\/"]}]}},"jetpack_sharing_enabled":true,"jetpack_likes_enabled":true,"jetpack-related-posts":[],"_links":{"self":[{"href":"https:\/\/maavagised.ee\/en\/wp-json\/wp\/v2\/product\/2695","targetHints":{"allow":["GET"]}}],"collection":[{"href":"https:\/\/maavagised.ee\/en\/wp-json\/wp\/v2\/product"}],"about":[{"href":"https:\/\/maavagised.ee\/en\/wp-json\/wp\/v2\/types\/product"}],"replies":[{"embeddable":true,"href":"https:\/\/maavagised.ee\/en\/wp-json\/wp\/v2\/comments?post=2695"}],"wp:featuredmedia":[{"embeddable":true,"href":"https:\/\/maavagised.ee\/en\/wp-json\/wp\/v2\/media\/356"}],"wp:attachment":[{"href":"https:\/\/maavagised.ee\/en\/wp-json\/wp\/v2\/media?parent=2695"}],"wp:term":[{"taxonomy":"product_brand","embeddable":true,"href":"https:\/\/maavagised.ee\/en\/wp-json\/wp\/v2\/product_brand?post=2695"},{"taxonomy":"product_cat","embeddable":true,"href":"https:\/\/maavagised.ee\/en\/wp-json\/wp\/v2\/product_cat?post=2695"},{"taxonomy":"product_tag","embeddable":true,"href":"https:\/\/maavagised.ee\/en\/wp-json\/wp\/v2\/product_tag?post=2695"}],"curies":[{"name":"wp","href":"https:\/\/api.w.org\/{rel}","templated":true}]}}