{"id":2684,"date":"2022-01-31T12:15:17","date_gmt":"2022-01-31T10:15:17","guid":{"rendered":"https:\/\/maavagised.ee\/?post_type=product&#038;p=2684"},"modified":"2025-12-21T22:39:37","modified_gmt":"2025-12-21T20:39:37","slug":"kinkekaart-saunarituaal-kahele","status":"publish","type":"product","link":"https:\/\/maavagised.ee\/en\/product\/kinkekaart-saunarituaal-kahele\/","title":{"rendered":"Kinkekaart saunateraapia kahele"},"content":{"rendered":"<p class=\"p1\"><span class=\"s1\">Saunateraapia ei ole lihtsalt tavaline saunask\u00e4ik, vaid terviklik heaolurituaal, kus teie eest hoolitseb professionaalne saunaterapeut. See personaalne saunakogemus \u00fchendab endas looduslikud hoolitsused, traditsioonilised saunav\u00f5tted ja s\u00fcgava l\u00f5\u00f5gastuse, mis aitab kehal ja meelel t\u00e4ielikult taastuda.<\/span><\/p>\n<p class=\"p1\"><span class=\"s1\">Rituaal algab naha \u00f5rna koorimisega, kasutades k\u00e4sit\u00f6\u00f6na valminud looduslikke koorijaid, mis puhastavad ja v\u00e4rskendavad nahka, muutes selle siidiselt pehmeks. Seej\u00e4rel j\u00e4rgneb vihtlemine \u2014 iidne saunatraditsioon, mis ergutab vereringet, l\u00f5dvestab lihaseid ja avab keha energiakanalid. Vihtlemine on t\u00f5eline kehahooldus, mis toob esile saunateraapia s\u00fcgavama olemuse.<\/span><\/p>\n<p class=\"p1\"><span class=\"s1\">P\u00e4rast v\u00e4rskendavat k\u00fclma k\u00fcmblust ja rahustavat teejoomist ootab teid saunalaval kerge, kuid \u00fclimalt m\u00f5nus meemassaa\u017e. Looduslik mesi toidab nahka, soojendab lihaseid ja loob erilise heaolutunde, mida on raske s\u00f5nadesse panna.<\/span><\/p>\n<p class=\"p1\"><span class=\"s1\">Saunateraapia on parim kingitus iseendale \u2014 see on hetk, kus aeg peatub ja keha saab kogeda maksimaalset l\u00f5\u00f5gastust. See on t\u00f5eline nauding, mis taastab energia, tasakaalu ja sisemise rahu.<\/span><\/p>\n<p>&nbsp;<\/p>\n<p>PANE T\u00c4HELE!!!<\/p>\n<p>Saunarituaalid toimuvad Tallinnast v\u00e4ljas Harjumaal Vetla k\u00fclas, meie metsaspas.<\/p>\n<p>Kui teid h\u00e4irib, et metsaspa on ehitusj\u00e4rgus siis \u00e4rge seda teenust valige!<\/p>","protected":false},"excerpt":{"rendered":"<p>Saunateraapia ei ole lihtsalt tavaline saunask\u00e4ik, vaid terviklik heaolurituaal, kus teie eest hoolitseb professionaalne saunaterapeut. See personaalne saunakogemus \u00fchendab endas looduslikud hoolitsused, traditsioonilised saunav\u00f5tted ja s\u00fcgava l\u00f5\u00f5gastuse, mis aitab kehal ja meelel t\u00e4ielikult taastuda. Rituaal algab naha \u00f5rna koorimisega, kasutades k\u00e4sit\u00f6\u00f6na valminud looduslikke koorijaid, mis puhastavad ja v\u00e4rskendavad nahka, muutes selle siidiselt pehmeks. Seej\u00e4rel j\u00e4rgneb [&hellip;]<\/p>\n","protected":false},"featured_media":2689,"comment_status":"closed","ping_status":"closed","template":"","meta":{"om_disable_all_campaigns":false,"site-sidebar-layout":"default","site-content-layout":"default","ast-site-content-layout":"default","site-content-style":"default","site-sidebar-style":"default","ast-global-header-display":"","ast-banner-title-visibility":"","ast-main-header-display":"","ast-hfb-above-header-display":"","ast-hfb-below-header-display":"","ast-hfb-mobile-header-display":"","site-post-title":"","ast-breadcrumbs-content":"","ast-featured-img":"","footer-sml-layout":"","theme-transparent-header-meta":"default","adv-header-id-meta":"","stick-header-meta":"","header-above-stick-meta":"","header-main-stick-meta":"","header-below-stick-meta":"","astra-migrate-meta-layouts":"set","ast-page-background-enabled":"default","ast-page-background-meta":{"desktop":{"background-color":"","background-image":"","background-repeat":"repeat","background-position":"center center","background-size":"auto","background-attachment":"scroll","background-type":"","background-media":"","overlay-type":"","overlay-color":"","overlay-opacity":"","overlay-gradient":""},"tablet":{"background-color":"","background-image":"","background-repeat":"repeat","background-position":"center center","background-size":"auto","background-attachment":"scroll","background-type":"","background-media":"","overlay-type":"","overlay-color":"","overlay-opacity":"","overlay-gradient":""},"mobile":{"background-color":"","background-image":"","background-repeat":"repeat","background-position":"center center","background-size":"auto","background-attachment":"scroll","background-type":"","background-media":"","overlay-type":"","overlay-color":"","overlay-opacity":"","overlay-gradient":""}},"ast-content-background-meta":{"desktop":{"background-color":"var(--ast-global-color-5)","background-image":"","background-repeat":"repeat","background-position":"center center","background-size":"auto","background-attachment":"scroll","background-type":"","background-media":"","overlay-type":"","overlay-color":"","overlay-opacity":"","overlay-gradient":""},"tablet":{"background-color":"var(--ast-global-color-5)","background-image":"","background-repeat":"repeat","background-position":"center center","background-size":"auto","background-attachment":"scroll","background-type":"","background-media":"","overlay-type":"","overlay-color":"","overlay-opacity":"","overlay-gradient":""},"mobile":{"background-color":"var(--ast-global-color-5)","background-image":"","background-repeat":"repeat","background-position":"center center","background-size":"auto","background-attachment":"scroll","background-type":"","background-media":"","overlay-type":"","overlay-color":"","overlay-opacity":"","overlay-gradient":""}},"ngg_post_thumbnail":0},"product_brand":[],"product_cat":[59],"product_tag":[],"class_list":{"0":"post-2684","1":"product","2":"type-product","3":"status-publish","4":"has-post-thumbnail","6":"product_cat-kinkekaardid","7":"desktop-align-left","8":"tablet-align-left","9":"mobile-align-left","11":"first","12":"instock","13":"virtual","14":"purchasable","15":"product-type-simple"},"yoast_head":"<!-- This site is optimized with the Yoast SEO plugin v27.1.1 - https:\/\/yoast.com\/product\/yoast-seo-wordpress\/ -->\n<title>Kinkekaart saunateraapia kahele - Maav\u00e4gised p\u00e4rimusmeditsiinikeskus<\/title>\n<meta name=\"description\" content=\"Kinkekaart: Luksuslik saunateraapia loodusliku koorimise, vihtlemise, k\u00fclma k\u00fcmbluse ja meemassaa\u017eiga. Koge s\u00fcgavat l\u00f5\u00f5gastust ja ehtsat Eesti saunakunsti.\" \/>\n<meta name=\"robots\" content=\"index, follow, max-snippet:-1, max-image-preview:large, max-video-preview:-1\" \/>\n<link rel=\"canonical\" href=\"https:\/\/maavagised.ee\/en\/product\/kinkekaart-saunarituaal-kahele\/\" \/>\n<meta property=\"og:locale\" content=\"en_GB\" \/>\n<meta property=\"og:type\" content=\"article\" \/>\n<meta property=\"og:title\" content=\"Kinkekaart saunateraapia kahele - Maav\u00e4gised p\u00e4rimusmeditsiinikeskus\" \/>\n<meta property=\"og:description\" content=\"Kinkekaart: Luksuslik saunateraapia loodusliku koorimise, vihtlemise, k\u00fclma k\u00fcmbluse ja meemassaa\u017eiga. Koge s\u00fcgavat l\u00f5\u00f5gastust ja ehtsat Eesti saunakunsti.\" \/>\n<meta property=\"og:url\" content=\"https:\/\/maavagised.ee\/en\/product\/kinkekaart-saunarituaal-kahele\/\" \/>\n<meta property=\"og:site_name\" content=\"Maav\u00e4gised p\u00e4rimusmeditsiinikeskus\" \/>\n<meta property=\"article:publisher\" content=\"https:\/\/www.facebook.com\/maavagised\" \/>\n<meta property=\"article:modified_time\" content=\"2025-12-21T20:39:37+00:00\" \/>\n<meta property=\"og:image\" content=\"https:\/\/maavagised.ee\/wp-content\/uploads\/2022\/01\/pexels-cottonbro-8285893-scaled.jpg\" \/>\n\t<meta property=\"og:image:width\" content=\"1706\" \/>\n\t<meta property=\"og:image:height\" content=\"2560\" \/>\n\t<meta property=\"og:image:type\" content=\"image\/jpeg\" \/>\n<meta name=\"twitter:card\" content=\"summary_large_image\" \/>\n<meta name=\"twitter:label1\" content=\"Estimated reading time\" \/>\n\t<meta name=\"twitter:data1\" content=\"2 minutes\" \/>\n<script type=\"application\/ld+json\" class=\"yoast-schema-graph\">{\"@context\":\"https:\/\/schema.org\",\"@graph\":[{\"@type\":\"WebPage\",\"@id\":\"https:\/\/maavagised.ee\/toode\/kinkekaart-saunarituaal-kahele\/\",\"url\":\"https:\/\/maavagised.ee\/toode\/kinkekaart-saunarituaal-kahele\/\",\"name\":\"Kinkekaart saunateraapia kahele - Maav\u00e4gised p\u00e4rimusmeditsiinikeskus\",\"isPartOf\":{\"@id\":\"https:\/\/maavagised.ee\/#website\"},\"primaryImageOfPage\":{\"@id\":\"https:\/\/maavagised.ee\/toode\/kinkekaart-saunarituaal-kahele\/#primaryimage\"},\"image\":{\"@id\":\"https:\/\/maavagised.ee\/toode\/kinkekaart-saunarituaal-kahele\/#primaryimage\"},\"thumbnailUrl\":\"https:\/\/i0.wp.com\/maavagised.ee\/wp-content\/uploads\/2022\/01\/pexels-cottonbro-8285893-scaled.jpg?fit=1706%2C2560&ssl=1\",\"datePublished\":\"2022-01-31T10:15:17+00:00\",\"dateModified\":\"2025-12-21T20:39:37+00:00\",\"description\":\"Kinkekaart: Luksuslik saunateraapia loodusliku koorimise, vihtlemise, k\u00fclma k\u00fcmbluse ja meemassaa\u017eiga. Koge s\u00fcgavat l\u00f5\u00f5gastust ja ehtsat Eesti saunakunsti.\",\"breadcrumb\":{\"@id\":\"https:\/\/maavagised.ee\/toode\/kinkekaart-saunarituaal-kahele\/#breadcrumb\"},\"inLanguage\":\"en-GB\",\"potentialAction\":[{\"@type\":\"ReadAction\",\"target\":[\"https:\/\/maavagised.ee\/toode\/kinkekaart-saunarituaal-kahele\/\"]}]},{\"@type\":\"ImageObject\",\"inLanguage\":\"en-GB\",\"@id\":\"https:\/\/maavagised.ee\/toode\/kinkekaart-saunarituaal-kahele\/#primaryimage\",\"url\":\"https:\/\/i0.wp.com\/maavagised.ee\/wp-content\/uploads\/2022\/01\/pexels-cottonbro-8285893-scaled.jpg?fit=1706%2C2560&ssl=1\",\"contentUrl\":\"https:\/\/i0.wp.com\/maavagised.ee\/wp-content\/uploads\/2022\/01\/pexels-cottonbro-8285893-scaled.jpg?fit=1706%2C2560&ssl=1\",\"width\":1706,\"height\":2560},{\"@type\":\"BreadcrumbList\",\"@id\":\"https:\/\/maavagised.ee\/toode\/kinkekaart-saunarituaal-kahele\/#breadcrumb\",\"itemListElement\":[{\"@type\":\"ListItem\",\"position\":1,\"name\":\"Home\",\"item\":\"https:\/\/maavagised.ee\/\"},{\"@type\":\"ListItem\",\"position\":2,\"name\":\"Pood\",\"item\":\"https:\/\/maavagised.ee\/pood\/\"},{\"@type\":\"ListItem\",\"position\":3,\"name\":\"Kinkekaart saunateraapia kahele\"}]},{\"@type\":\"WebSite\",\"@id\":\"https:\/\/maavagised.ee\/#website\",\"url\":\"https:\/\/maavagised.ee\/\",\"name\":\"Maavagised\",\"description\":\"L\u00f5\u00f5gastus saunas ja massaa\u017eis v\u00f5i tervis kaanidest.\",\"publisher\":{\"@id\":\"https:\/\/maavagised.ee\/#organization\"},\"potentialAction\":[{\"@type\":\"SearchAction\",\"target\":{\"@type\":\"EntryPoint\",\"urlTemplate\":\"https:\/\/maavagised.ee\/?s={search_term_string}\"},\"query-input\":{\"@type\":\"PropertyValueSpecification\",\"valueRequired\":true,\"valueName\":\"search_term_string\"}}],\"inLanguage\":\"en-GB\"},{\"@type\":\"Organization\",\"@id\":\"https:\/\/maavagised.ee\/#organization\",\"name\":\"Maav\u00e4gised p\u00e4rimusmeditsiinikeskus\",\"url\":\"https:\/\/maavagised.ee\/\",\"logo\":{\"@type\":\"ImageObject\",\"inLanguage\":\"en-GB\",\"@id\":\"https:\/\/maavagised.ee\/#\/schema\/logo\/image\/\",\"url\":\"https:\/\/i0.wp.com\/maavagised.ee\/wp-content\/uploads\/2021\/05\/maavagised_logo1.png?fit=477%2C302&ssl=1\",\"contentUrl\":\"https:\/\/i0.wp.com\/maavagised.ee\/wp-content\/uploads\/2021\/05\/maavagised_logo1.png?fit=477%2C302&ssl=1\",\"width\":477,\"height\":302,\"caption\":\"Maav\u00e4gised p\u00e4rimusmeditsiinikeskus\"},\"image\":{\"@id\":\"https:\/\/maavagised.ee\/#\/schema\/logo\/image\/\"},\"sameAs\":[\"https:\/\/www.facebook.com\/maavagised\",\"https:\/\/www.instagram.com\/maavagised_\/\"]}]}<\/script>\n<!-- \/ Yoast SEO plugin. -->","yoast_head_json":{"title":"Kinkekaart saunateraapia kahele - Maav\u00e4gised p\u00e4rimusmeditsiinikeskus","description":"Kinkekaart: Luksuslik saunateraapia loodusliku koorimise, vihtlemise, k\u00fclma k\u00fcmbluse ja meemassaa\u017eiga. Koge s\u00fcgavat l\u00f5\u00f5gastust ja ehtsat Eesti saunakunsti.","robots":{"index":"index","follow":"follow","max-snippet":"max-snippet:-1","max-image-preview":"max-image-preview:large","max-video-preview":"max-video-preview:-1"},"canonical":"https:\/\/maavagised.ee\/en\/product\/kinkekaart-saunarituaal-kahele\/","og_locale":"en_GB","og_type":"article","og_title":"Kinkekaart saunateraapia kahele - Maav\u00e4gised p\u00e4rimusmeditsiinikeskus","og_description":"Kinkekaart: Luksuslik saunateraapia loodusliku koorimise, vihtlemise, k\u00fclma k\u00fcmbluse ja meemassaa\u017eiga. Koge s\u00fcgavat l\u00f5\u00f5gastust ja ehtsat Eesti saunakunsti.","og_url":"https:\/\/maavagised.ee\/en\/product\/kinkekaart-saunarituaal-kahele\/","og_site_name":"Maav\u00e4gised p\u00e4rimusmeditsiinikeskus","article_publisher":"https:\/\/www.facebook.com\/maavagised","article_modified_time":"2025-12-21T20:39:37+00:00","og_image":[{"width":1706,"height":2560,"url":"https:\/\/maavagised.ee\/wp-content\/uploads\/2022\/01\/pexels-cottonbro-8285893-scaled.jpg","type":"image\/jpeg"}],"twitter_card":"summary_large_image","twitter_misc":{"Estimated reading time":"2 minutes"},"schema":{"@context":"https:\/\/schema.org","@graph":[{"@type":"WebPage","@id":"https:\/\/maavagised.ee\/toode\/kinkekaart-saunarituaal-kahele\/","url":"https:\/\/maavagised.ee\/toode\/kinkekaart-saunarituaal-kahele\/","name":"Kinkekaart saunateraapia kahele - Maav\u00e4gised p\u00e4rimusmeditsiinikeskus","isPartOf":{"@id":"https:\/\/maavagised.ee\/#website"},"primaryImageOfPage":{"@id":"https:\/\/maavagised.ee\/toode\/kinkekaart-saunarituaal-kahele\/#primaryimage"},"image":{"@id":"https:\/\/maavagised.ee\/toode\/kinkekaart-saunarituaal-kahele\/#primaryimage"},"thumbnailUrl":"https:\/\/i0.wp.com\/maavagised.ee\/wp-content\/uploads\/2022\/01\/pexels-cottonbro-8285893-scaled.jpg?fit=1706%2C2560&ssl=1","datePublished":"2022-01-31T10:15:17+00:00","dateModified":"2025-12-21T20:39:37+00:00","description":"Kinkekaart: Luksuslik saunateraapia loodusliku koorimise, vihtlemise, k\u00fclma k\u00fcmbluse ja meemassaa\u017eiga. Koge s\u00fcgavat l\u00f5\u00f5gastust ja ehtsat Eesti saunakunsti.","breadcrumb":{"@id":"https:\/\/maavagised.ee\/toode\/kinkekaart-saunarituaal-kahele\/#breadcrumb"},"inLanguage":"en-GB","potentialAction":[{"@type":"ReadAction","target":["https:\/\/maavagised.ee\/toode\/kinkekaart-saunarituaal-kahele\/"]}]},{"@type":"ImageObject","inLanguage":"en-GB","@id":"https:\/\/maavagised.ee\/toode\/kinkekaart-saunarituaal-kahele\/#primaryimage","url":"https:\/\/i0.wp.com\/maavagised.ee\/wp-content\/uploads\/2022\/01\/pexels-cottonbro-8285893-scaled.jpg?fit=1706%2C2560&ssl=1","contentUrl":"https:\/\/i0.wp.com\/maavagised.ee\/wp-content\/uploads\/2022\/01\/pexels-cottonbro-8285893-scaled.jpg?fit=1706%2C2560&ssl=1","width":1706,"height":2560},{"@type":"BreadcrumbList","@id":"https:\/\/maavagised.ee\/toode\/kinkekaart-saunarituaal-kahele\/#breadcrumb","itemListElement":[{"@type":"ListItem","position":1,"name":"Home","item":"https:\/\/maavagised.ee\/"},{"@type":"ListItem","position":2,"name":"Pood","item":"https:\/\/maavagised.ee\/pood\/"},{"@type":"ListItem","position":3,"name":"Kinkekaart saunateraapia kahele"}]},{"@type":"WebSite","@id":"https:\/\/maavagised.ee\/#website","url":"https:\/\/maavagised.ee\/","name":"Maavagised","description":"L\u00f5\u00f5gastus saunas ja massaa\u017eis v\u00f5i tervis kaanidest.","publisher":{"@id":"https:\/\/maavagised.ee\/#organization"},"potentialAction":[{"@type":"SearchAction","target":{"@type":"EntryPoint","urlTemplate":"https:\/\/maavagised.ee\/?s={search_term_string}"},"query-input":{"@type":"PropertyValueSpecification","valueRequired":true,"valueName":"search_term_string"}}],"inLanguage":"en-GB"},{"@type":"Organization","@id":"https:\/\/maavagised.ee\/#organization","name":"Maav\u00e4gised p\u00e4rimusmeditsiinikeskus","url":"https:\/\/maavagised.ee\/","logo":{"@type":"ImageObject","inLanguage":"en-GB","@id":"https:\/\/maavagised.ee\/#\/schema\/logo\/image\/","url":"https:\/\/i0.wp.com\/maavagised.ee\/wp-content\/uploads\/2021\/05\/maavagised_logo1.png?fit=477%2C302&ssl=1","contentUrl":"https:\/\/i0.wp.com\/maavagised.ee\/wp-content\/uploads\/2021\/05\/maavagised_logo1.png?fit=477%2C302&ssl=1","width":477,"height":302,"caption":"Maav\u00e4gised p\u00e4rimusmeditsiinikeskus"},"image":{"@id":"https:\/\/maavagised.ee\/#\/schema\/logo\/image\/"},"sameAs":["https:\/\/www.facebook.com\/maavagised","https:\/\/www.instagram.com\/maavagised_\/"]}]}},"jetpack_sharing_enabled":true,"jetpack_likes_enabled":true,"jetpack-related-posts":[],"_links":{"self":[{"href":"https:\/\/maavagised.ee\/en\/wp-json\/wp\/v2\/product\/2684","targetHints":{"allow":["GET"]}}],"collection":[{"href":"https:\/\/maavagised.ee\/en\/wp-json\/wp\/v2\/product"}],"about":[{"href":"https:\/\/maavagised.ee\/en\/wp-json\/wp\/v2\/types\/product"}],"replies":[{"embeddable":true,"href":"https:\/\/maavagised.ee\/en\/wp-json\/wp\/v2\/comments?post=2684"}],"wp:featuredmedia":[{"embeddable":true,"href":"https:\/\/maavagised.ee\/en\/wp-json\/wp\/v2\/media\/2689"}],"wp:attachment":[{"href":"https:\/\/maavagised.ee\/en\/wp-json\/wp\/v2\/media?parent=2684"}],"wp:term":[{"taxonomy":"product_brand","embeddable":true,"href":"https:\/\/maavagised.ee\/en\/wp-json\/wp\/v2\/product_brand?post=2684"},{"taxonomy":"product_cat","embeddable":true,"href":"https:\/\/maavagised.ee\/en\/wp-json\/wp\/v2\/product_cat?post=2684"},{"taxonomy":"product_tag","embeddable":true,"href":"https:\/\/maavagised.ee\/en\/wp-json\/wp\/v2\/product_tag?post=2684"}],"curies":[{"name":"wp","href":"https:\/\/api.w.org\/{rel}","templated":true}]}}