{"id":1918,"date":"2021-08-31T21:34:40","date_gmt":"2021-08-31T21:34:40","guid":{"rendered":"https:\/\/maavagised.ee\/?post_type=product&#038;p=1918"},"modified":"2025-11-29T20:12:07","modified_gmt":"2025-11-29T18:12:07","slug":"ohatise-huulepulk","status":"publish","type":"product","link":"https:\/\/maavagised.ee\/en\/product\/ohatise-huulepulk\/","title":{"rendered":"Ohatise huulepulk"},"content":{"rendered":"<p>Ohatise huulepulk on oma koostiselt osalt sarnane vaigusalviga. selle huulepulga idee andis meile meie klient, kes vaigu salvi kasutas ohatiste raviks ja arvas, et huulepulgana oleks see toode palju mugavam kasutada. Selle aasta Alavere perep\u00e4evaks valmistasimegi esimese partii.<\/p>\n<p>Sarnasuse poolest peame kohe \u00fctlema, et huulepulk ei sisalda loomseid rasvasid ja nii nagu enamus meie huule tooteid kasutasime ka siin kakaov\u00f5id kuna see on huultel lihtsalt nii hea. Seda kiidetakse tema nahka niisutavate ja toitvate omaduste poolest ja selles peituv rasv moodustab nahale kaitsva barj\u00e4\u00e4ri, mis aitab hoida nahka elastse ja niiskena.<\/p>\n<h4>Kakaov\u00f5i<\/h4>\n<p>Kakaov\u00f5i sisaldab palju looduslikke \u00fchendeid mida nimetatakse f\u00fctokemikaalideks. Need mikroelemendid parandavad vere &nbsp;liikumist nahka aeglustades seel\u00e4bi naha vananemisprotsesse ja kaitstes seda UV kiirguse eest.<\/p>\n<p>Kuna kakaov\u00f5i sisaldab suures koguses kasulikke rasvu on sellel tihkem ja m\u00f5nusam konsistents kui teistel niisutajatel. Sellega sarnane on shev\u00f5i. mida selles huulepulgas on samuti kasutatud<\/p>\n<h4>Sheav\u00f5i<\/h4>\n<p>Sheav\u00f5id on Aafrikas kasutatud juba &nbsp;tuhandeid aastaid. See niisutab ja pehmendab h\u00e4sti nahka ja sisaldab palju seebivees mittelahustuvaid \u00fchendeid, mis aitab sel p\u00fcsida nahakihtides pikemat aega.<\/p>\n<p>Sisaldab A ja E, F ja K-vitamiine. Muutes naha pehmeks, siledaks, leevendades p\u00e4ikesekahjustusi ja toimides ka \u00fcldise naha noorendajana.<\/p>\n<h5>Kanepiseemne\u00f5li<\/h5>\n<p>Kanepiseemne\u00f5li on olnud populaarne ammustest aegadest erinevates kosmeetikatoodetes kuna parandab, ravib ja t\u00f5stab naha elastsust, aitab s\u00e4ilitada niiskust, sobib ka tundliku ja probleemse naha korral ning annab ka kerge p\u00e4ikesekaitse (SPF-6)<\/p>\n<p>See \u00f5li leevendab valu, ei lase villidel tekkida ja alandab punetust.<\/p>\n<h5>Kuusevaik<\/h5>\n<p>Kuusevaik on p\u00f5hjamaades juba tuhandeid aastaid olnud hinnatud aine. See on \u00fcks tugevamaid antiseptikume ja on aastasadu kasutatud haavaravis. Kuusevaik ravib nii vanu &nbsp;m\u00e4danevaid haavu, p\u00f5letushaavu, l\u00f5ike- ja torkehaavu, ekseeme, kannal\u00f5hesid, putukahammustusi. Kui oli v\u00e4iksem vigastus siis v\u00f5idi vaiku oyse haavale m\u00e4\u00e4rida, suurematele haavadele pandu kuusevaigusalvi. Lisaks sellele on kuusevaik ka seenevastane ja sobib seet\u00f5ttu ka k\u00fc\u00fcneseene raviks.<\/p>\n<p>Ohatise huulepulk nii nagu ka teised meie huulepulgad sisaldab mesilasvaha. See annab huulepulgale vajaliku tahkuse ja vormi kuid mitte ainult. Mesilasvahal endal on samuti p\u00f5letikuvastane ja kudede taastumist soodustav toime.<\/p>\n<p>&nbsp;<\/p>\n<p>&nbsp;<\/p>","protected":false},"excerpt":{"rendered":"<p>Ohatise huulepulk on oma koostiselt osalt sarnane vaigusalviga. selle huulepulga idee andis meile meie klient, kes vaigu salvi kasutas ohatiste raviks ja arvas, et huulepulgana oleks see toode palju mugavam kasutada. Selle aasta Alavere perep\u00e4evaks valmistasimegi esimese partii. Sarnasuse poolest peame kohe \u00fctlema, et huulepulk ei sisalda loomseid rasvasid ja nii nagu enamus meie huule [&hellip;]<\/p>\n","protected":false},"featured_media":1920,"comment_status":"closed","ping_status":"closed","template":"","meta":{"om_disable_all_campaigns":false,"site-sidebar-layout":"default","site-content-layout":"default","ast-site-content-layout":"default","site-content-style":"default","site-sidebar-style":"default","ast-global-header-display":"","ast-banner-title-visibility":"","ast-main-header-display":"","ast-hfb-above-header-display":"","ast-hfb-below-header-display":"","ast-hfb-mobile-header-display":"","site-post-title":"","ast-breadcrumbs-content":"","ast-featured-img":"","footer-sml-layout":"","theme-transparent-header-meta":"default","adv-header-id-meta":"","stick-header-meta":"","header-above-stick-meta":"","header-main-stick-meta":"","header-below-stick-meta":"","astra-migrate-meta-layouts":"set","ast-page-background-enabled":"default","ast-page-background-meta":{"desktop":{"background-color":"","background-image":"","background-repeat":"repeat","background-position":"center center","background-size":"auto","background-attachment":"scroll","background-type":"","background-media":"","overlay-type":"","overlay-color":"","overlay-opacity":"","overlay-gradient":""},"tablet":{"background-color":"","background-image":"","background-repeat":"repeat","background-position":"center center","background-size":"auto","background-attachment":"scroll","background-type":"","background-media":"","overlay-type":"","overlay-color":"","overlay-opacity":"","overlay-gradient":""},"mobile":{"background-color":"","background-image":"","background-repeat":"repeat","background-position":"center center","background-size":"auto","background-attachment":"scroll","background-type":"","background-media":"","overlay-type":"","overlay-color":"","overlay-opacity":"","overlay-gradient":""}},"ast-content-background-meta":{"desktop":{"background-color":"var(--ast-global-color-5)","background-image":"","background-repeat":"repeat","background-position":"center center","background-size":"auto","background-attachment":"scroll","background-type":"","background-media":"","overlay-type":"","overlay-color":"","overlay-opacity":"","overlay-gradient":""},"tablet":{"background-color":"var(--ast-global-color-5)","background-image":"","background-repeat":"repeat","background-position":"center center","background-size":"auto","background-attachment":"scroll","background-type":"","background-media":"","overlay-type":"","overlay-color":"","overlay-opacity":"","overlay-gradient":""},"mobile":{"background-color":"var(--ast-global-color-5)","background-image":"","background-repeat":"repeat","background-position":"center center","background-size":"auto","background-attachment":"scroll","background-type":"","background-media":"","overlay-type":"","overlay-color":"","overlay-opacity":"","overlay-gradient":""}},"ngg_post_thumbnail":0},"product_brand":[],"product_cat":[63],"product_tag":[],"class_list":{"0":"post-1918","1":"product","2":"type-product","3":"status-publish","4":"has-post-thumbnail","6":"product_cat-huultele","7":"desktop-align-left","8":"tablet-align-left","9":"mobile-align-left","11":"first","12":"instock","13":"shipping-taxable","14":"purchasable","15":"product-type-simple"},"yoast_head":"<!-- This site is optimized with the Yoast SEO plugin v27.1.1 - https:\/\/yoast.com\/product\/yoast-seo-wordpress\/ -->\n<title>Ohatise huulepulk - Maav\u00e4gised p\u00e4rimusmeditsiinikeskus<\/title>\n<meta name=\"description\" content=\"Ohatise huulepulk on hea abiline ohatiste ravimisel sisaldades meie metsade kuusevaiku ning h\u00e4id ja taasatvaid rasvu, nende seas kanepi\u00f5li.\" \/>\n<meta name=\"robots\" content=\"index, follow, max-snippet:-1, max-image-preview:large, max-video-preview:-1\" \/>\n<link rel=\"canonical\" href=\"https:\/\/maavagised.ee\/en\/product\/ohatise-huulepulk\/\" \/>\n<meta property=\"og:locale\" content=\"en_GB\" \/>\n<meta property=\"og:type\" content=\"article\" \/>\n<meta property=\"og:title\" content=\"Ohatise huulepulk - Maav\u00e4gised p\u00e4rimusmeditsiinikeskus\" \/>\n<meta property=\"og:description\" content=\"Ohatise huulepulk on hea abiline ohatiste ravimisel sisaldades meie metsade kuusevaiku ning h\u00e4id ja taasatvaid rasvu, nende seas kanepi\u00f5li.\" \/>\n<meta property=\"og:url\" content=\"https:\/\/maavagised.ee\/en\/product\/ohatise-huulepulk\/\" \/>\n<meta property=\"og:site_name\" content=\"Maav\u00e4gised p\u00e4rimusmeditsiinikeskus\" \/>\n<meta property=\"article:publisher\" content=\"https:\/\/www.facebook.com\/maavagised\" \/>\n<meta property=\"article:modified_time\" content=\"2025-11-29T18:12:07+00:00\" \/>\n<meta property=\"og:image\" content=\"https:\/\/maavagised.ee\/wp-content\/uploads\/2021\/08\/Huuled-scaled.jpg\" \/>\n\t<meta property=\"og:image:width\" content=\"2560\" \/>\n\t<meta property=\"og:image:height\" content=\"1707\" \/>\n\t<meta property=\"og:image:type\" content=\"image\/jpeg\" \/>\n<meta name=\"twitter:card\" content=\"summary_large_image\" \/>\n<meta name=\"twitter:label1\" content=\"Estimated reading time\" \/>\n\t<meta name=\"twitter:data1\" content=\"2 minutes\" \/>\n<script type=\"application\/ld+json\" class=\"yoast-schema-graph\">{\"@context\":\"https:\/\/schema.org\",\"@graph\":[{\"@type\":\"WebPage\",\"@id\":\"https:\/\/maavagised.ee\/toode\/ohatise-huulepulk\/\",\"url\":\"https:\/\/maavagised.ee\/toode\/ohatise-huulepulk\/\",\"name\":\"Ohatise huulepulk - Maav\u00e4gised p\u00e4rimusmeditsiinikeskus\",\"isPartOf\":{\"@id\":\"https:\/\/maavagised.ee\/#website\"},\"primaryImageOfPage\":{\"@id\":\"https:\/\/maavagised.ee\/toode\/ohatise-huulepulk\/#primaryimage\"},\"image\":{\"@id\":\"https:\/\/maavagised.ee\/toode\/ohatise-huulepulk\/#primaryimage\"},\"thumbnailUrl\":\"https:\/\/i0.wp.com\/maavagised.ee\/wp-content\/uploads\/2021\/08\/Huuled-scaled.jpg?fit=2560%2C1707&ssl=1\",\"datePublished\":\"2021-08-31T21:34:40+00:00\",\"dateModified\":\"2025-11-29T18:12:07+00:00\",\"description\":\"Ohatise huulepulk on hea abiline ohatiste ravimisel sisaldades meie metsade kuusevaiku ning h\u00e4id ja taasatvaid rasvu, nende seas kanepi\u00f5li.\",\"breadcrumb\":{\"@id\":\"https:\/\/maavagised.ee\/toode\/ohatise-huulepulk\/#breadcrumb\"},\"inLanguage\":\"en-GB\",\"potentialAction\":[{\"@type\":\"ReadAction\",\"target\":[\"https:\/\/maavagised.ee\/toode\/ohatise-huulepulk\/\"]}]},{\"@type\":\"ImageObject\",\"inLanguage\":\"en-GB\",\"@id\":\"https:\/\/maavagised.ee\/toode\/ohatise-huulepulk\/#primaryimage\",\"url\":\"https:\/\/i0.wp.com\/maavagised.ee\/wp-content\/uploads\/2021\/08\/Huuled-scaled.jpg?fit=2560%2C1707&ssl=1\",\"contentUrl\":\"https:\/\/i0.wp.com\/maavagised.ee\/wp-content\/uploads\/2021\/08\/Huuled-scaled.jpg?fit=2560%2C1707&ssl=1\",\"width\":2560,\"height\":1707,\"caption\":\"Ohatise huulepulk\"},{\"@type\":\"BreadcrumbList\",\"@id\":\"https:\/\/maavagised.ee\/toode\/ohatise-huulepulk\/#breadcrumb\",\"itemListElement\":[{\"@type\":\"ListItem\",\"position\":1,\"name\":\"Home\",\"item\":\"https:\/\/maavagised.ee\/\"},{\"@type\":\"ListItem\",\"position\":2,\"name\":\"Pood\",\"item\":\"https:\/\/maavagised.ee\/pood\/\"},{\"@type\":\"ListItem\",\"position\":3,\"name\":\"Ohatise huulepulk\"}]},{\"@type\":\"WebSite\",\"@id\":\"https:\/\/maavagised.ee\/#website\",\"url\":\"https:\/\/maavagised.ee\/\",\"name\":\"Maavagised\",\"description\":\"L\u00f5\u00f5gastus saunas ja massaa\u017eis v\u00f5i tervis kaanidest.\",\"publisher\":{\"@id\":\"https:\/\/maavagised.ee\/#organization\"},\"potentialAction\":[{\"@type\":\"SearchAction\",\"target\":{\"@type\":\"EntryPoint\",\"urlTemplate\":\"https:\/\/maavagised.ee\/?s={search_term_string}\"},\"query-input\":{\"@type\":\"PropertyValueSpecification\",\"valueRequired\":true,\"valueName\":\"search_term_string\"}}],\"inLanguage\":\"en-GB\"},{\"@type\":\"Organization\",\"@id\":\"https:\/\/maavagised.ee\/#organization\",\"name\":\"Maav\u00e4gised p\u00e4rimusmeditsiinikeskus\",\"url\":\"https:\/\/maavagised.ee\/\",\"logo\":{\"@type\":\"ImageObject\",\"inLanguage\":\"en-GB\",\"@id\":\"https:\/\/maavagised.ee\/#\/schema\/logo\/image\/\",\"url\":\"https:\/\/i0.wp.com\/maavagised.ee\/wp-content\/uploads\/2021\/05\/maavagised_logo1.png?fit=477%2C302&ssl=1\",\"contentUrl\":\"https:\/\/i0.wp.com\/maavagised.ee\/wp-content\/uploads\/2021\/05\/maavagised_logo1.png?fit=477%2C302&ssl=1\",\"width\":477,\"height\":302,\"caption\":\"Maav\u00e4gised p\u00e4rimusmeditsiinikeskus\"},\"image\":{\"@id\":\"https:\/\/maavagised.ee\/#\/schema\/logo\/image\/\"},\"sameAs\":[\"https:\/\/www.facebook.com\/maavagised\",\"https:\/\/www.instagram.com\/maavagised_\/\"]}]}<\/script>\n<!-- \/ Yoast SEO plugin. -->","yoast_head_json":{"title":"Ohatise huulepulk - Maav\u00e4gised p\u00e4rimusmeditsiinikeskus","description":"Ohatise huulepulk on hea abiline ohatiste ravimisel sisaldades meie metsade kuusevaiku ning h\u00e4id ja taasatvaid rasvu, nende seas kanepi\u00f5li.","robots":{"index":"index","follow":"follow","max-snippet":"max-snippet:-1","max-image-preview":"max-image-preview:large","max-video-preview":"max-video-preview:-1"},"canonical":"https:\/\/maavagised.ee\/en\/product\/ohatise-huulepulk\/","og_locale":"en_GB","og_type":"article","og_title":"Ohatise huulepulk - Maav\u00e4gised p\u00e4rimusmeditsiinikeskus","og_description":"Ohatise huulepulk on hea abiline ohatiste ravimisel sisaldades meie metsade kuusevaiku ning h\u00e4id ja taasatvaid rasvu, nende seas kanepi\u00f5li.","og_url":"https:\/\/maavagised.ee\/en\/product\/ohatise-huulepulk\/","og_site_name":"Maav\u00e4gised p\u00e4rimusmeditsiinikeskus","article_publisher":"https:\/\/www.facebook.com\/maavagised","article_modified_time":"2025-11-29T18:12:07+00:00","og_image":[{"width":2560,"height":1707,"url":"https:\/\/maavagised.ee\/wp-content\/uploads\/2021\/08\/Huuled-scaled.jpg","type":"image\/jpeg"}],"twitter_card":"summary_large_image","twitter_misc":{"Estimated reading time":"2 minutes"},"schema":{"@context":"https:\/\/schema.org","@graph":[{"@type":"WebPage","@id":"https:\/\/maavagised.ee\/toode\/ohatise-huulepulk\/","url":"https:\/\/maavagised.ee\/toode\/ohatise-huulepulk\/","name":"Ohatise huulepulk - Maav\u00e4gised p\u00e4rimusmeditsiinikeskus","isPartOf":{"@id":"https:\/\/maavagised.ee\/#website"},"primaryImageOfPage":{"@id":"https:\/\/maavagised.ee\/toode\/ohatise-huulepulk\/#primaryimage"},"image":{"@id":"https:\/\/maavagised.ee\/toode\/ohatise-huulepulk\/#primaryimage"},"thumbnailUrl":"https:\/\/i0.wp.com\/maavagised.ee\/wp-content\/uploads\/2021\/08\/Huuled-scaled.jpg?fit=2560%2C1707&ssl=1","datePublished":"2021-08-31T21:34:40+00:00","dateModified":"2025-11-29T18:12:07+00:00","description":"Ohatise huulepulk on hea abiline ohatiste ravimisel sisaldades meie metsade kuusevaiku ning h\u00e4id ja taasatvaid rasvu, nende seas kanepi\u00f5li.","breadcrumb":{"@id":"https:\/\/maavagised.ee\/toode\/ohatise-huulepulk\/#breadcrumb"},"inLanguage":"en-GB","potentialAction":[{"@type":"ReadAction","target":["https:\/\/maavagised.ee\/toode\/ohatise-huulepulk\/"]}]},{"@type":"ImageObject","inLanguage":"en-GB","@id":"https:\/\/maavagised.ee\/toode\/ohatise-huulepulk\/#primaryimage","url":"https:\/\/i0.wp.com\/maavagised.ee\/wp-content\/uploads\/2021\/08\/Huuled-scaled.jpg?fit=2560%2C1707&ssl=1","contentUrl":"https:\/\/i0.wp.com\/maavagised.ee\/wp-content\/uploads\/2021\/08\/Huuled-scaled.jpg?fit=2560%2C1707&ssl=1","width":2560,"height":1707,"caption":"Ohatise huulepulk"},{"@type":"BreadcrumbList","@id":"https:\/\/maavagised.ee\/toode\/ohatise-huulepulk\/#breadcrumb","itemListElement":[{"@type":"ListItem","position":1,"name":"Home","item":"https:\/\/maavagised.ee\/"},{"@type":"ListItem","position":2,"name":"Pood","item":"https:\/\/maavagised.ee\/pood\/"},{"@type":"ListItem","position":3,"name":"Ohatise huulepulk"}]},{"@type":"WebSite","@id":"https:\/\/maavagised.ee\/#website","url":"https:\/\/maavagised.ee\/","name":"Maavagised","description":"L\u00f5\u00f5gastus saunas ja massaa\u017eis v\u00f5i tervis kaanidest.","publisher":{"@id":"https:\/\/maavagised.ee\/#organization"},"potentialAction":[{"@type":"SearchAction","target":{"@type":"EntryPoint","urlTemplate":"https:\/\/maavagised.ee\/?s={search_term_string}"},"query-input":{"@type":"PropertyValueSpecification","valueRequired":true,"valueName":"search_term_string"}}],"inLanguage":"en-GB"},{"@type":"Organization","@id":"https:\/\/maavagised.ee\/#organization","name":"Maav\u00e4gised p\u00e4rimusmeditsiinikeskus","url":"https:\/\/maavagised.ee\/","logo":{"@type":"ImageObject","inLanguage":"en-GB","@id":"https:\/\/maavagised.ee\/#\/schema\/logo\/image\/","url":"https:\/\/i0.wp.com\/maavagised.ee\/wp-content\/uploads\/2021\/05\/maavagised_logo1.png?fit=477%2C302&ssl=1","contentUrl":"https:\/\/i0.wp.com\/maavagised.ee\/wp-content\/uploads\/2021\/05\/maavagised_logo1.png?fit=477%2C302&ssl=1","width":477,"height":302,"caption":"Maav\u00e4gised p\u00e4rimusmeditsiinikeskus"},"image":{"@id":"https:\/\/maavagised.ee\/#\/schema\/logo\/image\/"},"sameAs":["https:\/\/www.facebook.com\/maavagised","https:\/\/www.instagram.com\/maavagised_\/"]}]}},"jetpack_sharing_enabled":true,"jetpack_likes_enabled":true,"jetpack-related-posts":[],"_links":{"self":[{"href":"https:\/\/maavagised.ee\/en\/wp-json\/wp\/v2\/product\/1918","targetHints":{"allow":["GET"]}}],"collection":[{"href":"https:\/\/maavagised.ee\/en\/wp-json\/wp\/v2\/product"}],"about":[{"href":"https:\/\/maavagised.ee\/en\/wp-json\/wp\/v2\/types\/product"}],"replies":[{"embeddable":true,"href":"https:\/\/maavagised.ee\/en\/wp-json\/wp\/v2\/comments?post=1918"}],"wp:featuredmedia":[{"embeddable":true,"href":"https:\/\/maavagised.ee\/en\/wp-json\/wp\/v2\/media\/1920"}],"wp:attachment":[{"href":"https:\/\/maavagised.ee\/en\/wp-json\/wp\/v2\/media?parent=1918"}],"wp:term":[{"taxonomy":"product_brand","embeddable":true,"href":"https:\/\/maavagised.ee\/en\/wp-json\/wp\/v2\/product_brand?post=1918"},{"taxonomy":"product_cat","embeddable":true,"href":"https:\/\/maavagised.ee\/en\/wp-json\/wp\/v2\/product_cat?post=1918"},{"taxonomy":"product_tag","embeddable":true,"href":"https:\/\/maavagised.ee\/en\/wp-json\/wp\/v2\/product_tag?post=1918"}],"curies":[{"name":"wp","href":"https:\/\/api.w.org\/{rel}","templated":true}]}}