{"id":1683,"date":"2021-06-17T22:22:36","date_gmt":"2021-06-17T22:22:36","guid":{"rendered":"https:\/\/maavagised.ee\/?post_type=product&#038;p=1683"},"modified":"2025-12-21T20:40:59","modified_gmt":"2025-12-21T18:40:59","slug":"kinkekaart-kahekesi-on-julgem-verikupu-teraapia","status":"publish","type":"product","link":"https:\/\/maavagised.ee\/en\/product\/kinkekaart-kahekesi-on-julgem-verikupu-teraapia\/","title":{"rendered":"Kinkekaart &#8220;Kahekesi on julgem&#8221;: verikupu teraapia"},"content":{"rendered":"<p>Kinkekaart verikuputeraapia annab sulle ja sinu kaaslasele v\u00f5imaluse saada osa iidsest terviseprotseduurist, mis on end l\u00e4bi aastatuhandete ikka ja j\u00e4lle t\u00f5estanud. See viib keha isetervenemisele ja annab v\u00f5imaluse saavutada parim f\u00fc\u00fcsiline vorm. Saate koos s\u00f5braga saunas k\u00e4ia ja seej\u00e4rel pannakse m\u00f5lema kehale kupud.<\/p>\n<p>Maav\u00e4giste verikupu teraapiat viiakse l\u00e4bi Tallinnast 50 km meie Metsa spas Anija vallas Vetla k\u00fclas. Vaata juhiseid kohale tulemiseks Google mapsist<\/p>","protected":false},"excerpt":{"rendered":"<p>Kinkekaart verikuputeraapia annab sulle ja sinu kaaslasele v\u00f5imaluse saada osa iidsest terviseprotseduurist, mis on end l\u00e4bi aastatuhandete ikka ja j\u00e4lle t\u00f5estanud. See viib keha isetervenemisele ja annab v\u00f5imaluse saavutada parim f\u00fc\u00fcsiline vorm. Saate koos s\u00f5braga saunas k\u00e4ia ja seej\u00e4rel pannakse m\u00f5lema kehale kupud.<\/p>","protected":false},"featured_media":639,"comment_status":"closed","ping_status":"closed","template":"","meta":{"om_disable_all_campaigns":false,"site-sidebar-layout":"default","site-content-layout":"default","ast-site-content-layout":"","site-content-style":"default","site-sidebar-style":"default","ast-global-header-display":"","ast-banner-title-visibility":"","ast-main-header-display":"","ast-hfb-above-header-display":"","ast-hfb-below-header-display":"","ast-hfb-mobile-header-display":"","site-post-title":"","ast-breadcrumbs-content":"","ast-featured-img":"","footer-sml-layout":"","theme-transparent-header-meta":"default","adv-header-id-meta":"","stick-header-meta":"","header-above-stick-meta":"","header-main-stick-meta":"","header-below-stick-meta":"","astra-migrate-meta-layouts":"default","ast-page-background-enabled":"default","ast-page-background-meta":{"desktop":{"background-color":"","background-image":"","background-repeat":"repeat","background-position":"center center","background-size":"auto","background-attachment":"scroll","background-type":"","background-media":"","overlay-type":"","overlay-color":"","overlay-opacity":"","overlay-gradient":""},"tablet":{"background-color":"","background-image":"","background-repeat":"repeat","background-position":"center center","background-size":"auto","background-attachment":"scroll","background-type":"","background-media":"","overlay-type":"","overlay-color":"","overlay-opacity":"","overlay-gradient":""},"mobile":{"background-color":"","background-image":"","background-repeat":"repeat","background-position":"center center","background-size":"auto","background-attachment":"scroll","background-type":"","background-media":"","overlay-type":"","overlay-color":"","overlay-opacity":"","overlay-gradient":""}},"ast-content-background-meta":{"desktop":{"background-color":"var(--ast-global-color-5)","background-image":"","background-repeat":"repeat","background-position":"center center","background-size":"auto","background-attachment":"scroll","background-type":"","background-media":"","overlay-type":"","overlay-color":"","overlay-opacity":"","overlay-gradient":""},"tablet":{"background-color":"var(--ast-global-color-5)","background-image":"","background-repeat":"repeat","background-position":"center center","background-size":"auto","background-attachment":"scroll","background-type":"","background-media":"","overlay-type":"","overlay-color":"","overlay-opacity":"","overlay-gradient":""},"mobile":{"background-color":"var(--ast-global-color-5)","background-image":"","background-repeat":"repeat","background-position":"center center","background-size":"auto","background-attachment":"scroll","background-type":"","background-media":"","overlay-type":"","overlay-color":"","overlay-opacity":"","overlay-gradient":""}},"ngg_post_thumbnail":0},"product_brand":[],"product_cat":[59],"product_tag":[],"class_list":{"0":"post-1683","1":"product","2":"type-product","3":"status-publish","4":"has-post-thumbnail","6":"product_cat-kinkekaardid","7":"desktop-align-left","8":"tablet-align-left","9":"mobile-align-left","11":"first","12":"instock","13":"virtual","14":"purchasable","15":"product-type-simple"},"yoast_head":"<!-- This site is optimized with the Yoast SEO plugin v27.1.1 - https:\/\/yoast.com\/product\/yoast-seo-wordpress\/ -->\n<title>Kinkekaart &quot;Kahekesi on julgem&quot;: verikupu teraapia - Maav\u00e4gised p\u00e4rimusmeditsiinikeskus<\/title>\n<meta name=\"description\" content=\"Kinkekaart verikuputeraapia annab sulle ja sinu kaaslasele v\u00f5imaluse saada osa iidsest terviseprotseduurist.\" \/>\n<meta name=\"robots\" content=\"index, follow, max-snippet:-1, max-image-preview:large, max-video-preview:-1\" \/>\n<link rel=\"canonical\" href=\"https:\/\/maavagised.ee\/en\/product\/kinkekaart-kahekesi-on-julgem-verikupu-teraapia\/\" \/>\n<meta property=\"og:locale\" content=\"en_GB\" \/>\n<meta property=\"og:type\" content=\"article\" \/>\n<meta property=\"og:title\" content=\"Kinkekaart &quot;Kahekesi on julgem&quot;: verikupu teraapia - Maav\u00e4gised p\u00e4rimusmeditsiinikeskus\" \/>\n<meta property=\"og:description\" content=\"Kinkekaart verikuputeraapia annab sulle ja sinu kaaslasele v\u00f5imaluse saada osa iidsest terviseprotseduurist.\" \/>\n<meta property=\"og:url\" content=\"https:\/\/maavagised.ee\/en\/product\/kinkekaart-kahekesi-on-julgem-verikupu-teraapia\/\" \/>\n<meta property=\"og:site_name\" content=\"Maav\u00e4gised p\u00e4rimusmeditsiinikeskus\" \/>\n<meta property=\"article:publisher\" content=\"https:\/\/www.facebook.com\/maavagised\" \/>\n<meta property=\"article:modified_time\" content=\"2025-12-21T18:40:59+00:00\" \/>\n<meta property=\"og:image\" content=\"https:\/\/maavagised.ee\/wp-content\/uploads\/2021\/05\/verikupp5-1.jpg\" \/>\n\t<meta property=\"og:image:width\" content=\"2048\" \/>\n\t<meta property=\"og:image:height\" content=\"1238\" \/>\n\t<meta property=\"og:image:type\" content=\"image\/jpeg\" \/>\n<meta name=\"twitter:card\" content=\"summary_large_image\" \/>\n<script type=\"application\/ld+json\" class=\"yoast-schema-graph\">{\"@context\":\"https:\/\/schema.org\",\"@graph\":[{\"@type\":\"WebPage\",\"@id\":\"https:\/\/maavagised.ee\/toode\/kinkekaart-kahekesi-on-julgem-verikupu-teraapia\/\",\"url\":\"https:\/\/maavagised.ee\/toode\/kinkekaart-kahekesi-on-julgem-verikupu-teraapia\/\",\"name\":\"Kinkekaart \\\"Kahekesi on julgem\\\": verikupu teraapia - Maav\u00e4gised p\u00e4rimusmeditsiinikeskus\",\"isPartOf\":{\"@id\":\"https:\/\/maavagised.ee\/#website\"},\"primaryImageOfPage\":{\"@id\":\"https:\/\/maavagised.ee\/toode\/kinkekaart-kahekesi-on-julgem-verikupu-teraapia\/#primaryimage\"},\"image\":{\"@id\":\"https:\/\/maavagised.ee\/toode\/kinkekaart-kahekesi-on-julgem-verikupu-teraapia\/#primaryimage\"},\"thumbnailUrl\":\"https:\/\/i0.wp.com\/maavagised.ee\/wp-content\/uploads\/2021\/05\/verikupp5-1.jpg?fit=2048%2C1238&ssl=1\",\"datePublished\":\"2021-06-17T22:22:36+00:00\",\"dateModified\":\"2025-12-21T18:40:59+00:00\",\"description\":\"Kinkekaart verikuputeraapia annab sulle ja sinu kaaslasele v\u00f5imaluse saada osa iidsest terviseprotseduurist.\",\"breadcrumb\":{\"@id\":\"https:\/\/maavagised.ee\/toode\/kinkekaart-kahekesi-on-julgem-verikupu-teraapia\/#breadcrumb\"},\"inLanguage\":\"en-GB\",\"potentialAction\":[{\"@type\":\"ReadAction\",\"target\":[\"https:\/\/maavagised.ee\/toode\/kinkekaart-kahekesi-on-julgem-verikupu-teraapia\/\"]}]},{\"@type\":\"ImageObject\",\"inLanguage\":\"en-GB\",\"@id\":\"https:\/\/maavagised.ee\/toode\/kinkekaart-kahekesi-on-julgem-verikupu-teraapia\/#primaryimage\",\"url\":\"https:\/\/i0.wp.com\/maavagised.ee\/wp-content\/uploads\/2021\/05\/verikupp5-1.jpg?fit=2048%2C1238&ssl=1\",\"contentUrl\":\"https:\/\/i0.wp.com\/maavagised.ee\/wp-content\/uploads\/2021\/05\/verikupp5-1.jpg?fit=2048%2C1238&ssl=1\",\"width\":2048,\"height\":1238,\"caption\":\"Verikupu teraapia\"},{\"@type\":\"BreadcrumbList\",\"@id\":\"https:\/\/maavagised.ee\/toode\/kinkekaart-kahekesi-on-julgem-verikupu-teraapia\/#breadcrumb\",\"itemListElement\":[{\"@type\":\"ListItem\",\"position\":1,\"name\":\"Home\",\"item\":\"https:\/\/maavagised.ee\/\"},{\"@type\":\"ListItem\",\"position\":2,\"name\":\"Pood\",\"item\":\"https:\/\/maavagised.ee\/pood\/\"},{\"@type\":\"ListItem\",\"position\":3,\"name\":\"Kinkekaart &#8220;Kahekesi on julgem&#8221;: verikupu teraapia\"}]},{\"@type\":\"WebSite\",\"@id\":\"https:\/\/maavagised.ee\/#website\",\"url\":\"https:\/\/maavagised.ee\/\",\"name\":\"Maavagised\",\"description\":\"L\u00f5\u00f5gastus saunas ja massaa\u017eis v\u00f5i tervis kaanidest.\",\"publisher\":{\"@id\":\"https:\/\/maavagised.ee\/#organization\"},\"potentialAction\":[{\"@type\":\"SearchAction\",\"target\":{\"@type\":\"EntryPoint\",\"urlTemplate\":\"https:\/\/maavagised.ee\/?s={search_term_string}\"},\"query-input\":{\"@type\":\"PropertyValueSpecification\",\"valueRequired\":true,\"valueName\":\"search_term_string\"}}],\"inLanguage\":\"en-GB\"},{\"@type\":\"Organization\",\"@id\":\"https:\/\/maavagised.ee\/#organization\",\"name\":\"Maav\u00e4gised p\u00e4rimusmeditsiinikeskus\",\"url\":\"https:\/\/maavagised.ee\/\",\"logo\":{\"@type\":\"ImageObject\",\"inLanguage\":\"en-GB\",\"@id\":\"https:\/\/maavagised.ee\/#\/schema\/logo\/image\/\",\"url\":\"https:\/\/i0.wp.com\/maavagised.ee\/wp-content\/uploads\/2021\/05\/maavagised_logo1.png?fit=477%2C302&ssl=1\",\"contentUrl\":\"https:\/\/i0.wp.com\/maavagised.ee\/wp-content\/uploads\/2021\/05\/maavagised_logo1.png?fit=477%2C302&ssl=1\",\"width\":477,\"height\":302,\"caption\":\"Maav\u00e4gised p\u00e4rimusmeditsiinikeskus\"},\"image\":{\"@id\":\"https:\/\/maavagised.ee\/#\/schema\/logo\/image\/\"},\"sameAs\":[\"https:\/\/www.facebook.com\/maavagised\",\"https:\/\/www.instagram.com\/maavagised_\/\"]}]}<\/script>\n<!-- \/ Yoast SEO plugin. -->","yoast_head_json":{"title":"Kinkekaart \"Kahekesi on julgem\": verikupu teraapia - Maav\u00e4gised p\u00e4rimusmeditsiinikeskus","description":"Kinkekaart verikuputeraapia annab sulle ja sinu kaaslasele v\u00f5imaluse saada osa iidsest terviseprotseduurist.","robots":{"index":"index","follow":"follow","max-snippet":"max-snippet:-1","max-image-preview":"max-image-preview:large","max-video-preview":"max-video-preview:-1"},"canonical":"https:\/\/maavagised.ee\/en\/product\/kinkekaart-kahekesi-on-julgem-verikupu-teraapia\/","og_locale":"en_GB","og_type":"article","og_title":"Kinkekaart \"Kahekesi on julgem\": verikupu teraapia - Maav\u00e4gised p\u00e4rimusmeditsiinikeskus","og_description":"Kinkekaart verikuputeraapia annab sulle ja sinu kaaslasele v\u00f5imaluse saada osa iidsest terviseprotseduurist.","og_url":"https:\/\/maavagised.ee\/en\/product\/kinkekaart-kahekesi-on-julgem-verikupu-teraapia\/","og_site_name":"Maav\u00e4gised p\u00e4rimusmeditsiinikeskus","article_publisher":"https:\/\/www.facebook.com\/maavagised","article_modified_time":"2025-12-21T18:40:59+00:00","og_image":[{"width":2048,"height":1238,"url":"https:\/\/maavagised.ee\/wp-content\/uploads\/2021\/05\/verikupp5-1.jpg","type":"image\/jpeg"}],"twitter_card":"summary_large_image","schema":{"@context":"https:\/\/schema.org","@graph":[{"@type":"WebPage","@id":"https:\/\/maavagised.ee\/toode\/kinkekaart-kahekesi-on-julgem-verikupu-teraapia\/","url":"https:\/\/maavagised.ee\/toode\/kinkekaart-kahekesi-on-julgem-verikupu-teraapia\/","name":"Kinkekaart \"Kahekesi on julgem\": verikupu teraapia - Maav\u00e4gised p\u00e4rimusmeditsiinikeskus","isPartOf":{"@id":"https:\/\/maavagised.ee\/#website"},"primaryImageOfPage":{"@id":"https:\/\/maavagised.ee\/toode\/kinkekaart-kahekesi-on-julgem-verikupu-teraapia\/#primaryimage"},"image":{"@id":"https:\/\/maavagised.ee\/toode\/kinkekaart-kahekesi-on-julgem-verikupu-teraapia\/#primaryimage"},"thumbnailUrl":"https:\/\/i0.wp.com\/maavagised.ee\/wp-content\/uploads\/2021\/05\/verikupp5-1.jpg?fit=2048%2C1238&ssl=1","datePublished":"2021-06-17T22:22:36+00:00","dateModified":"2025-12-21T18:40:59+00:00","description":"Kinkekaart verikuputeraapia annab sulle ja sinu kaaslasele v\u00f5imaluse saada osa iidsest terviseprotseduurist.","breadcrumb":{"@id":"https:\/\/maavagised.ee\/toode\/kinkekaart-kahekesi-on-julgem-verikupu-teraapia\/#breadcrumb"},"inLanguage":"en-GB","potentialAction":[{"@type":"ReadAction","target":["https:\/\/maavagised.ee\/toode\/kinkekaart-kahekesi-on-julgem-verikupu-teraapia\/"]}]},{"@type":"ImageObject","inLanguage":"en-GB","@id":"https:\/\/maavagised.ee\/toode\/kinkekaart-kahekesi-on-julgem-verikupu-teraapia\/#primaryimage","url":"https:\/\/i0.wp.com\/maavagised.ee\/wp-content\/uploads\/2021\/05\/verikupp5-1.jpg?fit=2048%2C1238&ssl=1","contentUrl":"https:\/\/i0.wp.com\/maavagised.ee\/wp-content\/uploads\/2021\/05\/verikupp5-1.jpg?fit=2048%2C1238&ssl=1","width":2048,"height":1238,"caption":"Verikupu teraapia"},{"@type":"BreadcrumbList","@id":"https:\/\/maavagised.ee\/toode\/kinkekaart-kahekesi-on-julgem-verikupu-teraapia\/#breadcrumb","itemListElement":[{"@type":"ListItem","position":1,"name":"Home","item":"https:\/\/maavagised.ee\/"},{"@type":"ListItem","position":2,"name":"Pood","item":"https:\/\/maavagised.ee\/pood\/"},{"@type":"ListItem","position":3,"name":"Kinkekaart &#8220;Kahekesi on julgem&#8221;: verikupu teraapia"}]},{"@type":"WebSite","@id":"https:\/\/maavagised.ee\/#website","url":"https:\/\/maavagised.ee\/","name":"Maavagised","description":"L\u00f5\u00f5gastus saunas ja massaa\u017eis v\u00f5i tervis kaanidest.","publisher":{"@id":"https:\/\/maavagised.ee\/#organization"},"potentialAction":[{"@type":"SearchAction","target":{"@type":"EntryPoint","urlTemplate":"https:\/\/maavagised.ee\/?s={search_term_string}"},"query-input":{"@type":"PropertyValueSpecification","valueRequired":true,"valueName":"search_term_string"}}],"inLanguage":"en-GB"},{"@type":"Organization","@id":"https:\/\/maavagised.ee\/#organization","name":"Maav\u00e4gised p\u00e4rimusmeditsiinikeskus","url":"https:\/\/maavagised.ee\/","logo":{"@type":"ImageObject","inLanguage":"en-GB","@id":"https:\/\/maavagised.ee\/#\/schema\/logo\/image\/","url":"https:\/\/i0.wp.com\/maavagised.ee\/wp-content\/uploads\/2021\/05\/maavagised_logo1.png?fit=477%2C302&ssl=1","contentUrl":"https:\/\/i0.wp.com\/maavagised.ee\/wp-content\/uploads\/2021\/05\/maavagised_logo1.png?fit=477%2C302&ssl=1","width":477,"height":302,"caption":"Maav\u00e4gised p\u00e4rimusmeditsiinikeskus"},"image":{"@id":"https:\/\/maavagised.ee\/#\/schema\/logo\/image\/"},"sameAs":["https:\/\/www.facebook.com\/maavagised","https:\/\/www.instagram.com\/maavagised_\/"]}]}},"jetpack_sharing_enabled":true,"jetpack_likes_enabled":true,"jetpack-related-posts":[],"_links":{"self":[{"href":"https:\/\/maavagised.ee\/en\/wp-json\/wp\/v2\/product\/1683","targetHints":{"allow":["GET"]}}],"collection":[{"href":"https:\/\/maavagised.ee\/en\/wp-json\/wp\/v2\/product"}],"about":[{"href":"https:\/\/maavagised.ee\/en\/wp-json\/wp\/v2\/types\/product"}],"replies":[{"embeddable":true,"href":"https:\/\/maavagised.ee\/en\/wp-json\/wp\/v2\/comments?post=1683"}],"wp:featuredmedia":[{"embeddable":true,"href":"https:\/\/maavagised.ee\/en\/wp-json\/wp\/v2\/media\/639"}],"wp:attachment":[{"href":"https:\/\/maavagised.ee\/en\/wp-json\/wp\/v2\/media?parent=1683"}],"wp:term":[{"taxonomy":"product_brand","embeddable":true,"href":"https:\/\/maavagised.ee\/en\/wp-json\/wp\/v2\/product_brand?post=1683"},{"taxonomy":"product_cat","embeddable":true,"href":"https:\/\/maavagised.ee\/en\/wp-json\/wp\/v2\/product_cat?post=1683"},{"taxonomy":"product_tag","embeddable":true,"href":"https:\/\/maavagised.ee\/en\/wp-json\/wp\/v2\/product_tag?post=1683"}],"curies":[{"name":"wp","href":"https:\/\/api.w.org\/{rel}","templated":true}]}}