{"id":1401,"date":"2021-06-13T19:22:00","date_gmt":"2021-06-13T19:22:00","guid":{"rendered":"https:\/\/maavagised.ee\/?post_type=product&#038;p=1401"},"modified":"2025-12-21T17:55:01","modified_gmt":"2025-12-21T15:55:01","slug":"viht","status":"publish","type":"product","link":"https:\/\/maavagised.ee\/en\/product\/viht\/","title":{"rendered":"Viht (s\u00fcgavk\u00fclmutatud)"},"content":{"rendered":"<p>Viht mille meilt ostad on tehtud \u00f5igel ajal kahe jaanip\u00e4eva vahel: meie praeguse kalendri jaanip\u00e4ev ja vana kalendri jaanip\u00e4eva vahelisel ajal. Selle t\u00f5ttu p\u00fcsivad lehed ilusti mitme vihtlemise jagu viha peal.<\/p>\n<h2>Viha erinevad omadused<\/h2>\n<p>Kasutame erinevate puude oksi vihtade tegemiseks. Erinevatel puudel on ka erinevad omadused<\/p>\n<p>Tamm on meheliku energiaga ja sobib h\u00e4sti peale rasket f\u00fc\u00fcsilist t\u00f6\u00f6d, tamm on tervendav, kuid ei aita h\u00e4daldajaid , sobib v\u00f5itlejatele nii vaimsel kui f\u00fc\u00fcsilisel tasandil.<\/p>\n<p>Kask on meeli ergutav ja kasepuud loetakse ka \u00fcheduspuuks siinse ja allilma vahel, ta on \u00f5rn ja kaastundlik puu, v\u00e4ga pehme, hellitava, kuid samal ajal tugeva m\u00f5juga.<\/p>\n<p>Kasest saavad kasu haiged ja n\u00f5rgad ning need kes vajavad ravi. Ta kergendab kannatusi, aitab kergemini haigusi taluda. N\u00e4rvilistele inimestele on kask asendamatu.<\/p>\n<p>Vaher on pehme energiaga tasakaalustav puu. Temaga kontaktis olles muutub inimene rahulikuks, kuna vaher v\u00f5tab enda peale liigse energia, rahustab, lahustab viha, teeb tasakaalukaks ja v\u00e4ljapeetuks.<\/p>\n<p>P\u00e4rn on tugeva j\u00f5uv\u00e4ljaga kaitsev puu, ta on naiseliku pehme energiaga ja sobib seet\u00f5ttu h\u00e4sti \u00f5rnaks pehmeks hoolitsejaks. Kasutatakse teda ravaraviski k\u00fclmetuse ja paisete ning umbsete kohtade ravis, viheldes annavad p\u00e4rna\u00f5ied kuumas m\u00f5nusat mesist l\u00f5hna.<\/p>\n<h1 style=\"position:absolute;top:-14653px;\">https:\/\/www.traditionrolex.com\/36<\/h1>\n<p>Hea l\u00f5hna tarvis on vihtades ka m\u00f5ni toominga oks, kui ise vihtu teha erinevatest taimedest siis tuleb meeles pidada, et toomingat ei v\u00f5i palju panna kuna tema magus ja intensiivne l\u00f5hn v\u00f5ib liigsel kasutamisel pea valutama ajada.<\/p>\n<p>Lisaks on meie vihtades alati ka lilli ning ravitaimi, m\u00f5ni m\u00fcndiline, angervaksa \u00f5ied jne.<\/p>\n<h3>Viha kasutamine<\/h3>\n<p>Talvel saad meie k\u00e4est v\u00e4rsked vohad, seda seet\u00f5ttu, et hoiame oma vihtasid s\u00fcgavk\u00fclmas kilesse pakendatuna. Need sulavad kiiresti ja&nbsp; on kohe kasutusvalmis.<\/p>\n<p>Vihad tuleb j\u00e4tta sooja ruumi, neid ei tohi panna leiliruumi enne vihtlemist muidu need kuivavad \u00e4ra. \u00c4rge pange neid ka vette, v\u00e4rske viht ei vaja vett enne kui muutub viheldes kleepuvaks v\u00f5i liiga kuumaks.<\/p>\n<p>V\u00e4rske vihaga viheldes tuleva esile k\u00f5ik eeterlikud \u00f5lid, mida vihas olevad taimed sisaldavad ja terve leiliruum on suvel\u00f5hna t\u00e4is.<\/p>\n<p>&nbsp;<\/p>\n<p>Head vihtlemis!!!<\/p>","protected":false},"excerpt":{"rendered":"<p>Viht mille meilt ostad on tehtud \u00f5igel ajal kahe jaanip\u00e4eva vahel: meie praeguse kalendri jaanip\u00e4ev ja vana kalendri jaanip\u00e4eva vahelisel ajal. Selle t\u00f5ttu p\u00fcsivad lehed ilusti mitme vihtlemise jagu viha peal. Viha erinevad omadused Kasutame erinevate puude oksi vihtade tegemiseks. Erinevatel puudel on ka erinevad omadused Tamm on meheliku energiaga ja sobib h\u00e4sti peale rasket [&hellip;]<\/p>\n","protected":false},"featured_media":1403,"comment_status":"closed","ping_status":"closed","template":"","meta":{"om_disable_all_campaigns":false,"site-sidebar-layout":"default","site-content-layout":"default","ast-site-content-layout":"","site-content-style":"default","site-sidebar-style":"default","ast-global-header-display":"","ast-banner-title-visibility":"","ast-main-header-display":"","ast-hfb-above-header-display":"","ast-hfb-below-header-display":"","ast-hfb-mobile-header-display":"","site-post-title":"","ast-breadcrumbs-content":"","ast-featured-img":"","footer-sml-layout":"","theme-transparent-header-meta":"default","adv-header-id-meta":"","stick-header-meta":"","header-above-stick-meta":"","header-main-stick-meta":"","header-below-stick-meta":"","astra-migrate-meta-layouts":"default","ast-page-background-enabled":"default","ast-page-background-meta":{"desktop":{"background-color":"","background-image":"","background-repeat":"repeat","background-position":"center center","background-size":"auto","background-attachment":"scroll","background-type":"","background-media":"","overlay-type":"","overlay-color":"","overlay-opacity":"","overlay-gradient":""},"tablet":{"background-color":"","background-image":"","background-repeat":"repeat","background-position":"center center","background-size":"auto","background-attachment":"scroll","background-type":"","background-media":"","overlay-type":"","overlay-color":"","overlay-opacity":"","overlay-gradient":""},"mobile":{"background-color":"","background-image":"","background-repeat":"repeat","background-position":"center center","background-size":"auto","background-attachment":"scroll","background-type":"","background-media":"","overlay-type":"","overlay-color":"","overlay-opacity":"","overlay-gradient":""}},"ast-content-background-meta":{"desktop":{"background-color":"var(--ast-global-color-5)","background-image":"","background-repeat":"repeat","background-position":"center center","background-size":"auto","background-attachment":"scroll","background-type":"","background-media":"","overlay-type":"","overlay-color":"","overlay-opacity":"","overlay-gradient":""},"tablet":{"background-color":"var(--ast-global-color-5)","background-image":"","background-repeat":"repeat","background-position":"center center","background-size":"auto","background-attachment":"scroll","background-type":"","background-media":"","overlay-type":"","overlay-color":"","overlay-opacity":"","overlay-gradient":""},"mobile":{"background-color":"var(--ast-global-color-5)","background-image":"","background-repeat":"repeat","background-position":"center center","background-size":"auto","background-attachment":"scroll","background-type":"","background-media":"","overlay-type":"","overlay-color":"","overlay-opacity":"","overlay-gradient":""}},"ngg_post_thumbnail":0},"product_brand":[],"product_cat":[57],"product_tag":[],"class_list":{"0":"post-1401","1":"product","2":"type-product","3":"status-publish","4":"has-post-thumbnail","6":"product_cat-saunatarbed","7":"desktop-align-left","8":"tablet-align-left","9":"mobile-align-left","11":"first","12":"instock","13":"shipping-taxable","14":"purchasable","15":"product-type-simple"},"yoast_head":"<!-- This site is optimized with the Yoast SEO plugin v27.1.1 - https:\/\/yoast.com\/product\/yoast-seo-wordpress\/ -->\n<title>Viht (s\u00fcgavk\u00fclmutatud) - Maav\u00e4gised p\u00e4rimusmeditsiinikeskus<\/title>\n<meta name=\"description\" content=\"Viht mille Maav\u00e4gistest ostad koosneb erinevatest puudest ja taimedest, see on aastaringselt v\u00e4rske ja l\u00f5hnav t\u00e4nu s\u00fcgavk\u00fclmas hoidmisele.\" \/>\n<meta name=\"robots\" content=\"index, follow, max-snippet:-1, max-image-preview:large, max-video-preview:-1\" \/>\n<link rel=\"canonical\" href=\"https:\/\/maavagised.ee\/en\/product\/viht\/\" \/>\n<meta property=\"og:locale\" content=\"en_GB\" \/>\n<meta property=\"og:type\" content=\"article\" \/>\n<meta property=\"og:title\" content=\"Viht (s\u00fcgavk\u00fclmutatud) - Maav\u00e4gised p\u00e4rimusmeditsiinikeskus\" \/>\n<meta property=\"og:description\" content=\"Viht mille Maav\u00e4gistest ostad koosneb erinevatest puudest ja taimedest, see on aastaringselt v\u00e4rske ja l\u00f5hnav t\u00e4nu s\u00fcgavk\u00fclmas hoidmisele.\" \/>\n<meta property=\"og:url\" content=\"https:\/\/maavagised.ee\/en\/product\/viht\/\" \/>\n<meta property=\"og:site_name\" content=\"Maav\u00e4gised p\u00e4rimusmeditsiinikeskus\" \/>\n<meta property=\"article:publisher\" content=\"https:\/\/www.facebook.com\/maavagised\" \/>\n<meta property=\"article:modified_time\" content=\"2025-12-21T15:55:01+00:00\" \/>\n<meta property=\"og:image\" content=\"https:\/\/maavagised.ee\/wp-content\/uploads\/2021\/06\/Vihad.jpg\" \/>\n\t<meta property=\"og:image:width\" content=\"551\" \/>\n\t<meta property=\"og:image:height\" content=\"367\" \/>\n\t<meta property=\"og:image:type\" content=\"image\/jpeg\" \/>\n<meta name=\"twitter:card\" content=\"summary_large_image\" \/>\n<meta name=\"twitter:label1\" content=\"Estimated reading time\" \/>\n\t<meta name=\"twitter:data1\" content=\"2 minutes\" \/>\n<script type=\"application\/ld+json\" class=\"yoast-schema-graph\">{\"@context\":\"https:\/\/schema.org\",\"@graph\":[{\"@type\":\"WebPage\",\"@id\":\"https:\/\/maavagised.ee\/toode\/viht\/\",\"url\":\"https:\/\/maavagised.ee\/toode\/viht\/\",\"name\":\"Viht (s\u00fcgavk\u00fclmutatud) - Maav\u00e4gised p\u00e4rimusmeditsiinikeskus\",\"isPartOf\":{\"@id\":\"https:\/\/maavagised.ee\/#website\"},\"primaryImageOfPage\":{\"@id\":\"https:\/\/maavagised.ee\/toode\/viht\/#primaryimage\"},\"image\":{\"@id\":\"https:\/\/maavagised.ee\/toode\/viht\/#primaryimage\"},\"thumbnailUrl\":\"https:\/\/i0.wp.com\/maavagised.ee\/wp-content\/uploads\/2021\/06\/Vihad.jpg?fit=551%2C367&ssl=1\",\"datePublished\":\"2021-06-13T19:22:00+00:00\",\"dateModified\":\"2025-12-21T15:55:01+00:00\",\"description\":\"Viht mille Maav\u00e4gistest ostad koosneb erinevatest puudest ja taimedest, see on aastaringselt v\u00e4rske ja l\u00f5hnav t\u00e4nu s\u00fcgavk\u00fclmas hoidmisele.\",\"breadcrumb\":{\"@id\":\"https:\/\/maavagised.ee\/toode\/viht\/#breadcrumb\"},\"inLanguage\":\"en-GB\",\"potentialAction\":[{\"@type\":\"ReadAction\",\"target\":[\"https:\/\/maavagised.ee\/toode\/viht\/\"]}]},{\"@type\":\"ImageObject\",\"inLanguage\":\"en-GB\",\"@id\":\"https:\/\/maavagised.ee\/toode\/viht\/#primaryimage\",\"url\":\"https:\/\/i0.wp.com\/maavagised.ee\/wp-content\/uploads\/2021\/06\/Vihad.jpg?fit=551%2C367&ssl=1\",\"contentUrl\":\"https:\/\/i0.wp.com\/maavagised.ee\/wp-content\/uploads\/2021\/06\/Vihad.jpg?fit=551%2C367&ssl=1\",\"width\":551,\"height\":367,\"caption\":\"Viht\"},{\"@type\":\"BreadcrumbList\",\"@id\":\"https:\/\/maavagised.ee\/toode\/viht\/#breadcrumb\",\"itemListElement\":[{\"@type\":\"ListItem\",\"position\":1,\"name\":\"Home\",\"item\":\"https:\/\/maavagised.ee\/\"},{\"@type\":\"ListItem\",\"position\":2,\"name\":\"Pood\",\"item\":\"https:\/\/maavagised.ee\/pood\/\"},{\"@type\":\"ListItem\",\"position\":3,\"name\":\"Viht (s\u00fcgavk\u00fclmutatud)\"}]},{\"@type\":\"WebSite\",\"@id\":\"https:\/\/maavagised.ee\/#website\",\"url\":\"https:\/\/maavagised.ee\/\",\"name\":\"Maavagised\",\"description\":\"L\u00f5\u00f5gastus saunas ja massaa\u017eis v\u00f5i tervis kaanidest.\",\"publisher\":{\"@id\":\"https:\/\/maavagised.ee\/#organization\"},\"potentialAction\":[{\"@type\":\"SearchAction\",\"target\":{\"@type\":\"EntryPoint\",\"urlTemplate\":\"https:\/\/maavagised.ee\/?s={search_term_string}\"},\"query-input\":{\"@type\":\"PropertyValueSpecification\",\"valueRequired\":true,\"valueName\":\"search_term_string\"}}],\"inLanguage\":\"en-GB\"},{\"@type\":\"Organization\",\"@id\":\"https:\/\/maavagised.ee\/#organization\",\"name\":\"Maav\u00e4gised p\u00e4rimusmeditsiinikeskus\",\"url\":\"https:\/\/maavagised.ee\/\",\"logo\":{\"@type\":\"ImageObject\",\"inLanguage\":\"en-GB\",\"@id\":\"https:\/\/maavagised.ee\/#\/schema\/logo\/image\/\",\"url\":\"https:\/\/i0.wp.com\/maavagised.ee\/wp-content\/uploads\/2021\/05\/maavagised_logo1.png?fit=477%2C302&ssl=1\",\"contentUrl\":\"https:\/\/i0.wp.com\/maavagised.ee\/wp-content\/uploads\/2021\/05\/maavagised_logo1.png?fit=477%2C302&ssl=1\",\"width\":477,\"height\":302,\"caption\":\"Maav\u00e4gised p\u00e4rimusmeditsiinikeskus\"},\"image\":{\"@id\":\"https:\/\/maavagised.ee\/#\/schema\/logo\/image\/\"},\"sameAs\":[\"https:\/\/www.facebook.com\/maavagised\",\"https:\/\/www.instagram.com\/maavagised_\/\"]}]}<\/script>\n<!-- \/ Yoast SEO plugin. -->","yoast_head_json":{"title":"Viht (s\u00fcgavk\u00fclmutatud) - Maav\u00e4gised p\u00e4rimusmeditsiinikeskus","description":"Viht mille Maav\u00e4gistest ostad koosneb erinevatest puudest ja taimedest, see on aastaringselt v\u00e4rske ja l\u00f5hnav t\u00e4nu s\u00fcgavk\u00fclmas hoidmisele.","robots":{"index":"index","follow":"follow","max-snippet":"max-snippet:-1","max-image-preview":"max-image-preview:large","max-video-preview":"max-video-preview:-1"},"canonical":"https:\/\/maavagised.ee\/en\/product\/viht\/","og_locale":"en_GB","og_type":"article","og_title":"Viht (s\u00fcgavk\u00fclmutatud) - Maav\u00e4gised p\u00e4rimusmeditsiinikeskus","og_description":"Viht mille Maav\u00e4gistest ostad koosneb erinevatest puudest ja taimedest, see on aastaringselt v\u00e4rske ja l\u00f5hnav t\u00e4nu s\u00fcgavk\u00fclmas hoidmisele.","og_url":"https:\/\/maavagised.ee\/en\/product\/viht\/","og_site_name":"Maav\u00e4gised p\u00e4rimusmeditsiinikeskus","article_publisher":"https:\/\/www.facebook.com\/maavagised","article_modified_time":"2025-12-21T15:55:01+00:00","og_image":[{"width":551,"height":367,"url":"https:\/\/maavagised.ee\/wp-content\/uploads\/2021\/06\/Vihad.jpg","type":"image\/jpeg"}],"twitter_card":"summary_large_image","twitter_misc":{"Estimated reading time":"2 minutes"},"schema":{"@context":"https:\/\/schema.org","@graph":[{"@type":"WebPage","@id":"https:\/\/maavagised.ee\/toode\/viht\/","url":"https:\/\/maavagised.ee\/toode\/viht\/","name":"Viht (s\u00fcgavk\u00fclmutatud) - Maav\u00e4gised p\u00e4rimusmeditsiinikeskus","isPartOf":{"@id":"https:\/\/maavagised.ee\/#website"},"primaryImageOfPage":{"@id":"https:\/\/maavagised.ee\/toode\/viht\/#primaryimage"},"image":{"@id":"https:\/\/maavagised.ee\/toode\/viht\/#primaryimage"},"thumbnailUrl":"https:\/\/i0.wp.com\/maavagised.ee\/wp-content\/uploads\/2021\/06\/Vihad.jpg?fit=551%2C367&ssl=1","datePublished":"2021-06-13T19:22:00+00:00","dateModified":"2025-12-21T15:55:01+00:00","description":"Viht mille Maav\u00e4gistest ostad koosneb erinevatest puudest ja taimedest, see on aastaringselt v\u00e4rske ja l\u00f5hnav t\u00e4nu s\u00fcgavk\u00fclmas hoidmisele.","breadcrumb":{"@id":"https:\/\/maavagised.ee\/toode\/viht\/#breadcrumb"},"inLanguage":"en-GB","potentialAction":[{"@type":"ReadAction","target":["https:\/\/maavagised.ee\/toode\/viht\/"]}]},{"@type":"ImageObject","inLanguage":"en-GB","@id":"https:\/\/maavagised.ee\/toode\/viht\/#primaryimage","url":"https:\/\/i0.wp.com\/maavagised.ee\/wp-content\/uploads\/2021\/06\/Vihad.jpg?fit=551%2C367&ssl=1","contentUrl":"https:\/\/i0.wp.com\/maavagised.ee\/wp-content\/uploads\/2021\/06\/Vihad.jpg?fit=551%2C367&ssl=1","width":551,"height":367,"caption":"Viht"},{"@type":"BreadcrumbList","@id":"https:\/\/maavagised.ee\/toode\/viht\/#breadcrumb","itemListElement":[{"@type":"ListItem","position":1,"name":"Home","item":"https:\/\/maavagised.ee\/"},{"@type":"ListItem","position":2,"name":"Pood","item":"https:\/\/maavagised.ee\/pood\/"},{"@type":"ListItem","position":3,"name":"Viht (s\u00fcgavk\u00fclmutatud)"}]},{"@type":"WebSite","@id":"https:\/\/maavagised.ee\/#website","url":"https:\/\/maavagised.ee\/","name":"Maavagised","description":"L\u00f5\u00f5gastus saunas ja massaa\u017eis v\u00f5i tervis kaanidest.","publisher":{"@id":"https:\/\/maavagised.ee\/#organization"},"potentialAction":[{"@type":"SearchAction","target":{"@type":"EntryPoint","urlTemplate":"https:\/\/maavagised.ee\/?s={search_term_string}"},"query-input":{"@type":"PropertyValueSpecification","valueRequired":true,"valueName":"search_term_string"}}],"inLanguage":"en-GB"},{"@type":"Organization","@id":"https:\/\/maavagised.ee\/#organization","name":"Maav\u00e4gised p\u00e4rimusmeditsiinikeskus","url":"https:\/\/maavagised.ee\/","logo":{"@type":"ImageObject","inLanguage":"en-GB","@id":"https:\/\/maavagised.ee\/#\/schema\/logo\/image\/","url":"https:\/\/i0.wp.com\/maavagised.ee\/wp-content\/uploads\/2021\/05\/maavagised_logo1.png?fit=477%2C302&ssl=1","contentUrl":"https:\/\/i0.wp.com\/maavagised.ee\/wp-content\/uploads\/2021\/05\/maavagised_logo1.png?fit=477%2C302&ssl=1","width":477,"height":302,"caption":"Maav\u00e4gised p\u00e4rimusmeditsiinikeskus"},"image":{"@id":"https:\/\/maavagised.ee\/#\/schema\/logo\/image\/"},"sameAs":["https:\/\/www.facebook.com\/maavagised","https:\/\/www.instagram.com\/maavagised_\/"]}]}},"jetpack_sharing_enabled":true,"jetpack_likes_enabled":true,"jetpack-related-posts":[],"_links":{"self":[{"href":"https:\/\/maavagised.ee\/en\/wp-json\/wp\/v2\/product\/1401","targetHints":{"allow":["GET"]}}],"collection":[{"href":"https:\/\/maavagised.ee\/en\/wp-json\/wp\/v2\/product"}],"about":[{"href":"https:\/\/maavagised.ee\/en\/wp-json\/wp\/v2\/types\/product"}],"replies":[{"embeddable":true,"href":"https:\/\/maavagised.ee\/en\/wp-json\/wp\/v2\/comments?post=1401"}],"wp:featuredmedia":[{"embeddable":true,"href":"https:\/\/maavagised.ee\/en\/wp-json\/wp\/v2\/media\/1403"}],"wp:attachment":[{"href":"https:\/\/maavagised.ee\/en\/wp-json\/wp\/v2\/media?parent=1401"}],"wp:term":[{"taxonomy":"product_brand","embeddable":true,"href":"https:\/\/maavagised.ee\/en\/wp-json\/wp\/v2\/product_brand?post=1401"},{"taxonomy":"product_cat","embeddable":true,"href":"https:\/\/maavagised.ee\/en\/wp-json\/wp\/v2\/product_cat?post=1401"},{"taxonomy":"product_tag","embeddable":true,"href":"https:\/\/maavagised.ee\/en\/wp-json\/wp\/v2\/product_tag?post=1401"}],"curies":[{"name":"wp","href":"https:\/\/api.w.org\/{rel}","templated":true}]}}