{"id":1240,"date":"2021-06-13T17:09:25","date_gmt":"2021-06-13T17:09:25","guid":{"rendered":"https:\/\/maavagised.ee\/?post_type=product&#038;p=1240"},"modified":"2025-12-16T10:06:15","modified_gmt":"2025-12-16T08:06:15","slug":"naovesi-vistrikulisele-nahale","status":"publish","type":"product","link":"https:\/\/maavagised.ee\/en\/product\/naovesi-vistrikulisele-nahale\/","title":{"rendered":"N\u00e4ovesi vistrikulisele nahale"},"content":{"rendered":"<p>N\u00e4ovesi vistrikulisele nahale\u00a0 on tehtud Vigala Sassi retsepti j\u00e4rgides. Tema retseptiraamatus oli see n\u00e4ovesi ette n\u00e4htud akne ravi \u00fche osana. Soovituslik on kasutada seda n\u00e4ovett naha puhastamiseks vistrikulise ja rasuse naha puhul. Kui nahk on kuivem v\u00f5iks kasutada oma nahat\u00fc\u00fcbile sobivat kreemi lisaks. Kuna alkoholisisalduse t\u00f5ttu on sel n\u00e4oveel nahka kuivatav omadus.<\/p>\n<p>Sisaldab piparm\u00fcndi tinktuuri, teelehe tinktuuri, taruvaigu tinktuuri, teepuu eeterlikku \u00f5li ja destilleeritud vett<\/p>\n<p>Piparm\u00fcnt parandab verevarustust ja alandab p\u00f5letikulist protsessi.<\/p>\n<p>Teeleht on tuntud oma p\u00f5letikuvastase toime poolest aga ka kudede kiire ning hea taasatjana.<\/p>\n<p>Taruvaik on juba iidsetest aegadest tuntud oma bakterite, mikroobide ja seente vastase toime poolest, see on antiseptiline, antim\u00fckoloogiline ja p\u00f5letikuvastane, soodustab haavade paranemist, tugevdab kapillaare, v\u00e4hendab p\u00f5letikulist reaktsiooni.<\/p>\n<p>Kes vajavad t\u00f5sist akne ravi neile on see n\u00e4ovesi heaks puhastajaks ja lisandiks koos teiste ravidega. Vigala Sassi raviraamatutest leiab teisi toetavaid raviviise lisaks.<\/p>","protected":false},"excerpt":{"rendered":"<p>N\u00e4ovesi vistrikulisele nahale\u00a0 on tehtud Vigala Sassi retsepti j\u00e4rgides. Tema retseptiraamatus oli see n\u00e4ovesi ette n\u00e4htud akne ravi \u00fche osana. Soovituslik on kasutada seda n\u00e4ovett naha puhastamiseks vistrikulise ja rasuse naha puhul. Kui nahk on kuivem v\u00f5iks kasutada oma nahat\u00fc\u00fcbile sobivat kreemi lisaks. Kuna alkoholisisalduse t\u00f5ttu on sel n\u00e4oveel nahka kuivatav omadus. Sisaldab piparm\u00fcndi tinktuuri, [&hellip;]<\/p>\n","protected":false},"featured_media":1241,"comment_status":"closed","ping_status":"closed","template":"","meta":{"om_disable_all_campaigns":false,"site-sidebar-layout":"default","site-content-layout":"default","ast-site-content-layout":"","site-content-style":"default","site-sidebar-style":"default","ast-global-header-display":"","ast-banner-title-visibility":"","ast-main-header-display":"","ast-hfb-above-header-display":"","ast-hfb-below-header-display":"","ast-hfb-mobile-header-display":"","site-post-title":"","ast-breadcrumbs-content":"","ast-featured-img":"","footer-sml-layout":"","theme-transparent-header-meta":"default","adv-header-id-meta":"","stick-header-meta":"","header-above-stick-meta":"","header-main-stick-meta":"","header-below-stick-meta":"","astra-migrate-meta-layouts":"default","ast-page-background-enabled":"default","ast-page-background-meta":{"desktop":{"background-color":"","background-image":"","background-repeat":"repeat","background-position":"center center","background-size":"auto","background-attachment":"scroll","background-type":"","background-media":"","overlay-type":"","overlay-color":"","overlay-opacity":"","overlay-gradient":""},"tablet":{"background-color":"","background-image":"","background-repeat":"repeat","background-position":"center center","background-size":"auto","background-attachment":"scroll","background-type":"","background-media":"","overlay-type":"","overlay-color":"","overlay-opacity":"","overlay-gradient":""},"mobile":{"background-color":"","background-image":"","background-repeat":"repeat","background-position":"center center","background-size":"auto","background-attachment":"scroll","background-type":"","background-media":"","overlay-type":"","overlay-color":"","overlay-opacity":"","overlay-gradient":""}},"ast-content-background-meta":{"desktop":{"background-color":"var(--ast-global-color-5)","background-image":"","background-repeat":"repeat","background-position":"center center","background-size":"auto","background-attachment":"scroll","background-type":"","background-media":"","overlay-type":"","overlay-color":"","overlay-opacity":"","overlay-gradient":""},"tablet":{"background-color":"var(--ast-global-color-5)","background-image":"","background-repeat":"repeat","background-position":"center center","background-size":"auto","background-attachment":"scroll","background-type":"","background-media":"","overlay-type":"","overlay-color":"","overlay-opacity":"","overlay-gradient":""},"mobile":{"background-color":"var(--ast-global-color-5)","background-image":"","background-repeat":"repeat","background-position":"center center","background-size":"auto","background-attachment":"scroll","background-type":"","background-media":"","overlay-type":"","overlay-color":"","overlay-opacity":"","overlay-gradient":""}},"ngg_post_thumbnail":0},"product_brand":[],"product_cat":[56],"product_tag":[],"class_list":{"0":"post-1240","1":"product","2":"type-product","3":"status-publish","4":"has-post-thumbnail","6":"product_cat-naoveed","7":"desktop-align-left","8":"tablet-align-left","9":"mobile-align-left","11":"first","12":"instock","13":"shipping-taxable","14":"purchasable","15":"product-type-simple"},"yoast_head":"<!-- This site is optimized with the Yoast SEO plugin v27.1.1 - https:\/\/yoast.com\/product\/yoast-seo-wordpress\/ -->\n<title>N\u00e4ovesi vistrikulisele nahale - Maav\u00e4gised p\u00e4rimusmeditsiinikeskus<\/title>\n<meta name=\"description\" content=\"N\u00e4ovesi vistrikulisele nahale\u00a0 on tehtud Vigala Sassi retsepti j\u00e4rgides. Rahustab nahka, on antiseptiline, ravib nahka.\" \/>\n<meta name=\"robots\" content=\"index, follow, max-snippet:-1, max-image-preview:large, max-video-preview:-1\" \/>\n<link rel=\"canonical\" href=\"https:\/\/maavagised.ee\/en\/product\/naovesi-vistrikulisele-nahale\/\" \/>\n<meta property=\"og:locale\" content=\"en_GB\" \/>\n<meta property=\"og:type\" content=\"article\" \/>\n<meta property=\"og:title\" content=\"N\u00e4ovesi vistrikulisele nahale - Maav\u00e4gised p\u00e4rimusmeditsiinikeskus\" \/>\n<meta property=\"og:description\" content=\"N\u00e4ovesi vistrikulisele nahale\u00a0 on tehtud Vigala Sassi retsepti j\u00e4rgides. Rahustab nahka, on antiseptiline, ravib nahka.\" \/>\n<meta property=\"og:url\" content=\"https:\/\/maavagised.ee\/en\/product\/naovesi-vistrikulisele-nahale\/\" \/>\n<meta property=\"og:site_name\" content=\"Maav\u00e4gised p\u00e4rimusmeditsiinikeskus\" \/>\n<meta property=\"article:publisher\" content=\"https:\/\/www.facebook.com\/maavagised\" \/>\n<meta property=\"article:modified_time\" content=\"2025-12-16T08:06:15+00:00\" \/>\n<meta property=\"og:image\" content=\"https:\/\/maavagised.ee\/wp-content\/uploads\/2021\/06\/Na\u0308ovesi-scaled.jpg\" \/>\n\t<meta property=\"og:image:width\" content=\"1920\" \/>\n\t<meta property=\"og:image:height\" content=\"2560\" \/>\n\t<meta property=\"og:image:type\" content=\"image\/jpeg\" \/>\n<meta name=\"twitter:card\" content=\"summary_large_image\" \/>\n<meta name=\"twitter:label1\" content=\"Estimated reading time\" \/>\n\t<meta name=\"twitter:data1\" content=\"1 minute\" \/>\n<script type=\"application\/ld+json\" class=\"yoast-schema-graph\">{\"@context\":\"https:\/\/schema.org\",\"@graph\":[{\"@type\":\"WebPage\",\"@id\":\"https:\/\/maavagised.ee\/toode\/naovesi-vistrikulisele-nahale\/\",\"url\":\"https:\/\/maavagised.ee\/toode\/naovesi-vistrikulisele-nahale\/\",\"name\":\"N\u00e4ovesi vistrikulisele nahale - Maav\u00e4gised p\u00e4rimusmeditsiinikeskus\",\"isPartOf\":{\"@id\":\"https:\/\/maavagised.ee\/#website\"},\"primaryImageOfPage\":{\"@id\":\"https:\/\/maavagised.ee\/toode\/naovesi-vistrikulisele-nahale\/#primaryimage\"},\"image\":{\"@id\":\"https:\/\/maavagised.ee\/toode\/naovesi-vistrikulisele-nahale\/#primaryimage\"},\"thumbnailUrl\":\"https:\/\/i0.wp.com\/maavagised.ee\/wp-content\/uploads\/2021\/06\/Na%CC%88ovesi-scaled.jpg?fit=1920%2C2560&ssl=1\",\"datePublished\":\"2021-06-13T17:09:25+00:00\",\"dateModified\":\"2025-12-16T08:06:15+00:00\",\"description\":\"N\u00e4ovesi vistrikulisele nahale\u00a0 on tehtud Vigala Sassi retsepti j\u00e4rgides. Rahustab nahka, on antiseptiline, ravib nahka.\",\"breadcrumb\":{\"@id\":\"https:\/\/maavagised.ee\/toode\/naovesi-vistrikulisele-nahale\/#breadcrumb\"},\"inLanguage\":\"en-GB\",\"potentialAction\":[{\"@type\":\"ReadAction\",\"target\":[\"https:\/\/maavagised.ee\/toode\/naovesi-vistrikulisele-nahale\/\"]}]},{\"@type\":\"ImageObject\",\"inLanguage\":\"en-GB\",\"@id\":\"https:\/\/maavagised.ee\/toode\/naovesi-vistrikulisele-nahale\/#primaryimage\",\"url\":\"https:\/\/i0.wp.com\/maavagised.ee\/wp-content\/uploads\/2021\/06\/Na%CC%88ovesi-scaled.jpg?fit=1920%2C2560&ssl=1\",\"contentUrl\":\"https:\/\/i0.wp.com\/maavagised.ee\/wp-content\/uploads\/2021\/06\/Na%CC%88ovesi-scaled.jpg?fit=1920%2C2560&ssl=1\",\"width\":1920,\"height\":2560,\"caption\":\"n\u00e4ovesi\"},{\"@type\":\"BreadcrumbList\",\"@id\":\"https:\/\/maavagised.ee\/toode\/naovesi-vistrikulisele-nahale\/#breadcrumb\",\"itemListElement\":[{\"@type\":\"ListItem\",\"position\":1,\"name\":\"Home\",\"item\":\"https:\/\/maavagised.ee\/\"},{\"@type\":\"ListItem\",\"position\":2,\"name\":\"Pood\",\"item\":\"https:\/\/maavagised.ee\/pood\/\"},{\"@type\":\"ListItem\",\"position\":3,\"name\":\"N\u00e4ovesi vistrikulisele nahale\"}]},{\"@type\":\"WebSite\",\"@id\":\"https:\/\/maavagised.ee\/#website\",\"url\":\"https:\/\/maavagised.ee\/\",\"name\":\"Maavagised\",\"description\":\"L\u00f5\u00f5gastus saunas ja massaa\u017eis v\u00f5i tervis kaanidest.\",\"publisher\":{\"@id\":\"https:\/\/maavagised.ee\/#organization\"},\"potentialAction\":[{\"@type\":\"SearchAction\",\"target\":{\"@type\":\"EntryPoint\",\"urlTemplate\":\"https:\/\/maavagised.ee\/?s={search_term_string}\"},\"query-input\":{\"@type\":\"PropertyValueSpecification\",\"valueRequired\":true,\"valueName\":\"search_term_string\"}}],\"inLanguage\":\"en-GB\"},{\"@type\":\"Organization\",\"@id\":\"https:\/\/maavagised.ee\/#organization\",\"name\":\"Maav\u00e4gised p\u00e4rimusmeditsiinikeskus\",\"url\":\"https:\/\/maavagised.ee\/\",\"logo\":{\"@type\":\"ImageObject\",\"inLanguage\":\"en-GB\",\"@id\":\"https:\/\/maavagised.ee\/#\/schema\/logo\/image\/\",\"url\":\"https:\/\/i0.wp.com\/maavagised.ee\/wp-content\/uploads\/2021\/05\/maavagised_logo1.png?fit=477%2C302&ssl=1\",\"contentUrl\":\"https:\/\/i0.wp.com\/maavagised.ee\/wp-content\/uploads\/2021\/05\/maavagised_logo1.png?fit=477%2C302&ssl=1\",\"width\":477,\"height\":302,\"caption\":\"Maav\u00e4gised p\u00e4rimusmeditsiinikeskus\"},\"image\":{\"@id\":\"https:\/\/maavagised.ee\/#\/schema\/logo\/image\/\"},\"sameAs\":[\"https:\/\/www.facebook.com\/maavagised\",\"https:\/\/www.instagram.com\/maavagised_\/\"]}]}<\/script>\n<!-- \/ Yoast SEO plugin. -->","yoast_head_json":{"title":"N\u00e4ovesi vistrikulisele nahale - Maav\u00e4gised p\u00e4rimusmeditsiinikeskus","description":"N\u00e4ovesi vistrikulisele nahale\u00a0 on tehtud Vigala Sassi retsepti j\u00e4rgides. Rahustab nahka, on antiseptiline, ravib nahka.","robots":{"index":"index","follow":"follow","max-snippet":"max-snippet:-1","max-image-preview":"max-image-preview:large","max-video-preview":"max-video-preview:-1"},"canonical":"https:\/\/maavagised.ee\/en\/product\/naovesi-vistrikulisele-nahale\/","og_locale":"en_GB","og_type":"article","og_title":"N\u00e4ovesi vistrikulisele nahale - Maav\u00e4gised p\u00e4rimusmeditsiinikeskus","og_description":"N\u00e4ovesi vistrikulisele nahale\u00a0 on tehtud Vigala Sassi retsepti j\u00e4rgides. Rahustab nahka, on antiseptiline, ravib nahka.","og_url":"https:\/\/maavagised.ee\/en\/product\/naovesi-vistrikulisele-nahale\/","og_site_name":"Maav\u00e4gised p\u00e4rimusmeditsiinikeskus","article_publisher":"https:\/\/www.facebook.com\/maavagised","article_modified_time":"2025-12-16T08:06:15+00:00","og_image":[{"width":1920,"height":2560,"url":"https:\/\/maavagised.ee\/wp-content\/uploads\/2021\/06\/Na\u0308ovesi-scaled.jpg","type":"image\/jpeg"}],"twitter_card":"summary_large_image","twitter_misc":{"Estimated reading time":"1 minute"},"schema":{"@context":"https:\/\/schema.org","@graph":[{"@type":"WebPage","@id":"https:\/\/maavagised.ee\/toode\/naovesi-vistrikulisele-nahale\/","url":"https:\/\/maavagised.ee\/toode\/naovesi-vistrikulisele-nahale\/","name":"N\u00e4ovesi vistrikulisele nahale - Maav\u00e4gised p\u00e4rimusmeditsiinikeskus","isPartOf":{"@id":"https:\/\/maavagised.ee\/#website"},"primaryImageOfPage":{"@id":"https:\/\/maavagised.ee\/toode\/naovesi-vistrikulisele-nahale\/#primaryimage"},"image":{"@id":"https:\/\/maavagised.ee\/toode\/naovesi-vistrikulisele-nahale\/#primaryimage"},"thumbnailUrl":"https:\/\/i0.wp.com\/maavagised.ee\/wp-content\/uploads\/2021\/06\/Na%CC%88ovesi-scaled.jpg?fit=1920%2C2560&ssl=1","datePublished":"2021-06-13T17:09:25+00:00","dateModified":"2025-12-16T08:06:15+00:00","description":"N\u00e4ovesi vistrikulisele nahale\u00a0 on tehtud Vigala Sassi retsepti j\u00e4rgides. Rahustab nahka, on antiseptiline, ravib nahka.","breadcrumb":{"@id":"https:\/\/maavagised.ee\/toode\/naovesi-vistrikulisele-nahale\/#breadcrumb"},"inLanguage":"en-GB","potentialAction":[{"@type":"ReadAction","target":["https:\/\/maavagised.ee\/toode\/naovesi-vistrikulisele-nahale\/"]}]},{"@type":"ImageObject","inLanguage":"en-GB","@id":"https:\/\/maavagised.ee\/toode\/naovesi-vistrikulisele-nahale\/#primaryimage","url":"https:\/\/i0.wp.com\/maavagised.ee\/wp-content\/uploads\/2021\/06\/Na%CC%88ovesi-scaled.jpg?fit=1920%2C2560&ssl=1","contentUrl":"https:\/\/i0.wp.com\/maavagised.ee\/wp-content\/uploads\/2021\/06\/Na%CC%88ovesi-scaled.jpg?fit=1920%2C2560&ssl=1","width":1920,"height":2560,"caption":"n\u00e4ovesi"},{"@type":"BreadcrumbList","@id":"https:\/\/maavagised.ee\/toode\/naovesi-vistrikulisele-nahale\/#breadcrumb","itemListElement":[{"@type":"ListItem","position":1,"name":"Home","item":"https:\/\/maavagised.ee\/"},{"@type":"ListItem","position":2,"name":"Pood","item":"https:\/\/maavagised.ee\/pood\/"},{"@type":"ListItem","position":3,"name":"N\u00e4ovesi vistrikulisele nahale"}]},{"@type":"WebSite","@id":"https:\/\/maavagised.ee\/#website","url":"https:\/\/maavagised.ee\/","name":"Maavagised","description":"L\u00f5\u00f5gastus saunas ja massaa\u017eis v\u00f5i tervis kaanidest.","publisher":{"@id":"https:\/\/maavagised.ee\/#organization"},"potentialAction":[{"@type":"SearchAction","target":{"@type":"EntryPoint","urlTemplate":"https:\/\/maavagised.ee\/?s={search_term_string}"},"query-input":{"@type":"PropertyValueSpecification","valueRequired":true,"valueName":"search_term_string"}}],"inLanguage":"en-GB"},{"@type":"Organization","@id":"https:\/\/maavagised.ee\/#organization","name":"Maav\u00e4gised p\u00e4rimusmeditsiinikeskus","url":"https:\/\/maavagised.ee\/","logo":{"@type":"ImageObject","inLanguage":"en-GB","@id":"https:\/\/maavagised.ee\/#\/schema\/logo\/image\/","url":"https:\/\/i0.wp.com\/maavagised.ee\/wp-content\/uploads\/2021\/05\/maavagised_logo1.png?fit=477%2C302&ssl=1","contentUrl":"https:\/\/i0.wp.com\/maavagised.ee\/wp-content\/uploads\/2021\/05\/maavagised_logo1.png?fit=477%2C302&ssl=1","width":477,"height":302,"caption":"Maav\u00e4gised p\u00e4rimusmeditsiinikeskus"},"image":{"@id":"https:\/\/maavagised.ee\/#\/schema\/logo\/image\/"},"sameAs":["https:\/\/www.facebook.com\/maavagised","https:\/\/www.instagram.com\/maavagised_\/"]}]}},"jetpack_sharing_enabled":true,"jetpack_likes_enabled":true,"jetpack-related-posts":[],"_links":{"self":[{"href":"https:\/\/maavagised.ee\/en\/wp-json\/wp\/v2\/product\/1240","targetHints":{"allow":["GET"]}}],"collection":[{"href":"https:\/\/maavagised.ee\/en\/wp-json\/wp\/v2\/product"}],"about":[{"href":"https:\/\/maavagised.ee\/en\/wp-json\/wp\/v2\/types\/product"}],"replies":[{"embeddable":true,"href":"https:\/\/maavagised.ee\/en\/wp-json\/wp\/v2\/comments?post=1240"}],"wp:featuredmedia":[{"embeddable":true,"href":"https:\/\/maavagised.ee\/en\/wp-json\/wp\/v2\/media\/1241"}],"wp:attachment":[{"href":"https:\/\/maavagised.ee\/en\/wp-json\/wp\/v2\/media?parent=1240"}],"wp:term":[{"taxonomy":"product_brand","embeddable":true,"href":"https:\/\/maavagised.ee\/en\/wp-json\/wp\/v2\/product_brand?post=1240"},{"taxonomy":"product_cat","embeddable":true,"href":"https:\/\/maavagised.ee\/en\/wp-json\/wp\/v2\/product_cat?post=1240"},{"taxonomy":"product_tag","embeddable":true,"href":"https:\/\/maavagised.ee\/en\/wp-json\/wp\/v2\/product_tag?post=1240"}],"curies":[{"name":"wp","href":"https:\/\/api.w.org\/{rel}","templated":true}]}}