{"id":1188,"date":"2021-06-08T21:55:51","date_gmt":"2021-06-08T18:55:51","guid":{"rendered":"https:\/\/maavagised.ee\/?post_type=product&#038;p=1188"},"modified":"2025-12-16T10:10:15","modified_gmt":"2025-12-16T08:10:15","slug":"toitev-naokreem","status":"publish","type":"product","link":"https:\/\/maavagised.ee\/en\/product\/toitev-naokreem\/","title":{"rendered":"Toitev n\u00e4okreem 50ml"},"content":{"rendered":"<p>Toitev n\u00e4okreem &#8211; selle v\u00f5tmes\u00f5naks on saialill. Saialille \u00f5li ja saialille t\u00f5mmis muudavad kreemi nahka toetavaks ja on ka nahka uuendavad ning p\u00f5letikke ravivad. Kreem sisaldab ka E-vitamiini, mis on antioks\u00fcdantne ning aitab uuendada naharakke. Porgandi\u00f5li taaselustab ja taastab naha s\u00e4ra, sisaldab rikkalikult beetakaroteeni olles \u00fcks parimaid nahka elustavaid \u00f5lisid andes lisaks kreemile ka kauni kollaka tooni.<\/p>\n<p>Lisaks sisaldab kreem ka koeens\u00fc\u00fcmi Q10, mis on t\u00f5hus antioks\u00fcdant ja p\u00e4rsib vananemisprotsesse.<\/p>\n<p>Koens\u00fc\u00fcm Q10 peamine fuktsioon on kaitsta rakke vabade radikaalide kahjuliku toime eest.&nbsp;<\/p>\n<p>Usutakse, et vabad radikaalid p\u00f5hjustavad naha vananemist, antioks\u00fcdandid suudavad vabasid radikaale neutraliseerida ja sellega v\u00e4hendada v\u00f5i ennetada m\u00f5ndasid nendepoolt p\u00f5hjustatud kahjustusi.<\/p>\n<p>Koens\u00fc\u00fcm Q10 on vananemisvastastes nahahooldustoodetes hinnatud toimeaine.<\/p>\n<p>See n\u00e4okreem on suvise meeli\u00fclendava magnoolia l\u00f5hnaga.&nbsp;<\/p>\n<p>See toitev n\u00e4okreem kuivale nahale p\u00e4evaseks kreemiks ja rasusema v\u00f5i kombineeritud naha puhul on soovitav kasutada seda \u00f6\u00f6kreemine.<\/p>\n<p>Meie kreemide puhul on kasutataud toorainet, mis on ise kasvatatud v\u00f5ikogutud puhtast Eesti loodusest. Tooraine mida ostame sisse on kontrollitud ja \u00f6koloogiliselt puhas.<\/p>\n<p>Meie eesm\u00e4rgiks on pakkuda lihtsaid ja maal\u00e4hedasi tooteid neile, kes hindavad loodust, tervist ja v\u00f5imalikult v\u00e4ikest \u00f6koloogilist jalaj\u00e4lge<\/p>","protected":false},"excerpt":{"rendered":"<p>Toitev n\u00e4okreem &#8211; selle v\u00f5tmes\u00f5naks on saialill. Saialille \u00f5li ja saialille t\u00f5mmis muudavad kreemi nahka toetavaks ja on ka nahka uuendavad ning p\u00f5letikke ravivad. Kreem sisaldab ka E-vitamiini, mis on antioks\u00fcdantne ning aitab uuendada naharakke. Porgandi\u00f5li taaselustab ja taastab naha s\u00e4ra, sisaldab rikkalikult beetakaroteeni olles \u00fcks parimaid nahka elustavaid \u00f5lisid andes lisaks kreemile ka kauni [&hellip;]<\/p>\n","protected":false},"featured_media":1242,"comment_status":"closed","ping_status":"closed","template":"","meta":{"om_disable_all_campaigns":false,"site-sidebar-layout":"default","site-content-layout":"default","ast-site-content-layout":"default","site-content-style":"default","site-sidebar-style":"default","ast-global-header-display":"","ast-banner-title-visibility":"","ast-main-header-display":"","ast-hfb-above-header-display":"","ast-hfb-below-header-display":"","ast-hfb-mobile-header-display":"","site-post-title":"","ast-breadcrumbs-content":"","ast-featured-img":"","footer-sml-layout":"","theme-transparent-header-meta":"default","adv-header-id-meta":"","stick-header-meta":"","header-above-stick-meta":"","header-main-stick-meta":"","header-below-stick-meta":"","astra-migrate-meta-layouts":"set","ast-page-background-enabled":"default","ast-page-background-meta":{"desktop":{"background-color":"","background-image":"","background-repeat":"repeat","background-position":"center center","background-size":"auto","background-attachment":"scroll","background-type":"","background-media":"","overlay-type":"","overlay-color":"","overlay-opacity":"","overlay-gradient":""},"tablet":{"background-color":"","background-image":"","background-repeat":"repeat","background-position":"center center","background-size":"auto","background-attachment":"scroll","background-type":"","background-media":"","overlay-type":"","overlay-color":"","overlay-opacity":"","overlay-gradient":""},"mobile":{"background-color":"","background-image":"","background-repeat":"repeat","background-position":"center center","background-size":"auto","background-attachment":"scroll","background-type":"","background-media":"","overlay-type":"","overlay-color":"","overlay-opacity":"","overlay-gradient":""}},"ast-content-background-meta":{"desktop":{"background-color":"var(--ast-global-color-5)","background-image":"","background-repeat":"repeat","background-position":"center center","background-size":"auto","background-attachment":"scroll","background-type":"","background-media":"","overlay-type":"","overlay-color":"","overlay-opacity":"","overlay-gradient":""},"tablet":{"background-color":"var(--ast-global-color-5)","background-image":"","background-repeat":"repeat","background-position":"center center","background-size":"auto","background-attachment":"scroll","background-type":"","background-media":"","overlay-type":"","overlay-color":"","overlay-opacity":"","overlay-gradient":""},"mobile":{"background-color":"var(--ast-global-color-5)","background-image":"","background-repeat":"repeat","background-position":"center center","background-size":"auto","background-attachment":"scroll","background-type":"","background-media":"","overlay-type":"","overlay-color":"","overlay-opacity":"","overlay-gradient":""}},"ngg_post_thumbnail":0},"product_brand":[],"product_cat":[21],"product_tag":[],"class_list":{"0":"post-1188","1":"product","2":"type-product","3":"status-publish","4":"has-post-thumbnail","6":"product_cat-kreemid","7":"desktop-align-left","8":"tablet-align-left","9":"mobile-align-left","11":"first","12":"instock","13":"shipping-taxable","14":"purchasable","15":"product-type-simple"},"yoast_head":"<!-- This site is optimized with the Yoast SEO plugin v27.1.1 - https:\/\/yoast.com\/product\/yoast-seo-wordpress\/ -->\n<title>Toitev n\u00e4okreem 50ml - Maav\u00e4gised p\u00e4rimusmeditsiinikeskus<\/title>\n<meta name=\"description\" content=\"Toitev n\u00e4okreemis on p\u00f5letikku alandav saialille \u00f5li ja t\u00f5mmis, beetakaroteen e-vitamiin ning koeens\u00fc\u00fcm Q10. Taaselustab ja taastab nahka.\" \/>\n<meta name=\"robots\" content=\"index, follow, max-snippet:-1, max-image-preview:large, max-video-preview:-1\" \/>\n<link rel=\"canonical\" href=\"https:\/\/maavagised.ee\/en\/product\/toitev-naokreem\/\" \/>\n<meta property=\"og:locale\" content=\"en_GB\" \/>\n<meta property=\"og:type\" content=\"article\" \/>\n<meta property=\"og:title\" content=\"Toitev n\u00e4okreem 50ml - Maav\u00e4gised p\u00e4rimusmeditsiinikeskus\" \/>\n<meta property=\"og:description\" content=\"Toitev n\u00e4okreemis on p\u00f5letikku alandav saialille \u00f5li ja t\u00f5mmis, beetakaroteen e-vitamiin ning koeens\u00fc\u00fcm Q10. Taaselustab ja taastab nahka.\" \/>\n<meta property=\"og:url\" content=\"https:\/\/maavagised.ee\/en\/product\/toitev-naokreem\/\" \/>\n<meta property=\"og:site_name\" content=\"Maav\u00e4gised p\u00e4rimusmeditsiinikeskus\" \/>\n<meta property=\"article:publisher\" content=\"https:\/\/www.facebook.com\/maavagised\" \/>\n<meta property=\"article:modified_time\" content=\"2025-12-16T08:10:15+00:00\" \/>\n<meta property=\"og:image\" content=\"https:\/\/maavagised.ee\/wp-content\/uploads\/2021\/06\/Toitev-kreem-scaled.jpg\" \/>\n\t<meta property=\"og:image:width\" content=\"1920\" \/>\n\t<meta property=\"og:image:height\" content=\"2560\" \/>\n\t<meta property=\"og:image:type\" content=\"image\/jpeg\" \/>\n<meta name=\"twitter:card\" content=\"summary_large_image\" \/>\n<meta name=\"twitter:label1\" content=\"Estimated reading time\" \/>\n\t<meta name=\"twitter:data1\" content=\"1 minute\" \/>\n<script type=\"application\/ld+json\" class=\"yoast-schema-graph\">{\"@context\":\"https:\/\/schema.org\",\"@graph\":[{\"@type\":\"WebPage\",\"@id\":\"https:\/\/maavagised.ee\/toode\/toitev-naokreem\/\",\"url\":\"https:\/\/maavagised.ee\/toode\/toitev-naokreem\/\",\"name\":\"Toitev n\u00e4okreem 50ml - Maav\u00e4gised p\u00e4rimusmeditsiinikeskus\",\"isPartOf\":{\"@id\":\"https:\/\/maavagised.ee\/#website\"},\"primaryImageOfPage\":{\"@id\":\"https:\/\/maavagised.ee\/toode\/toitev-naokreem\/#primaryimage\"},\"image\":{\"@id\":\"https:\/\/maavagised.ee\/toode\/toitev-naokreem\/#primaryimage\"},\"thumbnailUrl\":\"https:\/\/i0.wp.com\/maavagised.ee\/wp-content\/uploads\/2021\/06\/Toitev-kreem-scaled.jpg?fit=1920%2C2560&ssl=1\",\"datePublished\":\"2021-06-08T18:55:51+00:00\",\"dateModified\":\"2025-12-16T08:10:15+00:00\",\"description\":\"Toitev n\u00e4okreemis on p\u00f5letikku alandav saialille \u00f5li ja t\u00f5mmis, beetakaroteen e-vitamiin ning koeens\u00fc\u00fcm Q10. Taaselustab ja taastab nahka.\",\"breadcrumb\":{\"@id\":\"https:\/\/maavagised.ee\/toode\/toitev-naokreem\/#breadcrumb\"},\"inLanguage\":\"en-GB\",\"potentialAction\":[{\"@type\":\"ReadAction\",\"target\":[\"https:\/\/maavagised.ee\/toode\/toitev-naokreem\/\"]}]},{\"@type\":\"ImageObject\",\"inLanguage\":\"en-GB\",\"@id\":\"https:\/\/maavagised.ee\/toode\/toitev-naokreem\/#primaryimage\",\"url\":\"https:\/\/i0.wp.com\/maavagised.ee\/wp-content\/uploads\/2021\/06\/Toitev-kreem-scaled.jpg?fit=1920%2C2560&ssl=1\",\"contentUrl\":\"https:\/\/i0.wp.com\/maavagised.ee\/wp-content\/uploads\/2021\/06\/Toitev-kreem-scaled.jpg?fit=1920%2C2560&ssl=1\",\"width\":1920,\"height\":2560},{\"@type\":\"BreadcrumbList\",\"@id\":\"https:\/\/maavagised.ee\/toode\/toitev-naokreem\/#breadcrumb\",\"itemListElement\":[{\"@type\":\"ListItem\",\"position\":1,\"name\":\"Home\",\"item\":\"https:\/\/maavagised.ee\/\"},{\"@type\":\"ListItem\",\"position\":2,\"name\":\"Pood\",\"item\":\"https:\/\/maavagised.ee\/pood\/\"},{\"@type\":\"ListItem\",\"position\":3,\"name\":\"Toitev n\u00e4okreem 50ml\"}]},{\"@type\":\"WebSite\",\"@id\":\"https:\/\/maavagised.ee\/#website\",\"url\":\"https:\/\/maavagised.ee\/\",\"name\":\"Maavagised\",\"description\":\"L\u00f5\u00f5gastus saunas ja massaa\u017eis v\u00f5i tervis kaanidest.\",\"publisher\":{\"@id\":\"https:\/\/maavagised.ee\/#organization\"},\"potentialAction\":[{\"@type\":\"SearchAction\",\"target\":{\"@type\":\"EntryPoint\",\"urlTemplate\":\"https:\/\/maavagised.ee\/?s={search_term_string}\"},\"query-input\":{\"@type\":\"PropertyValueSpecification\",\"valueRequired\":true,\"valueName\":\"search_term_string\"}}],\"inLanguage\":\"en-GB\"},{\"@type\":\"Organization\",\"@id\":\"https:\/\/maavagised.ee\/#organization\",\"name\":\"Maav\u00e4gised p\u00e4rimusmeditsiinikeskus\",\"url\":\"https:\/\/maavagised.ee\/\",\"logo\":{\"@type\":\"ImageObject\",\"inLanguage\":\"en-GB\",\"@id\":\"https:\/\/maavagised.ee\/#\/schema\/logo\/image\/\",\"url\":\"https:\/\/i0.wp.com\/maavagised.ee\/wp-content\/uploads\/2021\/05\/maavagised_logo1.png?fit=477%2C302&ssl=1\",\"contentUrl\":\"https:\/\/i0.wp.com\/maavagised.ee\/wp-content\/uploads\/2021\/05\/maavagised_logo1.png?fit=477%2C302&ssl=1\",\"width\":477,\"height\":302,\"caption\":\"Maav\u00e4gised p\u00e4rimusmeditsiinikeskus\"},\"image\":{\"@id\":\"https:\/\/maavagised.ee\/#\/schema\/logo\/image\/\"},\"sameAs\":[\"https:\/\/www.facebook.com\/maavagised\",\"https:\/\/www.instagram.com\/maavagised_\/\"]}]}<\/script>\n<!-- \/ Yoast SEO plugin. -->","yoast_head_json":{"title":"Toitev n\u00e4okreem 50ml - Maav\u00e4gised p\u00e4rimusmeditsiinikeskus","description":"Toitev n\u00e4okreemis on p\u00f5letikku alandav saialille \u00f5li ja t\u00f5mmis, beetakaroteen e-vitamiin ning koeens\u00fc\u00fcm Q10. Taaselustab ja taastab nahka.","robots":{"index":"index","follow":"follow","max-snippet":"max-snippet:-1","max-image-preview":"max-image-preview:large","max-video-preview":"max-video-preview:-1"},"canonical":"https:\/\/maavagised.ee\/en\/product\/toitev-naokreem\/","og_locale":"en_GB","og_type":"article","og_title":"Toitev n\u00e4okreem 50ml - Maav\u00e4gised p\u00e4rimusmeditsiinikeskus","og_description":"Toitev n\u00e4okreemis on p\u00f5letikku alandav saialille \u00f5li ja t\u00f5mmis, beetakaroteen e-vitamiin ning koeens\u00fc\u00fcm Q10. Taaselustab ja taastab nahka.","og_url":"https:\/\/maavagised.ee\/en\/product\/toitev-naokreem\/","og_site_name":"Maav\u00e4gised p\u00e4rimusmeditsiinikeskus","article_publisher":"https:\/\/www.facebook.com\/maavagised","article_modified_time":"2025-12-16T08:10:15+00:00","og_image":[{"width":1920,"height":2560,"url":"https:\/\/maavagised.ee\/wp-content\/uploads\/2021\/06\/Toitev-kreem-scaled.jpg","type":"image\/jpeg"}],"twitter_card":"summary_large_image","twitter_misc":{"Estimated reading time":"1 minute"},"schema":{"@context":"https:\/\/schema.org","@graph":[{"@type":"WebPage","@id":"https:\/\/maavagised.ee\/toode\/toitev-naokreem\/","url":"https:\/\/maavagised.ee\/toode\/toitev-naokreem\/","name":"Toitev n\u00e4okreem 50ml - Maav\u00e4gised p\u00e4rimusmeditsiinikeskus","isPartOf":{"@id":"https:\/\/maavagised.ee\/#website"},"primaryImageOfPage":{"@id":"https:\/\/maavagised.ee\/toode\/toitev-naokreem\/#primaryimage"},"image":{"@id":"https:\/\/maavagised.ee\/toode\/toitev-naokreem\/#primaryimage"},"thumbnailUrl":"https:\/\/i0.wp.com\/maavagised.ee\/wp-content\/uploads\/2021\/06\/Toitev-kreem-scaled.jpg?fit=1920%2C2560&ssl=1","datePublished":"2021-06-08T18:55:51+00:00","dateModified":"2025-12-16T08:10:15+00:00","description":"Toitev n\u00e4okreemis on p\u00f5letikku alandav saialille \u00f5li ja t\u00f5mmis, beetakaroteen e-vitamiin ning koeens\u00fc\u00fcm Q10. Taaselustab ja taastab nahka.","breadcrumb":{"@id":"https:\/\/maavagised.ee\/toode\/toitev-naokreem\/#breadcrumb"},"inLanguage":"en-GB","potentialAction":[{"@type":"ReadAction","target":["https:\/\/maavagised.ee\/toode\/toitev-naokreem\/"]}]},{"@type":"ImageObject","inLanguage":"en-GB","@id":"https:\/\/maavagised.ee\/toode\/toitev-naokreem\/#primaryimage","url":"https:\/\/i0.wp.com\/maavagised.ee\/wp-content\/uploads\/2021\/06\/Toitev-kreem-scaled.jpg?fit=1920%2C2560&ssl=1","contentUrl":"https:\/\/i0.wp.com\/maavagised.ee\/wp-content\/uploads\/2021\/06\/Toitev-kreem-scaled.jpg?fit=1920%2C2560&ssl=1","width":1920,"height":2560},{"@type":"BreadcrumbList","@id":"https:\/\/maavagised.ee\/toode\/toitev-naokreem\/#breadcrumb","itemListElement":[{"@type":"ListItem","position":1,"name":"Home","item":"https:\/\/maavagised.ee\/"},{"@type":"ListItem","position":2,"name":"Pood","item":"https:\/\/maavagised.ee\/pood\/"},{"@type":"ListItem","position":3,"name":"Toitev n\u00e4okreem 50ml"}]},{"@type":"WebSite","@id":"https:\/\/maavagised.ee\/#website","url":"https:\/\/maavagised.ee\/","name":"Maavagised","description":"L\u00f5\u00f5gastus saunas ja massaa\u017eis v\u00f5i tervis kaanidest.","publisher":{"@id":"https:\/\/maavagised.ee\/#organization"},"potentialAction":[{"@type":"SearchAction","target":{"@type":"EntryPoint","urlTemplate":"https:\/\/maavagised.ee\/?s={search_term_string}"},"query-input":{"@type":"PropertyValueSpecification","valueRequired":true,"valueName":"search_term_string"}}],"inLanguage":"en-GB"},{"@type":"Organization","@id":"https:\/\/maavagised.ee\/#organization","name":"Maav\u00e4gised p\u00e4rimusmeditsiinikeskus","url":"https:\/\/maavagised.ee\/","logo":{"@type":"ImageObject","inLanguage":"en-GB","@id":"https:\/\/maavagised.ee\/#\/schema\/logo\/image\/","url":"https:\/\/i0.wp.com\/maavagised.ee\/wp-content\/uploads\/2021\/05\/maavagised_logo1.png?fit=477%2C302&ssl=1","contentUrl":"https:\/\/i0.wp.com\/maavagised.ee\/wp-content\/uploads\/2021\/05\/maavagised_logo1.png?fit=477%2C302&ssl=1","width":477,"height":302,"caption":"Maav\u00e4gised p\u00e4rimusmeditsiinikeskus"},"image":{"@id":"https:\/\/maavagised.ee\/#\/schema\/logo\/image\/"},"sameAs":["https:\/\/www.facebook.com\/maavagised","https:\/\/www.instagram.com\/maavagised_\/"]}]}},"jetpack_sharing_enabled":true,"jetpack_likes_enabled":true,"jetpack-related-posts":[],"_links":{"self":[{"href":"https:\/\/maavagised.ee\/en\/wp-json\/wp\/v2\/product\/1188","targetHints":{"allow":["GET"]}}],"collection":[{"href":"https:\/\/maavagised.ee\/en\/wp-json\/wp\/v2\/product"}],"about":[{"href":"https:\/\/maavagised.ee\/en\/wp-json\/wp\/v2\/types\/product"}],"replies":[{"embeddable":true,"href":"https:\/\/maavagised.ee\/en\/wp-json\/wp\/v2\/comments?post=1188"}],"wp:featuredmedia":[{"embeddable":true,"href":"https:\/\/maavagised.ee\/en\/wp-json\/wp\/v2\/media\/1242"}],"wp:attachment":[{"href":"https:\/\/maavagised.ee\/en\/wp-json\/wp\/v2\/media?parent=1188"}],"wp:term":[{"taxonomy":"product_brand","embeddable":true,"href":"https:\/\/maavagised.ee\/en\/wp-json\/wp\/v2\/product_brand?post=1188"},{"taxonomy":"product_cat","embeddable":true,"href":"https:\/\/maavagised.ee\/en\/wp-json\/wp\/v2\/product_cat?post=1188"},{"taxonomy":"product_tag","embeddable":true,"href":"https:\/\/maavagised.ee\/en\/wp-json\/wp\/v2\/product_tag?post=1188"}],"curies":[{"name":"wp","href":"https:\/\/api.w.org\/{rel}","templated":true}]}}