{"id":971,"date":"2021-06-06T21:47:33","date_gmt":"2021-06-06T21:47:33","guid":{"rendered":"https:\/\/maavagised.ee\/?page_id=971"},"modified":"2021-06-06T21:47:33","modified_gmt":"2021-06-06T21:47:33","slug":"eelmise-elu-rannak","status":"publish","type":"page","link":"https:\/\/maavagised.ee\/en\/eelmise-elu-rannak\/","title":{"rendered":"Eelmise elu r\u00e4nnak"},"content":{"rendered":"<p>Eelmise elu r\u00e4nnak ehk regressioon eelmistesse eludesse aitab lahendada kitsas kohti siinses elus, saada informatsiooni oma elueesm\u00e4rgi kohta, lahendust ja abi erinevatele terviseprobleemidele, leida lahendusi ning m\u00f5istmist suhteprobleemidele.<\/p>\n\n\n\n<figure class=\"wp-block-image size-large\"><img data-recalc-dims=\"1\" fetchpriority=\"high\" decoding=\"async\" width=\"1024\" height=\"683\" data-attachment-id=\"434\" data-permalink=\"https:\/\/maavagised.ee\/en\/home\/holistiline-regressiooniteraapia\/\" data-orig-file=\"https:\/\/i0.wp.com\/maavagised.ee\/wp-content\/uploads\/2021\/05\/Holistiline-regressiooniteraapia-scaled.jpg?fit=2560%2C1707&amp;ssl=1\" data-orig-size=\"2560,1707\" data-comments-opened=\"0\" data-image-meta=\"{&quot;aperture&quot;:&quot;0&quot;,&quot;credit&quot;:&quot;&quot;,&quot;camera&quot;:&quot;&quot;,&quot;caption&quot;:&quot;&quot;,&quot;created_timestamp&quot;:&quot;0&quot;,&quot;copyright&quot;:&quot;&quot;,&quot;focal_length&quot;:&quot;0&quot;,&quot;iso&quot;:&quot;0&quot;,&quot;shutter_speed&quot;:&quot;0&quot;,&quot;title&quot;:&quot;&quot;,&quot;orientation&quot;:&quot;0&quot;}\" data-image-title=\"Holistiline regressiooniteraapia\" data-image-description=\"\" data-image-caption=\"\" data-medium-file=\"https:\/\/i0.wp.com\/maavagised.ee\/wp-content\/uploads\/2021\/05\/Holistiline-regressiooniteraapia-scaled.jpg?fit=300%2C200&amp;ssl=1\" data-large-file=\"https:\/\/i0.wp.com\/maavagised.ee\/wp-content\/uploads\/2021\/05\/Holistiline-regressiooniteraapia-scaled.jpg?fit=1024%2C683&amp;ssl=1\" src=\"https:\/\/i0.wp.com\/maavagised.ee\/wp-content\/uploads\/2021\/05\/Holistiline-regressiooniteraapia.jpg?resize=1024%2C683&#038;ssl=1\" alt=\"Eelmise elu r\u00e4nnak, regressiooniteraapia\" class=\"wp-image-434\" srcset=\"https:\/\/i0.wp.com\/maavagised.ee\/wp-content\/uploads\/2021\/05\/Holistiline-regressiooniteraapia-scaled.jpg?resize=1024%2C683&amp;ssl=1 1024w, https:\/\/i0.wp.com\/maavagised.ee\/wp-content\/uploads\/2021\/05\/Holistiline-regressiooniteraapia-scaled.jpg?resize=600%2C400&amp;ssl=1 600w, https:\/\/i0.wp.com\/maavagised.ee\/wp-content\/uploads\/2021\/05\/Holistiline-regressiooniteraapia-scaled.jpg?resize=300%2C200&amp;ssl=1 300w, https:\/\/i0.wp.com\/maavagised.ee\/wp-content\/uploads\/2021\/05\/Holistiline-regressiooniteraapia-scaled.jpg?resize=768%2C512&amp;ssl=1 768w, https:\/\/i0.wp.com\/maavagised.ee\/wp-content\/uploads\/2021\/05\/Holistiline-regressiooniteraapia-scaled.jpg?resize=1536%2C1024&amp;ssl=1 1536w, https:\/\/i0.wp.com\/maavagised.ee\/wp-content\/uploads\/2021\/05\/Holistiline-regressiooniteraapia-scaled.jpg?resize=2048%2C1365&amp;ssl=1 2048w\" sizes=\"(max-width: 1000px) 100vw, 1000px\" \/><\/figure>\n\n\n\n<p>Regressiooniga on v\u00f5imalik tervendada nii f\u00fc\u00fcsilist kui ka emotsionaalset keha. Regressiooni kaudu uuritakse oma eelmist elu v\u00f5i ka mitmeid eelmisi elusid ning tervendatakse need. Tihti on abi juba pelgalt m\u00f5istmisest, kust probleem on alguse saanud. Regressiooni kogemus on v\u00f5imas tervendaja erinevatele probleemidele, mis ei allu traditsioonilistele tervendusmeetoditele.<\/p>\n\n\n\n<p>Regressiooniteraapia k\u00e4igus klient n\u00e4eb ja kogeb eelmist elu kuni surma hetkeni. See kogemus annab s\u00fcgava m\u00f5istmise elule ning annab v\u00f5imaluse ka k\u00e4esoleva elu ringi vaatamiseks ja m\u00f5istmiseks hoopis teise pilguga.<\/p>\n\n\n\n<p>Eelmise elu r\u00e4nnak v\u00f5ib olla \u00fcldine, kus kliendil on huvi selle vastu, kes ta on olnud eelmises elus v\u00f5i regressioon v\u00f5ib olla ka kindlale eesm\u00e4rgile suunatud, mis v\u00f5ib n\u00e4iteks olla seotud mingi kindla koha, isikuga, terviseprobleemi, suhetega v\u00f5i m\u00f5ne muu spetsiifilise k\u00fcsimusega.<\/p>","protected":false},"excerpt":{"rendered":"<p>Eelmise elu r\u00e4nnak ehk regressioon eelmistesse eludesse aitab lahendada kitsas kohti siinses elus, saada informatsiooni oma elueesm\u00e4rgi kohta, lahendust ja abi erinevatele terviseprobleemidele, leida lahendusi ning m\u00f5istmist suhteprobleemidele. Regressiooniga on v\u00f5imalik tervendada nii f\u00fc\u00fcsilist kui ka emotsionaalset keha. Regressiooni kaudu uuritakse oma eelmist elu v\u00f5i ka mitmeid eelmisi elusid ning tervendatakse need. Tihti on abi [&hellip;]<\/p>\n","protected":false},"author":1,"featured_media":641,"parent":0,"menu_order":0,"comment_status":"closed","ping_status":"closed","template":"","meta":{"om_disable_all_campaigns":false,"site-sidebar-layout":"default","site-content-layout":"default","ast-site-content-layout":"","site-content-style":"default","site-sidebar-style":"default","ast-global-header-display":"","ast-banner-title-visibility":"","ast-main-header-display":"","ast-hfb-above-header-display":"","ast-hfb-below-header-display":"","ast-hfb-mobile-header-display":"","site-post-title":"","ast-breadcrumbs-content":"","ast-featured-img":"","footer-sml-layout":"","theme-transparent-header-meta":"default","adv-header-id-meta":"","stick-header-meta":"","header-above-stick-meta":"","header-main-stick-meta":"","header-below-stick-meta":"","astra-migrate-meta-layouts":"default","ast-page-background-enabled":"default","ast-page-background-meta":{"desktop":{"background-color":"","background-image":"","background-repeat":"repeat","background-position":"center center","background-size":"auto","background-attachment":"scroll","background-type":"","background-media":"","overlay-type":"","overlay-color":"","overlay-opacity":"","overlay-gradient":""},"tablet":{"background-color":"","background-image":"","background-repeat":"repeat","background-position":"center center","background-size":"auto","background-attachment":"scroll","background-type":"","background-media":"","overlay-type":"","overlay-color":"","overlay-opacity":"","overlay-gradient":""},"mobile":{"background-color":"","background-image":"","background-repeat":"repeat","background-position":"center center","background-size":"auto","background-attachment":"scroll","background-type":"","background-media":"","overlay-type":"","overlay-color":"","overlay-opacity":"","overlay-gradient":""}},"ast-content-background-meta":{"desktop":{"background-color":"var(--ast-global-color-5)","background-image":"","background-repeat":"repeat","background-position":"center center","background-size":"auto","background-attachment":"scroll","background-type":"","background-media":"","overlay-type":"","overlay-color":"","overlay-opacity":"","overlay-gradient":""},"tablet":{"background-color":"var(--ast-global-color-5)","background-image":"","background-repeat":"repeat","background-position":"center center","background-size":"auto","background-attachment":"scroll","background-type":"","background-media":"","overlay-type":"","overlay-color":"","overlay-opacity":"","overlay-gradient":""},"mobile":{"background-color":"var(--ast-global-color-5)","background-image":"","background-repeat":"repeat","background-position":"center center","background-size":"auto","background-attachment":"scroll","background-type":"","background-media":"","overlay-type":"","overlay-color":"","overlay-opacity":"","overlay-gradient":""}},"ngg_post_thumbnail":0,"footnotes":""},"class_list":["post-971","page","type-page","status-publish","has-post-thumbnail","hentry"],"yoast_head":"<!-- This site is optimized with the Yoast SEO plugin v27.1.1 - https:\/\/yoast.com\/product\/yoast-seo-wordpress\/ -->\n<title>Eelmise elu r\u00e4nnak - Maav\u00e4gised p\u00e4rimusmeditsiinikeskus<\/title>\n<meta name=\"description\" content=\"Eelmise elu r\u00e4nnak on tervendav tagasivaade eelmisesse ellu, mille k\u00e4igus saadud kogemus aitab t\u00f5sta praeguse elu kvaliteeti.\" \/>\n<meta name=\"robots\" content=\"index, follow, max-snippet:-1, max-image-preview:large, max-video-preview:-1\" \/>\n<link rel=\"canonical\" href=\"https:\/\/maavagised.ee\/en\/eelmise-elu-rannak\/\" \/>\n<meta property=\"og:locale\" content=\"en_GB\" \/>\n<meta property=\"og:type\" content=\"article\" \/>\n<meta property=\"og:title\" content=\"Eelmise elu r\u00e4nnak - Maav\u00e4gised p\u00e4rimusmeditsiinikeskus\" \/>\n<meta property=\"og:description\" content=\"Eelmise elu r\u00e4nnak on tervendav tagasivaade eelmisesse ellu, mille k\u00e4igus saadud kogemus aitab t\u00f5sta praeguse elu kvaliteeti.\" \/>\n<meta property=\"og:url\" content=\"https:\/\/maavagised.ee\/en\/eelmise-elu-rannak\/\" \/>\n<meta property=\"og:site_name\" content=\"Maav\u00e4gised p\u00e4rimusmeditsiinikeskus\" \/>\n<meta property=\"article:publisher\" content=\"https:\/\/www.facebook.com\/maavagised\" \/>\n<meta property=\"og:image\" content=\"https:\/\/maavagised.ee\/wp-content\/uploads\/2021\/05\/Aroomteraapiline-ra\u0308nnak-massaaz.jpg\" \/>\n\t<meta property=\"og:image:width\" content=\"1920\" \/>\n\t<meta property=\"og:image:height\" content=\"1200\" \/>\n\t<meta property=\"og:image:type\" content=\"image\/jpeg\" \/>\n<meta name=\"twitter:card\" content=\"summary_large_image\" \/>\n<meta name=\"twitter:label1\" content=\"Estimated reading time\" \/>\n\t<meta name=\"twitter:data1\" content=\"1 minute\" \/>\n<script type=\"application\/ld+json\" class=\"yoast-schema-graph\">{\"@context\":\"https:\/\/schema.org\",\"@graph\":[{\"@type\":\"WebPage\",\"@id\":\"https:\/\/maavagised.ee\/eelmise-elu-rannak\/\",\"url\":\"https:\/\/maavagised.ee\/eelmise-elu-rannak\/\",\"name\":\"Eelmise elu r\u00e4nnak - Maav\u00e4gised p\u00e4rimusmeditsiinikeskus\",\"isPartOf\":{\"@id\":\"https:\/\/maavagised.ee\/#website\"},\"primaryImageOfPage\":{\"@id\":\"https:\/\/maavagised.ee\/eelmise-elu-rannak\/#primaryimage\"},\"image\":{\"@id\":\"https:\/\/maavagised.ee\/eelmise-elu-rannak\/#primaryimage\"},\"thumbnailUrl\":\"https:\/\/i0.wp.com\/maavagised.ee\/wp-content\/uploads\/2021\/05\/Aroomteraapiline-ra%CC%88nnak-massaaz.jpg?fit=1920%2C1200&ssl=1\",\"datePublished\":\"2021-06-06T21:47:33+00:00\",\"description\":\"Eelmise elu r\u00e4nnak on tervendav tagasivaade eelmisesse ellu, mille k\u00e4igus saadud kogemus aitab t\u00f5sta praeguse elu kvaliteeti.\",\"breadcrumb\":{\"@id\":\"https:\/\/maavagised.ee\/eelmise-elu-rannak\/#breadcrumb\"},\"inLanguage\":\"en-GB\",\"potentialAction\":[{\"@type\":\"ReadAction\",\"target\":[\"https:\/\/maavagised.ee\/eelmise-elu-rannak\/\"]}]},{\"@type\":\"ImageObject\",\"inLanguage\":\"en-GB\",\"@id\":\"https:\/\/maavagised.ee\/eelmise-elu-rannak\/#primaryimage\",\"url\":\"https:\/\/i0.wp.com\/maavagised.ee\/wp-content\/uploads\/2021\/05\/Aroomteraapiline-ra%CC%88nnak-massaaz.jpg?fit=1920%2C1200&ssl=1\",\"contentUrl\":\"https:\/\/i0.wp.com\/maavagised.ee\/wp-content\/uploads\/2021\/05\/Aroomteraapiline-ra%CC%88nnak-massaaz.jpg?fit=1920%2C1200&ssl=1\",\"width\":1920,\"height\":1200,\"caption\":\"Eelmise elu r\u00e4nnak\"},{\"@type\":\"BreadcrumbList\",\"@id\":\"https:\/\/maavagised.ee\/eelmise-elu-rannak\/#breadcrumb\",\"itemListElement\":[{\"@type\":\"ListItem\",\"position\":1,\"name\":\"Home\",\"item\":\"https:\/\/maavagised.ee\/\"},{\"@type\":\"ListItem\",\"position\":2,\"name\":\"Eelmise elu r\u00e4nnak\"}]},{\"@type\":\"WebSite\",\"@id\":\"https:\/\/maavagised.ee\/#website\",\"url\":\"https:\/\/maavagised.ee\/\",\"name\":\"Maavagised\",\"description\":\"L\u00f5\u00f5gastus saunas ja massaa\u017eis v\u00f5i tervis kaanidest.\",\"publisher\":{\"@id\":\"https:\/\/maavagised.ee\/#organization\"},\"potentialAction\":[{\"@type\":\"SearchAction\",\"target\":{\"@type\":\"EntryPoint\",\"urlTemplate\":\"https:\/\/maavagised.ee\/?s={search_term_string}\"},\"query-input\":{\"@type\":\"PropertyValueSpecification\",\"valueRequired\":true,\"valueName\":\"search_term_string\"}}],\"inLanguage\":\"en-GB\"},{\"@type\":\"Organization\",\"@id\":\"https:\/\/maavagised.ee\/#organization\",\"name\":\"Maav\u00e4gised p\u00e4rimusmeditsiinikeskus\",\"url\":\"https:\/\/maavagised.ee\/\",\"logo\":{\"@type\":\"ImageObject\",\"inLanguage\":\"en-GB\",\"@id\":\"https:\/\/maavagised.ee\/#\/schema\/logo\/image\/\",\"url\":\"https:\/\/i0.wp.com\/maavagised.ee\/wp-content\/uploads\/2021\/05\/maavagised_logo1.png?fit=477%2C302&ssl=1\",\"contentUrl\":\"https:\/\/i0.wp.com\/maavagised.ee\/wp-content\/uploads\/2021\/05\/maavagised_logo1.png?fit=477%2C302&ssl=1\",\"width\":477,\"height\":302,\"caption\":\"Maav\u00e4gised p\u00e4rimusmeditsiinikeskus\"},\"image\":{\"@id\":\"https:\/\/maavagised.ee\/#\/schema\/logo\/image\/\"},\"sameAs\":[\"https:\/\/www.facebook.com\/maavagised\",\"https:\/\/www.instagram.com\/maavagised_\/\"]}]}<\/script>\n<!-- \/ Yoast SEO plugin. -->","yoast_head_json":{"title":"Eelmise elu r\u00e4nnak - Maav\u00e4gised p\u00e4rimusmeditsiinikeskus","description":"Eelmise elu r\u00e4nnak on tervendav tagasivaade eelmisesse ellu, mille k\u00e4igus saadud kogemus aitab t\u00f5sta praeguse elu kvaliteeti.","robots":{"index":"index","follow":"follow","max-snippet":"max-snippet:-1","max-image-preview":"max-image-preview:large","max-video-preview":"max-video-preview:-1"},"canonical":"https:\/\/maavagised.ee\/en\/eelmise-elu-rannak\/","og_locale":"en_GB","og_type":"article","og_title":"Eelmise elu r\u00e4nnak - Maav\u00e4gised p\u00e4rimusmeditsiinikeskus","og_description":"Eelmise elu r\u00e4nnak on tervendav tagasivaade eelmisesse ellu, mille k\u00e4igus saadud kogemus aitab t\u00f5sta praeguse elu kvaliteeti.","og_url":"https:\/\/maavagised.ee\/en\/eelmise-elu-rannak\/","og_site_name":"Maav\u00e4gised p\u00e4rimusmeditsiinikeskus","article_publisher":"https:\/\/www.facebook.com\/maavagised","og_image":[{"width":1920,"height":1200,"url":"https:\/\/maavagised.ee\/wp-content\/uploads\/2021\/05\/Aroomteraapiline-ra\u0308nnak-massaaz.jpg","type":"image\/jpeg"}],"twitter_card":"summary_large_image","twitter_misc":{"Estimated reading time":"1 minute"},"schema":{"@context":"https:\/\/schema.org","@graph":[{"@type":"WebPage","@id":"https:\/\/maavagised.ee\/eelmise-elu-rannak\/","url":"https:\/\/maavagised.ee\/eelmise-elu-rannak\/","name":"Eelmise elu r\u00e4nnak - Maav\u00e4gised p\u00e4rimusmeditsiinikeskus","isPartOf":{"@id":"https:\/\/maavagised.ee\/#website"},"primaryImageOfPage":{"@id":"https:\/\/maavagised.ee\/eelmise-elu-rannak\/#primaryimage"},"image":{"@id":"https:\/\/maavagised.ee\/eelmise-elu-rannak\/#primaryimage"},"thumbnailUrl":"https:\/\/i0.wp.com\/maavagised.ee\/wp-content\/uploads\/2021\/05\/Aroomteraapiline-ra%CC%88nnak-massaaz.jpg?fit=1920%2C1200&ssl=1","datePublished":"2021-06-06T21:47:33+00:00","description":"Eelmise elu r\u00e4nnak on tervendav tagasivaade eelmisesse ellu, mille k\u00e4igus saadud kogemus aitab t\u00f5sta praeguse elu kvaliteeti.","breadcrumb":{"@id":"https:\/\/maavagised.ee\/eelmise-elu-rannak\/#breadcrumb"},"inLanguage":"en-GB","potentialAction":[{"@type":"ReadAction","target":["https:\/\/maavagised.ee\/eelmise-elu-rannak\/"]}]},{"@type":"ImageObject","inLanguage":"en-GB","@id":"https:\/\/maavagised.ee\/eelmise-elu-rannak\/#primaryimage","url":"https:\/\/i0.wp.com\/maavagised.ee\/wp-content\/uploads\/2021\/05\/Aroomteraapiline-ra%CC%88nnak-massaaz.jpg?fit=1920%2C1200&ssl=1","contentUrl":"https:\/\/i0.wp.com\/maavagised.ee\/wp-content\/uploads\/2021\/05\/Aroomteraapiline-ra%CC%88nnak-massaaz.jpg?fit=1920%2C1200&ssl=1","width":1920,"height":1200,"caption":"Eelmise elu r\u00e4nnak"},{"@type":"BreadcrumbList","@id":"https:\/\/maavagised.ee\/eelmise-elu-rannak\/#breadcrumb","itemListElement":[{"@type":"ListItem","position":1,"name":"Home","item":"https:\/\/maavagised.ee\/"},{"@type":"ListItem","position":2,"name":"Eelmise elu r\u00e4nnak"}]},{"@type":"WebSite","@id":"https:\/\/maavagised.ee\/#website","url":"https:\/\/maavagised.ee\/","name":"Maavagised","description":"L\u00f5\u00f5gastus saunas ja massaa\u017eis v\u00f5i tervis kaanidest.","publisher":{"@id":"https:\/\/maavagised.ee\/#organization"},"potentialAction":[{"@type":"SearchAction","target":{"@type":"EntryPoint","urlTemplate":"https:\/\/maavagised.ee\/?s={search_term_string}"},"query-input":{"@type":"PropertyValueSpecification","valueRequired":true,"valueName":"search_term_string"}}],"inLanguage":"en-GB"},{"@type":"Organization","@id":"https:\/\/maavagised.ee\/#organization","name":"Maav\u00e4gised p\u00e4rimusmeditsiinikeskus","url":"https:\/\/maavagised.ee\/","logo":{"@type":"ImageObject","inLanguage":"en-GB","@id":"https:\/\/maavagised.ee\/#\/schema\/logo\/image\/","url":"https:\/\/i0.wp.com\/maavagised.ee\/wp-content\/uploads\/2021\/05\/maavagised_logo1.png?fit=477%2C302&ssl=1","contentUrl":"https:\/\/i0.wp.com\/maavagised.ee\/wp-content\/uploads\/2021\/05\/maavagised_logo1.png?fit=477%2C302&ssl=1","width":477,"height":302,"caption":"Maav\u00e4gised p\u00e4rimusmeditsiinikeskus"},"image":{"@id":"https:\/\/maavagised.ee\/#\/schema\/logo\/image\/"},"sameAs":["https:\/\/www.facebook.com\/maavagised","https:\/\/www.instagram.com\/maavagised_\/"]}]}},"jetpack_sharing_enabled":true,"jetpack_likes_enabled":true,"jetpack-related-posts":[],"_links":{"self":[{"href":"https:\/\/maavagised.ee\/en\/wp-json\/wp\/v2\/pages\/971","targetHints":{"allow":["GET"]}}],"collection":[{"href":"https:\/\/maavagised.ee\/en\/wp-json\/wp\/v2\/pages"}],"about":[{"href":"https:\/\/maavagised.ee\/en\/wp-json\/wp\/v2\/types\/page"}],"author":[{"embeddable":true,"href":"https:\/\/maavagised.ee\/en\/wp-json\/wp\/v2\/users\/1"}],"replies":[{"embeddable":true,"href":"https:\/\/maavagised.ee\/en\/wp-json\/wp\/v2\/comments?post=971"}],"version-history":[{"count":1,"href":"https:\/\/maavagised.ee\/en\/wp-json\/wp\/v2\/pages\/971\/revisions"}],"predecessor-version":[{"id":973,"href":"https:\/\/maavagised.ee\/en\/wp-json\/wp\/v2\/pages\/971\/revisions\/973"}],"wp:featuredmedia":[{"embeddable":true,"href":"https:\/\/maavagised.ee\/en\/wp-json\/wp\/v2\/media\/641"}],"wp:attachment":[{"href":"https:\/\/maavagised.ee\/en\/wp-json\/wp\/v2\/media?parent=971"}],"curies":[{"name":"wp","href":"https:\/\/api.w.org\/{rel}","templated":true}]}}