{"id":915,"date":"2021-06-04T19:57:12","date_gmt":"2021-06-04T19:57:12","guid":{"rendered":"https:\/\/maavagised.ee\/?page_id=915"},"modified":"2021-06-04T19:57:13","modified_gmt":"2021-06-04T19:57:13","slug":"aroomteraapiline-massaaz","status":"publish","type":"page","link":"https:\/\/maavagised.ee\/en\/aroomteraapiline-massaaz\/","title":{"rendered":"Aroomteraapiline massaa\u017e"},"content":{"rendered":"<p><strong>Aroomteraapiline massaa\u017e <\/strong>ehk aroomimassaa\u017e<strong>\u00a0<\/strong>on l\u00f5\u00f5gastav, pehme, energiat andev. \u00a0Siin\u00a0kasutatakse keha ja ps\u00fc\u00fchika ravimiseks aromaatsete taimede \u00f5lisid ja vastavat massaa\u017eitehnikat. L\u00e4bi keskn\u00e4rvis\u00fcsteemi m\u00f5jub massaa\u017e rahustavalt, maandab ps\u00fc\u00fchilisi pingeid, leevendab stressi, l\u00f5\u00f5gastab lihaseid.<\/p>\n\n\n\n<figure class=\"wp-block-gallery columns-2 is-cropped wp-block-gallery-1 is-layout-flex wp-block-gallery-is-layout-flex\"><ul class=\"blocks-gallery-grid\"><li class=\"blocks-gallery-item\"><figure><img data-recalc-dims=\"1\" fetchpriority=\"high\" decoding=\"async\" width=\"800\" height=\"533\" data-attachment-id=\"916\" data-permalink=\"https:\/\/maavagised.ee\/en\/aroomteraapiline-massaaz\/aroomimassaaz-3\/\" data-orig-file=\"https:\/\/i0.wp.com\/maavagised.ee\/wp-content\/uploads\/2021\/06\/Aroomimassaaz.jpg?fit=800%2C533&amp;ssl=1\" data-orig-size=\"800,533\" data-comments-opened=\"0\" data-image-meta=\"{&quot;aperture&quot;:&quot;0&quot;,&quot;credit&quot;:&quot;&quot;,&quot;camera&quot;:&quot;&quot;,&quot;caption&quot;:&quot;&quot;,&quot;created_timestamp&quot;:&quot;0&quot;,&quot;copyright&quot;:&quot;apops - Fotolia&quot;,&quot;focal_length&quot;:&quot;0&quot;,&quot;iso&quot;:&quot;0&quot;,&quot;shutter_speed&quot;:&quot;0&quot;,&quot;title&quot;:&quot;&quot;,&quot;orientation&quot;:&quot;0&quot;}\" data-image-title=\"Aroomimassaaz\" data-image-description=\"\" data-image-caption=\"\" data-medium-file=\"https:\/\/i0.wp.com\/maavagised.ee\/wp-content\/uploads\/2021\/06\/Aroomimassaaz.jpg?fit=300%2C200&amp;ssl=1\" data-large-file=\"https:\/\/i0.wp.com\/maavagised.ee\/wp-content\/uploads\/2021\/06\/Aroomimassaaz.jpg?fit=800%2C533&amp;ssl=1\" src=\"https:\/\/i0.wp.com\/maavagised.ee\/wp-content\/uploads\/2021\/06\/Aroomimassaaz.jpg?resize=800%2C533&#038;ssl=1\" alt=\"\" data-id=\"916\" data-full-url=\"https:\/\/maavagised.ee\/wp-content\/uploads\/2021\/06\/Aroomimassaaz.jpg\" data-link=\"https:\/\/maavagised.ee\/?attachment_id=916\" class=\"wp-image-916\" srcset=\"https:\/\/i0.wp.com\/maavagised.ee\/wp-content\/uploads\/2021\/06\/Aroomimassaaz.jpg?w=800&amp;ssl=1 800w, https:\/\/i0.wp.com\/maavagised.ee\/wp-content\/uploads\/2021\/06\/Aroomimassaaz.jpg?resize=600%2C400&amp;ssl=1 600w, https:\/\/i0.wp.com\/maavagised.ee\/wp-content\/uploads\/2021\/06\/Aroomimassaaz.jpg?resize=300%2C200&amp;ssl=1 300w, https:\/\/i0.wp.com\/maavagised.ee\/wp-content\/uploads\/2021\/06\/Aroomimassaaz.jpg?resize=768%2C512&amp;ssl=1 768w\" sizes=\"(max-width: 800px) 100vw, 800px\" \/><\/figure><\/li><li class=\"blocks-gallery-item\"><figure><img data-recalc-dims=\"1\" decoding=\"async\" width=\"1024\" height=\"781\" data-attachment-id=\"917\" data-permalink=\"https:\/\/maavagised.ee\/en\/aroomteraapiline-massaaz\/kehahoolitsus-2\/\" data-orig-file=\"https:\/\/i0.wp.com\/maavagised.ee\/wp-content\/uploads\/2021\/06\/kehahoolitsus.jpg?fit=2416%2C1842&amp;ssl=1\" data-orig-size=\"2416,1842\" data-comments-opened=\"0\" data-image-meta=\"{&quot;aperture&quot;:&quot;4&quot;,&quot;credit&quot;:&quot;&quot;,&quot;camera&quot;:&quot;Valeo 22&quot;,&quot;caption&quot;:&quot;&quot;,&quot;created_timestamp&quot;:&quot;0&quot;,&quot;copyright&quot;:&quot;&quot;,&quot;focal_length&quot;:&quot;0&quot;,&quot;iso&quot;:&quot;25&quot;,&quot;shutter_speed&quot;:&quot;0.0666666666667&quot;,&quot;title&quot;:&quot;&quot;,&quot;orientation&quot;:&quot;1&quot;}\" data-image-title=\"kehahoolitsus\" data-image-description=\"\" data-image-caption=\"\" data-medium-file=\"https:\/\/i0.wp.com\/maavagised.ee\/wp-content\/uploads\/2021\/06\/kehahoolitsus.jpg?fit=300%2C229&amp;ssl=1\" data-large-file=\"https:\/\/i0.wp.com\/maavagised.ee\/wp-content\/uploads\/2021\/06\/kehahoolitsus.jpg?fit=1024%2C781&amp;ssl=1\" src=\"https:\/\/i0.wp.com\/maavagised.ee\/wp-content\/uploads\/2021\/06\/kehahoolitsus.jpg?resize=1024%2C781&#038;ssl=1\" alt=\"\" data-id=\"917\" data-full-url=\"https:\/\/maavagised.ee\/wp-content\/uploads\/2021\/06\/kehahoolitsus.jpg\" data-link=\"https:\/\/maavagised.ee\/?attachment_id=917\" class=\"wp-image-917\" srcset=\"https:\/\/i0.wp.com\/maavagised.ee\/wp-content\/uploads\/2021\/06\/kehahoolitsus.jpg?resize=1024%2C781&amp;ssl=1 1024w, https:\/\/i0.wp.com\/maavagised.ee\/wp-content\/uploads\/2021\/06\/kehahoolitsus.jpg?resize=600%2C457&amp;ssl=1 600w, https:\/\/i0.wp.com\/maavagised.ee\/wp-content\/uploads\/2021\/06\/kehahoolitsus.jpg?resize=300%2C229&amp;ssl=1 300w, https:\/\/i0.wp.com\/maavagised.ee\/wp-content\/uploads\/2021\/06\/kehahoolitsus.jpg?resize=768%2C586&amp;ssl=1 768w, https:\/\/i0.wp.com\/maavagised.ee\/wp-content\/uploads\/2021\/06\/kehahoolitsus.jpg?resize=1536%2C1171&amp;ssl=1 1536w, https:\/\/i0.wp.com\/maavagised.ee\/wp-content\/uploads\/2021\/06\/kehahoolitsus.jpg?resize=2048%2C1561&amp;ssl=1 2048w\" sizes=\"(max-width: 1000px) 100vw, 1000px\" \/><\/figure><\/li><\/ul><\/figure>\n\n\n\n<p>Kui tunned, et oled stressis, ei suuda enam keskenduda, su meel ja keha on v\u00e4sinud ja tuju k\u00f5igub siis aroomimassaa\u017e on just sulle. \u00d5ige valik eeterlikke \u00f5lisid annab lisaboonusena k\u00f5ik vajalikud toimed leebete massaa\u017eiv\u00f5tete juurde.<\/p>\n\n\n\n<p>Eeterlikud \u00f5lid p\u00fcsivad organismis kuni 72 tundi, noorendavad kudesid ja parandavad naha elastsust. Oskuslik aroomi\u00f5lide valik ning aeglased ja silitavad liigutused leevendavad paljusid probleeme, n\u00e4iteks emotsionaalne ebastabiilsus, uneh\u00e4ired, verer\u00f5hu k\u00f5ikumised, stress, pinges lihased, tselluliit. Massaa\u017e sobib sulle ideaalselt, kui tunned, et t\u00e4iuslikust \u00f5nnest lahutab sind veel vaid \u00fclev\u00e4simuses ja stress.<img data-recalc-dims=\"1\" decoding=\"async\" width=\"150\" height=\"100\" data-attachment-id=\"599\" data-permalink=\"https:\/\/maavagised.ee\/en\/aroomimassaaz\/aroomteraapia-1\/\" data-orig-file=\"https:\/\/i0.wp.com\/maavagised.ee\/wp-content\/uploads\/2021\/05\/aroomteraapia-1.jpg?fit=1200%2C799&amp;ssl=1\" data-orig-size=\"1200,799\" data-comments-opened=\"0\" data-image-meta=\"{&quot;aperture&quot;:&quot;7.1&quot;,&quot;credit&quot;:&quot;&quot;,&quot;camera&quot;:&quot;Canon EOS 70D&quot;,&quot;caption&quot;:&quot;&quot;,&quot;created_timestamp&quot;:&quot;1471877162&quot;,&quot;copyright&quot;:&quot;&quot;,&quot;focal_length&quot;:&quot;100&quot;,&quot;iso&quot;:&quot;100&quot;,&quot;shutter_speed&quot;:&quot;0.8&quot;,&quot;title&quot;:&quot;&quot;,&quot;orientation&quot;:&quot;1&quot;}\" data-image-title=\"aroomteraapia 1\" data-image-description=\"\" data-image-caption=\"\" data-medium-file=\"https:\/\/i0.wp.com\/maavagised.ee\/wp-content\/uploads\/2021\/05\/aroomteraapia-1.jpg?fit=300%2C200&amp;ssl=1\" data-large-file=\"https:\/\/i0.wp.com\/maavagised.ee\/wp-content\/uploads\/2021\/05\/aroomteraapia-1.jpg?fit=1024%2C682&amp;ssl=1\" class=\"wp-image-599\" style=\"width: 150px;\" src=\"https:\/\/i0.wp.com\/maavagised.ee\/wp-content\/uploads\/2021\/05\/aroomteraapia-1.jpg?resize=150%2C100&#038;ssl=1\" alt=\"Aroomteraapiline massaa\u017e\" srcset=\"https:\/\/i0.wp.com\/maavagised.ee\/wp-content\/uploads\/2021\/05\/aroomteraapia-1.jpg?w=1200&amp;ssl=1 1200w, https:\/\/i0.wp.com\/maavagised.ee\/wp-content\/uploads\/2021\/05\/aroomteraapia-1.jpg?resize=600%2C400&amp;ssl=1 600w, https:\/\/i0.wp.com\/maavagised.ee\/wp-content\/uploads\/2021\/05\/aroomteraapia-1.jpg?resize=300%2C200&amp;ssl=1 300w, https:\/\/i0.wp.com\/maavagised.ee\/wp-content\/uploads\/2021\/05\/aroomteraapia-1.jpg?resize=1024%2C682&amp;ssl=1 1024w, https:\/\/i0.wp.com\/maavagised.ee\/wp-content\/uploads\/2021\/05\/aroomteraapia-1.jpg?resize=768%2C511&amp;ssl=1 768w\" sizes=\"(max-width: 150px) 100vw, 150px\" \/><\/p>\n\n\n\n<h2 class=\"wp-block-heading\">AROOMTERAAPIA M\u00d5JU:<\/h2>\n\n\n\n<ul class=\"wp-block-list\"><li>rahustab<\/li><li>leevendab stressi, t\u00f5stab tuju<\/li><li>tugevdab immuuns\u00fcsteemi<\/li><li>stimuleerib organismi t\u00f6\u00f6d<\/li><li>parandab keskendumisv\u00f5imet<\/li><li>parandab vereringet ja l\u00fcmfis\u00fcsteemi t\u00f6\u00f6d<\/li><li>aitab v\u00e4simuse, kurnatuse ja meeleoluk\u00f5ikumiste vastu<\/li><li>soodustab head und<\/li><li>aitab kehal vabaneda j\u00e4\u00e4kainetest<\/li><li>leevendab lihaspingeid, valu, ka peavalu<\/li><li>leevendab \u00fcleminekuea vaevuseid ja tselluliiti<\/li><\/ul>\n\n\n\n<h3 class=\"wp-block-heading\">AROOMTERAAPILINE MASSAA\u017d EI SOBI:<\/h3>\n\n\n\n<ul class=\"wp-block-list\"><li>kilpn\u00e4\u00e4rme \u00fcletalitluse<\/li><li>palaviku<\/li><li>luumurru<\/li><li>raske s\u00fcdamehaiguse<\/li><li>pahaloomulise kasvaja<\/li><li>p\u00f5letikulised haiguse<\/li><li>ps\u00fc\u00fchilised haiguse<\/li><li>enne v\u00f5i p\u00e4rast rohket alkoholi tarvitamist<\/li><li>operatsioonij\u00e4rgse 3 kuu puhul<\/li><li>enne p\u00e4evitamist ei kasutata tsitruseliste viljade eeterlike \u00f5lisid<\/li><\/ul>\n\n\n\n<p><a href=\"https:\/\/maavagised.ee\/en\/aroomimassaaz\/\">Loe juurde meie blogi artiklist<\/a><\/p>","protected":false},"excerpt":{"rendered":"<p>Aroomteraapiline massaa\u017e ehk aroomimassaa\u017e\u00a0on l\u00f5\u00f5gastav, pehme, energiat andev. \u00a0Siin\u00a0kasutatakse keha ja ps\u00fc\u00fchika ravimiseks aromaatsete taimede \u00f5lisid ja vastavat massaa\u017eitehnikat. L\u00e4bi keskn\u00e4rvis\u00fcsteemi m\u00f5jub massaa\u017e rahustavalt, maandab ps\u00fc\u00fchilisi pingeid, leevendab stressi, l\u00f5\u00f5gastab lihaseid. Kui tunned, et oled stressis, ei suuda enam keskenduda, su meel ja keha on v\u00e4sinud ja tuju k\u00f5igub siis aroomimassaa\u017e on just sulle. \u00d5ige [&hellip;]<\/p>\n","protected":false},"author":1,"featured_media":600,"parent":0,"menu_order":0,"comment_status":"closed","ping_status":"closed","template":"","meta":{"om_disable_all_campaigns":false,"site-sidebar-layout":"default","site-content-layout":"default","ast-site-content-layout":"","site-content-style":"default","site-sidebar-style":"default","ast-global-header-display":"","ast-banner-title-visibility":"","ast-main-header-display":"","ast-hfb-above-header-display":"","ast-hfb-below-header-display":"","ast-hfb-mobile-header-display":"","site-post-title":"","ast-breadcrumbs-content":"","ast-featured-img":"","footer-sml-layout":"","theme-transparent-header-meta":"default","adv-header-id-meta":"","stick-header-meta":"","header-above-stick-meta":"","header-main-stick-meta":"","header-below-stick-meta":"","astra-migrate-meta-layouts":"default","ast-page-background-enabled":"default","ast-page-background-meta":{"desktop":{"background-color":"","background-image":"","background-repeat":"repeat","background-position":"center center","background-size":"auto","background-attachment":"scroll","background-type":"","background-media":"","overlay-type":"","overlay-color":"","overlay-opacity":"","overlay-gradient":""},"tablet":{"background-color":"","background-image":"","background-repeat":"repeat","background-position":"center center","background-size":"auto","background-attachment":"scroll","background-type":"","background-media":"","overlay-type":"","overlay-color":"","overlay-opacity":"","overlay-gradient":""},"mobile":{"background-color":"","background-image":"","background-repeat":"repeat","background-position":"center center","background-size":"auto","background-attachment":"scroll","background-type":"","background-media":"","overlay-type":"","overlay-color":"","overlay-opacity":"","overlay-gradient":""}},"ast-content-background-meta":{"desktop":{"background-color":"var(--ast-global-color-5)","background-image":"","background-repeat":"repeat","background-position":"center center","background-size":"auto","background-attachment":"scroll","background-type":"","background-media":"","overlay-type":"","overlay-color":"","overlay-opacity":"","overlay-gradient":""},"tablet":{"background-color":"var(--ast-global-color-5)","background-image":"","background-repeat":"repeat","background-position":"center center","background-size":"auto","background-attachment":"scroll","background-type":"","background-media":"","overlay-type":"","overlay-color":"","overlay-opacity":"","overlay-gradient":""},"mobile":{"background-color":"var(--ast-global-color-5)","background-image":"","background-repeat":"repeat","background-position":"center center","background-size":"auto","background-attachment":"scroll","background-type":"","background-media":"","overlay-type":"","overlay-color":"","overlay-opacity":"","overlay-gradient":""}},"ngg_post_thumbnail":0,"footnotes":""},"class_list":["post-915","page","type-page","status-publish","has-post-thumbnail","hentry"],"yoast_head":"<!-- This site is optimized with the Yoast SEO plugin v27.1.1 - https:\/\/yoast.com\/product\/yoast-seo-wordpress\/ -->\n<title>Aroomteraapiline massaa\u017e - Maav\u00e4gised p\u00e4rimusmeditsiinikeskus<\/title>\n<meta name=\"description\" content=\"Aroomteraapiline massaa\u017e on massaa\u017e, kus kasutatakse k\u00f5rge kvaliteediga eeterlikke \u00f5lisid. Need valib terapeut kliendi vajadusele vastavalt.\" \/>\n<meta name=\"robots\" content=\"index, follow, max-snippet:-1, max-image-preview:large, max-video-preview:-1\" \/>\n<link rel=\"canonical\" href=\"https:\/\/maavagised.ee\/en\/aroomteraapiline-massaaz\/\" \/>\n<meta property=\"og:locale\" content=\"en_GB\" \/>\n<meta property=\"og:type\" content=\"article\" \/>\n<meta property=\"og:title\" content=\"Aroomteraapiline massaa\u017e - Maav\u00e4gised p\u00e4rimusmeditsiinikeskus\" \/>\n<meta property=\"og:description\" content=\"Aroomteraapiline massaa\u017e on massaa\u017e, kus kasutatakse k\u00f5rge kvaliteediga eeterlikke \u00f5lisid. Need valib terapeut kliendi vajadusele vastavalt.\" \/>\n<meta property=\"og:url\" content=\"https:\/\/maavagised.ee\/en\/aroomteraapiline-massaaz\/\" \/>\n<meta property=\"og:site_name\" content=\"Maav\u00e4gised p\u00e4rimusmeditsiinikeskus\" \/>\n<meta property=\"article:publisher\" content=\"https:\/\/www.facebook.com\/maavagised\" \/>\n<meta property=\"article:modified_time\" content=\"2021-06-04T19:57:13+00:00\" \/>\n<meta property=\"og:image\" content=\"https:\/\/maavagised.ee\/wp-content\/uploads\/2021\/05\/Aroomimassaaz.jpg\" \/>\n\t<meta property=\"og:image:width\" content=\"800\" \/>\n\t<meta property=\"og:image:height\" content=\"533\" \/>\n\t<meta property=\"og:image:type\" content=\"image\/jpeg\" \/>\n<meta name=\"twitter:card\" content=\"summary_large_image\" \/>\n<meta name=\"twitter:label1\" content=\"Estimated reading time\" \/>\n\t<meta name=\"twitter:data1\" content=\"2 minutes\" \/>\n<script type=\"application\/ld+json\" class=\"yoast-schema-graph\">{\"@context\":\"https:\/\/schema.org\",\"@graph\":[{\"@type\":\"WebPage\",\"@id\":\"https:\/\/maavagised.ee\/aroomteraapiline-massaaz\/\",\"url\":\"https:\/\/maavagised.ee\/aroomteraapiline-massaaz\/\",\"name\":\"Aroomteraapiline massaa\u017e - Maav\u00e4gised p\u00e4rimusmeditsiinikeskus\",\"isPartOf\":{\"@id\":\"https:\/\/maavagised.ee\/#website\"},\"primaryImageOfPage\":{\"@id\":\"https:\/\/maavagised.ee\/aroomteraapiline-massaaz\/#primaryimage\"},\"image\":{\"@id\":\"https:\/\/maavagised.ee\/aroomteraapiline-massaaz\/#primaryimage\"},\"thumbnailUrl\":\"https:\/\/i0.wp.com\/maavagised.ee\/wp-content\/uploads\/2021\/05\/Aroomimassaaz.jpg?fit=800%2C533&ssl=1\",\"datePublished\":\"2021-06-04T19:57:12+00:00\",\"dateModified\":\"2021-06-04T19:57:13+00:00\",\"description\":\"Aroomteraapiline massaa\u017e on massaa\u017e, kus kasutatakse k\u00f5rge kvaliteediga eeterlikke \u00f5lisid. Need valib terapeut kliendi vajadusele vastavalt.\",\"breadcrumb\":{\"@id\":\"https:\/\/maavagised.ee\/aroomteraapiline-massaaz\/#breadcrumb\"},\"inLanguage\":\"en-GB\",\"potentialAction\":[{\"@type\":\"ReadAction\",\"target\":[\"https:\/\/maavagised.ee\/aroomteraapiline-massaaz\/\"]}]},{\"@type\":\"ImageObject\",\"inLanguage\":\"en-GB\",\"@id\":\"https:\/\/maavagised.ee\/aroomteraapiline-massaaz\/#primaryimage\",\"url\":\"https:\/\/i0.wp.com\/maavagised.ee\/wp-content\/uploads\/2021\/05\/Aroomimassaaz.jpg?fit=800%2C533&ssl=1\",\"contentUrl\":\"https:\/\/i0.wp.com\/maavagised.ee\/wp-content\/uploads\/2021\/05\/Aroomimassaaz.jpg?fit=800%2C533&ssl=1\",\"width\":800,\"height\":533,\"caption\":\"Aroomimassaa\u017e\"},{\"@type\":\"BreadcrumbList\",\"@id\":\"https:\/\/maavagised.ee\/aroomteraapiline-massaaz\/#breadcrumb\",\"itemListElement\":[{\"@type\":\"ListItem\",\"position\":1,\"name\":\"Home\",\"item\":\"https:\/\/maavagised.ee\/\"},{\"@type\":\"ListItem\",\"position\":2,\"name\":\"Aroomteraapiline massaa\u017e\"}]},{\"@type\":\"WebSite\",\"@id\":\"https:\/\/maavagised.ee\/#website\",\"url\":\"https:\/\/maavagised.ee\/\",\"name\":\"Maavagised\",\"description\":\"L\u00f5\u00f5gastus saunas ja massaa\u017eis v\u00f5i tervis kaanidest.\",\"publisher\":{\"@id\":\"https:\/\/maavagised.ee\/#organization\"},\"potentialAction\":[{\"@type\":\"SearchAction\",\"target\":{\"@type\":\"EntryPoint\",\"urlTemplate\":\"https:\/\/maavagised.ee\/?s={search_term_string}\"},\"query-input\":{\"@type\":\"PropertyValueSpecification\",\"valueRequired\":true,\"valueName\":\"search_term_string\"}}],\"inLanguage\":\"en-GB\"},{\"@type\":\"Organization\",\"@id\":\"https:\/\/maavagised.ee\/#organization\",\"name\":\"Maav\u00e4gised p\u00e4rimusmeditsiinikeskus\",\"url\":\"https:\/\/maavagised.ee\/\",\"logo\":{\"@type\":\"ImageObject\",\"inLanguage\":\"en-GB\",\"@id\":\"https:\/\/maavagised.ee\/#\/schema\/logo\/image\/\",\"url\":\"https:\/\/i0.wp.com\/maavagised.ee\/wp-content\/uploads\/2021\/05\/maavagised_logo1.png?fit=477%2C302&ssl=1\",\"contentUrl\":\"https:\/\/i0.wp.com\/maavagised.ee\/wp-content\/uploads\/2021\/05\/maavagised_logo1.png?fit=477%2C302&ssl=1\",\"width\":477,\"height\":302,\"caption\":\"Maav\u00e4gised p\u00e4rimusmeditsiinikeskus\"},\"image\":{\"@id\":\"https:\/\/maavagised.ee\/#\/schema\/logo\/image\/\"},\"sameAs\":[\"https:\/\/www.facebook.com\/maavagised\",\"https:\/\/www.instagram.com\/maavagised_\/\"]}]}<\/script>\n<!-- \/ Yoast SEO plugin. -->","yoast_head_json":{"title":"Aroomteraapiline massaa\u017e - Maav\u00e4gised p\u00e4rimusmeditsiinikeskus","description":"Aroomteraapiline massaa\u017e on massaa\u017e, kus kasutatakse k\u00f5rge kvaliteediga eeterlikke \u00f5lisid. Need valib terapeut kliendi vajadusele vastavalt.","robots":{"index":"index","follow":"follow","max-snippet":"max-snippet:-1","max-image-preview":"max-image-preview:large","max-video-preview":"max-video-preview:-1"},"canonical":"https:\/\/maavagised.ee\/en\/aroomteraapiline-massaaz\/","og_locale":"en_GB","og_type":"article","og_title":"Aroomteraapiline massaa\u017e - Maav\u00e4gised p\u00e4rimusmeditsiinikeskus","og_description":"Aroomteraapiline massaa\u017e on massaa\u017e, kus kasutatakse k\u00f5rge kvaliteediga eeterlikke \u00f5lisid. Need valib terapeut kliendi vajadusele vastavalt.","og_url":"https:\/\/maavagised.ee\/en\/aroomteraapiline-massaaz\/","og_site_name":"Maav\u00e4gised p\u00e4rimusmeditsiinikeskus","article_publisher":"https:\/\/www.facebook.com\/maavagised","article_modified_time":"2021-06-04T19:57:13+00:00","og_image":[{"width":800,"height":533,"url":"https:\/\/maavagised.ee\/wp-content\/uploads\/2021\/05\/Aroomimassaaz.jpg","type":"image\/jpeg"}],"twitter_card":"summary_large_image","twitter_misc":{"Estimated reading time":"2 minutes"},"schema":{"@context":"https:\/\/schema.org","@graph":[{"@type":"WebPage","@id":"https:\/\/maavagised.ee\/aroomteraapiline-massaaz\/","url":"https:\/\/maavagised.ee\/aroomteraapiline-massaaz\/","name":"Aroomteraapiline massaa\u017e - Maav\u00e4gised p\u00e4rimusmeditsiinikeskus","isPartOf":{"@id":"https:\/\/maavagised.ee\/#website"},"primaryImageOfPage":{"@id":"https:\/\/maavagised.ee\/aroomteraapiline-massaaz\/#primaryimage"},"image":{"@id":"https:\/\/maavagised.ee\/aroomteraapiline-massaaz\/#primaryimage"},"thumbnailUrl":"https:\/\/i0.wp.com\/maavagised.ee\/wp-content\/uploads\/2021\/05\/Aroomimassaaz.jpg?fit=800%2C533&ssl=1","datePublished":"2021-06-04T19:57:12+00:00","dateModified":"2021-06-04T19:57:13+00:00","description":"Aroomteraapiline massaa\u017e on massaa\u017e, kus kasutatakse k\u00f5rge kvaliteediga eeterlikke \u00f5lisid. Need valib terapeut kliendi vajadusele vastavalt.","breadcrumb":{"@id":"https:\/\/maavagised.ee\/aroomteraapiline-massaaz\/#breadcrumb"},"inLanguage":"en-GB","potentialAction":[{"@type":"ReadAction","target":["https:\/\/maavagised.ee\/aroomteraapiline-massaaz\/"]}]},{"@type":"ImageObject","inLanguage":"en-GB","@id":"https:\/\/maavagised.ee\/aroomteraapiline-massaaz\/#primaryimage","url":"https:\/\/i0.wp.com\/maavagised.ee\/wp-content\/uploads\/2021\/05\/Aroomimassaaz.jpg?fit=800%2C533&ssl=1","contentUrl":"https:\/\/i0.wp.com\/maavagised.ee\/wp-content\/uploads\/2021\/05\/Aroomimassaaz.jpg?fit=800%2C533&ssl=1","width":800,"height":533,"caption":"Aroomimassaa\u017e"},{"@type":"BreadcrumbList","@id":"https:\/\/maavagised.ee\/aroomteraapiline-massaaz\/#breadcrumb","itemListElement":[{"@type":"ListItem","position":1,"name":"Home","item":"https:\/\/maavagised.ee\/"},{"@type":"ListItem","position":2,"name":"Aroomteraapiline massaa\u017e"}]},{"@type":"WebSite","@id":"https:\/\/maavagised.ee\/#website","url":"https:\/\/maavagised.ee\/","name":"Maavagised","description":"L\u00f5\u00f5gastus saunas ja massaa\u017eis v\u00f5i tervis kaanidest.","publisher":{"@id":"https:\/\/maavagised.ee\/#organization"},"potentialAction":[{"@type":"SearchAction","target":{"@type":"EntryPoint","urlTemplate":"https:\/\/maavagised.ee\/?s={search_term_string}"},"query-input":{"@type":"PropertyValueSpecification","valueRequired":true,"valueName":"search_term_string"}}],"inLanguage":"en-GB"},{"@type":"Organization","@id":"https:\/\/maavagised.ee\/#organization","name":"Maav\u00e4gised p\u00e4rimusmeditsiinikeskus","url":"https:\/\/maavagised.ee\/","logo":{"@type":"ImageObject","inLanguage":"en-GB","@id":"https:\/\/maavagised.ee\/#\/schema\/logo\/image\/","url":"https:\/\/i0.wp.com\/maavagised.ee\/wp-content\/uploads\/2021\/05\/maavagised_logo1.png?fit=477%2C302&ssl=1","contentUrl":"https:\/\/i0.wp.com\/maavagised.ee\/wp-content\/uploads\/2021\/05\/maavagised_logo1.png?fit=477%2C302&ssl=1","width":477,"height":302,"caption":"Maav\u00e4gised p\u00e4rimusmeditsiinikeskus"},"image":{"@id":"https:\/\/maavagised.ee\/#\/schema\/logo\/image\/"},"sameAs":["https:\/\/www.facebook.com\/maavagised","https:\/\/www.instagram.com\/maavagised_\/"]}]}},"jetpack_sharing_enabled":true,"jetpack_likes_enabled":true,"jetpack-related-posts":[],"_links":{"self":[{"href":"https:\/\/maavagised.ee\/en\/wp-json\/wp\/v2\/pages\/915","targetHints":{"allow":["GET"]}}],"collection":[{"href":"https:\/\/maavagised.ee\/en\/wp-json\/wp\/v2\/pages"}],"about":[{"href":"https:\/\/maavagised.ee\/en\/wp-json\/wp\/v2\/types\/page"}],"author":[{"embeddable":true,"href":"https:\/\/maavagised.ee\/en\/wp-json\/wp\/v2\/users\/1"}],"replies":[{"embeddable":true,"href":"https:\/\/maavagised.ee\/en\/wp-json\/wp\/v2\/comments?post=915"}],"version-history":[{"count":1,"href":"https:\/\/maavagised.ee\/en\/wp-json\/wp\/v2\/pages\/915\/revisions"}],"predecessor-version":[{"id":920,"href":"https:\/\/maavagised.ee\/en\/wp-json\/wp\/v2\/pages\/915\/revisions\/920"}],"wp:featuredmedia":[{"embeddable":true,"href":"https:\/\/maavagised.ee\/en\/wp-json\/wp\/v2\/media\/600"}],"wp:attachment":[{"href":"https:\/\/maavagised.ee\/en\/wp-json\/wp\/v2\/media?parent=915"}],"curies":[{"name":"wp","href":"https:\/\/api.w.org\/{rel}","templated":true}]}}