{"id":894,"date":"2021-06-01T21:05:13","date_gmt":"2021-06-01T21:05:13","guid":{"rendered":"https:\/\/maavagised.ee\/?page_id=894"},"modified":"2025-01-27T22:00:43","modified_gmt":"2025-01-27T20:00:43","slug":"vana-eesti-massaaz","status":"publish","type":"page","link":"https:\/\/maavagised.ee\/en\/vana-eesti-massaaz\/","title":{"rendered":"Traditional estonian massage"},"content":{"rendered":"<p>Traditional Estonian massage is our traditional way of relaxing the body. By its nature, old-Estonian massage is stronger than classic oil massage, but at the same time it is also soft and relaxing. You could even say meditative. Thanks to the clothes on the masseuse's back, the therapist can work through all the muscles very thoroughly. The fabric covering the body ensures that the therapist's finger or hand does not slip on the skin and can go deep into the tissue. Because of this, it also includes deep tissue therapy. A clothed body allows the therapist to move the client into different positions without causing him discomfort. <\/p>\n\n\n\n<figure class=\"wp-block-gallery has-nested-images columns-default is-cropped wp-block-gallery-1 is-layout-flex wp-block-gallery-is-layout-flex\">\n<figure class=\"wp-block-image size-large\"><img data-recalc-dims=\"1\" fetchpriority=\"high\" decoding=\"async\" width=\"730\" height=\"1024\" data-attachment-id=\"895\" data-permalink=\"https:\/\/maavagised.ee\/en\/vana-eesti-massaaz\/reiel-jalgadega\/\" data-orig-file=\"https:\/\/i0.wp.com\/maavagised.ee\/wp-content\/uploads\/2021\/06\/reiel-jalgadega.jpg?fit=1000%2C1403&amp;ssl=1\" data-orig-size=\"1000,1403\" data-comments-opened=\"0\" data-image-meta=\"{&quot;aperture&quot;:&quot;0&quot;,&quot;credit&quot;:&quot;&quot;,&quot;camera&quot;:&quot;&quot;,&quot;caption&quot;:&quot;&quot;,&quot;created_timestamp&quot;:&quot;0&quot;,&quot;copyright&quot;:&quot;&quot;,&quot;focal_length&quot;:&quot;0&quot;,&quot;iso&quot;:&quot;0&quot;,&quot;shutter_speed&quot;:&quot;0&quot;,&quot;title&quot;:&quot;&quot;,&quot;orientation&quot;:&quot;0&quot;}\" data-image-title=\"reiel-jalgadega\" data-image-description=\"\" data-image-caption=\"\" data-medium-file=\"https:\/\/i0.wp.com\/maavagised.ee\/wp-content\/uploads\/2021\/06\/reiel-jalgadega.jpg?fit=214%2C300&amp;ssl=1\" data-large-file=\"https:\/\/i0.wp.com\/maavagised.ee\/wp-content\/uploads\/2021\/06\/reiel-jalgadega.jpg?fit=730%2C1024&amp;ssl=1\" data-id=\"895\" src=\"https:\/\/i0.wp.com\/maavagised.ee\/wp-content\/uploads\/2021\/06\/reiel-jalgadega.jpg?resize=730%2C1024&#038;ssl=1\" alt=\"\" class=\"wp-image-895\" srcset=\"https:\/\/i0.wp.com\/maavagised.ee\/wp-content\/uploads\/2021\/06\/reiel-jalgadega.jpg?resize=730%2C1024&amp;ssl=1 730w, https:\/\/i0.wp.com\/maavagised.ee\/wp-content\/uploads\/2021\/06\/reiel-jalgadega.jpg?resize=600%2C842&amp;ssl=1 600w, https:\/\/i0.wp.com\/maavagised.ee\/wp-content\/uploads\/2021\/06\/reiel-jalgadega.jpg?resize=214%2C300&amp;ssl=1 214w, https:\/\/i0.wp.com\/maavagised.ee\/wp-content\/uploads\/2021\/06\/reiel-jalgadega.jpg?resize=768%2C1078&amp;ssl=1 768w, https:\/\/i0.wp.com\/maavagised.ee\/wp-content\/uploads\/2021\/06\/reiel-jalgadega.jpg?w=1000&amp;ssl=1 1000w\" sizes=\"(max-width: 730px) 100vw, 730px\" \/><\/figure>\n\n\n\n<figure class=\"wp-block-image size-large\"><img data-recalc-dims=\"1\" decoding=\"async\" width=\"794\" height=\"1024\" data-attachment-id=\"896\" data-permalink=\"https:\/\/maavagised.ee\/en\/vana-eesti-massaaz\/selja-venitus1\/\" data-orig-file=\"https:\/\/i0.wp.com\/maavagised.ee\/wp-content\/uploads\/2021\/06\/selja-venitus1.jpg?fit=1733%2C2236&amp;ssl=1\" data-orig-size=\"1733,2236\" data-comments-opened=\"0\" data-image-meta=\"{&quot;aperture&quot;:&quot;0&quot;,&quot;credit&quot;:&quot;&quot;,&quot;camera&quot;:&quot;&quot;,&quot;caption&quot;:&quot;&quot;,&quot;created_timestamp&quot;:&quot;0&quot;,&quot;copyright&quot;:&quot;&quot;,&quot;focal_length&quot;:&quot;0&quot;,&quot;iso&quot;:&quot;0&quot;,&quot;shutter_speed&quot;:&quot;0&quot;,&quot;title&quot;:&quot;&quot;,&quot;orientation&quot;:&quot;0&quot;}\" data-image-title=\"selja-venitus1\" data-image-description=\"\" data-image-caption=\"\" data-medium-file=\"https:\/\/i0.wp.com\/maavagised.ee\/wp-content\/uploads\/2021\/06\/selja-venitus1.jpg?fit=233%2C300&amp;ssl=1\" data-large-file=\"https:\/\/i0.wp.com\/maavagised.ee\/wp-content\/uploads\/2021\/06\/selja-venitus1.jpg?fit=794%2C1024&amp;ssl=1\" data-id=\"896\" src=\"https:\/\/i0.wp.com\/maavagised.ee\/wp-content\/uploads\/2021\/06\/selja-venitus1.jpg?resize=794%2C1024&#038;ssl=1\" alt=\"\" class=\"wp-image-896\" srcset=\"https:\/\/i0.wp.com\/maavagised.ee\/wp-content\/uploads\/2021\/06\/selja-venitus1.jpg?resize=794%2C1024&amp;ssl=1 794w, https:\/\/i0.wp.com\/maavagised.ee\/wp-content\/uploads\/2021\/06\/selja-venitus1.jpg?resize=600%2C774&amp;ssl=1 600w, https:\/\/i0.wp.com\/maavagised.ee\/wp-content\/uploads\/2021\/06\/selja-venitus1.jpg?resize=233%2C300&amp;ssl=1 233w, https:\/\/i0.wp.com\/maavagised.ee\/wp-content\/uploads\/2021\/06\/selja-venitus1.jpg?resize=768%2C991&amp;ssl=1 768w, https:\/\/i0.wp.com\/maavagised.ee\/wp-content\/uploads\/2021\/06\/selja-venitus1.jpg?resize=1190%2C1536&amp;ssl=1 1190w, https:\/\/i0.wp.com\/maavagised.ee\/wp-content\/uploads\/2021\/06\/selja-venitus1.jpg?resize=1587%2C2048&amp;ssl=1 1587w, https:\/\/i0.wp.com\/maavagised.ee\/wp-content\/uploads\/2021\/06\/selja-venitus1.jpg?w=1733&amp;ssl=1 1733w\" sizes=\"(max-width: 794px) 100vw, 794px\" \/><\/figure>\n\n\n\n<figure class=\"wp-block-image size-large\"><img data-recalc-dims=\"1\" decoding=\"async\" data-attachment-id=\"897\" data-permalink=\"https:\/\/maavagised.ee\/en\/vana-eesti-massaaz\/sa%cc%88a%cc%88r-copy\/\" data-orig-file=\"https:\/\/i0.wp.com\/maavagised.ee\/wp-content\/uploads\/2021\/06\/sa%CC%88a%CC%88r-copy.jpg?fit=681%2C960&amp;ssl=1\" data-orig-size=\"681,960\" data-comments-opened=\"0\" data-image-meta=\"{&quot;aperture&quot;:&quot;0&quot;,&quot;credit&quot;:&quot;&quot;,&quot;camera&quot;:&quot;&quot;,&quot;caption&quot;:&quot;&quot;,&quot;created_timestamp&quot;:&quot;0&quot;,&quot;copyright&quot;:&quot;&quot;,&quot;focal_length&quot;:&quot;0&quot;,&quot;iso&quot;:&quot;0&quot;,&quot;shutter_speed&quot;:&quot;0&quot;,&quot;title&quot;:&quot;&quot;,&quot;orientation&quot;:&quot;0&quot;}\" data-image-title=\"jalamassaa\u017e\" data-image-description=\"\" data-image-caption=\"\" data-medium-file=\"https:\/\/i0.wp.com\/maavagised.ee\/wp-content\/uploads\/2021\/06\/sa%CC%88a%CC%88r-copy.jpg?fit=213%2C300&amp;ssl=1\" data-large-file=\"https:\/\/i0.wp.com\/maavagised.ee\/wp-content\/uploads\/2021\/06\/sa%CC%88a%CC%88r-copy.jpg?fit=681%2C960&amp;ssl=1\" data-id=\"897\" src=\"https:\/\/i0.wp.com\/maavagised.ee\/wp-content\/uploads\/2021\/06\/s%C3%A4%C3%A4r-copy.jpg?ssl=1\" alt=\"jalamassaa\u017e\" class=\"wp-image-897\"\/><\/figure>\n<\/figure>\n\n\n\n<p>One of the few similar in the world, where a thoroughly processed body and a strong touch are not accompanied by a sensation of pain but by deep relaxation. It has become a favorite of our clients because it feels amazing even days after the session.<\/p>\n\n\n\n<p>Old-Estonian massage  is clearly different from others - it has a peculiar rhythm reminiscent of a folk song and a very effective body treatment. Ancient Estonian massage has been practiced by old Estonians for millennia, each in a slightly different way - knowledge was passed on orally in the family line, like other traditional wisdom. This knowledge is based on long-term human experiments, and all it's principles are similar to other ancient and recognized healing arts.<\/p>\n\n\n\n<p>Today, traditional Estonian massage helps to keep the body in order and in balance, to treat both physical, mental and spiritual problems.<\/p>\n\n\n\n<p>As appropriate to a colder region, old-Estonian massage is performed through light, thin clothes and on the ground, on a mat. This type of massage gives the opportunity to shake, stretch, push, take different body positions, treat the body holistically and personally.<\/p>\n\n\n\n<h2 class=\"wp-block-heading\">Traditional estonian massage suits you of you look for a treatment that:<\/h2>\n\n\n\n<ul class=\"wp-block-list\">\n<li>releases muscle tensions<\/li>\n\n\n\n<li>is strong but not painful<\/li>\n\n\n\n<li>let's you relax deeply<\/li>\n\n\n\n<li>is special<\/li>\n<\/ul>\n\n\n\n<h2 class=\"wp-block-heading\">Traditional estonian massage<\/h2>\n\n\n\n<ul class=\"wp-block-list\">\n<li>releases muscle tensions<\/li>\n\n\n\n<li>Activates blood and lymph circulation<\/li>\n\n\n\n<li>Increases muscle tone<\/li>\n\n\n\n<li>relieves headache<\/li>\n\n\n\n<li>Stimulates subcutaneous tissues and thus has a skin rejuvenating effect<\/li>\n\n\n\n<li>Is deeply meditative<\/li>\n<\/ul>\n\n\n\n<h2 class=\"wp-block-heading\">Contraindications to Old Estonian massage <\/h2>\n\n\n\n<ul class=\"wp-block-list\">\n<li>Fever<\/li>\n\n\n\n<li>High bloodpressure (consult with your doctor)<\/li>\n\n\n\n<li>Acute inflammation<\/li>\n\n\n\n<li>Pregnancy<\/li>\n\n\n\n<li>Cancer and any tumor process<\/li>\n\n\n\n<li>Acute kidney failure<\/li>\n\n\n\n<li>acute heartfailure<\/li>\n\n\n\n<li>Alcohol intoxication<\/li>\n<\/ul>\n\n\n\n<p>We ask that you bring light, comfortable clothes, cotton or linen pants and a blouse to the Old Estonian massage.<\/p>","protected":false},"excerpt":{"rendered":"<p>Vana-eesti massaa\u017e ehk soonetasumine on meie p\u00e4rimuslik kehal\u00f5\u00f5gastamise viis. Oma olemuselt on vana-eesti massaa\u017e tugevam kui klassikaline \u00f5liga massaa\u017e, kuid samal ajal on see ka pehme ja uinutav. V\u00f5iks lausa \u00f6elda, et meditatiivne. T\u00e4nu masseritava seljas olevatele riietele on terapeudil v\u00f5imalik t\u00f6\u00f6tada l\u00e4bi k\u00f5ik lihased v\u00e4ga p\u00f5hjalikult. Keha kattev kangas kindlustab selle, et terapeudi s\u00f5rm [&hellip;]<\/p>\n","protected":false},"author":1,"featured_media":707,"parent":0,"menu_order":0,"comment_status":"closed","ping_status":"closed","template":"","meta":{"om_disable_all_campaigns":false,"site-sidebar-layout":"default","site-content-layout":"default","ast-site-content-layout":"","site-content-style":"default","site-sidebar-style":"default","ast-global-header-display":"","ast-banner-title-visibility":"","ast-main-header-display":"","ast-hfb-above-header-display":"","ast-hfb-below-header-display":"","ast-hfb-mobile-header-display":"","site-post-title":"","ast-breadcrumbs-content":"","ast-featured-img":"","footer-sml-layout":"","theme-transparent-header-meta":"default","adv-header-id-meta":"","stick-header-meta":"","header-above-stick-meta":"","header-main-stick-meta":"","header-below-stick-meta":"","astra-migrate-meta-layouts":"default","ast-page-background-enabled":"default","ast-page-background-meta":{"desktop":{"background-color":"","background-image":"","background-repeat":"repeat","background-position":"center center","background-size":"auto","background-attachment":"scroll","background-type":"","background-media":"","overlay-type":"","overlay-color":"","overlay-opacity":"","overlay-gradient":""},"tablet":{"background-color":"","background-image":"","background-repeat":"repeat","background-position":"center center","background-size":"auto","background-attachment":"scroll","background-type":"","background-media":"","overlay-type":"","overlay-color":"","overlay-opacity":"","overlay-gradient":""},"mobile":{"background-color":"","background-image":"","background-repeat":"repeat","background-position":"center center","background-size":"auto","background-attachment":"scroll","background-type":"","background-media":"","overlay-type":"","overlay-color":"","overlay-opacity":"","overlay-gradient":""}},"ast-content-background-meta":{"desktop":{"background-color":"var(--ast-global-color-5)","background-image":"","background-repeat":"repeat","background-position":"center center","background-size":"auto","background-attachment":"scroll","background-type":"","background-media":"","overlay-type":"","overlay-color":"","overlay-opacity":"","overlay-gradient":""},"tablet":{"background-color":"var(--ast-global-color-5)","background-image":"","background-repeat":"repeat","background-position":"center center","background-size":"auto","background-attachment":"scroll","background-type":"","background-media":"","overlay-type":"","overlay-color":"","overlay-opacity":"","overlay-gradient":""},"mobile":{"background-color":"var(--ast-global-color-5)","background-image":"","background-repeat":"repeat","background-position":"center center","background-size":"auto","background-attachment":"scroll","background-type":"","background-media":"","overlay-type":"","overlay-color":"","overlay-opacity":"","overlay-gradient":""}},"ngg_post_thumbnail":0,"footnotes":""},"class_list":["post-894","page","type-page","status-publish","has-post-thumbnail","hentry"],"yoast_head":"<!-- This site is optimized with the Yoast SEO plugin v27.1.1 - https:\/\/yoast.com\/product\/yoast-seo-wordpress\/ -->\n<title>Vana-eesti massaa\u017e - Maav\u00e4gised p\u00e4rimusmeditsiinikeskus<\/title>\n<meta name=\"description\" content=\"Vana-eesti massaa\u017e on v\u00e4ga eriline, tugev, p\u00f5hjalik ja samas s\u00fcgavalt l\u00f5\u00f5gastav massaa\u017e. Seda tehakse matil l\u00e4bi riiete esivanemate kombel.\" \/>\n<meta name=\"robots\" content=\"index, follow, max-snippet:-1, max-image-preview:large, max-video-preview:-1\" \/>\n<link rel=\"canonical\" href=\"https:\/\/maavagised.ee\/en\/vana-eesti-massaaz\/\" \/>\n<meta property=\"og:locale\" content=\"en_GB\" \/>\n<meta property=\"og:type\" content=\"article\" \/>\n<meta property=\"og:title\" content=\"Vana-eesti massaa\u017e - Maav\u00e4gised p\u00e4rimusmeditsiinikeskus\" \/>\n<meta property=\"og:description\" content=\"Vana-eesti massaa\u017e on v\u00e4ga eriline, tugev, p\u00f5hjalik ja samas s\u00fcgavalt l\u00f5\u00f5gastav massaa\u017e. Seda tehakse matil l\u00e4bi riiete esivanemate kombel.\" \/>\n<meta property=\"og:url\" content=\"https:\/\/maavagised.ee\/en\/vana-eesti-massaaz\/\" \/>\n<meta property=\"og:site_name\" content=\"Maav\u00e4gised p\u00e4rimusmeditsiinikeskus\" \/>\n<meta property=\"article:publisher\" content=\"https:\/\/www.facebook.com\/maavagised\" \/>\n<meta property=\"article:modified_time\" content=\"2025-01-27T20:00:43+00:00\" \/>\n<meta property=\"og:image\" content=\"https:\/\/maavagised.ee\/wp-content\/uploads\/2021\/05\/Vana-eesti-massaaz\u030c-vaike.jpg\" \/>\n\t<meta property=\"og:image:width\" content=\"681\" \/>\n\t<meta property=\"og:image:height\" content=\"709\" \/>\n\t<meta property=\"og:image:type\" content=\"image\/jpeg\" \/>\n<meta name=\"twitter:card\" content=\"summary_large_image\" \/>\n<meta name=\"twitter:label1\" content=\"Estimated reading time\" \/>\n\t<meta name=\"twitter:data1\" content=\"3 minutes\" \/>\n<script type=\"application\/ld+json\" class=\"yoast-schema-graph\">{\"@context\":\"https:\/\/schema.org\",\"@graph\":[{\"@type\":\"WebPage\",\"@id\":\"https:\/\/maavagised.ee\/vana-eesti-massaaz\/\",\"url\":\"https:\/\/maavagised.ee\/vana-eesti-massaaz\/\",\"name\":\"Vana-eesti massaa\u017e - Maav\u00e4gised p\u00e4rimusmeditsiinikeskus\",\"isPartOf\":{\"@id\":\"https:\/\/maavagised.ee\/#website\"},\"primaryImageOfPage\":{\"@id\":\"https:\/\/maavagised.ee\/vana-eesti-massaaz\/#primaryimage\"},\"image\":{\"@id\":\"https:\/\/maavagised.ee\/vana-eesti-massaaz\/#primaryimage\"},\"thumbnailUrl\":\"https:\/\/i0.wp.com\/maavagised.ee\/wp-content\/uploads\/2021\/05\/Vana-eesti-massaaz%CC%8C-vaike.jpg?fit=681%2C709&ssl=1\",\"datePublished\":\"2021-06-01T21:05:13+00:00\",\"dateModified\":\"2025-01-27T20:00:43+00:00\",\"description\":\"Vana-eesti massaa\u017e on v\u00e4ga eriline, tugev, p\u00f5hjalik ja samas s\u00fcgavalt l\u00f5\u00f5gastav massaa\u017e. Seda tehakse matil l\u00e4bi riiete esivanemate kombel.\",\"breadcrumb\":{\"@id\":\"https:\/\/maavagised.ee\/vana-eesti-massaaz\/#breadcrumb\"},\"inLanguage\":\"en-GB\",\"potentialAction\":[{\"@type\":\"ReadAction\",\"target\":[\"https:\/\/maavagised.ee\/vana-eesti-massaaz\/\"]}]},{\"@type\":\"ImageObject\",\"inLanguage\":\"en-GB\",\"@id\":\"https:\/\/maavagised.ee\/vana-eesti-massaaz\/#primaryimage\",\"url\":\"https:\/\/i0.wp.com\/maavagised.ee\/wp-content\/uploads\/2021\/05\/Vana-eesti-massaaz%CC%8C-vaike.jpg?fit=681%2C709&ssl=1\",\"contentUrl\":\"https:\/\/i0.wp.com\/maavagised.ee\/wp-content\/uploads\/2021\/05\/Vana-eesti-massaaz%CC%8C-vaike.jpg?fit=681%2C709&ssl=1\",\"width\":681,\"height\":709,\"caption\":\"Vana-eesti massaa\u017e selg\"},{\"@type\":\"BreadcrumbList\",\"@id\":\"https:\/\/maavagised.ee\/vana-eesti-massaaz\/#breadcrumb\",\"itemListElement\":[{\"@type\":\"ListItem\",\"position\":1,\"name\":\"Home\",\"item\":\"https:\/\/maavagised.ee\/\"},{\"@type\":\"ListItem\",\"position\":2,\"name\":\"Vana-eesti massaa\u017e\"}]},{\"@type\":\"WebSite\",\"@id\":\"https:\/\/maavagised.ee\/#website\",\"url\":\"https:\/\/maavagised.ee\/\",\"name\":\"Maavagised\",\"description\":\"L\u00f5\u00f5gastus saunas ja massaa\u017eis v\u00f5i tervis kaanidest.\",\"publisher\":{\"@id\":\"https:\/\/maavagised.ee\/#organization\"},\"potentialAction\":[{\"@type\":\"SearchAction\",\"target\":{\"@type\":\"EntryPoint\",\"urlTemplate\":\"https:\/\/maavagised.ee\/?s={search_term_string}\"},\"query-input\":{\"@type\":\"PropertyValueSpecification\",\"valueRequired\":true,\"valueName\":\"search_term_string\"}}],\"inLanguage\":\"en-GB\"},{\"@type\":\"Organization\",\"@id\":\"https:\/\/maavagised.ee\/#organization\",\"name\":\"Maav\u00e4gised p\u00e4rimusmeditsiinikeskus\",\"url\":\"https:\/\/maavagised.ee\/\",\"logo\":{\"@type\":\"ImageObject\",\"inLanguage\":\"en-GB\",\"@id\":\"https:\/\/maavagised.ee\/#\/schema\/logo\/image\/\",\"url\":\"https:\/\/i0.wp.com\/maavagised.ee\/wp-content\/uploads\/2021\/05\/maavagised_logo1.png?fit=477%2C302&ssl=1\",\"contentUrl\":\"https:\/\/i0.wp.com\/maavagised.ee\/wp-content\/uploads\/2021\/05\/maavagised_logo1.png?fit=477%2C302&ssl=1\",\"width\":477,\"height\":302,\"caption\":\"Maav\u00e4gised p\u00e4rimusmeditsiinikeskus\"},\"image\":{\"@id\":\"https:\/\/maavagised.ee\/#\/schema\/logo\/image\/\"},\"sameAs\":[\"https:\/\/www.facebook.com\/maavagised\",\"https:\/\/www.instagram.com\/maavagised_\/\"]}]}<\/script>\n<!-- \/ Yoast SEO plugin. -->","yoast_head_json":{"title":"Vana-eesti massaa\u017e - Maav\u00e4gised p\u00e4rimusmeditsiinikeskus","description":"Vana-eesti massaa\u017e on v\u00e4ga eriline, tugev, p\u00f5hjalik ja samas s\u00fcgavalt l\u00f5\u00f5gastav massaa\u017e. Seda tehakse matil l\u00e4bi riiete esivanemate kombel.","robots":{"index":"index","follow":"follow","max-snippet":"max-snippet:-1","max-image-preview":"max-image-preview:large","max-video-preview":"max-video-preview:-1"},"canonical":"https:\/\/maavagised.ee\/en\/vana-eesti-massaaz\/","og_locale":"en_GB","og_type":"article","og_title":"Vana-eesti massaa\u017e - Maav\u00e4gised p\u00e4rimusmeditsiinikeskus","og_description":"Vana-eesti massaa\u017e on v\u00e4ga eriline, tugev, p\u00f5hjalik ja samas s\u00fcgavalt l\u00f5\u00f5gastav massaa\u017e. Seda tehakse matil l\u00e4bi riiete esivanemate kombel.","og_url":"https:\/\/maavagised.ee\/en\/vana-eesti-massaaz\/","og_site_name":"Maav\u00e4gised p\u00e4rimusmeditsiinikeskus","article_publisher":"https:\/\/www.facebook.com\/maavagised","article_modified_time":"2025-01-27T20:00:43+00:00","og_image":[{"width":681,"height":709,"url":"https:\/\/maavagised.ee\/wp-content\/uploads\/2021\/05\/Vana-eesti-massaaz\u030c-vaike.jpg","type":"image\/jpeg"}],"twitter_card":"summary_large_image","twitter_misc":{"Estimated reading time":"3 minutes"},"schema":{"@context":"https:\/\/schema.org","@graph":[{"@type":"WebPage","@id":"https:\/\/maavagised.ee\/vana-eesti-massaaz\/","url":"https:\/\/maavagised.ee\/vana-eesti-massaaz\/","name":"Vana-eesti massaa\u017e - Maav\u00e4gised p\u00e4rimusmeditsiinikeskus","isPartOf":{"@id":"https:\/\/maavagised.ee\/#website"},"primaryImageOfPage":{"@id":"https:\/\/maavagised.ee\/vana-eesti-massaaz\/#primaryimage"},"image":{"@id":"https:\/\/maavagised.ee\/vana-eesti-massaaz\/#primaryimage"},"thumbnailUrl":"https:\/\/i0.wp.com\/maavagised.ee\/wp-content\/uploads\/2021\/05\/Vana-eesti-massaaz%CC%8C-vaike.jpg?fit=681%2C709&ssl=1","datePublished":"2021-06-01T21:05:13+00:00","dateModified":"2025-01-27T20:00:43+00:00","description":"Vana-eesti massaa\u017e on v\u00e4ga eriline, tugev, p\u00f5hjalik ja samas s\u00fcgavalt l\u00f5\u00f5gastav massaa\u017e. Seda tehakse matil l\u00e4bi riiete esivanemate kombel.","breadcrumb":{"@id":"https:\/\/maavagised.ee\/vana-eesti-massaaz\/#breadcrumb"},"inLanguage":"en-GB","potentialAction":[{"@type":"ReadAction","target":["https:\/\/maavagised.ee\/vana-eesti-massaaz\/"]}]},{"@type":"ImageObject","inLanguage":"en-GB","@id":"https:\/\/maavagised.ee\/vana-eesti-massaaz\/#primaryimage","url":"https:\/\/i0.wp.com\/maavagised.ee\/wp-content\/uploads\/2021\/05\/Vana-eesti-massaaz%CC%8C-vaike.jpg?fit=681%2C709&ssl=1","contentUrl":"https:\/\/i0.wp.com\/maavagised.ee\/wp-content\/uploads\/2021\/05\/Vana-eesti-massaaz%CC%8C-vaike.jpg?fit=681%2C709&ssl=1","width":681,"height":709,"caption":"Vana-eesti massaa\u017e selg"},{"@type":"BreadcrumbList","@id":"https:\/\/maavagised.ee\/vana-eesti-massaaz\/#breadcrumb","itemListElement":[{"@type":"ListItem","position":1,"name":"Home","item":"https:\/\/maavagised.ee\/"},{"@type":"ListItem","position":2,"name":"Vana-eesti massaa\u017e"}]},{"@type":"WebSite","@id":"https:\/\/maavagised.ee\/#website","url":"https:\/\/maavagised.ee\/","name":"Maavagised","description":"L\u00f5\u00f5gastus saunas ja massaa\u017eis v\u00f5i tervis kaanidest.","publisher":{"@id":"https:\/\/maavagised.ee\/#organization"},"potentialAction":[{"@type":"SearchAction","target":{"@type":"EntryPoint","urlTemplate":"https:\/\/maavagised.ee\/?s={search_term_string}"},"query-input":{"@type":"PropertyValueSpecification","valueRequired":true,"valueName":"search_term_string"}}],"inLanguage":"en-GB"},{"@type":"Organization","@id":"https:\/\/maavagised.ee\/#organization","name":"Maav\u00e4gised p\u00e4rimusmeditsiinikeskus","url":"https:\/\/maavagised.ee\/","logo":{"@type":"ImageObject","inLanguage":"en-GB","@id":"https:\/\/maavagised.ee\/#\/schema\/logo\/image\/","url":"https:\/\/i0.wp.com\/maavagised.ee\/wp-content\/uploads\/2021\/05\/maavagised_logo1.png?fit=477%2C302&ssl=1","contentUrl":"https:\/\/i0.wp.com\/maavagised.ee\/wp-content\/uploads\/2021\/05\/maavagised_logo1.png?fit=477%2C302&ssl=1","width":477,"height":302,"caption":"Maav\u00e4gised p\u00e4rimusmeditsiinikeskus"},"image":{"@id":"https:\/\/maavagised.ee\/#\/schema\/logo\/image\/"},"sameAs":["https:\/\/www.facebook.com\/maavagised","https:\/\/www.instagram.com\/maavagised_\/"]}]}},"jetpack_sharing_enabled":true,"jetpack_likes_enabled":true,"jetpack-related-posts":[],"_links":{"self":[{"href":"https:\/\/maavagised.ee\/en\/wp-json\/wp\/v2\/pages\/894","targetHints":{"allow":["GET"]}}],"collection":[{"href":"https:\/\/maavagised.ee\/en\/wp-json\/wp\/v2\/pages"}],"about":[{"href":"https:\/\/maavagised.ee\/en\/wp-json\/wp\/v2\/types\/page"}],"author":[{"embeddable":true,"href":"https:\/\/maavagised.ee\/en\/wp-json\/wp\/v2\/users\/1"}],"replies":[{"embeddable":true,"href":"https:\/\/maavagised.ee\/en\/wp-json\/wp\/v2\/comments?post=894"}],"version-history":[{"count":2,"href":"https:\/\/maavagised.ee\/en\/wp-json\/wp\/v2\/pages\/894\/revisions"}],"predecessor-version":[{"id":5604,"href":"https:\/\/maavagised.ee\/en\/wp-json\/wp\/v2\/pages\/894\/revisions\/5604"}],"wp:featuredmedia":[{"embeddable":true,"href":"https:\/\/maavagised.ee\/en\/wp-json\/wp\/v2\/media\/707"}],"wp:attachment":[{"href":"https:\/\/maavagised.ee\/en\/wp-json\/wp\/v2\/media?parent=894"}],"curies":[{"name":"wp","href":"https:\/\/api.w.org\/{rel}","templated":true}]}}