{"id":1542,"date":"2021-06-15T09:39:29","date_gmt":"2021-06-15T09:39:29","guid":{"rendered":"https:\/\/maavagised.ee\/?page_id=1542"},"modified":"2026-04-13T12:22:48","modified_gmt":"2026-04-13T09:22:48","slug":"hinnakiri-2","status":"publish","type":"page","link":"https:\/\/maavagised.ee\/en\/hinnakiri-2\/","title":{"rendered":"Pricelist"},"content":{"rendered":"<div data-elementor-type=\"wp-post\" data-elementor-id=\"1542\" class=\"elementor elementor-1542\">\n\t\t\t\t\t\t<section class=\"elementor-section elementor-top-section elementor-element elementor-element-1a9f463 elementor-section-content-middle elementor-section-boxed elementor-section-height-default elementor-section-height-default\" data-id=\"1a9f463\" data-element_type=\"section\" data-e-type=\"section\" data-settings=\"{&quot;background_background&quot;:&quot;classic&quot;}\">\n\t\t\t\t\t\t\t<div class=\"elementor-background-overlay\"><\/div>\n\t\t\t\t\t\t\t<div class=\"elementor-container elementor-column-gap-no\">\n\t\t\t\t\t<div class=\"elementor-column elementor-col-50 elementor-top-column elementor-element elementor-element-a5ca543\" data-id=\"a5ca543\" data-element_type=\"column\" data-e-type=\"column\">\n\t\t\t<div class=\"elementor-widget-wrap elementor-element-populated\">\n\t\t\t\t\t\t<section class=\"elementor-section elementor-inner-section elementor-element elementor-element-61eccfa elementor-section-content-bottom elementor-section-boxed elementor-section-height-default elementor-section-height-default\" data-id=\"61eccfa\" data-element_type=\"section\" data-e-type=\"section\">\n\t\t\t\t\t\t<div class=\"elementor-container elementor-column-gap-no\">\n\t\t\t\t\t<div class=\"elementor-column elementor-col-50 elementor-inner-column elementor-element elementor-element-f2f1956\" data-id=\"f2f1956\" data-element_type=\"column\" data-e-type=\"column\">\n\t\t\t<div class=\"elementor-widget-wrap elementor-element-populated\">\n\t\t\t\t\t\t<div class=\"elementor-element elementor-element-f520191 elementor-widget-divider--view-line elementor-widget elementor-widget-divider\" data-id=\"f520191\" data-element_type=\"widget\" data-e-type=\"widget\" data-widget_type=\"divider.default\">\n\t\t\t\t<div class=\"elementor-widget-container\">\n\t\t\t\t\t\t\t<div class=\"elementor-divider\">\n\t\t\t<span class=\"elementor-divider-separator\">\n\t\t\t\t\t\t<\/span>\n\t\t<\/div>\n\t\t\t\t\t\t<\/div>\n\t\t\t\t<\/div>\n\t\t\t\t\t<\/div>\n\t\t<\/div>\n\t\t\t\t<div class=\"elementor-column elementor-col-50 elementor-inner-column elementor-element elementor-element-6276914\" data-id=\"6276914\" data-element_type=\"column\" data-e-type=\"column\">\n\t\t\t<div class=\"elementor-widget-wrap elementor-element-populated\">\n\t\t\t\t\t\t\t<\/div>\n\t\t<\/div>\n\t\t\t\t\t<\/div>\n\t\t<\/section>\n\t\t\t\t\t<\/div>\n\t\t<\/div>\n\t\t\t\t<div class=\"elementor-column elementor-col-50 elementor-top-column elementor-element elementor-element-2532a11\" data-id=\"2532a11\" data-element_type=\"column\" data-e-type=\"column\">\n\t\t\t<div class=\"elementor-widget-wrap\">\n\t\t\t\t\t\t\t<\/div>\n\t\t<\/div>\n\t\t\t\t\t<\/div>\n\t\t<\/section>\n\t\t\t\t<section class=\"elementor-section elementor-top-section elementor-element elementor-element-1501bf86 elementor-section-content-middle elementor-section-boxed elementor-section-height-default elementor-section-height-default\" data-id=\"1501bf86\" data-element_type=\"section\" data-e-type=\"section\">\n\t\t\t\t\t\t\t<div class=\"elementor-background-overlay\"><\/div>\n\t\t\t\t\t\t\t<div class=\"elementor-container elementor-column-gap-no\">\n\t\t\t\t\t<div class=\"elementor-column elementor-col-100 elementor-top-column elementor-element elementor-element-2eb2133f\" data-id=\"2eb2133f\" data-element_type=\"column\" data-e-type=\"column\">\n\t\t\t<div class=\"elementor-widget-wrap elementor-element-populated\">\n\t\t\t\t\t\t<div class=\"elementor-element elementor-element-6f09d7cc elementor-widget elementor-widget-heading\" data-id=\"6f09d7cc\" data-element_type=\"widget\" data-e-type=\"widget\" data-widget_type=\"heading.default\">\n\t\t\t\t<div class=\"elementor-widget-container\">\n\t\t\t\t\t<h3 class=\"elementor-heading-title elementor-size-default\">Pricelist<\/h3>\t\t\t\t<\/div>\n\t\t\t\t<\/div>\n\t\t\t\t<section class=\"elementor-section elementor-inner-section elementor-element elementor-element-e54c6d6 elementor-section-boxed elementor-section-height-default elementor-section-height-default\" data-id=\"e54c6d6\" data-element_type=\"section\" data-e-type=\"section\">\n\t\t\t\t\t\t<div class=\"elementor-container elementor-column-gap-default\">\n\t\t\t\t\t<div class=\"elementor-column elementor-col-100 elementor-inner-column elementor-element elementor-element-2b92772\" data-id=\"2b92772\" data-element_type=\"column\" data-e-type=\"column\">\n\t\t\t<div class=\"elementor-widget-wrap elementor-element-populated\">\n\t\t\t\t\t\t<div class=\"elementor-element elementor-element-6c10976 elementor-widget elementor-widget-text-editor\" data-id=\"6c10976\" data-element_type=\"widget\" data-e-type=\"widget\" data-widget_type=\"text-editor.default\">\n\t\t\t\t<div class=\"elementor-widget-container\">\n\t\t\t\t\t\t\t\t\t<table border=\"1\" width=\"517\" cellpadding=\"15\"><tbody><tr><td>Traditional estonian massage<\/td><td>1,5h<\/td><td>65\u20ac<\/td><\/tr><tr><td>\u00a0Honey massage<\/td><td>1h<\/td><td>45\u20ac<\/td><\/tr><tr><td>\u00a0Honey massage<\/td><td>1,5h<\/td><td>65\u20ac<\/td><\/tr><tr><td>\u00a0Honey massage<\/td><td>2h<\/td><td>80 \u20ac<\/td><\/tr><tr><td>\u00a0<\/td><td>\u00a0<\/td><td>\u00a0<\/td><\/tr><tr><td>Back massage<\/td><td>30min<\/td><td>30\u20ac<\/td><\/tr><tr><td>\u00a0Therapeutic massage<\/td><td>1h<\/td><td>45\u20ac<\/td><\/tr><tr><td>\u00a0Therapeutic massage<\/td><td>1,5h<\/td><td>65\u20ac<\/td><\/tr><tr><td>\u00a0Aroma massage<\/td><td>\u00a01h<\/td><td>45\u20ac<\/td><\/tr><tr><td>\u00a0Stomach therapy<\/td><td>30min<\/td><td>30\u20ac<\/td><\/tr><tr><td>Swedish classic massage<\/td><td>1h<\/td><td>45\u20ac<\/td><\/tr><tr><td>\u00a0Bloodsuction cups<\/td><td>1 person<\/td><td>80\u20ac\/person<\/td><\/tr><tr><td>\u00a0Bloodsuction cups<\/td><td>2 persons<\/td><td>75\u20ac\/inimene<\/td><\/tr><tr><td>\u00a0Hirudotherapy<\/td><td>\u00a0procedure<\/td><td>20\u20ac<\/td><\/tr><tr><td>\u00a0Hirudotherapy<\/td><td>\u00a01 leech<\/td><td>5,5\u20ac\/tk<\/td><\/tr><tr><td>\u00a0<\/td><td>\u00a0<\/td><td>\u00a0<\/td><\/tr><tr><td>\u00a0<\/td><td>\u00a0<\/td><td>\u00a0<\/td><\/tr><\/tbody><\/table>\t\t\t\t\t\t\t\t<\/div>\n\t\t\t\t<\/div>\n\t\t\t\t<div class=\"elementor-element elementor-element-6402701 elementor-widget elementor-widget-text-editor\" data-id=\"6402701\" data-element_type=\"widget\" data-e-type=\"widget\" data-widget_type=\"text-editor.default\">\n\t\t\t\t<div class=\"elementor-widget-container\">\n\t\t\t\t\t\t\t\t\t<table border=\"1\" width=\"517\" cellpadding=\"15\"><tbody><tr><td>\u00a0<\/td><td>\u00a0<\/td><td>\u00a0<\/td><\/tr><tr><td>Saunatherapy session for 1 person<\/td><td>\u00a0<\/td><td>100\u20ac<\/td><\/tr><tr><td>Saunatherapy session for 2 persons<\/td><td>\u00a0<\/td><td>160\u20ac<\/td><\/tr><tr><td>Saunatherapy session for 3 persons<\/td><td>\u00a0<\/td><td>240\u20ac<\/td><\/tr><tr><td><p>Saunatherapy session for 4 persons<\/p><\/td><td>\u00a0<\/td><td>\u00a0320\u20ac<\/td><\/tr><\/tbody><\/table>\t\t\t\t\t\t\t\t<\/div>\n\t\t\t\t<\/div>\n\t\t\t\t<div class=\"elementor-element elementor-element-15ca116 elementor-widget elementor-widget-text-editor\" data-id=\"15ca116\" data-element_type=\"widget\" data-e-type=\"widget\" data-widget_type=\"text-editor.default\">\n\t\t\t\t<div class=\"elementor-widget-container\">\n\t\t\t\t\t\t\t\t\t<p>SAUNA-RELATED PROCEDURES ARE PERFORMED ONLY AT OUR FOREST SPA IN VETLA VILLAGE IN ANJA COUNTY<\/p>\t\t\t\t\t\t\t\t<\/div>\n\t\t\t\t<\/div>\n\t\t\t\t\t<\/div>\n\t\t<\/div>\n\t\t\t\t\t<\/div>\n\t\t<\/section>\n\t\t\t\t<section class=\"elementor-section elementor-inner-section elementor-element elementor-element-6bbe99ee elementor-section-content-middle elementor-section-boxed elementor-section-height-default elementor-section-height-default\" data-id=\"6bbe99ee\" data-element_type=\"section\" data-e-type=\"section\">\n\t\t\t\t\t\t<div class=\"elementor-container elementor-column-gap-no\">\n\t\t\t\t\t<div class=\"elementor-column elementor-col-33 elementor-inner-column elementor-element elementor-element-1d0ffa79\" data-id=\"1d0ffa79\" data-element_type=\"column\" data-e-type=\"column\">\n\t\t\t<div class=\"elementor-widget-wrap\">\n\t\t\t\t\t\t\t<\/div>\n\t\t<\/div>\n\t\t\t\t<div class=\"elementor-column elementor-col-33 elementor-inner-column elementor-element elementor-element-75c787f\" data-id=\"75c787f\" data-element_type=\"column\" data-e-type=\"column\">\n\t\t\t<div class=\"elementor-widget-wrap elementor-element-populated\">\n\t\t\t\t\t\t<div class=\"elementor-element elementor-element-f99e788 elementor-align-center elementor-widget elementor-widget-button\" data-id=\"f99e788\" data-element_type=\"widget\" data-e-type=\"widget\" data-widget_type=\"button.default\">\n\t\t\t\t<div class=\"elementor-widget-container\">\n\t\t\t\t\t\t\t\t\t<div class=\"elementor-button-wrapper\">\n\t\t\t\t\t<a class=\"elementor-button elementor-button-link elementor-size-sm\" href=\"https:\/\/anolla.com\/@maavagised-parimusmeditsiinikeskus\/book\">\n\t\t\t\t\t\t<span class=\"elementor-button-content-wrapper\">\n\t\t\t\t\t\t\t\t\t<span class=\"elementor-button-text\">Booking<\/span>\n\t\t\t\t\t<\/span>\n\t\t\t\t\t<\/a>\n\t\t\t\t<\/div>\n\t\t\t\t\t\t\t\t<\/div>\n\t\t\t\t<\/div>\n\t\t\t\t\t<\/div>\n\t\t<\/div>\n\t\t\t\t<div class=\"elementor-column elementor-col-33 elementor-inner-column elementor-element elementor-element-1a47a592\" data-id=\"1a47a592\" data-element_type=\"column\" data-e-type=\"column\">\n\t\t\t<div class=\"elementor-widget-wrap\">\n\t\t\t\t\t\t\t<\/div>\n\t\t<\/div>\n\t\t\t\t\t<\/div>\n\t\t<\/section>\n\t\t\t\t\t<\/div>\n\t\t<\/div>\n\t\t\t\t\t<\/div>\n\t\t<\/section>\n\t\t\t\t<\/div>","protected":false},"excerpt":{"rendered":"<p>Hinnakiri Vana-eesti massaa\u017e ehk soonetasumine 1,5h 65\u20ac \u00a0Meemassaa\u017e 1h 45\u20ac \u00a0Meemassaa\u017e 1,5h 65\u20ac \u00a0Meemassaa\u017e 2h 80 \u20ac \u00a0 \u00a0 \u00a0 Selja massaa\u017e 30min 30\u20ac \u00a0Ravimassaa\u017e 1h 45\u20ac \u00a0Ravimassaa\u017e 1,5h 65\u20ac \u00a0Aroomimassaa\u017e \u00a01h 45\u20ac \u00a0K\u00f5huteraapia 30min 30\u20ac Klassikaline massaa\u017e 1h 45\u20ac \u00a0Verikupp 1 inimene 80\u20ac\/inimene \u00a0Verikupp 2 inimest 75\u20ac\/inimene \u00a0Kaaniravi \u00a0protseduur 20\u20ac \u00a0Kaaniravi \u00a01 kaan 5,5\u20ac\/tk [&hellip;]<\/p>\n","protected":false},"author":1,"featured_media":0,"parent":0,"menu_order":0,"comment_status":"closed","ping_status":"closed","template":"","meta":{"om_disable_all_campaigns":false,"site-sidebar-layout":"no-sidebar","site-content-layout":"page-builder","ast-site-content-layout":"full-width-container","site-content-style":"unboxed","site-sidebar-style":"unboxed","ast-global-header-display":"","ast-banner-title-visibility":"","ast-main-header-display":"","ast-hfb-above-header-display":"","ast-hfb-below-header-display":"","ast-hfb-mobile-header-display":"","site-post-title":"disabled","ast-breadcrumbs-content":"","ast-featured-img":"disabled","footer-sml-layout":"","theme-transparent-header-meta":"enabled","adv-header-id-meta":"","stick-header-meta":"","header-above-stick-meta":"","header-main-stick-meta":"","header-below-stick-meta":"","astra-migrate-meta-layouts":"set","ast-page-background-enabled":"default","ast-page-background-meta":{"desktop":{"background-color":"","background-image":"","background-repeat":"repeat","background-position":"center center","background-size":"auto","background-attachment":"scroll","background-type":"","background-media":"","overlay-type":"","overlay-color":"","overlay-opacity":"","overlay-gradient":""},"tablet":{"background-color":"","background-image":"","background-repeat":"repeat","background-position":"center center","background-size":"auto","background-attachment":"scroll","background-type":"","background-media":"","overlay-type":"","overlay-color":"","overlay-opacity":"","overlay-gradient":""},"mobile":{"background-color":"","background-image":"","background-repeat":"repeat","background-position":"center center","background-size":"auto","background-attachment":"scroll","background-type":"","background-media":"","overlay-type":"","overlay-color":"","overlay-opacity":"","overlay-gradient":""}},"ast-content-background-meta":{"desktop":{"background-color":"var(--ast-global-color-5)","background-image":"","background-repeat":"repeat","background-position":"center center","background-size":"auto","background-attachment":"scroll","background-type":"","background-media":"","overlay-type":"","overlay-color":"","overlay-opacity":"","overlay-gradient":""},"tablet":{"background-color":"var(--ast-global-color-5)","background-image":"","background-repeat":"repeat","background-position":"center center","background-size":"auto","background-attachment":"scroll","background-type":"","background-media":"","overlay-type":"","overlay-color":"","overlay-opacity":"","overlay-gradient":""},"mobile":{"background-color":"var(--ast-global-color-5)","background-image":"","background-repeat":"repeat","background-position":"center center","background-size":"auto","background-attachment":"scroll","background-type":"","background-media":"","overlay-type":"","overlay-color":"","overlay-opacity":"","overlay-gradient":""}},"ngg_post_thumbnail":0,"footnotes":""},"class_list":["post-1542","page","type-page","status-publish","hentry"],"yoast_head":"<!-- This site is optimized with the Yoast SEO plugin v27.1.1 - https:\/\/yoast.com\/product\/yoast-seo-wordpress\/ -->\n<title>Hinnakiri - Maav\u00e4gised p\u00e4rimusmeditsiinikeskus<\/title>\n<meta name=\"robots\" content=\"index, follow, max-snippet:-1, max-image-preview:large, max-video-preview:-1\" \/>\n<link rel=\"canonical\" href=\"https:\/\/maavagised.ee\/en\/hinnakiri-2\/\" \/>\n<meta property=\"og:locale\" content=\"en_GB\" \/>\n<meta property=\"og:type\" content=\"article\" \/>\n<meta property=\"og:title\" content=\"Hinnakiri - Maav\u00e4gised p\u00e4rimusmeditsiinikeskus\" \/>\n<meta property=\"og:description\" content=\"Hinnakiri Vana-eesti massaa\u017e ehk soonetasumine 1,5h 65\u20ac \u00a0Meemassaa\u017e 1h 45\u20ac \u00a0Meemassaa\u017e 1,5h 65\u20ac \u00a0Meemassaa\u017e 2h 80 \u20ac \u00a0 \u00a0 \u00a0 Selja massaa\u017e 30min 30\u20ac \u00a0Ravimassaa\u017e 1h 45\u20ac \u00a0Ravimassaa\u017e 1,5h 65\u20ac \u00a0Aroomimassaa\u017e \u00a01h 45\u20ac \u00a0K\u00f5huteraapia 30min 30\u20ac Klassikaline massaa\u017e 1h 45\u20ac \u00a0Verikupp 1 inimene 80\u20ac\/inimene \u00a0Verikupp 2 inimest 75\u20ac\/inimene \u00a0Kaaniravi \u00a0protseduur 20\u20ac \u00a0Kaaniravi \u00a01 kaan 5,5\u20ac\/tk [&hellip;]\" \/>\n<meta property=\"og:url\" content=\"https:\/\/maavagised.ee\/en\/hinnakiri-2\/\" \/>\n<meta property=\"og:site_name\" content=\"Maav\u00e4gised p\u00e4rimusmeditsiinikeskus\" \/>\n<meta property=\"article:publisher\" content=\"https:\/\/www.facebook.com\/maavagised\" \/>\n<meta property=\"article:modified_time\" content=\"2026-04-13T09:22:48+00:00\" \/>\n<meta name=\"twitter:card\" content=\"summary_large_image\" \/>\n<meta name=\"twitter:label1\" content=\"Estimated reading time\" \/>\n\t<meta name=\"twitter:data1\" content=\"1 minute\" \/>\n<script type=\"application\/ld+json\" class=\"yoast-schema-graph\">{\"@context\":\"https:\/\/schema.org\",\"@graph\":[{\"@type\":\"WebPage\",\"@id\":\"https:\/\/maavagised.ee\/et\/hinnakiri-2\/\",\"url\":\"https:\/\/maavagised.ee\/et\/hinnakiri-2\/\",\"name\":\"Hinnakiri - Maav\u00e4gised p\u00e4rimusmeditsiinikeskus\",\"isPartOf\":{\"@id\":\"https:\/\/maavagised.ee\/#website\"},\"datePublished\":\"2021-06-15T09:39:29+00:00\",\"dateModified\":\"2026-04-13T09:22:48+00:00\",\"breadcrumb\":{\"@id\":\"https:\/\/maavagised.ee\/et\/hinnakiri-2\/#breadcrumb\"},\"inLanguage\":\"en-GB\",\"potentialAction\":[{\"@type\":\"ReadAction\",\"target\":[\"https:\/\/maavagised.ee\/et\/hinnakiri-2\/\"]}]},{\"@type\":\"BreadcrumbList\",\"@id\":\"https:\/\/maavagised.ee\/et\/hinnakiri-2\/#breadcrumb\",\"itemListElement\":[{\"@type\":\"ListItem\",\"position\":1,\"name\":\"Home\",\"item\":\"https:\/\/maavagised.ee\/\"},{\"@type\":\"ListItem\",\"position\":2,\"name\":\"Hinnakiri\"}]},{\"@type\":\"WebSite\",\"@id\":\"https:\/\/maavagised.ee\/#website\",\"url\":\"https:\/\/maavagised.ee\/\",\"name\":\"Maavagised\",\"description\":\"L\u00f5\u00f5gastus saunas ja massaa\u017eis v\u00f5i tervis kaanidest.\",\"publisher\":{\"@id\":\"https:\/\/maavagised.ee\/#organization\"},\"potentialAction\":[{\"@type\":\"SearchAction\",\"target\":{\"@type\":\"EntryPoint\",\"urlTemplate\":\"https:\/\/maavagised.ee\/?s={search_term_string}\"},\"query-input\":{\"@type\":\"PropertyValueSpecification\",\"valueRequired\":true,\"valueName\":\"search_term_string\"}}],\"inLanguage\":\"en-GB\"},{\"@type\":\"Organization\",\"@id\":\"https:\/\/maavagised.ee\/#organization\",\"name\":\"Maav\u00e4gised p\u00e4rimusmeditsiinikeskus\",\"url\":\"https:\/\/maavagised.ee\/\",\"logo\":{\"@type\":\"ImageObject\",\"inLanguage\":\"en-GB\",\"@id\":\"https:\/\/maavagised.ee\/#\/schema\/logo\/image\/\",\"url\":\"https:\/\/i0.wp.com\/maavagised.ee\/wp-content\/uploads\/2021\/05\/maavagised_logo1.png?fit=477%2C302&ssl=1\",\"contentUrl\":\"https:\/\/i0.wp.com\/maavagised.ee\/wp-content\/uploads\/2021\/05\/maavagised_logo1.png?fit=477%2C302&ssl=1\",\"width\":477,\"height\":302,\"caption\":\"Maav\u00e4gised p\u00e4rimusmeditsiinikeskus\"},\"image\":{\"@id\":\"https:\/\/maavagised.ee\/#\/schema\/logo\/image\/\"},\"sameAs\":[\"https:\/\/www.facebook.com\/maavagised\",\"https:\/\/www.instagram.com\/maavagised_\/\"]}]}<\/script>\n<!-- \/ Yoast SEO plugin. -->","yoast_head_json":{"title":"Hinnakiri - Maav\u00e4gised p\u00e4rimusmeditsiinikeskus","robots":{"index":"index","follow":"follow","max-snippet":"max-snippet:-1","max-image-preview":"max-image-preview:large","max-video-preview":"max-video-preview:-1"},"canonical":"https:\/\/maavagised.ee\/en\/hinnakiri-2\/","og_locale":"en_GB","og_type":"article","og_title":"Hinnakiri - Maav\u00e4gised p\u00e4rimusmeditsiinikeskus","og_description":"Hinnakiri Vana-eesti massaa\u017e ehk soonetasumine 1,5h 65\u20ac \u00a0Meemassaa\u017e 1h 45\u20ac \u00a0Meemassaa\u017e 1,5h 65\u20ac \u00a0Meemassaa\u017e 2h 80 \u20ac \u00a0 \u00a0 \u00a0 Selja massaa\u017e 30min 30\u20ac \u00a0Ravimassaa\u017e 1h 45\u20ac \u00a0Ravimassaa\u017e 1,5h 65\u20ac \u00a0Aroomimassaa\u017e \u00a01h 45\u20ac \u00a0K\u00f5huteraapia 30min 30\u20ac Klassikaline massaa\u017e 1h 45\u20ac \u00a0Verikupp 1 inimene 80\u20ac\/inimene \u00a0Verikupp 2 inimest 75\u20ac\/inimene \u00a0Kaaniravi \u00a0protseduur 20\u20ac \u00a0Kaaniravi \u00a01 kaan 5,5\u20ac\/tk [&hellip;]","og_url":"https:\/\/maavagised.ee\/en\/hinnakiri-2\/","og_site_name":"Maav\u00e4gised p\u00e4rimusmeditsiinikeskus","article_publisher":"https:\/\/www.facebook.com\/maavagised","article_modified_time":"2026-04-13T09:22:48+00:00","twitter_card":"summary_large_image","twitter_misc":{"Estimated reading time":"1 minute"},"schema":{"@context":"https:\/\/schema.org","@graph":[{"@type":"WebPage","@id":"https:\/\/maavagised.ee\/et\/hinnakiri-2\/","url":"https:\/\/maavagised.ee\/et\/hinnakiri-2\/","name":"Hinnakiri - Maav\u00e4gised p\u00e4rimusmeditsiinikeskus","isPartOf":{"@id":"https:\/\/maavagised.ee\/#website"},"datePublished":"2021-06-15T09:39:29+00:00","dateModified":"2026-04-13T09:22:48+00:00","breadcrumb":{"@id":"https:\/\/maavagised.ee\/et\/hinnakiri-2\/#breadcrumb"},"inLanguage":"en-GB","potentialAction":[{"@type":"ReadAction","target":["https:\/\/maavagised.ee\/et\/hinnakiri-2\/"]}]},{"@type":"BreadcrumbList","@id":"https:\/\/maavagised.ee\/et\/hinnakiri-2\/#breadcrumb","itemListElement":[{"@type":"ListItem","position":1,"name":"Home","item":"https:\/\/maavagised.ee\/"},{"@type":"ListItem","position":2,"name":"Hinnakiri"}]},{"@type":"WebSite","@id":"https:\/\/maavagised.ee\/#website","url":"https:\/\/maavagised.ee\/","name":"Maavagised","description":"L\u00f5\u00f5gastus saunas ja massaa\u017eis v\u00f5i tervis kaanidest.","publisher":{"@id":"https:\/\/maavagised.ee\/#organization"},"potentialAction":[{"@type":"SearchAction","target":{"@type":"EntryPoint","urlTemplate":"https:\/\/maavagised.ee\/?s={search_term_string}"},"query-input":{"@type":"PropertyValueSpecification","valueRequired":true,"valueName":"search_term_string"}}],"inLanguage":"en-GB"},{"@type":"Organization","@id":"https:\/\/maavagised.ee\/#organization","name":"Maav\u00e4gised p\u00e4rimusmeditsiinikeskus","url":"https:\/\/maavagised.ee\/","logo":{"@type":"ImageObject","inLanguage":"en-GB","@id":"https:\/\/maavagised.ee\/#\/schema\/logo\/image\/","url":"https:\/\/i0.wp.com\/maavagised.ee\/wp-content\/uploads\/2021\/05\/maavagised_logo1.png?fit=477%2C302&ssl=1","contentUrl":"https:\/\/i0.wp.com\/maavagised.ee\/wp-content\/uploads\/2021\/05\/maavagised_logo1.png?fit=477%2C302&ssl=1","width":477,"height":302,"caption":"Maav\u00e4gised p\u00e4rimusmeditsiinikeskus"},"image":{"@id":"https:\/\/maavagised.ee\/#\/schema\/logo\/image\/"},"sameAs":["https:\/\/www.facebook.com\/maavagised","https:\/\/www.instagram.com\/maavagised_\/"]}]}},"jetpack_sharing_enabled":true,"jetpack_likes_enabled":true,"jetpack-related-posts":[],"_links":{"self":[{"href":"https:\/\/maavagised.ee\/en\/wp-json\/wp\/v2\/pages\/1542","targetHints":{"allow":["GET"]}}],"collection":[{"href":"https:\/\/maavagised.ee\/en\/wp-json\/wp\/v2\/pages"}],"about":[{"href":"https:\/\/maavagised.ee\/en\/wp-json\/wp\/v2\/types\/page"}],"author":[{"embeddable":true,"href":"https:\/\/maavagised.ee\/en\/wp-json\/wp\/v2\/users\/1"}],"replies":[{"embeddable":true,"href":"https:\/\/maavagised.ee\/en\/wp-json\/wp\/v2\/comments?post=1542"}],"version-history":[{"count":5,"href":"https:\/\/maavagised.ee\/en\/wp-json\/wp\/v2\/pages\/1542\/revisions"}],"predecessor-version":[{"id":6664,"href":"https:\/\/maavagised.ee\/en\/wp-json\/wp\/v2\/pages\/1542\/revisions\/6664"}],"wp:attachment":[{"href":"https:\/\/maavagised.ee\/en\/wp-json\/wp\/v2\/media?parent=1542"}],"curies":[{"name":"wp","href":"https:\/\/api.w.org\/{rel}","templated":true}]}}