{"id":1373,"date":"2021-06-13T18:32:30","date_gmt":"2021-06-13T18:32:30","guid":{"rendered":"https:\/\/maavagised.ee\/?page_id=1373"},"modified":"2022-04-18T11:03:42","modified_gmt":"2022-04-18T08:03:42","slug":"verikupu-teraapia","status":"publish","type":"page","link":"https:\/\/maavagised.ee\/en\/verikupu-teraapia\/","title":{"rendered":"Bloodsuction cups"},"content":{"rendered":"<p><strong>Bloodsuction cups<\/strong>&nbsp;on \u00fcks t\u00f5husamaid kehateraapiad, mis iidsetest aegadest t\u00e4naseni kasutuses on. See teraapia on sobilik neile, kel probleemid lihaspingetega, migreen v\u00f5i peavalu, liigesvalu v\u00f5i vaimsed pinged. Verikupu teraapia on l\u00f5\u00f5gastav mitmel tasandil, see parandab meeleolu, vabastab lihased pingetest, vallandab keha isetervenemise protsessid.&nbsp;<\/p>\n\n\n\n<h2 class=\"wp-block-heading\">Verikupu teraapia erisus<\/h2>\n\n\n\n<p>Verikupp erineb tavalisest kuivast kupust mitmeti. Verikupu puhul alustatakse naha soojendamisega. Seda v\u00f5ib teha mitmel erineval moel nagu kuum du\u0161\u0161, saun, vann vm.<\/p>\n\n\n\n<p>Maav\u00e4gistes alustame rituaali kuuma vanniga, kus vanni vees on ka taimede t\u00f5mmist, mis aitab veresooni laiendada Seej\u00e4rel tuleb keha kergelt \u00fcle loputada ja massaa\u017eilauale heita. Seal asetab terapeut keha selja poolele umbes 30- 50 kuppu, kui kupud on hakanud toimima ehk vere t\u00f5mmanud naha alla siis tehakse pisikesed t\u00e4kked naha sisse, need t\u00e4kked on v\u00e4ga v\u00e4ikesed ega j\u00e4ta hiljem mingeid j\u00e4lgi, (t\u00f5en\u00e4oliselt kraabite end s\u00e4\u00e4sehammustust s\u00fcgades oluliselt rohkem katki) sinna peale asetatakse j\u00e4lle kupp ja n\u00fc\u00fcd oodatakse kuni veri tuleb kupu alla ja kui vereeritus on peatunud eemaldatakse kupp ning pannakse vajadusel teise koha peale.<\/p>\n\n\n\n<p>Verikupu ravitoime ei seisne vaid \u00abhalva vere\u00bb eemaldamises, vaid kupu tekitatud \u00e4rrituses, mis parandab verevarustust ja organismi \u00fcldist toimimist. Vere kogus, mille inimene selle protseduuri k\u00e4igus kaotab, v\u00f5ib olla v\u00f5rreldav doonori antuga. See on inimeseti erinev \u2013 m\u00f5nel ei tule peaaegu \u00fcldse verd. Vere hulk oleneb sellest, kui pinges v\u00f5i haige on ravitav piirkond. Kupupanemise tulemusena n\u00e4dala jooksul kogu organism puhastub \u2013 seda v\u00f5ib nimetada ka organismi restardiks.<\/p>\n\n\n\n<h3 class=\"wp-block-heading\">Miks verikupu teraapia on t\u00f5hus?&nbsp;<\/h3>\n\n\n\n<p>Kuputeraapia toetab keha isetervenemisv\u00f5imet. \u00c4rritades keha mingit piirkonda hakkab organism sellele rohkem t\u00e4helepanu p\u00f6\u00f6rama ning seda &#8220;parandama&#8221;. Seet\u00f5ttu on kuputeraapia t\u00f5hus paljude erinevate seisundite ja haiguste korral. Verikupu teraapias pannakse kupud keha pehmete kudede peale v\u00f5i, kasutatakse hiinameridiaane vastavalt tervisemurele v\u00f5ib terapeut panna kupud ka vastavalt organi asukohale.<\/p>\n\n\n\n<h4 class=\"wp-block-heading\">ISTEKUPU JA KUPUMASSAA\u017dI TOIME:<\/h4>\n\n\n\n<ul class=\"wp-block-list\"><li>Staaside k\u00f5rvaldamine (vereringe halvenenud), paraneb l\u00fcmfi- ja vereringe ning seel\u00e4bi ka kudede ainevahetus (nn apelsinikoorenahk v\u00e4heneb)<\/li><li>Ajutine verer\u00f5hu t\u00f5us<\/li><li>Pulss normaliseerub<\/li><li>Biokeemilised positiivsed muutused<\/li><li>V\u00e4henevad tursed<\/li><li>V\u00e4ljutatakse j\u00e4\u00e4kained<\/li><li>V\u00e4henevad lihaspinged ja spasmid<\/li><li>Ainevahetus paraneb kogu organismis<\/li><\/ul>\n\n\n\n<p>Vaata ka videot kuidas tegin verikuppu J\u00fcri Muttikale Ringvaate saates<\/p>\n\n\n\n<div style=\"position: relative; width: 100%; height: 0; padding-bottom: 56.25%;\"><iframe style=\"position: absolute; top: 0; left: 0; width: 100%; height: 100%; border: none;\" src=\"\/\/services.err.ee\/media\/embed\/647766\" frameborder=\"0\" allowfullscreen=\"allowfullscreen\"><\/iframe><\/div>\n\n\n\n<p>Verikupu tellimisel saadetakse teile ettemaksu arve ja broneering kinnitatakse peale ettemaksu laekumist.<\/p>","protected":false},"excerpt":{"rendered":"<p>Verikupu teraapia&nbsp;on \u00fcks t\u00f5husamaid kehateraapiad, mis iidsetest aegadest t\u00e4naseni kasutuses on. See teraapia on sobilik neile, kel probleemid lihaspingetega, migreen v\u00f5i peavalu, liigesvalu v\u00f5i vaimsed pinged. Verikupu teraapia on l\u00f5\u00f5gastav mitmel tasandil, see parandab meeleolu, vabastab lihased pingetest, vallandab keha isetervenemise protsessid.&nbsp; Verikupu teraapia erisus Verikupp erineb tavalisest kuivast kupust mitmeti. Verikupu puhul alustatakse naha [&hellip;]<\/p>\n","protected":false},"author":1,"featured_media":639,"parent":0,"menu_order":0,"comment_status":"closed","ping_status":"closed","template":"","meta":{"om_disable_all_campaigns":false,"site-sidebar-layout":"default","site-content-layout":"default","ast-site-content-layout":"","site-content-style":"default","site-sidebar-style":"default","ast-global-header-display":"","ast-banner-title-visibility":"","ast-main-header-display":"","ast-hfb-above-header-display":"","ast-hfb-below-header-display":"","ast-hfb-mobile-header-display":"","site-post-title":"","ast-breadcrumbs-content":"","ast-featured-img":"","footer-sml-layout":"","theme-transparent-header-meta":"default","adv-header-id-meta":"","stick-header-meta":"","header-above-stick-meta":"","header-main-stick-meta":"","header-below-stick-meta":"","astra-migrate-meta-layouts":"default","ast-page-background-enabled":"default","ast-page-background-meta":{"desktop":{"background-color":"","background-image":"","background-repeat":"repeat","background-position":"center center","background-size":"auto","background-attachment":"scroll","background-type":"","background-media":"","overlay-type":"","overlay-color":"","overlay-opacity":"","overlay-gradient":""},"tablet":{"background-color":"","background-image":"","background-repeat":"repeat","background-position":"center center","background-size":"auto","background-attachment":"scroll","background-type":"","background-media":"","overlay-type":"","overlay-color":"","overlay-opacity":"","overlay-gradient":""},"mobile":{"background-color":"","background-image":"","background-repeat":"repeat","background-position":"center center","background-size":"auto","background-attachment":"scroll","background-type":"","background-media":"","overlay-type":"","overlay-color":"","overlay-opacity":"","overlay-gradient":""}},"ast-content-background-meta":{"desktop":{"background-color":"var(--ast-global-color-5)","background-image":"","background-repeat":"repeat","background-position":"center center","background-size":"auto","background-attachment":"scroll","background-type":"","background-media":"","overlay-type":"","overlay-color":"","overlay-opacity":"","overlay-gradient":""},"tablet":{"background-color":"var(--ast-global-color-5)","background-image":"","background-repeat":"repeat","background-position":"center center","background-size":"auto","background-attachment":"scroll","background-type":"","background-media":"","overlay-type":"","overlay-color":"","overlay-opacity":"","overlay-gradient":""},"mobile":{"background-color":"var(--ast-global-color-5)","background-image":"","background-repeat":"repeat","background-position":"center center","background-size":"auto","background-attachment":"scroll","background-type":"","background-media":"","overlay-type":"","overlay-color":"","overlay-opacity":"","overlay-gradient":""}},"ngg_post_thumbnail":0,"footnotes":""},"class_list":["post-1373","page","type-page","status-publish","has-post-thumbnail","hentry"],"yoast_head":"<!-- This site is optimized with the Yoast SEO plugin v27.1.1 - https:\/\/yoast.com\/product\/yoast-seo-wordpress\/ -->\n<title>Verikupu teraapia - Maav\u00e4gised p\u00e4rimusmeditsiinikeskus<\/title>\n<meta name=\"description\" content=\"Verikupu teraapia on \u00fcks t\u00f5husamaid kehateraapiad. Sobib neile, kel lihaspinged, migreen v\u00f5i peavalu, liigesvalu v\u00f5i vaimsed pinged.\" \/>\n<meta name=\"robots\" content=\"index, follow, max-snippet:-1, max-image-preview:large, max-video-preview:-1\" \/>\n<link rel=\"canonical\" href=\"https:\/\/maavagised.ee\/en\/verikupu-teraapia\/\" \/>\n<meta property=\"og:locale\" content=\"en_GB\" \/>\n<meta property=\"og:type\" content=\"article\" \/>\n<meta property=\"og:title\" content=\"Verikupu teraapia - Maav\u00e4gised p\u00e4rimusmeditsiinikeskus\" \/>\n<meta property=\"og:description\" content=\"Verikupu teraapia on \u00fcks t\u00f5husamaid kehateraapiad. Sobib neile, kel lihaspinged, migreen v\u00f5i peavalu, liigesvalu v\u00f5i vaimsed pinged.\" \/>\n<meta property=\"og:url\" content=\"https:\/\/maavagised.ee\/en\/verikupu-teraapia\/\" \/>\n<meta property=\"og:site_name\" content=\"Maav\u00e4gised p\u00e4rimusmeditsiinikeskus\" \/>\n<meta property=\"article:publisher\" content=\"https:\/\/www.facebook.com\/maavagised\" \/>\n<meta property=\"article:modified_time\" content=\"2022-04-18T08:03:42+00:00\" \/>\n<meta property=\"og:image\" content=\"https:\/\/maavagised.ee\/wp-content\/uploads\/2021\/05\/verikupp5-1.jpg\" \/>\n\t<meta property=\"og:image:width\" content=\"2048\" \/>\n\t<meta property=\"og:image:height\" content=\"1238\" \/>\n\t<meta property=\"og:image:type\" content=\"image\/jpeg\" \/>\n<meta name=\"twitter:card\" content=\"summary_large_image\" \/>\n<meta name=\"twitter:label1\" content=\"Estimated reading time\" \/>\n\t<meta name=\"twitter:data1\" content=\"2 minutes\" \/>\n<script type=\"application\/ld+json\" class=\"yoast-schema-graph\">{\"@context\":\"https:\/\/schema.org\",\"@graph\":[{\"@type\":\"WebPage\",\"@id\":\"https:\/\/maavagised.ee\/verikupu-teraapia\/\",\"url\":\"https:\/\/maavagised.ee\/verikupu-teraapia\/\",\"name\":\"Verikupu teraapia - Maav\u00e4gised p\u00e4rimusmeditsiinikeskus\",\"isPartOf\":{\"@id\":\"https:\/\/maavagised.ee\/#website\"},\"primaryImageOfPage\":{\"@id\":\"https:\/\/maavagised.ee\/verikupu-teraapia\/#primaryimage\"},\"image\":{\"@id\":\"https:\/\/maavagised.ee\/verikupu-teraapia\/#primaryimage\"},\"thumbnailUrl\":\"https:\/\/i0.wp.com\/maavagised.ee\/wp-content\/uploads\/2021\/05\/verikupp5-1.jpg?fit=2048%2C1238&ssl=1\",\"datePublished\":\"2021-06-13T18:32:30+00:00\",\"dateModified\":\"2022-04-18T08:03:42+00:00\",\"description\":\"Verikupu teraapia on \u00fcks t\u00f5husamaid kehateraapiad. Sobib neile, kel lihaspinged, migreen v\u00f5i peavalu, liigesvalu v\u00f5i vaimsed pinged.\",\"breadcrumb\":{\"@id\":\"https:\/\/maavagised.ee\/verikupu-teraapia\/#breadcrumb\"},\"inLanguage\":\"en-GB\",\"potentialAction\":[{\"@type\":\"ReadAction\",\"target\":[\"https:\/\/maavagised.ee\/verikupu-teraapia\/\"]}]},{\"@type\":\"ImageObject\",\"inLanguage\":\"en-GB\",\"@id\":\"https:\/\/maavagised.ee\/verikupu-teraapia\/#primaryimage\",\"url\":\"https:\/\/i0.wp.com\/maavagised.ee\/wp-content\/uploads\/2021\/05\/verikupp5-1.jpg?fit=2048%2C1238&ssl=1\",\"contentUrl\":\"https:\/\/i0.wp.com\/maavagised.ee\/wp-content\/uploads\/2021\/05\/verikupp5-1.jpg?fit=2048%2C1238&ssl=1\",\"width\":2048,\"height\":1238,\"caption\":\"Verikupu teraapia\"},{\"@type\":\"BreadcrumbList\",\"@id\":\"https:\/\/maavagised.ee\/verikupu-teraapia\/#breadcrumb\",\"itemListElement\":[{\"@type\":\"ListItem\",\"position\":1,\"name\":\"Home\",\"item\":\"https:\/\/maavagised.ee\/\"},{\"@type\":\"ListItem\",\"position\":2,\"name\":\"Verikupu teraapia\"}]},{\"@type\":\"WebSite\",\"@id\":\"https:\/\/maavagised.ee\/#website\",\"url\":\"https:\/\/maavagised.ee\/\",\"name\":\"Maavagised\",\"description\":\"L\u00f5\u00f5gastus saunas ja massaa\u017eis v\u00f5i tervis kaanidest.\",\"publisher\":{\"@id\":\"https:\/\/maavagised.ee\/#organization\"},\"potentialAction\":[{\"@type\":\"SearchAction\",\"target\":{\"@type\":\"EntryPoint\",\"urlTemplate\":\"https:\/\/maavagised.ee\/?s={search_term_string}\"},\"query-input\":{\"@type\":\"PropertyValueSpecification\",\"valueRequired\":true,\"valueName\":\"search_term_string\"}}],\"inLanguage\":\"en-GB\"},{\"@type\":\"Organization\",\"@id\":\"https:\/\/maavagised.ee\/#organization\",\"name\":\"Maav\u00e4gised p\u00e4rimusmeditsiinikeskus\",\"url\":\"https:\/\/maavagised.ee\/\",\"logo\":{\"@type\":\"ImageObject\",\"inLanguage\":\"en-GB\",\"@id\":\"https:\/\/maavagised.ee\/#\/schema\/logo\/image\/\",\"url\":\"https:\/\/i0.wp.com\/maavagised.ee\/wp-content\/uploads\/2021\/05\/maavagised_logo1.png?fit=477%2C302&ssl=1\",\"contentUrl\":\"https:\/\/i0.wp.com\/maavagised.ee\/wp-content\/uploads\/2021\/05\/maavagised_logo1.png?fit=477%2C302&ssl=1\",\"width\":477,\"height\":302,\"caption\":\"Maav\u00e4gised p\u00e4rimusmeditsiinikeskus\"},\"image\":{\"@id\":\"https:\/\/maavagised.ee\/#\/schema\/logo\/image\/\"},\"sameAs\":[\"https:\/\/www.facebook.com\/maavagised\",\"https:\/\/www.instagram.com\/maavagised_\/\"]}]}<\/script>\n<!-- \/ Yoast SEO plugin. -->","yoast_head_json":{"title":"Verikupu teraapia - Maav\u00e4gised p\u00e4rimusmeditsiinikeskus","description":"Verikupu teraapia on \u00fcks t\u00f5husamaid kehateraapiad. Sobib neile, kel lihaspinged, migreen v\u00f5i peavalu, liigesvalu v\u00f5i vaimsed pinged.","robots":{"index":"index","follow":"follow","max-snippet":"max-snippet:-1","max-image-preview":"max-image-preview:large","max-video-preview":"max-video-preview:-1"},"canonical":"https:\/\/maavagised.ee\/en\/verikupu-teraapia\/","og_locale":"en_GB","og_type":"article","og_title":"Verikupu teraapia - Maav\u00e4gised p\u00e4rimusmeditsiinikeskus","og_description":"Verikupu teraapia on \u00fcks t\u00f5husamaid kehateraapiad. Sobib neile, kel lihaspinged, migreen v\u00f5i peavalu, liigesvalu v\u00f5i vaimsed pinged.","og_url":"https:\/\/maavagised.ee\/en\/verikupu-teraapia\/","og_site_name":"Maav\u00e4gised p\u00e4rimusmeditsiinikeskus","article_publisher":"https:\/\/www.facebook.com\/maavagised","article_modified_time":"2022-04-18T08:03:42+00:00","og_image":[{"width":2048,"height":1238,"url":"https:\/\/maavagised.ee\/wp-content\/uploads\/2021\/05\/verikupp5-1.jpg","type":"image\/jpeg"}],"twitter_card":"summary_large_image","twitter_misc":{"Estimated reading time":"2 minutes"},"schema":{"@context":"https:\/\/schema.org","@graph":[{"@type":"WebPage","@id":"https:\/\/maavagised.ee\/verikupu-teraapia\/","url":"https:\/\/maavagised.ee\/verikupu-teraapia\/","name":"Verikupu teraapia - Maav\u00e4gised p\u00e4rimusmeditsiinikeskus","isPartOf":{"@id":"https:\/\/maavagised.ee\/#website"},"primaryImageOfPage":{"@id":"https:\/\/maavagised.ee\/verikupu-teraapia\/#primaryimage"},"image":{"@id":"https:\/\/maavagised.ee\/verikupu-teraapia\/#primaryimage"},"thumbnailUrl":"https:\/\/i0.wp.com\/maavagised.ee\/wp-content\/uploads\/2021\/05\/verikupp5-1.jpg?fit=2048%2C1238&ssl=1","datePublished":"2021-06-13T18:32:30+00:00","dateModified":"2022-04-18T08:03:42+00:00","description":"Verikupu teraapia on \u00fcks t\u00f5husamaid kehateraapiad. Sobib neile, kel lihaspinged, migreen v\u00f5i peavalu, liigesvalu v\u00f5i vaimsed pinged.","breadcrumb":{"@id":"https:\/\/maavagised.ee\/verikupu-teraapia\/#breadcrumb"},"inLanguage":"en-GB","potentialAction":[{"@type":"ReadAction","target":["https:\/\/maavagised.ee\/verikupu-teraapia\/"]}]},{"@type":"ImageObject","inLanguage":"en-GB","@id":"https:\/\/maavagised.ee\/verikupu-teraapia\/#primaryimage","url":"https:\/\/i0.wp.com\/maavagised.ee\/wp-content\/uploads\/2021\/05\/verikupp5-1.jpg?fit=2048%2C1238&ssl=1","contentUrl":"https:\/\/i0.wp.com\/maavagised.ee\/wp-content\/uploads\/2021\/05\/verikupp5-1.jpg?fit=2048%2C1238&ssl=1","width":2048,"height":1238,"caption":"Verikupu teraapia"},{"@type":"BreadcrumbList","@id":"https:\/\/maavagised.ee\/verikupu-teraapia\/#breadcrumb","itemListElement":[{"@type":"ListItem","position":1,"name":"Home","item":"https:\/\/maavagised.ee\/"},{"@type":"ListItem","position":2,"name":"Verikupu teraapia"}]},{"@type":"WebSite","@id":"https:\/\/maavagised.ee\/#website","url":"https:\/\/maavagised.ee\/","name":"Maavagised","description":"L\u00f5\u00f5gastus saunas ja massaa\u017eis v\u00f5i tervis kaanidest.","publisher":{"@id":"https:\/\/maavagised.ee\/#organization"},"potentialAction":[{"@type":"SearchAction","target":{"@type":"EntryPoint","urlTemplate":"https:\/\/maavagised.ee\/?s={search_term_string}"},"query-input":{"@type":"PropertyValueSpecification","valueRequired":true,"valueName":"search_term_string"}}],"inLanguage":"en-GB"},{"@type":"Organization","@id":"https:\/\/maavagised.ee\/#organization","name":"Maav\u00e4gised p\u00e4rimusmeditsiinikeskus","url":"https:\/\/maavagised.ee\/","logo":{"@type":"ImageObject","inLanguage":"en-GB","@id":"https:\/\/maavagised.ee\/#\/schema\/logo\/image\/","url":"https:\/\/i0.wp.com\/maavagised.ee\/wp-content\/uploads\/2021\/05\/maavagised_logo1.png?fit=477%2C302&ssl=1","contentUrl":"https:\/\/i0.wp.com\/maavagised.ee\/wp-content\/uploads\/2021\/05\/maavagised_logo1.png?fit=477%2C302&ssl=1","width":477,"height":302,"caption":"Maav\u00e4gised p\u00e4rimusmeditsiinikeskus"},"image":{"@id":"https:\/\/maavagised.ee\/#\/schema\/logo\/image\/"},"sameAs":["https:\/\/www.facebook.com\/maavagised","https:\/\/www.instagram.com\/maavagised_\/"]}]}},"jetpack_sharing_enabled":true,"jetpack_likes_enabled":true,"jetpack-related-posts":[],"_links":{"self":[{"href":"https:\/\/maavagised.ee\/en\/wp-json\/wp\/v2\/pages\/1373","targetHints":{"allow":["GET"]}}],"collection":[{"href":"https:\/\/maavagised.ee\/en\/wp-json\/wp\/v2\/pages"}],"about":[{"href":"https:\/\/maavagised.ee\/en\/wp-json\/wp\/v2\/types\/page"}],"author":[{"embeddable":true,"href":"https:\/\/maavagised.ee\/en\/wp-json\/wp\/v2\/users\/1"}],"replies":[{"embeddable":true,"href":"https:\/\/maavagised.ee\/en\/wp-json\/wp\/v2\/comments?post=1373"}],"version-history":[{"count":4,"href":"https:\/\/maavagised.ee\/en\/wp-json\/wp\/v2\/pages\/1373\/revisions"}],"predecessor-version":[{"id":3134,"href":"https:\/\/maavagised.ee\/en\/wp-json\/wp\/v2\/pages\/1373\/revisions\/3134"}],"wp:featuredmedia":[{"embeddable":true,"href":"https:\/\/maavagised.ee\/en\/wp-json\/wp\/v2\/media\/639"}],"wp:attachment":[{"href":"https:\/\/maavagised.ee\/en\/wp-json\/wp\/v2\/media?parent=1373"}],"curies":[{"name":"wp","href":"https:\/\/api.w.org\/{rel}","templated":true}]}}